{"id":60783,"date":"2025-03-13T21:03:48","date_gmt":"2025-03-14T02:03:48","guid":{"rendered":"https:\/\/novawebmaster.com\/uniagraria\/?page_id=60783"},"modified":"2025-05-27T15:25:54","modified_gmt":"2025-05-27T20:25:54","slug":"convenio-marco-institucional","status":"publish","type":"page","link":"https:\/\/uniagraria.edu.co\/en\/convenio-marco-institucional\/","title":{"rendered":"Convention Institutional Framework"},"content":{"rendered":"<div data-elementor-type=\"wp-page\" data-elementor-id=\"60783\" class=\"elementor elementor-60783\" data-elementor-post-type=\"page\">\n\t\t\t\t<div class=\"elementor-element elementor-element-3ecd24bc e-con-full e-flex e-con e-parent\" data-id=\"3ecd24bc\" data-element_type=\"container\" data-e-type=\"container\" data-settings=\"{&quot;background_background&quot;:&quot;classic&quot;}\">\n\t\t<div class=\"elementor-element elementor-element-2eeae6e2 e-flex e-con-boxed e-con e-child\" data-id=\"2eeae6e2\" data-element_type=\"container\" data-e-type=\"container\">\n\t\t\t\t\t<div class=\"e-con-inner\">\n\t\t<div class=\"elementor-element elementor-element-673241b5 e-con-full e-flex e-con e-child\" data-id=\"673241b5\" data-element_type=\"container\" data-e-type=\"container\">\n\t\t\t\t<div class=\"elementor-element elementor-element-20916707 elementor-widget elementor-widget-heading\" data-id=\"20916707\" data-element_type=\"widget\" data-e-type=\"widget\" data-widget_type=\"heading.default\">\n\t\t\t\t<div class=\"elementor-widget-container\">\n\t\t\t\t\t<h2 class=\"elementor-heading-title elementor-size-default\">Convention Institutional Framework<\/h2>\t\t\t\t<\/div>\n\t\t\t\t<\/div>\n\t\t\t\t<div class=\"elementor-element elementor-element-1f13ac78 elementor-widget elementor-widget-text-editor\" data-id=\"1f13ac78\" data-element_type=\"widget\" data-e-type=\"widget\" data-widget_type=\"text-editor.default\">\n\t\t\t\t<div class=\"elementor-widget-container\">\n\t\t\t\t\t\t\t\t\t<p><strong>Object<\/strong><\/p><p>Applies to government Entities, organizations, companies, foundations and similar national and international, public and private. Aims to establish the general basis of an institutional partnership that will allow the provision of mutual services in programs of common interest, appearing in the form of reciprocal collaboration, counseling, academic support, research, extension and outreach, your own objectives and functions with a view to the achievement of its purposes as set out.<\/p><p>Includes the conventions of Plan 500 Colleges Network of Schools Green.<\/p>\t\t\t\t\t\t\t\t<\/div>\n\t\t\t\t<\/div>\n\t\t\t\t<\/div>\n\t\t\t\t\t<\/div>\n\t\t\t\t<\/div>\n\t\t<div class=\"elementor-element elementor-element-34c083de e-flex e-con-boxed e-con e-child\" data-id=\"34c083de\" data-element_type=\"container\" data-e-type=\"container\">\n\t\t\t\t\t<div class=\"e-con-inner\">\n\t\t<div class=\"elementor-element elementor-element-2d4ef3e9 e-con-full e-flex e-con e-child\" data-id=\"2d4ef3e9\" data-element_type=\"container\" data-e-type=\"container\" data-settings=\"{&quot;background_background&quot;:&quot;classic&quot;}\">\n\t\t\t\t<div class=\"elementor-element elementor-element-4919b1ad elementor-widget elementor-widget-heading\" data-id=\"4919b1ad\" data-element_type=\"widget\" data-e-type=\"widget\" data-widget_type=\"heading.default\">\n\t\t\t\t<div class=\"elementor-widget-container\">\n\t\t\t\t\t<h2 class=\"elementor-heading-title elementor-size-default\">Institutions, organizations and entities<\/h2>\t\t\t\t<\/div>\n\t\t\t\t<\/div>\n\t\t\t\t<div class=\"elementor-element elementor-element-28a1b9c2 elementor-widget elementor-widget-text-editor\" data-id=\"28a1b9c2\" data-element_type=\"widget\" data-e-type=\"widget\" data-widget_type=\"text-editor.default\">\n\t\t\t\t<div class=\"elementor-widget-container\">\n\t\t\t\t\t\t\t\t\t<div class=\"uk-accordion-content uk-text-justify\" aria-hidden=\"false\"><ul class=\"uk-list uk-list-striped\"><li>Municipality of Tocancip\u00e1 \u2013 Legal Office<\/li><li>Municipality of Tocancip\u00e1 FOEST \u2013 Uniagraria Accompanies<\/li><li>Association of Subscribers to the Rural Aqueduct Sidewalks Munar, Querente and level of Chipaque ASUAR<\/li><li>Centre of Paleontological Research<\/li><li>Federaci\u00f3n Colombiana de Ganaderos FEDEGAN Fund National Livestock FNG<\/li><li>Colegio Agust\u00edn Nieto Caballero \u2013 Plan 500 colleges<\/li><li>College Albernia Bilingual \u2013 Plan 500 colleges<\/li><li>Corporation Boost Region<\/li><li>Municipality of Guayabal de Siquima<\/li><li>Personer\u00eda Municipal de Tausa \u2013 Legal Office<\/li><li>Gym Bilingual Campestre Marie Curie \u2013 Plan 500 colleges<\/li><li>Municipality of Sop\u00f3 \u2013 Uniagraria Accompanies<\/li><li>Mayor of Tena \u2013 Uniagraria Accompanies<\/li><li>Nyce Colombia<\/li><li>Municipality of Cota \u2013 Uniagraria Accompanies<\/li><li>Colombian Producers Pope FEDEPAPA<\/li><li>Personer\u00eda Municipal de Nemoc\u00f3n \u2013 Legal Office<\/li><li>Association Heroines of the Public Force International<\/li><li>Mayor of Sequil\u00e9 \u2013 Uniagraria Accompanies<\/li><li>School high school of Science and Culture of Harvard E. U-Plan 500 colleges<\/li><li>School Picnic Cogua: \u2013 Plan 500 colleges<\/li><li>College Diversified Chia \u2013 Plan 500 colleges<\/li><li>School Divine Savior \u2013 Plan 500 colleges<\/li><li>Innova Tech Ai S. A. S<\/li><li>New College, St. John the Baptist \u2013 Plan 500 colleges<\/li><li>Municipality of Ch\u00eda \u2013 Uniagraria Accompanies<\/li><li>Water company in Facatativ\u00e1, Aqueduct, Sewer , Toilet and Complementary Services E. A. F. S. A. S E. S. P<\/li><li>Mayor of Villeta \u2013 Legal Office<\/li><li>Regional centre of Studies in Government and Public Policy CRE \u2013 GPP<\/li><li>Corporation of Latin american Institutions of Science, Technology and Innovation -Kl\u00faster Latam<\/li><\/ul><\/div>\t\t\t\t\t\t\t\t<\/div>\n\t\t\t\t<\/div>\n\t\t\t\t<\/div>\n\t\t\t\t\t<\/div>\n\t\t\t\t<\/div>\n\t\t\t\t<\/div>\n\t\t\t\t<\/div>","protected":false},"excerpt":{"rendered":"<p>Convenio Marco Institucional Objeto Aplica para Entidades gubernamentales, organizaciones, empresas, fundaciones y similares nacionales e internacionales, p\u00fablicas y privadas. Tiene por objeto establecer las bases generales de una cooperaci\u00f3n institucional que permita la prestaci\u00f3n de servicios mutuos en programas de inter\u00e9s com\u00fan, present\u00e1ndose en forma rec\u00edproca, colaboraci\u00f3n, asesor\u00eda, apoyo acad\u00e9mico, de investigaci\u00f3n, extensi\u00f3n y proyecci\u00f3n [&hellip;]<\/p>\n","protected":false},"author":8,"featured_media":0,"parent":0,"menu_order":0,"comment_status":"closed","ping_status":"closed","template":"","meta":{"_acf_changed":false,"site-sidebar-layout":"no-sidebar","site-content-layout":"","ast-site-content-layout":"full-width-container","site-content-style":"default","site-sidebar-style":"default","ast-global-header-display":"","ast-banner-title-visibility":"","ast-main-header-display":"","ast-hfb-above-header-display":"","ast-hfb-below-header-display":"","ast-hfb-mobile-header-display":"","site-post-title":"disabled","ast-breadcrumbs-content":"","ast-featured-img":"disabled","footer-sml-layout":"","ast-disable-related-posts":"","theme-transparent-header-meta":"default","adv-header-id-meta":"","stick-header-meta":"default","header-above-stick-meta":"","header-main-stick-meta":"","header-below-stick-meta":"","astra-migrate-meta-layouts":"set","ast-page-background-enabled":"default","ast-page-background-meta":{"desktop":{"background-color":"var(--ast-global-color-4)","background-image":"","background-repeat":"repeat","background-position":"center center","background-size":"auto","background-attachment":"scroll","background-type":"","background-media":"","overlay-type":"","overlay-color":"","overlay-opacity":"","overlay-gradient":""},"tablet":{"background-color":"","background-image":"","background-repeat":"repeat","background-position":"center center","background-size":"auto","background-attachment":"scroll","background-type":"","background-media":"","overlay-type":"","overlay-color":"","overlay-opacity":"","overlay-gradient":""},"mobile":{"background-color":"","background-image":"","background-repeat":"repeat","background-position":"center center","background-size":"auto","background-attachment":"scroll","background-type":"","background-media":"","overlay-type":"","overlay-color":"","overlay-opacity":"","overlay-gradient":""}},"ast-content-background-meta":{"desktop":{"background-color":"var(--ast-global-color-5)","background-image":"","background-repeat":"repeat","background-position":"center center","background-size":"auto","background-attachment":"scroll","background-type":"","background-media":"","overlay-type":"","overlay-color":"","overlay-opacity":"","overlay-gradient":""},"tablet":{"background-color":"var(--ast-global-color-5)","background-image":"","background-repeat":"repeat","background-position":"center center","background-size":"auto","background-attachment":"scroll","background-type":"","background-media":"","overlay-type":"","overlay-color":"","overlay-opacity":"","overlay-gradient":""},"mobile":{"background-color":"var(--ast-global-color-5)","background-image":"","background-repeat":"repeat","background-position":"center center","background-size":"auto","background-attachment":"scroll","background-type":"","background-media":"","overlay-type":"","overlay-color":"","overlay-opacity":"","overlay-gradient":""}},"footnotes":""},"class_list":["post-60783","page","type-page","status-publish","hentry"],"acf":[],"yoast_head":"<!-- This site is optimized with the Yoast SEO plugin v27.4 - https:\/\/yoast.com\/product\/yoast-seo-wordpress\/ -->\n<title>Convenio Marco Institucional - UNIAGRARIA<\/title>\n<meta name=\"robots\" content=\"index, follow, max-snippet:-1, max-image-preview:large, max-video-preview:-1\" \/>\n<link rel=\"canonical\" href=\"https:\/\/uniagraria.edu.co\/en\/convenio-marco-institucional\/\" \/>\n<meta property=\"og:locale\" content=\"en_US\" \/>\n<meta property=\"og:type\" content=\"article\" \/>\n<meta property=\"og:title\" content=\"Convenio Marco Institucional - UNIAGRARIA\" \/>\n<meta property=\"og:description\" content=\"Convenio Marco Institucional Objeto Aplica para Entidades gubernamentales, organizaciones, empresas, fundaciones y similares nacionales e internacionales, p\u00fablicas y privadas. Tiene por objeto establecer las bases generales de una cooperaci\u00f3n institucional que permita la prestaci\u00f3n de servicios mutuos en programas de inter\u00e9s com\u00fan, present\u00e1ndose en forma rec\u00edproca, colaboraci\u00f3n, asesor\u00eda, apoyo acad\u00e9mico, de investigaci\u00f3n, extensi\u00f3n y proyecci\u00f3n [&hellip;]\" \/>\n<meta property=\"og:url\" content=\"https:\/\/uniagraria.edu.co\/en\/convenio-marco-institucional\/\" \/>\n<meta property=\"og:site_name\" content=\"UNIAGRARIA\" \/>\n<meta property=\"article:publisher\" content=\"https:\/\/www.facebook.com\/uagraria\/?locale=es_LA\" \/>\n<meta property=\"article:modified_time\" content=\"2025-05-27T20:25:54+00:00\" \/>\n<meta name=\"twitter:card\" content=\"summary_large_image\" \/>\n<meta name=\"twitter:site\" content=\"@UNIAGRARIA\" \/>\n<meta name=\"twitter:label1\" content=\"Est. reading time\" \/>\n\t<meta name=\"twitter:data1\" content=\"2 minutes\" \/>\n<script type=\"application\/ld+json\" class=\"yoast-schema-graph\">{\"@context\":\"https:\\\/\\\/schema.org\",\"@graph\":[{\"@type\":\"WebPage\",\"@id\":\"https:\\\/\\\/uniagraria.edu.co\\\/es\\\/convenio-marco-institucional\\\/\",\"url\":\"https:\\\/\\\/uniagraria.edu.co\\\/es\\\/convenio-marco-institucional\\\/\",\"name\":\"Convenio Marco Institucional - UNIAGRARIA\",\"isPartOf\":{\"@id\":\"https:\\\/\\\/uniagraria.edu.co\\\/es\\\/#website\"},\"datePublished\":\"2025-03-14T02:03:48+00:00\",\"dateModified\":\"2025-05-27T20:25:54+00:00\",\"breadcrumb\":{\"@id\":\"https:\\\/\\\/uniagraria.edu.co\\\/es\\\/convenio-marco-institucional\\\/#breadcrumb\"},\"inLanguage\":\"en-US\",\"potentialAction\":[{\"@type\":\"ReadAction\",\"target\":[\"https:\\\/\\\/uniagraria.edu.co\\\/es\\\/convenio-marco-institucional\\\/\"]}]},{\"@type\":\"BreadcrumbList\",\"@id\":\"https:\\\/\\\/uniagraria.edu.co\\\/es\\\/convenio-marco-institucional\\\/#breadcrumb\",\"itemListElement\":[{\"@type\":\"ListItem\",\"position\":1,\"name\":\"Inicio\",\"item\":\"https:\\\/\\\/uniagraria.edu.co\\\/es\\\/\"},{\"@type\":\"ListItem\",\"position\":2,\"name\":\"Convenio Marco Institucional\"}]},{\"@type\":\"WebSite\",\"@id\":\"https:\\\/\\\/uniagraria.edu.co\\\/es\\\/#website\",\"url\":\"https:\\\/\\\/uniagraria.edu.co\\\/es\\\/\",\"name\":\"UNIAGRARIA\",\"description\":\"FUNDACION UNIVERSITARIA AGRARIA DE COLOMBIA\",\"publisher\":{\"@id\":\"https:\\\/\\\/uniagraria.edu.co\\\/es\\\/#organization\"},\"potentialAction\":[{\"@type\":\"SearchAction\",\"target\":{\"@type\":\"EntryPoint\",\"urlTemplate\":\"https:\\\/\\\/uniagraria.edu.co\\\/es\\\/?s={search_term_string}\"},\"query-input\":{\"@type\":\"PropertyValueSpecification\",\"valueRequired\":true,\"valueName\":\"search_term_string\"}}],\"inLanguage\":\"en-US\"},{\"@type\":\"Organization\",\"@id\":\"https:\\\/\\\/uniagraria.edu.co\\\/es\\\/#organization\",\"name\":\"UNIAGRARIA\",\"url\":\"https:\\\/\\\/uniagraria.edu.co\\\/es\\\/\",\"logo\":{\"@type\":\"ImageObject\",\"inLanguage\":\"en-US\",\"@id\":\"https:\\\/\\\/uniagraria.edu.co\\\/es\\\/#\\\/schema\\\/logo\\\/image\\\/\",\"url\":\"https:\\\/\\\/novawebmaster.com\\\/uniagraria\\\/wp-content\\\/uploads\\\/2025\\\/02\\\/LogoUa2023Vertical.png\",\"contentUrl\":\"https:\\\/\\\/novawebmaster.com\\\/uniagraria\\\/wp-content\\\/uploads\\\/2025\\\/02\\\/LogoUa2023Vertical.png\",\"width\":3300,\"height\":2550,\"caption\":\"UNIAGRARIA\"},\"image\":{\"@id\":\"https:\\\/\\\/uniagraria.edu.co\\\/es\\\/#\\\/schema\\\/logo\\\/image\\\/\"},\"sameAs\":[\"https:\\\/\\\/www.facebook.com\\\/uagraria\\\/?locale=es_LA\",\"https:\\\/\\\/x.com\\\/UNIAGRARIA\",\"https:\\\/\\\/www.instagram.com\\\/uniagraria\\\/profilecard\\\/?igsh=MXI2bTFlMWsxNzNjOA\",\"https:\\\/\\\/www.tiktok.com\\\/discover\\\/uniagraria?lang=es\",\"https:\\\/\\\/www.linkedin.com\\\/school\\\/uniagraria\\\/?originalSubdomain=co\",\"https:\\\/\\\/www.youtube.com\\\/user\\\/UniagrariaUverde?themeRefresh=1\",\"https:\\\/\\\/api.whatsapp.com\\\/send?phone=3134230649\"]}]}<\/script>\n<!-- \/ Yoast SEO plugin. -->","yoast_head_json":{"title":"Convention Institutional Framework - UNIAGRARIA","robots":{"index":"index","follow":"follow","max-snippet":"max-snippet:-1","max-image-preview":"max-image-preview:large","max-video-preview":"max-video-preview:-1"},"canonical":"https:\/\/uniagraria.edu.co\/en\/convenio-marco-institucional\/","og_locale":"en_US","og_type":"article","og_title":"Convenio Marco Institucional - UNIAGRARIA","og_description":"Convenio Marco Institucional Objeto Aplica para Entidades gubernamentales, organizaciones, empresas, fundaciones y similares nacionales e internacionales, p\u00fablicas y privadas. Tiene por objeto establecer las bases generales de una cooperaci\u00f3n institucional que permita la prestaci\u00f3n de servicios mutuos en programas de inter\u00e9s com\u00fan, present\u00e1ndose en forma rec\u00edproca, colaboraci\u00f3n, asesor\u00eda, apoyo acad\u00e9mico, de investigaci\u00f3n, extensi\u00f3n y proyecci\u00f3n [&hellip;]","og_url":"https:\/\/uniagraria.edu.co\/en\/convenio-marco-institucional\/","og_site_name":"UNIAGRARIA","article_publisher":"https:\/\/www.facebook.com\/uagraria\/?locale=es_LA","article_modified_time":"2025-05-27T20:25:54+00:00","twitter_card":"summary_large_image","twitter_site":"@UNIAGRARIA","twitter_misc":{"Est. reading time":"2 minutes"},"schema":{"@context":"https:\/\/schema.org","@graph":[{"@type":"WebPage","@id":"https:\/\/uniagraria.edu.co\/es\/convenio-marco-institucional\/","url":"https:\/\/uniagraria.edu.co\/es\/convenio-marco-institucional\/","name":"Convention Institutional Framework - UNIAGRARIA","isPartOf":{"@id":"https:\/\/uniagraria.edu.co\/es\/#website"},"datePublished":"2025-03-14T02:03:48+00:00","dateModified":"2025-05-27T20:25:54+00:00","breadcrumb":{"@id":"https:\/\/uniagraria.edu.co\/es\/convenio-marco-institucional\/#breadcrumb"},"inLanguage":"en-US","potentialAction":[{"@type":"ReadAction","target":["https:\/\/uniagraria.edu.co\/es\/convenio-marco-institucional\/"]}]},{"@type":"BreadcrumbList","@id":"https:\/\/uniagraria.edu.co\/es\/convenio-marco-institucional\/#breadcrumb","itemListElement":[{"@type":"ListItem","position":1,"name":"Inicio","item":"https:\/\/uniagraria.edu.co\/es\/"},{"@type":"ListItem","position":2,"name":"Convenio Marco Institucional"}]},{"@type":"WebSite","@id":"https:\/\/uniagraria.edu.co\/es\/#website","url":"https:\/\/uniagraria.edu.co\/es\/","name":"Experience the experience and discover the education of","description":"FUNDACION UNIVERSITARIA AGRARIA DE COLOMBIA","publisher":{"@id":"https:\/\/uniagraria.edu.co\/es\/#organization"},"potentialAction":[{"@type":"SearchAction","target":{"@type":"EntryPoint","urlTemplate":"https:\/\/uniagraria.edu.co\/es\/?s={search_term_string}"},"query-input":{"@type":"PropertyValueSpecification","valueRequired":true,"valueName":"search_term_string"}}],"inLanguage":"en-US"},{"@type":"Organization","@id":"https:\/\/uniagraria.edu.co\/es\/#organization","name":"Experience the experience and discover the education of","url":"https:\/\/uniagraria.edu.co\/es\/","logo":{"@type":"ImageObject","inLanguage":"en-US","@id":"https:\/\/uniagraria.edu.co\/es\/#\/schema\/logo\/image\/","url":"https:\/\/novawebmaster.com\/uniagraria\/wp-content\/uploads\/2025\/02\/LogoUa2023Vertical.png","contentUrl":"https:\/\/novawebmaster.com\/uniagraria\/wp-content\/uploads\/2025\/02\/LogoUa2023Vertical.png","width":3300,"height":2550,"caption":"UNIAGRARIA"},"image":{"@id":"https:\/\/uniagraria.edu.co\/es\/#\/schema\/logo\/image\/"},"sameAs":["https:\/\/www.facebook.com\/uagraria\/?locale=es_LA","https:\/\/x.com\/UNIAGRARIA","https:\/\/www.instagram.com\/uniagraria\/profilecard\/?igsh=MXI2bTFlMWsxNzNjOA","https:\/\/www.tiktok.com\/discover\/uniagraria?lang=es","https:\/\/www.linkedin.com\/school\/uniagraria\/?originalSubdomain=co","https:\/\/www.youtube.com\/user\/UniagrariaUverde?themeRefresh=1","https:\/\/api.whatsapp.com\/send?phone=3134230649"]}]}},"_links":{"self":[{"href":"https:\/\/uniagraria.edu.co\/en\/wp-json\/wp\/v2\/pages\/60783","targetHints":{"allow":["GET"]}}],"collection":[{"href":"https:\/\/uniagraria.edu.co\/en\/wp-json\/wp\/v2\/pages"}],"about":[{"href":"https:\/\/uniagraria.edu.co\/en\/wp-json\/wp\/v2\/types\/page"}],"author":[{"embeddable":true,"href":"https:\/\/uniagraria.edu.co\/en\/wp-json\/wp\/v2\/users\/8"}],"replies":[{"embeddable":true,"href":"https:\/\/uniagraria.edu.co\/en\/wp-json\/wp\/v2\/comments?post=60783"}],"version-history":[{"count":6,"href":"https:\/\/uniagraria.edu.co\/en\/wp-json\/wp\/v2\/pages\/60783\/revisions"}],"predecessor-version":[{"id":70500,"href":"https:\/\/uniagraria.edu.co\/en\/wp-json\/wp\/v2\/pages\/60783\/revisions\/70500"}],"wp:attachment":[{"href":"https:\/\/uniagraria.edu.co\/en\/wp-json\/wp\/v2\/media?parent=60783"}],"curies":[{"name":"wp","href":"https:\/\/api.w.org\/{rel}","templated":true}]}}