{"id":60791,"date":"2025-03-13T21:23:15","date_gmt":"2025-03-14T02:23:15","guid":{"rendered":"https:\/\/novawebmaster.com\/uniagraria\/?page_id=60791"},"modified":"2025-05-27T15:27:21","modified_gmt":"2025-05-27T20:27:21","slug":"practicas-academicas-judicatura","status":"publish","type":"page","link":"https:\/\/uniagraria.edu.co\/en\/practicas-academicas-judicatura\/","title":{"rendered":"Academic Practice \u2013 Judiciary"},"content":{"rendered":"<div data-elementor-type=\"wp-page\" data-elementor-id=\"60791\" class=\"elementor elementor-60791\" data-elementor-post-type=\"page\">\n\t\t\t\t<div class=\"elementor-element elementor-element-3ecd24bc e-con-full e-flex e-con e-parent\" data-id=\"3ecd24bc\" data-element_type=\"container\" data-e-type=\"container\" data-settings=\"{&quot;background_background&quot;:&quot;classic&quot;}\">\n\t\t<div class=\"elementor-element elementor-element-2eeae6e2 e-flex e-con-boxed e-con e-child\" data-id=\"2eeae6e2\" data-element_type=\"container\" data-e-type=\"container\">\n\t\t\t\t\t<div class=\"e-con-inner\">\n\t\t<div class=\"elementor-element elementor-element-673241b5 e-con-full e-flex e-con e-child\" data-id=\"673241b5\" data-element_type=\"container\" data-e-type=\"container\">\n\t\t\t\t<div class=\"elementor-element elementor-element-20916707 elementor-widget elementor-widget-heading\" data-id=\"20916707\" data-element_type=\"widget\" data-e-type=\"widget\" data-widget_type=\"heading.default\">\n\t\t\t\t<div class=\"elementor-widget-container\">\n\t\t\t\t\t<h2 class=\"elementor-heading-title elementor-size-default\">Academic Practice \u2013 Judiciary<\/h2>\t\t\t\t<\/div>\n\t\t\t\t<\/div>\n\t\t\t\t<div class=\"elementor-element elementor-element-1f13ac78 elementor-widget elementor-widget-text-editor\" data-id=\"1f13ac78\" data-element_type=\"widget\" data-e-type=\"widget\" data-widget_type=\"text-editor.default\">\n\t\t\t\t<div class=\"elementor-widget-container\">\n\t\t\t\t\t\t\t\t\t<p><strong>Object<\/strong><\/p><p>Applies to government entities, organizations, companies, foundations and similar national and international, public and private. Aims to establish the foundations for cooperation between THE ENTITY AND UNIAGRARIA for the integrated development of a program of business practices for the training of students, consistent with the knowledge, skills and abilities of the same. Applies to the program Right through judiciary.<\/p>\t\t\t\t\t\t\t\t<\/div>\n\t\t\t\t<\/div>\n\t\t\t\t<\/div>\n\t\t\t\t\t<\/div>\n\t\t\t\t<\/div>\n\t\t<div class=\"elementor-element elementor-element-34c083de e-flex e-con-boxed e-con e-child\" data-id=\"34c083de\" data-element_type=\"container\" data-e-type=\"container\">\n\t\t\t\t\t<div class=\"e-con-inner\">\n\t\t<div class=\"elementor-element elementor-element-2d4ef3e9 e-con-full e-flex e-con e-child\" data-id=\"2d4ef3e9\" data-element_type=\"container\" data-e-type=\"container\" data-settings=\"{&quot;background_background&quot;:&quot;classic&quot;}\">\n\t\t\t\t<div class=\"elementor-element elementor-element-4919b1ad elementor-widget elementor-widget-heading\" data-id=\"4919b1ad\" data-element_type=\"widget\" data-e-type=\"widget\" data-widget_type=\"heading.default\">\n\t\t\t\t<div class=\"elementor-widget-container\">\n\t\t\t\t\t<h2 class=\"elementor-heading-title elementor-size-default\">Entities<\/h2>\t\t\t\t<\/div>\n\t\t\t\t<\/div>\n\t\t<div class=\"elementor-element elementor-element-70075ab e-con-full e-flex e-con e-child\" data-id=\"70075ab\" data-element_type=\"container\" data-e-type=\"container\">\n\t\t<div class=\"elementor-element elementor-element-9acb6ed e-con-full e-flex e-con e-child\" data-id=\"9acb6ed\" data-element_type=\"container\" data-e-type=\"container\">\n\t\t\t\t<div class=\"elementor-element elementor-element-a1fdfe2 elementor-widget elementor-widget-text-editor\" data-id=\"a1fdfe2\" data-element_type=\"widget\" data-e-type=\"widget\" data-widget_type=\"text-editor.default\">\n\t\t\t\t<div class=\"elementor-widget-container\">\n\t\t\t\t\t\t\t\t\t<ul class=\"uk-list uk-list-striped\"><li>Veterinary Manimal SAS<\/li><li>Agro Investments<\/li><li>Super Cerdodromo SAS<\/li><li>Ark of Majuy<\/li><li>Veterinary Clinic Funza<\/li><li>Investment Leatherback<\/li><li>Agro The Victtoriana<\/li><li>Animal Health Tetrapodap Pets<\/li><li>Seeds of Forage Germipaz SAS<\/li><li>Municipality of Caparrap\u00ed<\/li><li>Corporation de Abastos Bogota D. C.<\/li><li>Veterinary Clinic Vetsalud<\/li><li>VLC Consultants<\/li><li>Network Construction and Design<\/li><li>C. I. Sunshine Bouquet<\/li><li>Hospital Corporation Juan City<\/li><li>Worley Colombia<\/li><li>Acomeq Engineering<\/li><li>ARQ SAS<\/li><li>Inviertiendo in the Caribbean S. A de C. V -Mexico \u2013 Hotels in Cancun<\/li><li>Greco Design<\/li><li>Roma Engineering<\/li><li>Corporation Ventura<\/li><li>Clinical Specialty Veterinary Country<\/li><\/ul>\t\t\t\t\t\t\t\t<\/div>\n\t\t\t\t<\/div>\n\t\t\t\t<\/div>\n\t\t<div class=\"elementor-element elementor-element-8b8a071 e-con-full e-flex e-con e-child\" data-id=\"8b8a071\" data-element_type=\"container\" data-e-type=\"container\">\n\t\t\t\t<div class=\"elementor-element elementor-element-28a1b9c2 elementor-widget elementor-widget-text-editor\" data-id=\"28a1b9c2\" data-element_type=\"widget\" data-e-type=\"widget\" data-widget_type=\"text-editor.default\">\n\t\t\t\t<div class=\"elementor-widget-container\">\n\t\t\t\t\t\t\t\t\t<ul><li>Goons May Veterinary Clinic<\/li><li>Luisa Farms S. A<\/li><li>Operator Holidays in Playa de C. V -Mexico \u2013 Hotels in Cancun<\/li><li>Veterinary Clinic Novavet<\/li><li>Global Agricultural Trading S. A. S<\/li><li>TAKAMI S. A. S<\/li><li>Data Center Colombia<\/li><li>Carolina Romero Ultrasound and Cardiology Veterinary SAS<\/li><li>Dacavet Clinic Surgical Veterinary S. A. S<\/li><li>Laboratories Zoo<\/li><li>Agro poultry Strength S. A. S<\/li><li>Distributions Hern\u00e1ndez Vel\u00e1zquez Ltda<\/li><li>More Bovi Livestock S. L<\/li><li>Veterinary clinic Subacan &amp; Cat's S. A. S<\/li><li>Foundation Biodiversity Management And Conservation In Colombia<\/li><li>Veterinary Clinic Family Pets<\/li><li>My Pet Fruits of the Field<\/li><li>Quality Vision Center<\/li><li>Mayor Garagoa<\/li><li>Animalcenter S. A. S<\/li><li>Celuarte Colombia S. A. S<\/li><li>Coltanques ( Agricultural Montijo)<\/li><li>Universidad Colegio mayor de Cundinamarca<\/li><\/ul>\t\t\t\t\t\t\t\t<\/div>\n\t\t\t\t<\/div>\n\t\t\t\t<\/div>\n\t\t\t\t<\/div>\n\t\t\t\t<\/div>\n\t\t\t\t\t<\/div>\n\t\t\t\t<\/div>\n\t\t\t\t<\/div>\n\t\t\t\t<\/div>","protected":false},"excerpt":{"rendered":"<p>Pr\u00e1cticas Acad\u00e9micas \u2013 Judicatura Objeto Aplica para entidades gubernamentales, organizaciones, empresas, fundaciones y similares nacionales e internacionales, publicas y privadas. Tiene por objeto establecer las bases de cooperaci\u00f3n entre LA ENTIDAD Y UNIAGRARIA para el desarrollo integrado de un programa de pr\u00e1cticas empresariales, para la formaci\u00f3n de los estudiantes, acorde con los conocimientos, habilidades y [&hellip;]<\/p>\n","protected":false},"author":8,"featured_media":0,"parent":0,"menu_order":0,"comment_status":"closed","ping_status":"closed","template":"","meta":{"_acf_changed":false,"site-sidebar-layout":"no-sidebar","site-content-layout":"","ast-site-content-layout":"full-width-container","site-content-style":"default","site-sidebar-style":"default","ast-global-header-display":"","ast-banner-title-visibility":"","ast-main-header-display":"","ast-hfb-above-header-display":"","ast-hfb-below-header-display":"","ast-hfb-mobile-header-display":"","site-post-title":"disabled","ast-breadcrumbs-content":"","ast-featured-img":"disabled","footer-sml-layout":"","ast-disable-related-posts":"","theme-transparent-header-meta":"default","adv-header-id-meta":"","stick-header-meta":"default","header-above-stick-meta":"","header-main-stick-meta":"","header-below-stick-meta":"","astra-migrate-meta-layouts":"set","ast-page-background-enabled":"default","ast-page-background-meta":{"desktop":{"background-color":"var(--ast-global-color-4)","background-image":"","background-repeat":"repeat","background-position":"center center","background-size":"auto","background-attachment":"scroll","background-type":"","background-media":"","overlay-type":"","overlay-color":"","overlay-opacity":"","overlay-gradient":""},"tablet":{"background-color":"","background-image":"","background-repeat":"repeat","background-position":"center center","background-size":"auto","background-attachment":"scroll","background-type":"","background-media":"","overlay-type":"","overlay-color":"","overlay-opacity":"","overlay-gradient":""},"mobile":{"background-color":"","background-image":"","background-repeat":"repeat","background-position":"center center","background-size":"auto","background-attachment":"scroll","background-type":"","background-media":"","overlay-type":"","overlay-color":"","overlay-opacity":"","overlay-gradient":""}},"ast-content-background-meta":{"desktop":{"background-color":"var(--ast-global-color-5)","background-image":"","background-repeat":"repeat","background-position":"center center","background-size":"auto","background-attachment":"scroll","background-type":"","background-media":"","overlay-type":"","overlay-color":"","overlay-opacity":"","overlay-gradient":""},"tablet":{"background-color":"var(--ast-global-color-5)","background-image":"","background-repeat":"repeat","background-position":"center center","background-size":"auto","background-attachment":"scroll","background-type":"","background-media":"","overlay-type":"","overlay-color":"","overlay-opacity":"","overlay-gradient":""},"mobile":{"background-color":"var(--ast-global-color-5)","background-image":"","background-repeat":"repeat","background-position":"center center","background-size":"auto","background-attachment":"scroll","background-type":"","background-media":"","overlay-type":"","overlay-color":"","overlay-opacity":"","overlay-gradient":""}},"footnotes":""},"class_list":["post-60791","page","type-page","status-publish","hentry"],"acf":[],"yoast_head":"<!-- This site is optimized with the Yoast SEO plugin v27.2 - https:\/\/yoast.com\/product\/yoast-seo-wordpress\/ -->\n<title>Pr\u00e1cticas Acad\u00e9micas \u2013 Judicatura - UNIAGRARIA<\/title>\n<meta name=\"robots\" content=\"index, follow, max-snippet:-1, max-image-preview:large, max-video-preview:-1\" \/>\n<link rel=\"canonical\" href=\"https:\/\/uniagraria.edu.co\/en\/practicas-academicas-judicatura\/\" \/>\n<meta property=\"og:locale\" content=\"en_US\" \/>\n<meta property=\"og:type\" content=\"article\" \/>\n<meta property=\"og:title\" content=\"Pr\u00e1cticas Acad\u00e9micas \u2013 Judicatura - UNIAGRARIA\" \/>\n<meta property=\"og:description\" content=\"Pr\u00e1cticas Acad\u00e9micas \u2013 Judicatura Objeto Aplica para entidades gubernamentales, organizaciones, empresas, fundaciones y similares nacionales e internacionales, publicas y privadas. Tiene por objeto establecer las bases de cooperaci\u00f3n entre LA ENTIDAD Y UNIAGRARIA para el desarrollo integrado de un programa de pr\u00e1cticas empresariales, para la formaci\u00f3n de los estudiantes, acorde con los conocimientos, habilidades y [&hellip;]\" \/>\n<meta property=\"og:url\" content=\"https:\/\/uniagraria.edu.co\/en\/practicas-academicas-judicatura\/\" \/>\n<meta property=\"og:site_name\" content=\"UNIAGRARIA\" \/>\n<meta property=\"article:publisher\" content=\"https:\/\/www.facebook.com\/uagraria\/?locale=es_LA\" \/>\n<meta property=\"article:modified_time\" content=\"2025-05-27T20:27:21+00:00\" \/>\n<meta name=\"twitter:card\" content=\"summary_large_image\" \/>\n<meta name=\"twitter:site\" content=\"@UNIAGRARIA\" \/>\n<meta name=\"twitter:label1\" content=\"Est. reading time\" \/>\n\t<meta name=\"twitter:data1\" content=\"1 minute\" \/>\n<script type=\"application\/ld+json\" class=\"yoast-schema-graph\">{\"@context\":\"https:\/\/schema.org\",\"@graph\":[{\"@type\":\"WebPage\",\"@id\":\"https:\/\/uniagraria.edu.co\/es\/practicas-academicas-judicatura\/\",\"url\":\"https:\/\/uniagraria.edu.co\/es\/practicas-academicas-judicatura\/\",\"name\":\"Pr\u00e1cticas Acad\u00e9micas \u2013 Judicatura - UNIAGRARIA\",\"isPartOf\":{\"@id\":\"https:\/\/uniagraria.edu.co\/es\/#website\"},\"datePublished\":\"2025-03-14T02:23:15+00:00\",\"dateModified\":\"2025-05-27T20:27:21+00:00\",\"breadcrumb\":{\"@id\":\"https:\/\/uniagraria.edu.co\/es\/practicas-academicas-judicatura\/#breadcrumb\"},\"inLanguage\":\"en-US\",\"potentialAction\":[{\"@type\":\"ReadAction\",\"target\":[\"https:\/\/uniagraria.edu.co\/es\/practicas-academicas-judicatura\/\"]}]},{\"@type\":\"BreadcrumbList\",\"@id\":\"https:\/\/uniagraria.edu.co\/es\/practicas-academicas-judicatura\/#breadcrumb\",\"itemListElement\":[{\"@type\":\"ListItem\",\"position\":1,\"name\":\"Inicio\",\"item\":\"https:\/\/uniagraria.edu.co\/\"},{\"@type\":\"ListItem\",\"position\":2,\"name\":\"Pr\u00e1cticas Acad\u00e9micas \u2013 Judicatura\"}]},{\"@type\":\"WebSite\",\"@id\":\"https:\/\/uniagraria.edu.co\/es\/#website\",\"url\":\"https:\/\/uniagraria.edu.co\/es\/\",\"name\":\"UNIAGRARIA\",\"description\":\"FUNDACION UNIVERSITARIA AGRARIA DE COLOMBIA\",\"publisher\":{\"@id\":\"https:\/\/uniagraria.edu.co\/es\/#organization\"},\"potentialAction\":[{\"@type\":\"SearchAction\",\"target\":{\"@type\":\"EntryPoint\",\"urlTemplate\":\"https:\/\/uniagraria.edu.co\/es\/?s={search_term_string}\"},\"query-input\":{\"@type\":\"PropertyValueSpecification\",\"valueRequired\":true,\"valueName\":\"search_term_string\"}}],\"inLanguage\":\"en-US\"},{\"@type\":\"Organization\",\"@id\":\"https:\/\/uniagraria.edu.co\/es\/#organization\",\"name\":\"UNIAGRARIA\",\"url\":\"https:\/\/uniagraria.edu.co\/es\/\",\"logo\":{\"@type\":\"ImageObject\",\"inLanguage\":\"en-US\",\"@id\":\"https:\/\/uniagraria.edu.co\/es\/#\/schema\/logo\/image\/\",\"url\":\"https:\/\/novawebmaster.com\/uniagraria\/wp-content\/uploads\/2025\/02\/LogoUa2023Vertical.png\",\"contentUrl\":\"https:\/\/novawebmaster.com\/uniagraria\/wp-content\/uploads\/2025\/02\/LogoUa2023Vertical.png\",\"width\":3300,\"height\":2550,\"caption\":\"UNIAGRARIA\"},\"image\":{\"@id\":\"https:\/\/uniagraria.edu.co\/es\/#\/schema\/logo\/image\/\"},\"sameAs\":[\"https:\/\/www.facebook.com\/uagraria\/?locale=es_LA\",\"https:\/\/x.com\/UNIAGRARIA\",\"https:\/\/www.instagram.com\/uniagraria\/profilecard\/?igsh=MXI2bTFlMWsxNzNjOA\",\"https:\/\/www.tiktok.com\/discover\/uniagraria?lang=es\",\"https:\/\/www.linkedin.com\/school\/uniagraria\/?originalSubdomain=co\",\"https:\/\/www.youtube.com\/user\/UniagrariaUverde?themeRefresh=1\",\"https:\/\/api.whatsapp.com\/send?phone=3134230649\"]}]}<\/script>\n<!-- \/ Yoast SEO plugin. -->","yoast_head_json":{"title":"Academic practice \u2013 Judiciary - UNIAGRARIA","robots":{"index":"index","follow":"follow","max-snippet":"max-snippet:-1","max-image-preview":"max-image-preview:large","max-video-preview":"max-video-preview:-1"},"canonical":"https:\/\/uniagraria.edu.co\/en\/practicas-academicas-judicatura\/","og_locale":"en_US","og_type":"article","og_title":"Pr\u00e1cticas Acad\u00e9micas \u2013 Judicatura - UNIAGRARIA","og_description":"Pr\u00e1cticas Acad\u00e9micas \u2013 Judicatura Objeto Aplica para entidades gubernamentales, organizaciones, empresas, fundaciones y similares nacionales e internacionales, publicas y privadas. Tiene por objeto establecer las bases de cooperaci\u00f3n entre LA ENTIDAD Y UNIAGRARIA para el desarrollo integrado de un programa de pr\u00e1cticas empresariales, para la formaci\u00f3n de los estudiantes, acorde con los conocimientos, habilidades y [&hellip;]","og_url":"https:\/\/uniagraria.edu.co\/en\/practicas-academicas-judicatura\/","og_site_name":"UNIAGRARIA","article_publisher":"https:\/\/www.facebook.com\/uagraria\/?locale=es_LA","article_modified_time":"2025-05-27T20:27:21+00:00","twitter_card":"summary_large_image","twitter_site":"@UNIAGRARIA","twitter_misc":{"Est. reading time":"1 minute"},"schema":{"@context":"https:\/\/schema.org","@graph":[{"@type":"WebPage","@id":"https:\/\/uniagraria.edu.co\/es\/practicas-academicas-judicatura\/","url":"https:\/\/uniagraria.edu.co\/es\/practicas-academicas-judicatura\/","name":"Academic practice \u2013 Judiciary - UNIAGRARIA","isPartOf":{"@id":"https:\/\/uniagraria.edu.co\/es\/#website"},"datePublished":"2025-03-14T02:23:15+00:00","dateModified":"2025-05-27T20:27:21+00:00","breadcrumb":{"@id":"https:\/\/uniagraria.edu.co\/es\/practicas-academicas-judicatura\/#breadcrumb"},"inLanguage":"en-US","potentialAction":[{"@type":"ReadAction","target":["https:\/\/uniagraria.edu.co\/es\/practicas-academicas-judicatura\/"]}]},{"@type":"BreadcrumbList","@id":"https:\/\/uniagraria.edu.co\/es\/practicas-academicas-judicatura\/#breadcrumb","itemListElement":[{"@type":"ListItem","position":1,"name":"Inicio","item":"https:\/\/uniagraria.edu.co\/"},{"@type":"ListItem","position":2,"name":"Pr\u00e1cticas Acad\u00e9micas \u2013 Judicatura"}]},{"@type":"WebSite","@id":"https:\/\/uniagraria.edu.co\/es\/#website","url":"https:\/\/uniagraria.edu.co\/es\/","name":"Experience the experience and discover the education of","description":"FUNDACION UNIVERSITARIA AGRARIA DE COLOMBIA","publisher":{"@id":"https:\/\/uniagraria.edu.co\/es\/#organization"},"potentialAction":[{"@type":"SearchAction","target":{"@type":"EntryPoint","urlTemplate":"https:\/\/uniagraria.edu.co\/es\/?s={search_term_string}"},"query-input":{"@type":"PropertyValueSpecification","valueRequired":true,"valueName":"search_term_string"}}],"inLanguage":"en-US"},{"@type":"Organization","@id":"https:\/\/uniagraria.edu.co\/es\/#organization","name":"Experience the experience and discover the education of","url":"https:\/\/uniagraria.edu.co\/es\/","logo":{"@type":"ImageObject","inLanguage":"en-US","@id":"https:\/\/uniagraria.edu.co\/es\/#\/schema\/logo\/image\/","url":"https:\/\/novawebmaster.com\/uniagraria\/wp-content\/uploads\/2025\/02\/LogoUa2023Vertical.png","contentUrl":"https:\/\/novawebmaster.com\/uniagraria\/wp-content\/uploads\/2025\/02\/LogoUa2023Vertical.png","width":3300,"height":2550,"caption":"UNIAGRARIA"},"image":{"@id":"https:\/\/uniagraria.edu.co\/es\/#\/schema\/logo\/image\/"},"sameAs":["https:\/\/www.facebook.com\/uagraria\/?locale=es_LA","https:\/\/x.com\/UNIAGRARIA","https:\/\/www.instagram.com\/uniagraria\/profilecard\/?igsh=MXI2bTFlMWsxNzNjOA","https:\/\/www.tiktok.com\/discover\/uniagraria?lang=es","https:\/\/www.linkedin.com\/school\/uniagraria\/?originalSubdomain=co","https:\/\/www.youtube.com\/user\/UniagrariaUverde?themeRefresh=1","https:\/\/api.whatsapp.com\/send?phone=3134230649"]}]}},"_links":{"self":[{"href":"https:\/\/uniagraria.edu.co\/en\/wp-json\/wp\/v2\/pages\/60791","targetHints":{"allow":["GET"]}}],"collection":[{"href":"https:\/\/uniagraria.edu.co\/en\/wp-json\/wp\/v2\/pages"}],"about":[{"href":"https:\/\/uniagraria.edu.co\/en\/wp-json\/wp\/v2\/types\/page"}],"author":[{"embeddable":true,"href":"https:\/\/uniagraria.edu.co\/en\/wp-json\/wp\/v2\/users\/8"}],"replies":[{"embeddable":true,"href":"https:\/\/uniagraria.edu.co\/en\/wp-json\/wp\/v2\/comments?post=60791"}],"version-history":[{"count":3,"href":"https:\/\/uniagraria.edu.co\/en\/wp-json\/wp\/v2\/pages\/60791\/revisions"}],"predecessor-version":[{"id":70503,"href":"https:\/\/uniagraria.edu.co\/en\/wp-json\/wp\/v2\/pages\/60791\/revisions\/70503"}],"wp:attachment":[{"href":"https:\/\/uniagraria.edu.co\/en\/wp-json\/wp\/v2\/media?parent=60791"}],"curies":[{"name":"wp","href":"https:\/\/api.w.org\/{rel}","templated":true}]}}