{"id":61083,"date":"2025-03-18T21:01:08","date_gmt":"2025-03-19T02:01:08","guid":{"rendered":"https:\/\/novawebmaster.com\/uniagraria\/?page_id=61083"},"modified":"2025-03-18T22:44:37","modified_gmt":"2025-03-19T03:44:37","slug":"cursos-regulares","status":"publish","type":"page","link":"https:\/\/uniagraria.edu.co\/en\/cursos-regulares\/","title":{"rendered":"Regular Courses"},"content":{"rendered":"<div data-elementor-type=\"wp-page\" data-elementor-id=\"61083\" class=\"elementor elementor-61083\" data-elementor-post-type=\"page\">\n\t\t\t\t<div class=\"elementor-element elementor-element-020c404 e-con-full e-flex e-con e-parent\" data-id=\"020c404\" data-element_type=\"container\" data-e-type=\"container\" data-settings=\"{&quot;background_background&quot;:&quot;classic&quot;}\">\n\t\t\t\t<\/div>\n\t\t<div class=\"elementor-element elementor-element-b4ef6e1 e-con-full e-flex e-con e-parent\" data-id=\"b4ef6e1\" data-element_type=\"container\" data-e-type=\"container\">\n\t\t<div class=\"elementor-element elementor-element-63514cb e-flex e-con-boxed e-con e-child\" data-id=\"63514cb\" data-element_type=\"container\" data-e-type=\"container\">\n\t\t\t\t\t<div class=\"e-con-inner\">\n\t\t<div class=\"elementor-element elementor-element-3ad46ee e-con-full e-flex e-con e-child\" data-id=\"3ad46ee\" data-element_type=\"container\" data-e-type=\"container\" data-settings=\"{&quot;background_background&quot;:&quot;classic&quot;}\">\n\t\t<div class=\"elementor-element elementor-element-cf325d3 e-con-full e-flex e-con e-child\" data-id=\"cf325d3\" data-element_type=\"container\" data-e-type=\"container\">\n\t\t\t\t<div class=\"elementor-element elementor-element-671572e elementor-widget elementor-widget-heading\" data-id=\"671572e\" data-element_type=\"widget\" data-e-type=\"widget\" data-widget_type=\"heading.default\">\n\t\t\t\t\t<h2 class=\"elementor-heading-title elementor-size-default\">Regular Courses<\/h2>\t\t\t\t<\/div>\n\t\t\t\t<div class=\"elementor-element elementor-element-53f6242 elementor-widget elementor-widget-heading\" data-id=\"53f6242\" data-element_type=\"widget\" data-e-type=\"widget\" data-widget_type=\"heading.default\">\n\t\t\t\t\t<h2 class=\"elementor-heading-title elementor-size-default\">Program of proficiency in English: nature and rationale of the program\n\n<\/h2>\t\t\t\t<\/div>\n\t\t\t\t<\/div>\n\t\t<div class=\"elementor-element elementor-element-9f6dcab e-con-full e-flex e-con e-child\" data-id=\"9f6dcab\" data-element_type=\"container\" data-e-type=\"container\">\n\t\t\t\t<\/div>\n\t\t\t\t<\/div>\n\t\t\t\t\t<\/div>\n\t\t\t\t<\/div>\n\t\t\t\t<\/div>\n\t\t<div class=\"elementor-element elementor-element-cfbad1a e-con-full e-flex e-con e-parent\" data-id=\"cfbad1a\" data-element_type=\"container\" data-e-type=\"container\">\n\t\t<div class=\"elementor-element elementor-element-46444f9 e-flex e-con-boxed e-con e-child\" data-id=\"46444f9\" data-element_type=\"container\" data-e-type=\"container\">\n\t\t\t\t\t<div class=\"e-con-inner\">\n\t\t<div class=\"elementor-element elementor-element-6098ff0 e-con-full e-flex e-con e-child\" data-id=\"6098ff0\" data-element_type=\"container\" data-e-type=\"container\">\n\t\t\t\t<div class=\"elementor-element elementor-element-8efb416 elementor-widget elementor-widget-text-editor\" data-id=\"8efb416\" data-element_type=\"widget\" data-e-type=\"widget\" data-widget_type=\"text-editor.default\">\n\t\t\t\t\t\t\t\t\t<p data-userway-s19-styled=\"true\" data-text-align-feature-value=\"1\">The program of proficiency in English is supported from foundations, disciplinary and technological.\u00a0<\/p><p data-userway-s19-styled=\"true\" data-text-align-feature-value=\"1\">The recognition and appropriation of approaches, methods and techniques that underlie the learning of the language constitute a starting point for strengthening the teaching model of English within Uniagraria. The holistic approach is consolidated as the theoretical underpinning of the program offered; this approach bet for the entirety of the learning of English from two perspectives, the first of which is communicative, which focuses its efforts on the formation of linguistic, grammatical, discourse, and sociolinguistics; while the second focuses on the cultural perspective. Additional to this, theories interested in multiculturalism, interdisciplinarity, and the use of new technologies, provide the key elements for understanding the processes of teaching and learning of foreign languages.<\/p><p data-userway-s19-styled=\"true\" data-text-align-feature-value=\"1\">Additional to this approach, theories are interested in the interdisciplinary approach and use of new technologies, provide the key elements for understanding the processes of teaching and learning of foreign languages.<\/p>\t\t\t\t\t\t\t\t<\/div>\n\t\t\t\t<\/div>\n\t\t\t\t\t<\/div>\n\t\t\t\t<\/div>\n\t\t<div class=\"elementor-element elementor-element-4e0858c e-flex e-con-boxed e-con e-child\" data-id=\"4e0858c\" data-element_type=\"container\" data-e-type=\"container\" data-settings=\"{&quot;background_background&quot;:&quot;classic&quot;}\">\n\t\t\t\t\t<div class=\"e-con-inner\">\n\t\t<div class=\"elementor-element elementor-element-546b67d e-con-full e-flex e-con e-child\" data-id=\"546b67d\" data-element_type=\"container\" data-e-type=\"container\">\n\t\t\t\t<div class=\"elementor-element elementor-element-dfff9f8 elementor-widget elementor-widget-heading\" data-id=\"dfff9f8\" data-element_type=\"widget\" data-e-type=\"widget\" data-widget_type=\"heading.default\">\n\t\t\t\t\t<h5 class=\"elementor-heading-title elementor-size-default\">Evaluation<\/h5>\t\t\t\t<\/div>\n\t\t\t\t<div class=\"elementor-element elementor-element-0643cd1 elementor-widget elementor-widget-text-editor\" data-id=\"0643cd1\" data-element_type=\"widget\" data-e-type=\"widget\" data-widget_type=\"text-editor.default\">\n\t\t\t\t\t\t\t\t\t<div id=\"yrm-EzB4A\" class=\"yrm-content yrm-content-1 yrm-content-hidden\" data-id=\"1\" data-show-status=\"true\" data-after-action=\"\" data-userway-s19-styled=\"true\" data-text-align-feature-value=\"1\">\n<div id=\"yrm-inner-content-yrm-EzB4A\" class=\"yrm-inner-content-wrapper yrm-cntent-1\" data-userway-s19-styled=\"true\" data-text-align-feature-value=\"1\">The processes of assessment gives an account of the four skills mentioned previously, although not fails to acknowledge that in certain levels stand out more than the others. The Institute of Languages in accordance with the policies of evaluation established by the UNIAGRARIA has the following approach to evaluate and qualify: every cut of 40% and 60%, respectively, includes an oral examination and writing that addresses the topics seen in class; and another percentage for quizzes, class work and home work. This reflects the fact that it takes into account not only the record of the products and processes, but the progress that each student in your individuality performed in the process of learning English. Prior to the fingering of notes in each court, informs the students about the process and possible strategies to improve.\n\n<\/p>\t\t\t\t\t\t\t\t<\/div>\n\t\t\t\t<\/div>\n\t\t\t\t\t<\/div>\n\t\t\t\t<\/div>\n\t\t<div class=\"elementor-element elementor-element-53cbd9b e-flex e-con-boxed e-con e-child\" data-id=\"53cbd9b\" data-element_type=\"container\" data-e-type=\"container\" data-settings=\"{&quot;background_background&quot;:&quot;classic&quot;}\">\n\t\t\t\t\t<div class=\"e-con-inner\">\n\t\t<div class=\"elementor-element elementor-element-9b85639 e-con-full e-flex e-con e-child\" data-id=\"9b85639\" data-element_type=\"container\" data-e-type=\"container\">\n\t\t\t\t<div class=\"elementor-element elementor-element-dc0e9d0 elementor-widget elementor-widget-heading\" data-id=\"dc0e9d0\" data-element_type=\"widget\" data-e-type=\"widget\" data-widget_type=\"heading.default\">\n\t\t\t\t\t<h5 class=\"elementor-heading-title elementor-size-default\">Tutorials<\/h5>\t\t\t\t<\/div>\n\t\t\t\t<div class=\"elementor-element elementor-element-92d2d5a elementor-widget elementor-widget-text-editor\" data-id=\"92d2d5a\" data-element_type=\"widget\" data-e-type=\"widget\" data-widget_type=\"text-editor.default\">\n\t\t\t\t\t\t\t\t\t<p data-userway-s19-styled=\"true\" data-text-align-feature-value=\"1\"><strong data-userway-s19-styled=\"true\" data-text-align-feature-value=\"1\">We inform you that the Institute of Languages<\/strong>\u00a0features a virtual classroom exclusively for tutoring where you can find various resource in accordance with the theme of each level. Through this link you can consult by clicking LANGUAGES:\u00a0<span style=\"color: #000000;\"><strong data-userway-s19-styled=\"true\" data-text-align-feature-value=\"1\"><a style=\"color: #000000;\" href=\"https:\/\/virtual.uniagraria.edu.co\/course\/view.php?id=3305\" target=\"_blank\" rel=\"noreferrer noopener\" aria-label=\"We inform you that the Institute of Languages has a virtual classroom exclusively for tutoring where you can find various resource in accordance with the theme of each level. Through this link you can consult by clicking LANGUAGES: Link (opens in a new tab)\" data-userway-s19-styled=\"true\" data-text-align-feature-value=\"1\">Link<\/a><\/strong><\/span><\/p><p data-userway-s19-styled=\"true\" data-text-align-feature-value=\"1\">If you still want to receive as a tutorial you can check the schedule here:\u00a0<span style=\"color: #000000;\"><a style=\"color: #000000;\" href=\"https:\/\/virtual.uniagraria.edu.co\/mod\/folder\/view.php?id=60128\" target=\"_blank\" rel=\"noreferrer noopener\" aria-label=\"Si a\u00fan quieres recibir una tutor\u00eda podr\u00e1s consultar los horarios aqu\u00ed:\u00a0https:\/\/virtual.uniagraria.edu.co\/mod\/folder\/view.php?id=60128 (abre en una nueva pesta\u00f1a)\" data-userway-s19-styled=\"true\" data-text-align-feature-value=\"1\"><strong data-userway-s19-styled=\"true\" data-text-align-feature-value=\"1\">Link<\/strong><\/a><\/span><\/p><p data-userway-s19-styled=\"true\" data-text-align-feature-value=\"1\">To register, you must fill out the form on the day before the date on which you are going to take the tutorial in this link:\u00a0<span style=\"color: #000000;\"><strong data-userway-s19-styled=\"true\" data-text-align-feature-value=\"1\"><a style=\"color: #000000;\" href=\"https:\/\/forms.office.com\/Pages\/ResponsePage.aspx?id=FBmPMytfHkyU4bKTR8ezH5rqSo_YfU5Cnq8eKzn8rzZUMDk0Q0ozNDQyVzRVSVVCM1VEUko3VEE1OC4u\" target=\"_blank\" rel=\"noreferrer noopener\" aria-label=\"To register, you must fill out the form on the day before the date on which you are going to take the tutorial in this link: link (opens in a new tab)\" data-userway-s19-styled=\"true\" data-text-align-feature-value=\"1\">Link<\/a><\/strong><\/span><\/p><p data-userway-s19-styled=\"true\" data-text-align-feature-value=\"1\">The day and time requested must be attentive (to) for the attention for Microsoft Teams, you can do so at the following link:\u00a0<span style=\"color: #000000;\"><a style=\"color: #000000;\" href=\"https:\/\/teams.microsoft.com\/l\/team\/19%3a06a84faed14e4f69b5f2b2ebf04b4d93%40thread.tacv2\/conversations?groupId=69e7e971-5dd2-4af6-8f52-6094b99592cd&amp;tenantId=338f1914-5f2b-4c1e-94e1-b29347c7b31f\" target=\"_blank\" rel=\"noreferrer noopener\" aria-label=\"El d\u00eda y hora solicitado debeestar atento (a) para la atenci\u00f3n por Microsoft Teams, lo puede hacer en elsiguiente enlace: https:\/\/teams.microsoft.com\/l\/team\/19%3a06a84faed14e4f69b5f2b2ebf04b4d93%40thread.tacv2\/conversations?groupId=69e7e971-5dd2-4af6-8f52-6094b99592cd&amp;tenantId=338f1914-5f2b-4c1e-94e1-b29347c7b31f (abre en una nueva pesta\u00f1a)\" data-userway-s19-styled=\"true\" data-text-align-feature-value=\"1\"><strong data-userway-s19-styled=\"true\" data-text-align-feature-value=\"1\">Link<\/strong><\/a><\/span><\/p><p data-userway-s19-styled=\"true\" data-text-align-feature-value=\"1\">Or by using the following Code team:\u00a0<strong data-userway-s19-styled=\"true\" data-text-align-feature-value=\"1\">xwu075q<\/strong><\/p><p data-userway-s19-styled=\"true\" data-text-align-feature-value=\"1\">Finally, at the end of the tutorial, you must qualify the teacher that I accompany you in the tutorial in the following link:\u00a0<span style=\"color: #000000;\" data-userway-s19-styled=\"true\" data-text-align-feature-value=\"1\"><a style=\"color: #000000;\" href=\"https:\/\/forms.office.com\/Pages\/ResponsePage.aspx?id=FBmPMytfHkyU4bKTR8ezH5rqSo_YfU5Cnq8eKzn8rzZUODlWSVdXSUpBWkhWTjk4UkRXS1NYOVJESy4u\" target=\"_blank\" rel=\"noreferrer noopener\" aria-label=\"Por \u00faltimo,al finalizar la tutor\u00eda debes calificar al docente que te acompa\u00f1o en latutor\u00eda en el siguiente enlace: https:\/\/forms.office.com\/Pages\/ResponsePage.aspx?id=FBmPMytfHkyU4bKTR8ezH5rqSo_YfU5Cnq8eKzn8rzZUODlWSVdXSUpBWkhWTjk4UkRXS1NYOVJESy4u (abre en una nueva pesta\u00f1a)\" data-userway-s19-styled=\"true\" data-text-align-feature-value=\"1\"><strong data-userway-s19-styled=\"true\" data-text-align-feature-value=\"1\">Link<\/strong><\/a><\/span><\/p>\t\t\t\t\t\t\t\t<\/div>\n\t\t\t\t<\/div>\n\t\t\t\t\t<\/div>\n\t\t\t\t<\/div>\n\t\t\t\t<\/div>\n\t\t<div class=\"elementor-element elementor-element-e32d998 e-con-full e-flex e-con e-parent\" data-id=\"e32d998\" data-element_type=\"container\" data-e-type=\"container\" data-settings=\"{&quot;background_background&quot;:&quot;classic&quot;}\">\n\t\t<div class=\"elementor-element elementor-element-3676142 e-flex e-con-boxed e-con e-child\" data-id=\"3676142\" data-element_type=\"container\" data-e-type=\"container\">\n\t\t\t\t\t<div class=\"e-con-inner\">\n\t\t\t\t<div class=\"elementor-element elementor-element-62c10a5e elementor-widget elementor-widget-button\" data-id=\"62c10a5e\" data-element_type=\"widget\" data-e-type=\"widget\" data-widget_type=\"button.default\">\n\t\t\t\t\t\t\t\t\t\t<a class=\"elementor-button elementor-button-link elementor-size-sm elementor-animation-grow\" href=\"https:\/\/uniagraria.edu.co\/instituto-de-idiomas\/\">\n\t\t\t\t\t\t<span class=\"elementor-button-content-wrapper\">\n\t\t\t\t\t\t<span class=\"elementor-button-icon\">\n\t\t\t\t<svg aria-hidden=\"true\" class=\"e-font-icon-svg e-fas-backspace\" viewbox=\"0 0 640 512\" xmlns=\"http:\/\/www.w3.org\/2000\/svg\"><path d=\"M576 64H205.26A63.97 63.97 0 0 0 160 82.75L9.37 233.37c-12.5 12.5-12.5 32.76 0 45.25L160 429.25c12 12 28.28 18.75 45.25 18.75H576c35.35 0 64-28.65 64-64V128c0-35.35-28.65-64-64-64zm-84.69 254.06c6.25 6.25 6.25 16.38 0 22.63l-22.62 22.62c-6.25 6.25-16.38 6.25-22.63 0L384 301.25l-62.06 62.06c-6.25 6.25-16.38 6.25-22.63 0l-22.62-22.62c-6.25-6.25-6.25-16.38 0-22.63L338.75 256l-62.06-62.06c-6.25-6.25-6.25-16.38 0-22.63l22.62-22.62c6.25-6.25 16.38-6.25 22.63 0L384 210.75l62.06-62.06c6.25-6.25 16.38-6.25 22.63 0l22.62 22.62c6.25 6.25 6.25 16.38 0 22.63L429.25 256l62.06 62.06z\"><\/path><\/svg>\t\t\t<\/span>\n\t\t\t\t\t\t\t\t\t<span class=\"elementor-button-text\">Go back to the Institute of Languages<\/span>\n\t\t\t\t\t<\/span>\n\t\t\t\t\t<\/a>\n\t\t\t\t\t\t\t\t<\/div>\n\t\t\t\t\t<\/div>\n\t\t\t\t<\/div>\n\t\t\t\t<\/div>\n\t\t\t\t<\/div>","protected":false},"excerpt":{"rendered":"<p>Cursos Regulares Programa de proficiencia en ingl\u00e9s: naturaleza y fundamentos del programa El programa de proficiencia en ingl\u00e9s se sustenta a partir de fundamentos disciplinares y tecnol\u00f3gicos.\u00a0 El reconocimiento y apropiaci\u00f3n de enfoques, m\u00e9todos y t\u00e9cnicas que fundamentan el aprendizaje de la lengua constituyen un punto de partida para consolidar el modelo de ense\u00f1anza de [&hellip;]<\/p>\n","protected":false},"author":1,"featured_media":0,"parent":0,"menu_order":0,"comment_status":"closed","ping_status":"closed","template":"","meta":{"_acf_changed":false,"site-sidebar-layout":"no-sidebar","site-content-layout":"","ast-site-content-layout":"full-width-container","site-content-style":"default","site-sidebar-style":"default","ast-global-header-display":"","ast-banner-title-visibility":"","ast-main-header-display":"","ast-hfb-above-header-display":"","ast-hfb-below-header-display":"","ast-hfb-mobile-header-display":"","site-post-title":"disabled","ast-breadcrumbs-content":"","ast-featured-img":"disabled","footer-sml-layout":"","ast-disable-related-posts":"","theme-transparent-header-meta":"default","adv-header-id-meta":"","stick-header-meta":"default","header-above-stick-meta":"","header-main-stick-meta":"","header-below-stick-meta":"","astra-migrate-meta-layouts":"set","ast-page-background-enabled":"default","ast-page-background-meta":{"desktop":{"background-color":"var(--ast-global-color-4)","background-image":"","background-repeat":"repeat","background-position":"center center","background-size":"auto","background-attachment":"scroll","background-type":"","background-media":"","overlay-type":"","overlay-color":"","overlay-opacity":"","overlay-gradient":""},"tablet":{"background-color":"","background-image":"","background-repeat":"repeat","background-position":"center center","background-size":"auto","background-attachment":"scroll","background-type":"","background-media":"","overlay-type":"","overlay-color":"","overlay-opacity":"","overlay-gradient":""},"mobile":{"background-color":"","background-image":"","background-repeat":"repeat","background-position":"center center","background-size":"auto","background-attachment":"scroll","background-type":"","background-media":"","overlay-type":"","overlay-color":"","overlay-opacity":"","overlay-gradient":""}},"ast-content-background-meta":{"desktop":{"background-color":"var(--ast-global-color-5)","background-image":"","background-repeat":"repeat","background-position":"center center","background-size":"auto","background-attachment":"scroll","background-type":"","background-media":"","overlay-type":"","overlay-color":"","overlay-opacity":"","overlay-gradient":""},"tablet":{"background-color":"var(--ast-global-color-5)","background-image":"","background-repeat":"repeat","background-position":"center center","background-size":"auto","background-attachment":"scroll","background-type":"","background-media":"","overlay-type":"","overlay-color":"","overlay-opacity":"","overlay-gradient":""},"mobile":{"background-color":"var(--ast-global-color-5)","background-image":"","background-repeat":"repeat","background-position":"center center","background-size":"auto","background-attachment":"scroll","background-type":"","background-media":"","overlay-type":"","overlay-color":"","overlay-opacity":"","overlay-gradient":""}},"footnotes":""},"class_list":["post-61083","page","type-page","status-publish","hentry"],"acf":[],"yoast_head":"<!-- This site is optimized with the Yoast SEO plugin v27.5 - https:\/\/yoast.com\/product\/yoast-seo-wordpress\/ -->\n<title>Cursos Regulares - UNIAGRARIA<\/title>\n<meta name=\"robots\" content=\"index, follow, max-snippet:-1, max-image-preview:large, max-video-preview:-1\" \/>\n<link rel=\"canonical\" href=\"https:\/\/uniagraria.edu.co\/en\/cursos-regulares\/\" \/>\n<meta property=\"og:locale\" content=\"en_US\" \/>\n<meta property=\"og:type\" content=\"article\" \/>\n<meta property=\"og:title\" content=\"Cursos Regulares - UNIAGRARIA\" \/>\n<meta property=\"og:description\" content=\"Cursos Regulares Programa de proficiencia en ingl\u00e9s: naturaleza y fundamentos del programa El programa de proficiencia en ingl\u00e9s se sustenta a partir de fundamentos disciplinares y tecnol\u00f3gicos.\u00a0 El reconocimiento y apropiaci\u00f3n de enfoques, m\u00e9todos y t\u00e9cnicas que fundamentan el aprendizaje de la lengua constituyen un punto de partida para consolidar el modelo de ense\u00f1anza de [&hellip;]\" \/>\n<meta property=\"og:url\" content=\"https:\/\/uniagraria.edu.co\/en\/cursos-regulares\/\" \/>\n<meta property=\"og:site_name\" content=\"UNIAGRARIA\" \/>\n<meta property=\"article:publisher\" content=\"https:\/\/www.facebook.com\/uagraria\/?locale=es_LA\" \/>\n<meta property=\"article:modified_time\" content=\"2025-03-19T03:44:37+00:00\" \/>\n<meta name=\"twitter:card\" content=\"summary_large_image\" \/>\n<meta name=\"twitter:site\" content=\"@UNIAGRARIA\" \/>\n<meta name=\"twitter:label1\" content=\"Est. reading time\" \/>\n\t<meta name=\"twitter:data1\" content=\"2 minutes\" \/>\n<script type=\"application\/ld+json\" class=\"yoast-schema-graph\">{\"@context\":\"https:\\\/\\\/schema.org\",\"@graph\":[{\"@type\":\"WebPage\",\"@id\":\"https:\\\/\\\/uniagraria.edu.co\\\/es\\\/cursos-regulares\\\/\",\"url\":\"https:\\\/\\\/uniagraria.edu.co\\\/es\\\/cursos-regulares\\\/\",\"name\":\"Cursos Regulares - UNIAGRARIA\",\"isPartOf\":{\"@id\":\"https:\\\/\\\/uniagraria.edu.co\\\/es\\\/#website\"},\"datePublished\":\"2025-03-19T02:01:08+00:00\",\"dateModified\":\"2025-03-19T03:44:37+00:00\",\"breadcrumb\":{\"@id\":\"https:\\\/\\\/uniagraria.edu.co\\\/es\\\/cursos-regulares\\\/#breadcrumb\"},\"inLanguage\":\"en-US\",\"potentialAction\":[{\"@type\":\"ReadAction\",\"target\":[\"https:\\\/\\\/uniagraria.edu.co\\\/es\\\/cursos-regulares\\\/\"]}]},{\"@type\":\"BreadcrumbList\",\"@id\":\"https:\\\/\\\/uniagraria.edu.co\\\/es\\\/cursos-regulares\\\/#breadcrumb\",\"itemListElement\":[{\"@type\":\"ListItem\",\"position\":1,\"name\":\"Inicio\",\"item\":\"https:\\\/\\\/uniagraria.edu.co\\\/\"},{\"@type\":\"ListItem\",\"position\":2,\"name\":\"Cursos Regulares\"}]},{\"@type\":\"WebSite\",\"@id\":\"https:\\\/\\\/uniagraria.edu.co\\\/es\\\/#website\",\"url\":\"https:\\\/\\\/uniagraria.edu.co\\\/es\\\/\",\"name\":\"UNIAGRARIA\",\"description\":\"FUNDACION UNIVERSITARIA AGRARIA DE COLOMBIA\",\"publisher\":{\"@id\":\"https:\\\/\\\/uniagraria.edu.co\\\/es\\\/#organization\"},\"potentialAction\":[{\"@type\":\"SearchAction\",\"target\":{\"@type\":\"EntryPoint\",\"urlTemplate\":\"https:\\\/\\\/uniagraria.edu.co\\\/es\\\/?s={search_term_string}\"},\"query-input\":{\"@type\":\"PropertyValueSpecification\",\"valueRequired\":true,\"valueName\":\"search_term_string\"}}],\"inLanguage\":\"en-US\"},{\"@type\":\"Organization\",\"@id\":\"https:\\\/\\\/uniagraria.edu.co\\\/es\\\/#organization\",\"name\":\"UNIAGRARIA\",\"url\":\"https:\\\/\\\/uniagraria.edu.co\\\/es\\\/\",\"logo\":{\"@type\":\"ImageObject\",\"inLanguage\":\"en-US\",\"@id\":\"https:\\\/\\\/uniagraria.edu.co\\\/es\\\/#\\\/schema\\\/logo\\\/image\\\/\",\"url\":\"https:\\\/\\\/novawebmaster.com\\\/uniagraria\\\/wp-content\\\/uploads\\\/2025\\\/02\\\/LogoUa2023Vertical.png\",\"contentUrl\":\"https:\\\/\\\/novawebmaster.com\\\/uniagraria\\\/wp-content\\\/uploads\\\/2025\\\/02\\\/LogoUa2023Vertical.png\",\"width\":3300,\"height\":2550,\"caption\":\"UNIAGRARIA\"},\"image\":{\"@id\":\"https:\\\/\\\/uniagraria.edu.co\\\/es\\\/#\\\/schema\\\/logo\\\/image\\\/\"},\"sameAs\":[\"https:\\\/\\\/www.facebook.com\\\/uagraria\\\/?locale=es_LA\",\"https:\\\/\\\/x.com\\\/UNIAGRARIA\",\"https:\\\/\\\/www.instagram.com\\\/uniagraria\\\/profilecard\\\/?igsh=MXI2bTFlMWsxNzNjOA\",\"https:\\\/\\\/www.tiktok.com\\\/discover\\\/uniagraria?lang=es\",\"https:\\\/\\\/www.linkedin.com\\\/school\\\/uniagraria\\\/?originalSubdomain=co\",\"https:\\\/\\\/www.youtube.com\\\/user\\\/UniagrariaUverde?themeRefresh=1\",\"https:\\\/\\\/api.whatsapp.com\\\/send?phone=3134230649\"]}]}<\/script>\n<!-- \/ Yoast SEO plugin. -->","yoast_head_json":{"title":"Regular courses - UNIAGRARIA","robots":{"index":"index","follow":"follow","max-snippet":"max-snippet:-1","max-image-preview":"max-image-preview:large","max-video-preview":"max-video-preview:-1"},"canonical":"https:\/\/uniagraria.edu.co\/en\/cursos-regulares\/","og_locale":"en_US","og_type":"article","og_title":"Cursos Regulares - UNIAGRARIA","og_description":"Cursos Regulares Programa de proficiencia en ingl\u00e9s: naturaleza y fundamentos del programa El programa de proficiencia en ingl\u00e9s se sustenta a partir de fundamentos disciplinares y tecnol\u00f3gicos.\u00a0 El reconocimiento y apropiaci\u00f3n de enfoques, m\u00e9todos y t\u00e9cnicas que fundamentan el aprendizaje de la lengua constituyen un punto de partida para consolidar el modelo de ense\u00f1anza de [&hellip;]","og_url":"https:\/\/uniagraria.edu.co\/en\/cursos-regulares\/","og_site_name":"UNIAGRARIA","article_publisher":"https:\/\/www.facebook.com\/uagraria\/?locale=es_LA","article_modified_time":"2025-03-19T03:44:37+00:00","twitter_card":"summary_large_image","twitter_site":"@UNIAGRARIA","twitter_misc":{"Est. reading time":"2 minutes"},"schema":{"@context":"https:\/\/schema.org","@graph":[{"@type":"WebPage","@id":"https:\/\/uniagraria.edu.co\/es\/cursos-regulares\/","url":"https:\/\/uniagraria.edu.co\/es\/cursos-regulares\/","name":"Regular courses - UNIAGRARIA","isPartOf":{"@id":"https:\/\/uniagraria.edu.co\/es\/#website"},"datePublished":"2025-03-19T02:01:08+00:00","dateModified":"2025-03-19T03:44:37+00:00","breadcrumb":{"@id":"https:\/\/uniagraria.edu.co\/es\/cursos-regulares\/#breadcrumb"},"inLanguage":"en-US","potentialAction":[{"@type":"ReadAction","target":["https:\/\/uniagraria.edu.co\/es\/cursos-regulares\/"]}]},{"@type":"BreadcrumbList","@id":"https:\/\/uniagraria.edu.co\/es\/cursos-regulares\/#breadcrumb","itemListElement":[{"@type":"ListItem","position":1,"name":"Inicio","item":"https:\/\/uniagraria.edu.co\/"},{"@type":"ListItem","position":2,"name":"Cursos Regulares"}]},{"@type":"WebSite","@id":"https:\/\/uniagraria.edu.co\/es\/#website","url":"https:\/\/uniagraria.edu.co\/es\/","name":"Experience the experience and discover the education of","description":"FUNDACION UNIVERSITARIA AGRARIA DE COLOMBIA","publisher":{"@id":"https:\/\/uniagraria.edu.co\/es\/#organization"},"potentialAction":[{"@type":"SearchAction","target":{"@type":"EntryPoint","urlTemplate":"https:\/\/uniagraria.edu.co\/es\/?s={search_term_string}"},"query-input":{"@type":"PropertyValueSpecification","valueRequired":true,"valueName":"search_term_string"}}],"inLanguage":"en-US"},{"@type":"Organization","@id":"https:\/\/uniagraria.edu.co\/es\/#organization","name":"Experience the experience and discover the education of","url":"https:\/\/uniagraria.edu.co\/es\/","logo":{"@type":"ImageObject","inLanguage":"en-US","@id":"https:\/\/uniagraria.edu.co\/es\/#\/schema\/logo\/image\/","url":"https:\/\/novawebmaster.com\/uniagraria\/wp-content\/uploads\/2025\/02\/LogoUa2023Vertical.png","contentUrl":"https:\/\/novawebmaster.com\/uniagraria\/wp-content\/uploads\/2025\/02\/LogoUa2023Vertical.png","width":3300,"height":2550,"caption":"UNIAGRARIA"},"image":{"@id":"https:\/\/uniagraria.edu.co\/es\/#\/schema\/logo\/image\/"},"sameAs":["https:\/\/www.facebook.com\/uagraria\/?locale=es_LA","https:\/\/x.com\/UNIAGRARIA","https:\/\/www.instagram.com\/uniagraria\/profilecard\/?igsh=MXI2bTFlMWsxNzNjOA","https:\/\/www.tiktok.com\/discover\/uniagraria?lang=es","https:\/\/www.linkedin.com\/school\/uniagraria\/?originalSubdomain=co","https:\/\/www.youtube.com\/user\/UniagrariaUverde?themeRefresh=1","https:\/\/api.whatsapp.com\/send?phone=3134230649"]}]}},"_links":{"self":[{"href":"https:\/\/uniagraria.edu.co\/en\/wp-json\/wp\/v2\/pages\/61083","targetHints":{"allow":["GET"]}}],"collection":[{"href":"https:\/\/uniagraria.edu.co\/en\/wp-json\/wp\/v2\/pages"}],"about":[{"href":"https:\/\/uniagraria.edu.co\/en\/wp-json\/wp\/v2\/types\/page"}],"author":[{"embeddable":true,"href":"https:\/\/uniagraria.edu.co\/en\/wp-json\/wp\/v2\/users\/1"}],"replies":[{"embeddable":true,"href":"https:\/\/uniagraria.edu.co\/en\/wp-json\/wp\/v2\/comments?post=61083"}],"version-history":[{"count":0,"href":"https:\/\/uniagraria.edu.co\/en\/wp-json\/wp\/v2\/pages\/61083\/revisions"}],"wp:attachment":[{"href":"https:\/\/uniagraria.edu.co\/en\/wp-json\/wp\/v2\/media?parent=61083"}],"curies":[{"name":"wp","href":"https:\/\/api.w.org\/{rel}","templated":true}]}}