{"id":61568,"date":"2025-03-27T09:34:26","date_gmt":"2025-03-27T14:34:26","guid":{"rendered":"https:\/\/novawebmaster.com\/uniagraria\/?page_id=61568"},"modified":"2025-08-08T10:02:06","modified_gmt":"2025-08-08T15:02:06","slug":"publicaciones","status":"publish","type":"page","link":"https:\/\/uniagraria.edu.co\/en\/publicaciones\/","title":{"rendered":"Publications"},"content":{"rendered":"<div data-elementor-type=\"wp-page\" data-elementor-id=\"61568\" class=\"elementor elementor-61568\" data-elementor-post-type=\"page\">\n\t\t\t\t<div class=\"elementor-element elementor-element-196568a e-con-full e-flex e-con e-parent\" data-id=\"196568a\" data-element_type=\"container\" data-e-type=\"container\" data-settings=\"{&quot;background_background&quot;:&quot;classic&quot;}\">\n\t\t<div class=\"elementor-element elementor-element-8764e55 e-flex e-con-boxed e-con e-child\" data-id=\"8764e55\" data-element_type=\"container\" data-e-type=\"container\">\n\t\t\t\t\t<div class=\"e-con-inner\">\n\t\t<div class=\"elementor-element elementor-element-f96ad14 e-con-full e-flex e-con e-child\" data-id=\"f96ad14\" data-element_type=\"container\" data-e-type=\"container\">\n\t\t\t\t<\/div>\n\t\t<div class=\"elementor-element elementor-element-1bc1b7d e-con-full e-flex e-con e-child\" data-id=\"1bc1b7d\" data-element_type=\"container\" data-e-type=\"container\">\n\t\t\t\t<div class=\"elementor-element elementor-element-92f96e9 elementor-widget elementor-widget-heading\" data-id=\"92f96e9\" data-element_type=\"widget\" data-e-type=\"widget\" data-widget_type=\"heading.default\">\n\t\t\t\t<div class=\"elementor-widget-container\">\n\t\t\t\t\t<h2 class=\"elementor-heading-title elementor-size-default\">Publications<\/h2>\t\t\t\t<\/div>\n\t\t\t\t<\/div>\n\t\t\t\t<\/div>\n\t\t\t\t\t<\/div>\n\t\t\t\t<\/div>\n\t\t\t\t<\/div>\n\t\t<div class=\"elementor-element elementor-element-5e9d4a79 e-con-full e-flex e-con e-parent\" data-id=\"5e9d4a79\" data-element_type=\"container\" data-e-type=\"container\" data-settings=\"{&quot;background_background&quot;:&quot;classic&quot;}\">\n\t\t<div class=\"elementor-element elementor-element-62992e6 e-flex e-con-boxed e-con e-child\" data-id=\"62992e6\" data-element_type=\"container\" data-e-type=\"container\">\n\t\t\t\t\t<div class=\"e-con-inner\">\n\t\t<div class=\"elementor-element elementor-element-23cd0acb e-con-full e-flex e-con e-child\" data-id=\"23cd0acb\" data-element_type=\"container\" data-e-type=\"container\">\n\t\t\t\t<div class=\"elementor-element elementor-element-54dbc6ab elementor-widget elementor-widget-heading\" data-id=\"54dbc6ab\" data-element_type=\"widget\" data-e-type=\"widget\" data-widget_type=\"heading.default\">\n\t\t\t\t<div class=\"elementor-widget-container\">\n\t\t\t\t\t<h2 class=\"elementor-heading-title elementor-size-default\">Extension publications<\/h2>\t\t\t\t<\/div>\n\t\t\t\t<\/div>\n\t\t\t\t<\/div>\n\t\t\t\t\t<\/div>\n\t\t\t\t<\/div>\n\t\t<div class=\"elementor-element elementor-element-d2b33f5 e-flex e-con-boxed e-con e-child\" data-id=\"d2b33f5\" data-element_type=\"container\" data-e-type=\"container\">\n\t\t\t\t\t<div class=\"e-con-inner\">\n\t\t<div class=\"elementor-element elementor-element-46d065b e-con-full e-flex e-con e-child\" data-id=\"46d065b\" data-element_type=\"container\" data-e-type=\"container\" data-settings=\"{&quot;background_background&quot;:&quot;classic&quot;}\">\n\t\t<div class=\"elementor-element elementor-element-cf24003 e-con-full e-flex e-con e-child\" data-id=\"cf24003\" data-element_type=\"container\" data-e-type=\"container\">\n\t\t<div class=\"elementor-element elementor-element-0706285 e-con-full e-flex e-con e-child\" data-id=\"0706285\" data-element_type=\"container\" data-e-type=\"container\">\n\t\t<div class=\"elementor-element elementor-element-043137a e-con-full e-flex e-con e-child\" data-id=\"043137a\" data-element_type=\"container\" data-e-type=\"container\">\n\t\t\t\t<div class=\"elementor-element elementor-element-152ff0b elementor-position-top elementor-widget elementor-widget-image-box\" data-id=\"152ff0b\" data-element_type=\"widget\" data-e-type=\"widget\" data-widget_type=\"image-box.default\">\n\t\t\t\t<div class=\"elementor-widget-container\">\n\t\t\t\t\t<div class=\"elementor-image-box-wrapper\"><figure class=\"elementor-image-box-img\"><a href=\"https:\/\/uniagraria.edu.co\/extension-uniagrarista\/\" target=\"_blank\" tabindex=\"-1\"><img fetchpriority=\"high\" decoding=\"async\" width=\"768\" height=\"1026\" src=\"https:\/\/uniagraria.edu.co\/wp-content\/uploads\/2025\/03\/extension-uniagrarista-768x1026-1.jpg\" class=\"attachment-full size-full wp-image-61600\" alt=\"\" srcset=\"https:\/\/uniagraria.edu.co\/wp-content\/uploads\/2025\/03\/extension-uniagrarista-768x1026-1.jpg 768w, https:\/\/uniagraria.edu.co\/wp-content\/uploads\/2025\/03\/extension-uniagrarista-768x1026-1-225x300.jpg 225w, https:\/\/uniagraria.edu.co\/wp-content\/uploads\/2025\/03\/extension-uniagrarista-768x1026-1-767x1024.jpg 767w\" sizes=\"(max-width: 768px) 100vw, 768px\" \/><\/a><\/figure><div class=\"elementor-image-box-content\"><h5 class=\"elementor-image-box-title\"><a href=\"https:\/\/uniagraria.edu.co\/extension-uniagrarista\/\" target=\"_blank\">Extension uniagrarista<\/a><\/h5><\/div><\/div>\t\t\t\t<\/div>\n\t\t\t\t<\/div>\n\t\t\t\t<\/div>\n\t\t<div class=\"elementor-element elementor-element-4642cb8 e-con-full e-flex e-con e-child\" data-id=\"4642cb8\" data-element_type=\"container\" data-e-type=\"container\">\n\t\t\t\t<div class=\"elementor-element elementor-element-8495171 elementor-position-top elementor-widget elementor-widget-image-box\" data-id=\"8495171\" data-element_type=\"widget\" data-e-type=\"widget\" data-widget_type=\"image-box.default\">\n\t\t\t\t<div class=\"elementor-widget-container\">\n\t\t\t\t\t<div class=\"elementor-image-box-wrapper\"><figure class=\"elementor-image-box-img\"><a href=\"https:\/\/uniagraria.edu.co\/la-educacion-a-distancia-y-virtual-estrategia-de-impulso-al-desarrollo-rural-en-america-latina\/\" target=\"_blank\" tabindex=\"-1\"><img decoding=\"async\" width=\"768\" height=\"994\" src=\"https:\/\/uniagraria.edu.co\/wp-content\/uploads\/2025\/03\/la-educacion-a-distancia-y-virtual-estrategia-de-impulso-al-desarrollo-rural-en-america-latina-768x994-1.jpg\" class=\"attachment-full size-full wp-image-61601\" alt=\"\" srcset=\"https:\/\/uniagraria.edu.co\/wp-content\/uploads\/2025\/03\/la-educacion-a-distancia-y-virtual-estrategia-de-impulso-al-desarrollo-rural-en-america-latina-768x994-1.jpg 768w, https:\/\/uniagraria.edu.co\/wp-content\/uploads\/2025\/03\/la-educacion-a-distancia-y-virtual-estrategia-de-impulso-al-desarrollo-rural-en-america-latina-768x994-1-232x300.jpg 232w\" sizes=\"(max-width: 768px) 100vw, 768px\" \/><\/a><\/figure><div class=\"elementor-image-box-content\"><h5 class=\"elementor-image-box-title\"><a href=\"https:\/\/uniagraria.edu.co\/la-educacion-a-distancia-y-virtual-estrategia-de-impulso-al-desarrollo-rural-en-america-latina\/\" target=\"_blank\">Distance education and virtual, boost strategy for rural development in Latin America<\/a><\/h5><\/div><\/div>\t\t\t\t<\/div>\n\t\t\t\t<\/div>\n\t\t\t\t<\/div>\n\t\t<div class=\"elementor-element elementor-element-90bfb75 e-con-full e-flex e-con e-child\" data-id=\"90bfb75\" data-element_type=\"container\" data-e-type=\"container\">\n\t\t\t\t<div class=\"elementor-element elementor-element-d57af96 elementor-position-top elementor-widget elementor-widget-image-box\" data-id=\"d57af96\" data-element_type=\"widget\" data-e-type=\"widget\" data-widget_type=\"image-box.default\">\n\t\t\t\t<div class=\"elementor-widget-container\">\n\t\t\t\t\t<div class=\"elementor-image-box-wrapper\"><figure class=\"elementor-image-box-img\"><a href=\"https:\/\/uniagraria.edu.co\/ruralizarte\/\" target=\"_blank\" tabindex=\"-1\"><img decoding=\"async\" width=\"768\" height=\"994\" src=\"https:\/\/uniagraria.edu.co\/wp-content\/uploads\/2025\/03\/boletin-extension-1-768x994-1.jpg\" class=\"attachment-full size-full wp-image-61602\" alt=\"\" srcset=\"https:\/\/uniagraria.edu.co\/wp-content\/uploads\/2025\/03\/boletin-extension-1-768x994-1.jpg 768w, https:\/\/uniagraria.edu.co\/wp-content\/uploads\/2025\/03\/boletin-extension-1-768x994-1-232x300.jpg 232w\" sizes=\"(max-width: 768px) 100vw, 768px\" \/><\/a><\/figure><div class=\"elementor-image-box-content\"><h5 class=\"elementor-image-box-title\"><a href=\"https:\/\/uniagraria.edu.co\/ruralizarte\/\" target=\"_blank\">RuralizArte<\/a><\/h5><\/div><\/div>\t\t\t\t<\/div>\n\t\t\t\t<\/div>\n\t\t\t\t<\/div>\n\t\t<div class=\"elementor-element elementor-element-6f51114 e-con-full e-flex e-con e-child\" data-id=\"6f51114\" data-element_type=\"container\" data-e-type=\"container\">\n\t\t\t\t<div class=\"elementor-element elementor-element-68a2ccb elementor-position-top elementor-widget elementor-widget-image-box\" data-id=\"68a2ccb\" data-element_type=\"widget\" data-e-type=\"widget\" data-widget_type=\"image-box.default\">\n\t\t\t\t<div class=\"elementor-widget-container\">\n\t\t\t\t\t<div class=\"elementor-image-box-wrapper\"><figure class=\"elementor-image-box-img\"><a href=\"https:\/\/uniagraria.edu.co\/viota-al-dia\/\" target=\"_blank\" tabindex=\"-1\"><img loading=\"lazy\" decoding=\"async\" width=\"512\" height=\"512\" src=\"https:\/\/uniagraria.edu.co\/wp-content\/uploads\/2025\/02\/cropped-LogoUa2023Vertical.png\" class=\"attachment-full size-full wp-image-60833\" alt=\"\" srcset=\"https:\/\/uniagraria.edu.co\/wp-content\/uploads\/2025\/02\/cropped-LogoUa2023Vertical.png 512w, https:\/\/uniagraria.edu.co\/wp-content\/uploads\/2025\/02\/cropped-LogoUa2023Vertical-300x300.png 300w, https:\/\/uniagraria.edu.co\/wp-content\/uploads\/2025\/02\/cropped-LogoUa2023Vertical-150x150.png 150w, https:\/\/uniagraria.edu.co\/wp-content\/uploads\/2025\/02\/cropped-LogoUa2023Vertical-270x270.png 270w, https:\/\/uniagraria.edu.co\/wp-content\/uploads\/2025\/02\/cropped-LogoUa2023Vertical-192x192.png 192w, https:\/\/uniagraria.edu.co\/wp-content\/uploads\/2025\/02\/cropped-LogoUa2023Vertical-180x180.png 180w, https:\/\/uniagraria.edu.co\/wp-content\/uploads\/2025\/02\/cropped-LogoUa2023Vertical-32x32.png 32w\" sizes=\"(max-width: 512px) 100vw, 512px\" \/><\/a><\/figure><div class=\"elementor-image-box-content\"><h5 class=\"elementor-image-box-title\"><a href=\"https:\/\/uniagraria.edu.co\/viota-al-dia\/\" target=\"_blank\">Viot\u00e1 the day<\/a><\/h5><\/div><\/div>\t\t\t\t<\/div>\n\t\t\t\t<\/div>\n\t\t\t\t<\/div>\n\t\t\t\t<\/div>\n\t\t\t\t<\/div>\n\t\t\t\t<\/div>\n\t\t\t\t\t<\/div>\n\t\t\t\t<\/div>\n\t\t\t\t<\/div>\n\t\t\t\t<\/div>","protected":false},"excerpt":{"rendered":"<p>Publicaciones Publicaciones de Extensi\u00f3n Extensi\u00f3n uniagrarista La educaci\u00f3n a distancia y virtual, estrategia de impulso al desarrollo rural en Am\u00e9rica Latina RuralizArte Viot\u00e1 al d\u00eda<\/p>","protected":false},"author":1,"featured_media":0,"parent":0,"menu_order":0,"comment_status":"closed","ping_status":"closed","template":"","meta":{"_acf_changed":false,"site-sidebar-layout":"no-sidebar","site-content-layout":"","ast-site-content-layout":"full-width-container","site-content-style":"default","site-sidebar-style":"default","ast-global-header-display":"","ast-banner-title-visibility":"","ast-main-header-display":"","ast-hfb-above-header-display":"","ast-hfb-below-header-display":"","ast-hfb-mobile-header-display":"","site-post-title":"disabled","ast-breadcrumbs-content":"","ast-featured-img":"disabled","footer-sml-layout":"","ast-disable-related-posts":"","theme-transparent-header-meta":"default","adv-header-id-meta":"","stick-header-meta":"default","header-above-stick-meta":"","header-main-stick-meta":"","header-below-stick-meta":"","astra-migrate-meta-layouts":"set","ast-page-background-enabled":"default","ast-page-background-meta":{"desktop":{"background-color":"var(--ast-global-color-4)","background-image":"","background-repeat":"repeat","background-position":"center center","background-size":"auto","background-attachment":"scroll","background-type":"","background-media":"","overlay-type":"","overlay-color":"","overlay-opacity":"","overlay-gradient":""},"tablet":{"background-color":"","background-image":"","background-repeat":"repeat","background-position":"center center","background-size":"auto","background-attachment":"scroll","background-type":"","background-media":"","overlay-type":"","overlay-color":"","overlay-opacity":"","overlay-gradient":""},"mobile":{"background-color":"","background-image":"","background-repeat":"repeat","background-position":"center center","background-size":"auto","background-attachment":"scroll","background-type":"","background-media":"","overlay-type":"","overlay-color":"","overlay-opacity":"","overlay-gradient":""}},"ast-content-background-meta":{"desktop":{"background-color":"var(--ast-global-color-5)","background-image":"","background-repeat":"repeat","background-position":"center center","background-size":"auto","background-attachment":"scroll","background-type":"","background-media":"","overlay-type":"","overlay-color":"","overlay-opacity":"","overlay-gradient":""},"tablet":{"background-color":"var(--ast-global-color-5)","background-image":"","background-repeat":"repeat","background-position":"center center","background-size":"auto","background-attachment":"scroll","background-type":"","background-media":"","overlay-type":"","overlay-color":"","overlay-opacity":"","overlay-gradient":""},"mobile":{"background-color":"var(--ast-global-color-5)","background-image":"","background-repeat":"repeat","background-position":"center center","background-size":"auto","background-attachment":"scroll","background-type":"","background-media":"","overlay-type":"","overlay-color":"","overlay-opacity":"","overlay-gradient":""}},"footnotes":""},"class_list":["post-61568","page","type-page","status-publish","hentry"],"acf":[],"yoast_head":"<!-- This site is optimized with the Yoast SEO plugin v27.2 - https:\/\/yoast.com\/product\/yoast-seo-wordpress\/ -->\n<title>Publicaciones - UNIAGRARIA<\/title>\n<meta name=\"robots\" content=\"index, follow, max-snippet:-1, max-image-preview:large, max-video-preview:-1\" \/>\n<link rel=\"canonical\" href=\"https:\/\/uniagraria.edu.co\/en\/publicaciones\/\" \/>\n<meta property=\"og:locale\" content=\"en_US\" \/>\n<meta property=\"og:type\" content=\"article\" \/>\n<meta property=\"og:title\" content=\"Publicaciones - UNIAGRARIA\" \/>\n<meta property=\"og:description\" content=\"Publicaciones Publicaciones de Extensi\u00f3n Extensi\u00f3n uniagrarista La educaci\u00f3n a distancia y virtual, estrategia de impulso al desarrollo rural en Am\u00e9rica Latina RuralizArte Viot\u00e1 al d\u00eda\" \/>\n<meta property=\"og:url\" content=\"https:\/\/uniagraria.edu.co\/en\/publicaciones\/\" \/>\n<meta property=\"og:site_name\" content=\"UNIAGRARIA\" \/>\n<meta property=\"article:publisher\" content=\"https:\/\/www.facebook.com\/uagraria\/?locale=es_LA\" \/>\n<meta property=\"article:modified_time\" content=\"2025-08-08T15:02:06+00:00\" \/>\n<meta property=\"og:image\" content=\"https:\/\/novawebmaster.com\/uniagraria\/wp-content\/uploads\/2025\/03\/extension-uniagrarista-768x1026-1.jpg\" \/>\n<meta name=\"twitter:card\" content=\"summary_large_image\" \/>\n<meta name=\"twitter:site\" content=\"@UNIAGRARIA\" \/>\n<meta name=\"twitter:label1\" content=\"Est. reading time\" \/>\n\t<meta name=\"twitter:data1\" content=\"3 minutes\" \/>\n<script type=\"application\/ld+json\" class=\"yoast-schema-graph\">{\"@context\":\"https:\/\/schema.org\",\"@graph\":[{\"@type\":\"WebPage\",\"@id\":\"https:\/\/uniagraria.edu.co\/es\/publicaciones\/\",\"url\":\"https:\/\/uniagraria.edu.co\/es\/publicaciones\/\",\"name\":\"Publicaciones - UNIAGRARIA\",\"isPartOf\":{\"@id\":\"https:\/\/uniagraria.edu.co\/es\/#website\"},\"primaryImageOfPage\":{\"@id\":\"https:\/\/uniagraria.edu.co\/es\/publicaciones\/#primaryimage\"},\"image\":{\"@id\":\"https:\/\/uniagraria.edu.co\/es\/publicaciones\/#primaryimage\"},\"thumbnailUrl\":\"https:\/\/novawebmaster.com\/uniagraria\/wp-content\/uploads\/2025\/03\/extension-uniagrarista-768x1026-1.jpg\",\"datePublished\":\"2025-03-27T14:34:26+00:00\",\"dateModified\":\"2025-08-08T15:02:06+00:00\",\"breadcrumb\":{\"@id\":\"https:\/\/uniagraria.edu.co\/es\/publicaciones\/#breadcrumb\"},\"inLanguage\":\"en-US\",\"potentialAction\":[{\"@type\":\"ReadAction\",\"target\":[\"https:\/\/uniagraria.edu.co\/es\/publicaciones\/\"]}]},{\"@type\":\"ImageObject\",\"inLanguage\":\"en-US\",\"@id\":\"https:\/\/uniagraria.edu.co\/es\/publicaciones\/#primaryimage\",\"url\":\"https:\/\/novawebmaster.com\/uniagraria\/wp-content\/uploads\/2025\/03\/extension-uniagrarista-768x1026-1.jpg\",\"contentUrl\":\"https:\/\/novawebmaster.com\/uniagraria\/wp-content\/uploads\/2025\/03\/extension-uniagrarista-768x1026-1.jpg\"},{\"@type\":\"BreadcrumbList\",\"@id\":\"https:\/\/uniagraria.edu.co\/es\/publicaciones\/#breadcrumb\",\"itemListElement\":[{\"@type\":\"ListItem\",\"position\":1,\"name\":\"Inicio\",\"item\":\"https:\/\/uniagraria.edu.co\/\"},{\"@type\":\"ListItem\",\"position\":2,\"name\":\"Publicaciones\"}]},{\"@type\":\"WebSite\",\"@id\":\"https:\/\/uniagraria.edu.co\/es\/#website\",\"url\":\"https:\/\/uniagraria.edu.co\/es\/\",\"name\":\"UNIAGRARIA\",\"description\":\"FUNDACION UNIVERSITARIA AGRARIA DE COLOMBIA\",\"publisher\":{\"@id\":\"https:\/\/uniagraria.edu.co\/es\/#organization\"},\"potentialAction\":[{\"@type\":\"SearchAction\",\"target\":{\"@type\":\"EntryPoint\",\"urlTemplate\":\"https:\/\/uniagraria.edu.co\/es\/?s={search_term_string}\"},\"query-input\":{\"@type\":\"PropertyValueSpecification\",\"valueRequired\":true,\"valueName\":\"search_term_string\"}}],\"inLanguage\":\"en-US\"},{\"@type\":\"Organization\",\"@id\":\"https:\/\/uniagraria.edu.co\/es\/#organization\",\"name\":\"UNIAGRARIA\",\"url\":\"https:\/\/uniagraria.edu.co\/es\/\",\"logo\":{\"@type\":\"ImageObject\",\"inLanguage\":\"en-US\",\"@id\":\"https:\/\/uniagraria.edu.co\/es\/#\/schema\/logo\/image\/\",\"url\":\"https:\/\/novawebmaster.com\/uniagraria\/wp-content\/uploads\/2025\/02\/LogoUa2023Vertical.png\",\"contentUrl\":\"https:\/\/novawebmaster.com\/uniagraria\/wp-content\/uploads\/2025\/02\/LogoUa2023Vertical.png\",\"width\":3300,\"height\":2550,\"caption\":\"UNIAGRARIA\"},\"image\":{\"@id\":\"https:\/\/uniagraria.edu.co\/es\/#\/schema\/logo\/image\/\"},\"sameAs\":[\"https:\/\/www.facebook.com\/uagraria\/?locale=es_LA\",\"https:\/\/x.com\/UNIAGRARIA\",\"https:\/\/www.instagram.com\/uniagraria\/profilecard\/?igsh=MXI2bTFlMWsxNzNjOA\",\"https:\/\/www.tiktok.com\/discover\/uniagraria?lang=es\",\"https:\/\/www.linkedin.com\/school\/uniagraria\/?originalSubdomain=co\",\"https:\/\/www.youtube.com\/user\/UniagrariaUverde?themeRefresh=1\",\"https:\/\/api.whatsapp.com\/send?phone=3134230649\"]}]}<\/script>\n<!-- \/ Yoast SEO plugin. -->","yoast_head_json":{"title":"Publications - UNIAGRARIA","robots":{"index":"index","follow":"follow","max-snippet":"max-snippet:-1","max-image-preview":"max-image-preview:large","max-video-preview":"max-video-preview:-1"},"canonical":"https:\/\/uniagraria.edu.co\/en\/publicaciones\/","og_locale":"en_US","og_type":"article","og_title":"Publicaciones - UNIAGRARIA","og_description":"Publicaciones Publicaciones de Extensi\u00f3n Extensi\u00f3n uniagrarista La educaci\u00f3n a distancia y virtual, estrategia de impulso al desarrollo rural en Am\u00e9rica Latina RuralizArte Viot\u00e1 al d\u00eda","og_url":"https:\/\/uniagraria.edu.co\/en\/publicaciones\/","og_site_name":"UNIAGRARIA","article_publisher":"https:\/\/www.facebook.com\/uagraria\/?locale=es_LA","article_modified_time":"2025-08-08T15:02:06+00:00","og_image":[{"url":"https:\/\/novawebmaster.com\/uniagraria\/wp-content\/uploads\/2025\/03\/extension-uniagrarista-768x1026-1.jpg","type":"","width":"","height":""}],"twitter_card":"summary_large_image","twitter_site":"@UNIAGRARIA","twitter_misc":{"Est. reading time":"3 minutes"},"schema":{"@context":"https:\/\/schema.org","@graph":[{"@type":"WebPage","@id":"https:\/\/uniagraria.edu.co\/es\/publicaciones\/","url":"https:\/\/uniagraria.edu.co\/es\/publicaciones\/","name":"Publications - UNIAGRARIA","isPartOf":{"@id":"https:\/\/uniagraria.edu.co\/es\/#website"},"primaryImageOfPage":{"@id":"https:\/\/uniagraria.edu.co\/es\/publicaciones\/#primaryimage"},"image":{"@id":"https:\/\/uniagraria.edu.co\/es\/publicaciones\/#primaryimage"},"thumbnailUrl":"https:\/\/novawebmaster.com\/uniagraria\/wp-content\/uploads\/2025\/03\/extension-uniagrarista-768x1026-1.jpg","datePublished":"2025-03-27T14:34:26+00:00","dateModified":"2025-08-08T15:02:06+00:00","breadcrumb":{"@id":"https:\/\/uniagraria.edu.co\/es\/publicaciones\/#breadcrumb"},"inLanguage":"en-US","potentialAction":[{"@type":"ReadAction","target":["https:\/\/uniagraria.edu.co\/es\/publicaciones\/"]}]},{"@type":"ImageObject","inLanguage":"en-US","@id":"https:\/\/uniagraria.edu.co\/es\/publicaciones\/#primaryimage","url":"https:\/\/novawebmaster.com\/uniagraria\/wp-content\/uploads\/2025\/03\/extension-uniagrarista-768x1026-1.jpg","contentUrl":"https:\/\/novawebmaster.com\/uniagraria\/wp-content\/uploads\/2025\/03\/extension-uniagrarista-768x1026-1.jpg"},{"@type":"BreadcrumbList","@id":"https:\/\/uniagraria.edu.co\/es\/publicaciones\/#breadcrumb","itemListElement":[{"@type":"ListItem","position":1,"name":"Inicio","item":"https:\/\/uniagraria.edu.co\/"},{"@type":"ListItem","position":2,"name":"Publicaciones"}]},{"@type":"WebSite","@id":"https:\/\/uniagraria.edu.co\/es\/#website","url":"https:\/\/uniagraria.edu.co\/es\/","name":"Experience the experience and discover the education of","description":"FUNDACION UNIVERSITARIA AGRARIA DE COLOMBIA","publisher":{"@id":"https:\/\/uniagraria.edu.co\/es\/#organization"},"potentialAction":[{"@type":"SearchAction","target":{"@type":"EntryPoint","urlTemplate":"https:\/\/uniagraria.edu.co\/es\/?s={search_term_string}"},"query-input":{"@type":"PropertyValueSpecification","valueRequired":true,"valueName":"search_term_string"}}],"inLanguage":"en-US"},{"@type":"Organization","@id":"https:\/\/uniagraria.edu.co\/es\/#organization","name":"Experience the experience and discover the education of","url":"https:\/\/uniagraria.edu.co\/es\/","logo":{"@type":"ImageObject","inLanguage":"en-US","@id":"https:\/\/uniagraria.edu.co\/es\/#\/schema\/logo\/image\/","url":"https:\/\/novawebmaster.com\/uniagraria\/wp-content\/uploads\/2025\/02\/LogoUa2023Vertical.png","contentUrl":"https:\/\/novawebmaster.com\/uniagraria\/wp-content\/uploads\/2025\/02\/LogoUa2023Vertical.png","width":3300,"height":2550,"caption":"UNIAGRARIA"},"image":{"@id":"https:\/\/uniagraria.edu.co\/es\/#\/schema\/logo\/image\/"},"sameAs":["https:\/\/www.facebook.com\/uagraria\/?locale=es_LA","https:\/\/x.com\/UNIAGRARIA","https:\/\/www.instagram.com\/uniagraria\/profilecard\/?igsh=MXI2bTFlMWsxNzNjOA","https:\/\/www.tiktok.com\/discover\/uniagraria?lang=es","https:\/\/www.linkedin.com\/school\/uniagraria\/?originalSubdomain=co","https:\/\/www.youtube.com\/user\/UniagrariaUverde?themeRefresh=1","https:\/\/api.whatsapp.com\/send?phone=3134230649"]}]}},"_links":{"self":[{"href":"https:\/\/uniagraria.edu.co\/en\/wp-json\/wp\/v2\/pages\/61568","targetHints":{"allow":["GET"]}}],"collection":[{"href":"https:\/\/uniagraria.edu.co\/en\/wp-json\/wp\/v2\/pages"}],"about":[{"href":"https:\/\/uniagraria.edu.co\/en\/wp-json\/wp\/v2\/types\/page"}],"author":[{"embeddable":true,"href":"https:\/\/uniagraria.edu.co\/en\/wp-json\/wp\/v2\/users\/1"}],"replies":[{"embeddable":true,"href":"https:\/\/uniagraria.edu.co\/en\/wp-json\/wp\/v2\/comments?post=61568"}],"version-history":[{"count":3,"href":"https:\/\/uniagraria.edu.co\/en\/wp-json\/wp\/v2\/pages\/61568\/revisions"}],"predecessor-version":[{"id":76825,"href":"https:\/\/uniagraria.edu.co\/en\/wp-json\/wp\/v2\/pages\/61568\/revisions\/76825"}],"wp:attachment":[{"href":"https:\/\/uniagraria.edu.co\/en\/wp-json\/wp\/v2\/media?parent=61568"}],"curies":[{"name":"wp","href":"https:\/\/api.w.org\/{rel}","templated":true}]}}