{"id":61872,"date":"2025-03-27T18:28:34","date_gmt":"2025-03-27T23:28:34","guid":{"rendered":"https:\/\/novawebmaster.com\/uniagraria\/?page_id=61872"},"modified":"2025-03-27T18:30:39","modified_gmt":"2025-03-27T23:30:39","slug":"direccionamiento-emprendedor","status":"publish","type":"page","link":"https:\/\/uniagraria.edu.co\/en\/direccionamiento-emprendedor\/","title":{"rendered":"Addressing entrepreneur"},"content":{"rendered":"<div data-elementor-type=\"wp-page\" data-elementor-id=\"61872\" class=\"elementor elementor-61872\" data-elementor-post-type=\"page\">\n\t\t\t\t<div class=\"elementor-element elementor-element-2cde528a e-con-full e-flex e-con e-parent\" data-id=\"2cde528a\" data-element_type=\"container\" data-e-type=\"container\" data-settings=\"{&quot;background_background&quot;:&quot;classic&quot;}\">\n\t\t<div class=\"elementor-element elementor-element-4ecbc681 e-flex e-con-boxed e-con e-child\" data-id=\"4ecbc681\" data-element_type=\"container\" data-e-type=\"container\">\n\t\t\t\t\t<div class=\"e-con-inner\">\n\t\t<div class=\"elementor-element elementor-element-7bdd56b8 e-con-full e-flex e-con e-child\" data-id=\"7bdd56b8\" data-element_type=\"container\" data-e-type=\"container\">\n\t\t\t\t<div class=\"elementor-element elementor-element-3e6a6b8d elementor-widget elementor-widget-heading\" data-id=\"3e6a6b8d\" data-element_type=\"widget\" data-e-type=\"widget\" data-widget_type=\"heading.default\">\n\t\t\t\t<div class=\"elementor-widget-container\">\n\t\t\t\t\t<h2 class=\"elementor-heading-title elementor-size-default\">Addressing entrepreneur<\/h2>\t\t\t\t<\/div>\n\t\t\t\t<\/div>\n\t\t\t\t<div class=\"elementor-element elementor-element-05810ba elementor-widget elementor-widget-text-editor\" data-id=\"05810ba\" data-element_type=\"widget\" data-e-type=\"widget\" data-widget_type=\"text-editor.default\">\n\t\t\t\t<div class=\"elementor-widget-container\">\n\t\t\t\t\t\t\t\t\t<p><strong>ISSN<\/strong>\u00a0\u2022 2619-5437<\/p>\t\t\t\t\t\t\t\t<\/div>\n\t\t\t\t<\/div>\n\t\t\t\t<div class=\"elementor-element elementor-element-33d2fb4 elementor-widget elementor-widget-text-editor\" data-id=\"33d2fb4\" data-element_type=\"widget\" data-e-type=\"widget\" data-widget_type=\"text-editor.default\">\n\t\t\t\t<div class=\"elementor-widget-container\">\n\t\t\t\t\t\t\t\t\t<p>El Departamento de Emprendimiento y Desarrollo Empresarial lanza su primera revista denominada\u00a0<em>Direccionamiento Emprendedor,<\/em>\u00a0espacio en el cual se podr\u00e1 evidenciar la actividad emprendedora y empresarial de la Comunidad Uniagrarista. Su edici\u00f3n estar\u00e1 basada en las experiencias y aportes de nuestros directivos, docentes, estudiantes y egresados.<\/p><p>Su finalidad es ser un espacio de reflexi\u00f3n en el cual se podr\u00e1 evidenciar la actividad emprendedora y empresarial, como la construcci\u00f3n acad\u00e9mica de conocimiento a partir de la investigaci\u00f3n y desarrollo de art\u00edculos base de nuestras publicaciones institucionales.<\/p><p>La revista\u00a0<em>Direccionamiento Emprendedor<\/em>\u00a0seguir\u00e1 siendo el medio para dar a conocer la din\u00e1mica empresarial y emprendedora de la comunidad uniagrarista, donde nuestros emprendedores, a partir de sus procesos de formaci\u00f3n integral, ven en la innovaci\u00f3n y creatividad diversas formas para crear nuevos modelos de negocio.<\/p><p>Debido a la importancia que el emprendimiento tiene para los pa\u00edses, es necesario aprovechar las oportunidades que proponen los nuevos mercados, las tendencias y el apoyo de diferentes entidades, as\u00ed como la obtenci\u00f3n de capital semilla. Sin embargo, lo m\u00e1s importante en este sentido es destacar c\u00f3mo los sue\u00f1os se hacen realidad, cuando cambiamos la forma de pensar y actuar, creando empresas sostenibles, a trav\u00e9s del tiempo, como las experiencias que se comparten en este volumen.<\/p><p>Por tanto, un mundo globalizado brinda la alternativa de conocer, aprender, emprender y construir intraemprendimientos que impacten la vida de otros. Es ah\u00ed, donde Uniagraria entiende la importancia de unir esfuerzos para la construcci\u00f3n de un pa\u00eds diferente, que cree en cambiar el mundo, por medio del desarrollo de los sectores, las regiones y la conservaci\u00f3n del medio ambiente. Todo esto es posible cuando potencializamos el concept de emprendimiento y su tipolog\u00eda.<\/p>\t\t\t\t\t\t\t\t<\/div>\n\t\t\t\t<\/div>\n\t\t\t\t<\/div>\n\t\t\t\t\t<\/div>\n\t\t\t\t<\/div>\n\t\t<div class=\"elementor-element elementor-element-58f2ded2 e-flex e-con-boxed e-con e-child\" data-id=\"58f2ded2\" data-element_type=\"container\" data-e-type=\"container\">\n\t\t\t\t\t<div class=\"e-con-inner\">\n\t\t<div class=\"elementor-element elementor-element-d941bf8 e-con-full e-flex e-con e-child\" data-id=\"d941bf8\" data-element_type=\"container\" data-e-type=\"container\" data-settings=\"{&quot;background_background&quot;:&quot;classic&quot;}\">\n\t\t<div class=\"elementor-element elementor-element-806fe21 e-con-full e-flex e-con e-child\" data-id=\"806fe21\" data-element_type=\"container\" data-e-type=\"container\">\n\t\t\t\t<div class=\"elementor-element elementor-element-0ce03ae elementor-widget elementor-widget-text-editor\" data-id=\"0ce03ae\" data-element_type=\"widget\" data-e-type=\"widget\" data-widget_type=\"text-editor.default\">\n\t\t\t\t<div class=\"elementor-widget-container\">\n\t\t\t\t\t\t\t\t\t<table class=\"uk-table uk-table-small uk-table-divider uk-table-middle\" style=\"width: 100%; height: 159px;\"><tbody><tr style=\"height: 0px;\"><td style=\"height: 53px;\"><span style=\"color: #000000;\"><a style=\"color: #000000;\" href=\"https:\/\/uniagraria.edu.co\/wp-content\/uploads\/2025\/03\/DireccionamientoEmprendedorVol-1-2023.pdf\">Volumen 1 \u2022 numero 1<\/a><\/span><\/td><\/tr><tr style=\"height: 53px;\"><td class=\"uk-text-center uk-text-left@s\" style=\"height: 53px;\"><span style=\"color: #000000;\"><a style=\"color: #000000;\" href=\"https:\/\/uniagraria.edu.co\/wp-content\/uploads\/2025\/03\/direccionamiento-emprendedor-vol1-1.pdf\">Volumen 1 \u2022 numero 1<\/a><\/span><\/td><\/tr><tr style=\"height: 53px;\"><td class=\"uk-text-center uk-text-left@s\" style=\"height: 53px;\"><a href=\"https:\/\/uniagraria.edu.co\/wp-content\/uploads\/2025\/03\/DIGITAL-Direccionamiento-Emprendedor-Uniagraria-11.pdf\"><span style=\"color: #808080;\">Volumen 2<\/span><\/a><\/td><\/tr><\/tbody><\/table>\t\t\t\t\t\t\t\t<\/div>\n\t\t\t\t<\/div>\n\t\t\t\t<\/div>\n\t\t\t\t<\/div>\n\t\t\t\t\t<\/div>\n\t\t\t\t<\/div>\n\t\t\t\t<\/div>\n\t\t\t\t<\/div>","protected":false},"excerpt":{"rendered":"<p>Direccionamiento emprendedor ISSN\u00a0\u2022 2619-5437 El Departamento de Emprendimiento y Desarrollo Empresarial lanza su primera revista denominada\u00a0Direccionamiento Emprendedor,\u00a0espacio en el cual se podr\u00e1 evidenciar la actividad emprendedora y empresarial de la Comunidad Uniagrarista. Su edici\u00f3n estar\u00e1 basada en las experiencias y aportes de nuestros directivos, docentes, estudiantes y egresados. Su finalidad es ser un espacio de [&hellip;]<\/p>\n","protected":false},"author":8,"featured_media":0,"parent":0,"menu_order":0,"comment_status":"closed","ping_status":"closed","template":"","meta":{"_acf_changed":false,"site-sidebar-layout":"no-sidebar","site-content-layout":"","ast-site-content-layout":"full-width-container","site-content-style":"default","site-sidebar-style":"default","ast-global-header-display":"","ast-banner-title-visibility":"","ast-main-header-display":"","ast-hfb-above-header-display":"","ast-hfb-below-header-display":"","ast-hfb-mobile-header-display":"","site-post-title":"disabled","ast-breadcrumbs-content":"","ast-featured-img":"disabled","footer-sml-layout":"","ast-disable-related-posts":"","theme-transparent-header-meta":"default","adv-header-id-meta":"","stick-header-meta":"default","header-above-stick-meta":"","header-main-stick-meta":"","header-below-stick-meta":"","astra-migrate-meta-layouts":"set","ast-page-background-enabled":"default","ast-page-background-meta":{"desktop":{"background-color":"var(--ast-global-color-4)","background-image":"","background-repeat":"repeat","background-position":"center center","background-size":"auto","background-attachment":"scroll","background-type":"","background-media":"","overlay-type":"","overlay-color":"","overlay-opacity":"","overlay-gradient":""},"tablet":{"background-color":"","background-image":"","background-repeat":"repeat","background-position":"center center","background-size":"auto","background-attachment":"scroll","background-type":"","background-media":"","overlay-type":"","overlay-color":"","overlay-opacity":"","overlay-gradient":""},"mobile":{"background-color":"","background-image":"","background-repeat":"repeat","background-position":"center center","background-size":"auto","background-attachment":"scroll","background-type":"","background-media":"","overlay-type":"","overlay-color":"","overlay-opacity":"","overlay-gradient":""}},"ast-content-background-meta":{"desktop":{"background-color":"var(--ast-global-color-5)","background-image":"","background-repeat":"repeat","background-position":"center center","background-size":"auto","background-attachment":"scroll","background-type":"","background-media":"","overlay-type":"","overlay-color":"","overlay-opacity":"","overlay-gradient":""},"tablet":{"background-color":"var(--ast-global-color-5)","background-image":"","background-repeat":"repeat","background-position":"center center","background-size":"auto","background-attachment":"scroll","background-type":"","background-media":"","overlay-type":"","overlay-color":"","overlay-opacity":"","overlay-gradient":""},"mobile":{"background-color":"var(--ast-global-color-5)","background-image":"","background-repeat":"repeat","background-position":"center center","background-size":"auto","background-attachment":"scroll","background-type":"","background-media":"","overlay-type":"","overlay-color":"","overlay-opacity":"","overlay-gradient":""}},"footnotes":""},"class_list":["post-61872","page","type-page","status-publish","hentry"],"acf":[],"yoast_head":"<!-- This site is optimized with the Yoast SEO plugin v27.2 - https:\/\/yoast.com\/product\/yoast-seo-wordpress\/ -->\n<title>Direccionamiento emprendedor - UNIAGRARIA<\/title>\n<meta name=\"robots\" content=\"index, follow, max-snippet:-1, max-image-preview:large, max-video-preview:-1\" \/>\n<link rel=\"canonical\" href=\"https:\/\/uniagraria.edu.co\/en\/direccionamiento-emprendedor\/\" \/>\n<meta property=\"og:locale\" content=\"en_US\" \/>\n<meta property=\"og:type\" content=\"article\" \/>\n<meta property=\"og:title\" content=\"Direccionamiento emprendedor - UNIAGRARIA\" \/>\n<meta property=\"og:description\" content=\"Direccionamiento emprendedor ISSN\u00a0\u2022 2619-5437 El Departamento de Emprendimiento y Desarrollo Empresarial lanza su primera revista denominada\u00a0Direccionamiento Emprendedor,\u00a0espacio en el cual se podr\u00e1 evidenciar la actividad emprendedora y empresarial de la Comunidad Uniagrarista. Su edici\u00f3n estar\u00e1 basada en las experiencias y aportes de nuestros directivos, docentes, estudiantes y egresados. Su finalidad es ser un espacio de [&hellip;]\" \/>\n<meta property=\"og:url\" content=\"https:\/\/uniagraria.edu.co\/en\/direccionamiento-emprendedor\/\" \/>\n<meta property=\"og:site_name\" content=\"UNIAGRARIA\" \/>\n<meta property=\"article:publisher\" content=\"https:\/\/www.facebook.com\/uagraria\/?locale=es_LA\" \/>\n<meta property=\"article:modified_time\" content=\"2025-03-27T23:30:39+00:00\" \/>\n<meta name=\"twitter:card\" content=\"summary_large_image\" \/>\n<meta name=\"twitter:site\" content=\"@UNIAGRARIA\" \/>\n<meta name=\"twitter:label1\" content=\"Est. reading time\" \/>\n\t<meta name=\"twitter:data1\" content=\"2 minutes\" \/>\n<script type=\"application\/ld+json\" class=\"yoast-schema-graph\">{\"@context\":\"https:\/\/schema.org\",\"@graph\":[{\"@type\":\"WebPage\",\"@id\":\"https:\/\/uniagraria.edu.co\/es\/direccionamiento-emprendedor\/\",\"url\":\"https:\/\/uniagraria.edu.co\/es\/direccionamiento-emprendedor\/\",\"name\":\"Direccionamiento emprendedor - UNIAGRARIA\",\"isPartOf\":{\"@id\":\"https:\/\/uniagraria.edu.co\/es\/#website\"},\"datePublished\":\"2025-03-27T23:28:34+00:00\",\"dateModified\":\"2025-03-27T23:30:39+00:00\",\"breadcrumb\":{\"@id\":\"https:\/\/uniagraria.edu.co\/es\/direccionamiento-emprendedor\/#breadcrumb\"},\"inLanguage\":\"en-US\",\"potentialAction\":[{\"@type\":\"ReadAction\",\"target\":[\"https:\/\/uniagraria.edu.co\/es\/direccionamiento-emprendedor\/\"]}]},{\"@type\":\"BreadcrumbList\",\"@id\":\"https:\/\/uniagraria.edu.co\/es\/direccionamiento-emprendedor\/#breadcrumb\",\"itemListElement\":[{\"@type\":\"ListItem\",\"position\":1,\"name\":\"Inicio\",\"item\":\"https:\/\/uniagraria.edu.co\/es\/\"},{\"@type\":\"ListItem\",\"position\":2,\"name\":\"Direccionamiento emprendedor\"}]},{\"@type\":\"WebSite\",\"@id\":\"https:\/\/uniagraria.edu.co\/es\/#website\",\"url\":\"https:\/\/uniagraria.edu.co\/es\/\",\"name\":\"UNIAGRARIA\",\"description\":\"FUNDACION UNIVERSITARIA AGRARIA DE COLOMBIA\",\"publisher\":{\"@id\":\"https:\/\/uniagraria.edu.co\/es\/#organization\"},\"potentialAction\":[{\"@type\":\"SearchAction\",\"target\":{\"@type\":\"EntryPoint\",\"urlTemplate\":\"https:\/\/uniagraria.edu.co\/es\/?s={search_term_string}\"},\"query-input\":{\"@type\":\"PropertyValueSpecification\",\"valueRequired\":true,\"valueName\":\"search_term_string\"}}],\"inLanguage\":\"en-US\"},{\"@type\":\"Organization\",\"@id\":\"https:\/\/uniagraria.edu.co\/es\/#organization\",\"name\":\"UNIAGRARIA\",\"url\":\"https:\/\/uniagraria.edu.co\/es\/\",\"logo\":{\"@type\":\"ImageObject\",\"inLanguage\":\"en-US\",\"@id\":\"https:\/\/uniagraria.edu.co\/es\/#\/schema\/logo\/image\/\",\"url\":\"https:\/\/novawebmaster.com\/uniagraria\/wp-content\/uploads\/2025\/02\/LogoUa2023Vertical.png\",\"contentUrl\":\"https:\/\/novawebmaster.com\/uniagraria\/wp-content\/uploads\/2025\/02\/LogoUa2023Vertical.png\",\"width\":3300,\"height\":2550,\"caption\":\"UNIAGRARIA\"},\"image\":{\"@id\":\"https:\/\/uniagraria.edu.co\/es\/#\/schema\/logo\/image\/\"},\"sameAs\":[\"https:\/\/www.facebook.com\/uagraria\/?locale=es_LA\",\"https:\/\/x.com\/UNIAGRARIA\",\"https:\/\/www.instagram.com\/uniagraria\/profilecard\/?igsh=MXI2bTFlMWsxNzNjOA\",\"https:\/\/www.tiktok.com\/discover\/uniagraria?lang=es\",\"https:\/\/www.linkedin.com\/school\/uniagraria\/?originalSubdomain=co\",\"https:\/\/www.youtube.com\/user\/UniagrariaUverde?themeRefresh=1\",\"https:\/\/api.whatsapp.com\/send?phone=3134230649\"]}]}<\/script>\n<!-- \/ Yoast SEO plugin. -->","yoast_head_json":{"title":"Direccionamiento emprendedor - UNIAGRARIA","robots":{"index":"index","follow":"follow","max-snippet":"max-snippet:-1","max-image-preview":"max-image-preview:large","max-video-preview":"max-video-preview:-1"},"canonical":"https:\/\/uniagraria.edu.co\/en\/direccionamiento-emprendedor\/","og_locale":"en_US","og_type":"article","og_title":"Direccionamiento emprendedor - UNIAGRARIA","og_description":"Direccionamiento emprendedor ISSN\u00a0\u2022 2619-5437 El Departamento de Emprendimiento y Desarrollo Empresarial lanza su primera revista denominada\u00a0Direccionamiento Emprendedor,\u00a0espacio en el cual se podr\u00e1 evidenciar la actividad emprendedora y empresarial de la Comunidad Uniagrarista. Su edici\u00f3n estar\u00e1 basada en las experiencias y aportes de nuestros directivos, docentes, estudiantes y egresados. Su finalidad es ser un espacio de [&hellip;]","og_url":"https:\/\/uniagraria.edu.co\/en\/direccionamiento-emprendedor\/","og_site_name":"UNIAGRARIA","article_publisher":"https:\/\/www.facebook.com\/uagraria\/?locale=es_LA","article_modified_time":"2025-03-27T23:30:39+00:00","twitter_card":"summary_large_image","twitter_site":"@UNIAGRARIA","twitter_misc":{"Est. reading time":"2 minutes"},"schema":{"@context":"https:\/\/schema.org","@graph":[{"@type":"WebPage","@id":"https:\/\/uniagraria.edu.co\/es\/direccionamiento-emprendedor\/","url":"https:\/\/uniagraria.edu.co\/es\/direccionamiento-emprendedor\/","name":"Direccionamiento emprendedor - UNIAGRARIA","isPartOf":{"@id":"https:\/\/uniagraria.edu.co\/es\/#website"},"datePublished":"2025-03-27T23:28:34+00:00","dateModified":"2025-03-27T23:30:39+00:00","breadcrumb":{"@id":"https:\/\/uniagraria.edu.co\/es\/direccionamiento-emprendedor\/#breadcrumb"},"inLanguage":"en-US","potentialAction":[{"@type":"ReadAction","target":["https:\/\/uniagraria.edu.co\/es\/direccionamiento-emprendedor\/"]}]},{"@type":"BreadcrumbList","@id":"https:\/\/uniagraria.edu.co\/es\/direccionamiento-emprendedor\/#breadcrumb","itemListElement":[{"@type":"ListItem","position":1,"name":"Inicio","item":"https:\/\/uniagraria.edu.co\/es\/"},{"@type":"ListItem","position":2,"name":"Direccionamiento emprendedor"}]},{"@type":"WebSite","@id":"https:\/\/uniagraria.edu.co\/es\/#website","url":"https:\/\/uniagraria.edu.co\/es\/","name":"Experience the experience and discover the education of","description":"FUNDACION UNIVERSITARIA AGRARIA DE COLOMBIA","publisher":{"@id":"https:\/\/uniagraria.edu.co\/es\/#organization"},"potentialAction":[{"@type":"SearchAction","target":{"@type":"EntryPoint","urlTemplate":"https:\/\/uniagraria.edu.co\/es\/?s={search_term_string}"},"query-input":{"@type":"PropertyValueSpecification","valueRequired":true,"valueName":"search_term_string"}}],"inLanguage":"en-US"},{"@type":"Organization","@id":"https:\/\/uniagraria.edu.co\/es\/#organization","name":"Experience the experience and discover the education of","url":"https:\/\/uniagraria.edu.co\/es\/","logo":{"@type":"ImageObject","inLanguage":"en-US","@id":"https:\/\/uniagraria.edu.co\/es\/#\/schema\/logo\/image\/","url":"https:\/\/novawebmaster.com\/uniagraria\/wp-content\/uploads\/2025\/02\/LogoUa2023Vertical.png","contentUrl":"https:\/\/novawebmaster.com\/uniagraria\/wp-content\/uploads\/2025\/02\/LogoUa2023Vertical.png","width":3300,"height":2550,"caption":"UNIAGRARIA"},"image":{"@id":"https:\/\/uniagraria.edu.co\/es\/#\/schema\/logo\/image\/"},"sameAs":["https:\/\/www.facebook.com\/uagraria\/?locale=es_LA","https:\/\/x.com\/UNIAGRARIA","https:\/\/www.instagram.com\/uniagraria\/profilecard\/?igsh=MXI2bTFlMWsxNzNjOA","https:\/\/www.tiktok.com\/discover\/uniagraria?lang=es","https:\/\/www.linkedin.com\/school\/uniagraria\/?originalSubdomain=co","https:\/\/www.youtube.com\/user\/UniagrariaUverde?themeRefresh=1","https:\/\/api.whatsapp.com\/send?phone=3134230649"]}]}},"_links":{"self":[{"href":"https:\/\/uniagraria.edu.co\/en\/wp-json\/wp\/v2\/pages\/61872","targetHints":{"allow":["GET"]}}],"collection":[{"href":"https:\/\/uniagraria.edu.co\/en\/wp-json\/wp\/v2\/pages"}],"about":[{"href":"https:\/\/uniagraria.edu.co\/en\/wp-json\/wp\/v2\/types\/page"}],"author":[{"embeddable":true,"href":"https:\/\/uniagraria.edu.co\/en\/wp-json\/wp\/v2\/users\/8"}],"replies":[{"embeddable":true,"href":"https:\/\/uniagraria.edu.co\/en\/wp-json\/wp\/v2\/comments?post=61872"}],"version-history":[{"count":0,"href":"https:\/\/uniagraria.edu.co\/en\/wp-json\/wp\/v2\/pages\/61872\/revisions"}],"wp:attachment":[{"href":"https:\/\/uniagraria.edu.co\/en\/wp-json\/wp\/v2\/media?parent=61872"}],"curies":[{"name":"wp","href":"https:\/\/api.w.org\/{rel}","templated":true}]}}