{"id":61907,"date":"2025-03-27T19:02:58","date_gmt":"2025-03-28T00:02:58","guid":{"rendered":"https:\/\/novawebmaster.com\/uniagraria\/?page_id=61907"},"modified":"2025-10-29T11:09:30","modified_gmt":"2025-10-29T16:09:30","slug":"revista-de-investigaciones-de-uniagraria-2","status":"publish","type":"page","link":"https:\/\/uniagraria.edu.co\/en\/revista-de-investigaciones-de-uniagraria-2\/","title":{"rendered":"Journal of Research of Uniagraria"},"content":{"rendered":"<div data-elementor-type=\"wp-page\" data-elementor-id=\"61907\" class=\"elementor elementor-61907\" data-elementor-post-type=\"page\">\n\t\t\t\t<div class=\"elementor-element elementor-element-2cde528a e-con-full e-flex e-con e-parent\" data-id=\"2cde528a\" data-element_type=\"container\" data-e-type=\"container\" data-settings=\"{&quot;background_background&quot;:&quot;classic&quot;}\">\n\t\t<div class=\"elementor-element elementor-element-4ecbc681 e-flex e-con-boxed e-con e-child\" data-id=\"4ecbc681\" data-element_type=\"container\" data-e-type=\"container\">\n\t\t\t\t\t<div class=\"e-con-inner\">\n\t\t<div class=\"elementor-element elementor-element-7bdd56b8 e-con-full e-flex e-con e-child\" data-id=\"7bdd56b8\" data-element_type=\"container\" data-e-type=\"container\">\n\t\t\t\t<div class=\"elementor-element elementor-element-3e6a6b8d elementor-widget elementor-widget-heading\" data-id=\"3e6a6b8d\" data-element_type=\"widget\" data-e-type=\"widget\" data-widget_type=\"heading.default\">\n\t\t\t\t\t<h2 class=\"elementor-heading-title elementor-size-default\">Journal of Research of Uniagraria<\/h2>\t\t\t\t<\/div>\n\t\t\t\t<div class=\"elementor-element elementor-element-05810ba elementor-widget elementor-widget-text-editor\" data-id=\"05810ba\" data-element_type=\"widget\" data-e-type=\"widget\" data-widget_type=\"text-editor.default\">\n\t\t\t\t\t\t\t\t\t<p><strong>ISSN<\/strong>\u00a0\u2022 2346-0687<\/p>\t\t\t\t\t\t\t\t<\/div>\n\t\t\t\t<div class=\"elementor-element elementor-element-33d2fb4 elementor-widget elementor-widget-text-editor\" data-id=\"33d2fb4\" data-element_type=\"widget\" data-e-type=\"widget\" data-widget_type=\"text-editor.default\">\n\t\t\t\t\t\t\t\t\t<p>La relaci\u00f3n investigaci\u00f3n-divulgaci\u00f3n se ha fortalecido en los \u00faltimos a\u00f1os en el contexto acad\u00e9mico colombiano, al considerar la necesidad de visibilizar la producci\u00f3n cient\u00edfica nacional, no solo a nivel local, sino tambi\u00e9n a nivel internacional. Las directrices nacionales se han actualizado de tal forma que, desde el Departamento Nacional de Ciencia, Tecnolog\u00eda e Innovaci\u00f3n-Colciencias y en cumplimiento de sus funciones, entre las que est\u00e1 la de generar condiciones que permitan la inserci\u00f3n del pa\u00eds en las din\u00e1micas de los sistemas internacionales que incorporan el conocimiento, se plantea como meta nacional duplicar la producci\u00f3n cient\u00edfica nacional de alto impacto.<\/p><p>Este panorama es resultado de la sensibilizaci\u00f3n en cierto grado respecto a la relevancia de la divulgaci\u00f3n en el escenario investigativo, pues con ella se logra validar el conocimiento con la comunidad acad\u00e9mica y cient\u00edfica. Aunque el escepticismo todav\u00eda perdura, los avances en divulgaci\u00f3n son importantes, seg\u00fan el Observatorio de Ciencia y Tecnolog\u00eda, el pa\u00eds pas\u00f3 de 300 art\u00edculos en revistas indexadas en\u00a0<em>SCI<\/em>\u00a0en 1996 a 6.708 art\u00edculos en revista indexadas en Web of Science en 2014. Entre otras variables que inciden, se cuenta tambi\u00e9n el avance de las nuevas tecnolog\u00edas que facilitan el acceso al nuevo conocimiento en el mundo y, sobre todo, la colaboraci\u00f3n entre los investigadores. Este contexto lleva al pa\u00eds a adaptarse a estas nuevas din\u00e1micas, las cuales fortalecen la relaci\u00f3n del d\u00fao investigaci\u00f3n-divulgaci\u00f3n y que responde a indicadores de excelencia y calidad en el escenario cient\u00edfico, con lo cual se contribuye al desarrollo del pa\u00eds desde la ciencia, la tecnolog\u00eda y la innovaci\u00f3n.<\/p><p>En este contexto se gesta la Revista de Investigaciones de Uniagraria, la cual contin\u00faa con el prop\u00f3sito de compartir resultados en torno a las l\u00edneas de investigaci\u00f3n de Uniagraria, asociadas a desarrollo rural y sostenible, emprendimiento e innovaci\u00f3n y ambiente y sociedad, las cuales se enriquecen a partir de los aportes realizados por investigadores, quienes desde distintos contextos han desarrollado exploraciones aplicadas de impacto. As\u00ed, se presentan en esta oportunidad 10 art\u00edculos de investigaci\u00f3n, de los cuales 8 son de investigaci\u00f3n, 1 de revisi\u00f3n y 1 art\u00edculo corto, distribuidos de acuerdo a las l\u00edneas tem\u00e1ticas que orientan la estructura de la revista.<\/p>\t\t\t\t\t\t\t\t<\/div>\n\t\t\t\t<\/div>\n\t\t\t\t\t<\/div>\n\t\t\t\t<\/div>\n\t\t<div class=\"elementor-element elementor-element-58f2ded2 e-flex e-con-boxed e-con e-child\" data-id=\"58f2ded2\" data-element_type=\"container\" data-e-type=\"container\">\n\t\t\t\t\t<div class=\"e-con-inner\">\n\t\t<div class=\"elementor-element elementor-element-d941bf8 e-con-full e-flex e-con e-child\" data-id=\"d941bf8\" data-element_type=\"container\" data-e-type=\"container\" data-settings=\"{&quot;background_background&quot;:&quot;classic&quot;}\">\n\t\t<div class=\"elementor-element elementor-element-806fe21 e-con-full e-flex e-con e-child\" data-id=\"806fe21\" data-element_type=\"container\" data-e-type=\"container\">\n\t\t\t\t<div class=\"elementor-element elementor-element-0ce03ae elementor-widget elementor-widget-text-editor\" data-id=\"0ce03ae\" data-element_type=\"widget\" data-e-type=\"widget\" data-widget_type=\"text-editor.default\">\n\t\t\t\t\t\t\t\t\t<p>\u00a0<\/p><table class=\"uk-table uk-table-small uk-table-divider uk-table-middle\" style=\"width: 92.823%; height: 583px;\"><tbody><tr style=\"height: 53px;\"><td class=\"uk-text-center uk-text-left@s\" style=\"width: 99.5556%; height: 53px;\"><span style=\"color: #333333;\"><a class=\"uk-text-bold uk-button uk-button-text uk-light\" style=\"color: #333333;\" href=\"https:\/\/uniagraria.edu.co\/wp-content\/uploads\/2025\/03\/Revista_Vol.1-1.pdf\" target=\"_blank\" rel=\"noopener noreferrer\">Volumen\u00a0<strong>1<\/strong>\u00a0\u2022 numero\u00a0<strong>1<\/strong><\/a><\/span><\/td><\/tr><tr style=\"height: 53px;\"><td class=\"uk-text-center uk-text-left@s\" style=\"width: 99.5556%; height: 53px;\"><span style=\"color: #333333;\"><a class=\"uk-text-bold uk-button uk-button-text uk-light\" style=\"color: #333333;\" href=\"https:\/\/uniagraria.edu.co\/wp-content\/uploads\/2025\/03\/Revista_Vol.2-1.pdf\" target=\"_blank\" rel=\"noopener noreferrer\">Volumen 2 \u2022 numero\u00a0<strong>1<\/strong><\/a><\/span><\/td><\/tr><tr style=\"height: 53px;\"><td class=\"uk-text-center uk-text-left@s\" style=\"width: 99.5556%; height: 53px;\"><span style=\"color: #333333;\"><a class=\"uk-text-bold uk-button uk-button-text uk-light\" style=\"color: #333333;\" href=\"https:\/\/uniagraria.edu.co\/wp-content\/uploads\/2025\/03\/Revista_Vol.3-1.pdf\" target=\"_blank\" rel=\"noopener noreferrer\">Volumen 3 \u2022 numero\u00a0<strong>1<\/strong><\/a><\/span><\/td><\/tr><tr style=\"height: 53px;\"><td class=\"uk-text-center uk-text-left@s\" style=\"width: 99.5556%; height: 53px;\"><span style=\"color: #333333;\"><a class=\"uk-text-bold uk-button uk-button-text uk-light\" style=\"color: #333333;\" href=\"https:\/\/uniagraria.edu.co\/wp-content\/uploads\/2025\/03\/Revista_Vol.4_DIGITAL-1.pdf\" target=\"_blank\" rel=\"noopener noreferrer\">Volumen 4 \u2022 numero\u00a0<strong>1<\/strong><\/a><\/span><\/td><\/tr><tr style=\"height: 53px;\"><td class=\"uk-text-center uk-text-left@s\" style=\"width: 99.5556%; height: 53px;\"><span style=\"color: #333333;\"><a class=\"uk-text-bold uk-button uk-button-text uk-light\" style=\"color: #333333;\" href=\"https:\/\/uniagraria.edu.co\/wp-content\/uploads\/2025\/03\/Revista_Vol.5_DIGITAL-1.pdf\" target=\"_blank\" rel=\"noopener noreferrer\">Volumen 5\u00a0\u2022 numero\u00a0<strong>1<\/strong><\/a><\/span><\/td><\/tr><tr style=\"height: 53px;\"><td class=\"uk-text-center uk-text-left@s\" style=\"width: 99.5556%; height: 53px;\"><span style=\"color: #333333;\"><a class=\"uk-text-bold uk-button uk-button-text uk-light\" style=\"color: #333333;\" href=\"https:\/\/uniagraria.edu.co\/wp-content\/uploads\/2025\/03\/RevistaInvestigacionVol_6_2018-1.pdf\" target=\"_blank\" rel=\"noopener noreferrer\">Volumen 6 \u2022 numero\u00a0<strong>1<\/strong><\/a><\/span><\/td><\/tr><tr style=\"height: 53px;\"><td class=\"uk-text-center uk-text-left@s\" style=\"width: 99.5556%; height: 53px;\"><span style=\"color: #333333;\"><a class=\"uk-text-bold uk-button uk-button-text uk-light\" style=\"color: #333333;\" href=\"https:\/\/uniagraria.edu.co\/wp-content\/uploads\/2025\/03\/RevistaInvestigacionVol_7_2019-1.pdf\" target=\"_blank\" rel=\"noopener noreferrer\">Volumen 7 \u2022 numero\u00a0<strong>1<\/strong><\/a><\/span><\/td><\/tr><tr style=\"height: 53px;\"><td class=\"uk-text-center uk-text-left@s\" style=\"width: 99.5556%; height: 53px;\"><span style=\"color: #333333;\"><a class=\"uk-text-bold uk-button uk-button-text uk-light\" style=\"color: #333333;\" href=\"https:\/\/uniagraria.edu.co\/wp-content\/uploads\/2025\/03\/Revista_Investigaciones_Vol8-1.pdf\" target=\"_blank\" rel=\"noopener noreferrer\">Volumen 8 \u2022 numero\u00a0<strong>1<\/strong><\/a><\/span><\/td><\/tr><tr style=\"height: 53px;\"><td class=\"uk-text-center uk-text-left@s\" style=\"width: 99.5556%; height: 53px;\"><span style=\"color: #333333;\"><a class=\"uk-text-bold uk-button uk-button-text uk-light\" style=\"color: #333333;\" href=\"https:\/\/uniagraria.edu.co\/wp-content\/uploads\/2025\/03\/Revista_Investigaciones_Vol_9_Digital-1.pdf\" target=\"_blank\" rel=\"noopener noreferrer\">Volumen 9 \u2022 numero\u00a0<strong>1<\/strong><\/a><\/span><\/td><\/tr><tr style=\"height: 53px;\"><td class=\"uk-text-center uk-text-left@s\" style=\"width: 99.5556%; height: 53px;\"><span style=\"color: #333333;\"><a class=\"uk-text-bold uk-button uk-button-text uk-light\" style=\"color: #333333;\" href=\"https:\/\/uniagraria.edu.co\/wp-content\/uploads\/2025\/03\/Revista_Investigaciones_Vol_10_Digital-1.pdf\" target=\"_blank\" rel=\"noopener noreferrer\">Volumen 10 \u2022 numero <strong>1<\/strong><\/a><\/span><\/td><\/tr><tr style=\"height: 53px;\"><td class=\"uk-text-center uk-text-left@s\" style=\"width: 99.5556%; height: 53px;\"><span style=\"color: #333333;\"><a class=\"uk-text-bold uk-button uk-button-text uk-light\" style=\"color: #333333;\" href=\"https:\/\/uniagraria.edu.co\/wp-content\/uploads\/2025\/03\/Revista_Investigaciones_Vol_11_Digital-1.pdf\" target=\"_blank\" rel=\"noopener noreferrer\">Volumen\u00a0<strong>11<\/strong>\u00a0\u2022 numero\u00a0<strong>1<\/strong><\/a><\/span><\/td><\/tr><tr style=\"height: 53px;\"><td class=\"uk-text-center uk-text-left@s\" style=\"width: 99.5556%; height: 53px;\"><span style=\"color: #333333;\"><a class=\"uk-text-bold uk-button uk-button-text uk-light\" style=\"color: #333333;\" href=\"https:\/\/uniagraria.edu.co\/wp-content\/uploads\/2025\/10\/RevistaInvestigacionesVolDoce2024_Digital.pdf\" target=\"_blank\" rel=\"noopener noreferrer\">Volumen\u00a0<strong>12<\/strong>\u00a0\u2022 numero\u00a0<strong>1<\/strong><\/a><\/span><\/td><\/tr><\/tbody><\/table>\t\t\t\t\t\t\t\t<\/div>\n\t\t\t\t<\/div>\n\t\t\t\t<\/div>\n\t\t\t\t\t<\/div>\n\t\t\t\t<\/div>\n\t\t\t\t<\/div>\n\t\t\t\t<\/div>","protected":false},"excerpt":{"rendered":"<p>Revista de Investigaciones de Uniagraria ISSN\u00a0\u2022 2346-0687 La relaci\u00f3n investigaci\u00f3n-divulgaci\u00f3n se ha fortalecido en los \u00faltimos a\u00f1os en el contexto acad\u00e9mico colombiano, al considerar la necesidad de visibilizar la producci\u00f3n cient\u00edfica nacional, no solo a nivel local, sino tambi\u00e9n a nivel internacional. Las directrices nacionales se han actualizado de tal forma que, desde el Departamento [&hellip;]<\/p>\n","protected":false},"author":8,"featured_media":0,"parent":0,"menu_order":0,"comment_status":"closed","ping_status":"closed","template":"","meta":{"_acf_changed":false,"site-sidebar-layout":"no-sidebar","site-content-layout":"","ast-site-content-layout":"full-width-container","site-content-style":"default","site-sidebar-style":"default","ast-global-header-display":"","ast-banner-title-visibility":"","ast-main-header-display":"","ast-hfb-above-header-display":"","ast-hfb-below-header-display":"","ast-hfb-mobile-header-display":"","site-post-title":"disabled","ast-breadcrumbs-content":"","ast-featured-img":"disabled","footer-sml-layout":"","ast-disable-related-posts":"","theme-transparent-header-meta":"default","adv-header-id-meta":"","stick-header-meta":"default","header-above-stick-meta":"","header-main-stick-meta":"","header-below-stick-meta":"","astra-migrate-meta-layouts":"set","ast-page-background-enabled":"default","ast-page-background-meta":{"desktop":{"background-color":"var(--ast-global-color-4)","background-image":"","background-repeat":"repeat","background-position":"center center","background-size":"auto","background-attachment":"scroll","background-type":"","background-media":"","overlay-type":"","overlay-color":"","overlay-opacity":"","overlay-gradient":""},"tablet":{"background-color":"","background-image":"","background-repeat":"repeat","background-position":"center center","background-size":"auto","background-attachment":"scroll","background-type":"","background-media":"","overlay-type":"","overlay-color":"","overlay-opacity":"","overlay-gradient":""},"mobile":{"background-color":"","background-image":"","background-repeat":"repeat","background-position":"center center","background-size":"auto","background-attachment":"scroll","background-type":"","background-media":"","overlay-type":"","overlay-color":"","overlay-opacity":"","overlay-gradient":""}},"ast-content-background-meta":{"desktop":{"background-color":"var(--ast-global-color-5)","background-image":"","background-repeat":"repeat","background-position":"center center","background-size":"auto","background-attachment":"scroll","background-type":"","background-media":"","overlay-type":"","overlay-color":"","overlay-opacity":"","overlay-gradient":""},"tablet":{"background-color":"var(--ast-global-color-5)","background-image":"","background-repeat":"repeat","background-position":"center center","background-size":"auto","background-attachment":"scroll","background-type":"","background-media":"","overlay-type":"","overlay-color":"","overlay-opacity":"","overlay-gradient":""},"mobile":{"background-color":"var(--ast-global-color-5)","background-image":"","background-repeat":"repeat","background-position":"center center","background-size":"auto","background-attachment":"scroll","background-type":"","background-media":"","overlay-type":"","overlay-color":"","overlay-opacity":"","overlay-gradient":""}},"footnotes":""},"class_list":["post-61907","page","type-page","status-publish","hentry"],"acf":[],"yoast_head":"<!-- This site is optimized with the Yoast SEO plugin v27.5 - https:\/\/yoast.com\/product\/yoast-seo-wordpress\/ -->\n<title>Revista de Investigaciones de Uniagraria - UNIAGRARIA<\/title>\n<meta name=\"robots\" content=\"index, follow, max-snippet:-1, max-image-preview:large, max-video-preview:-1\" \/>\n<link rel=\"canonical\" href=\"https:\/\/uniagraria.edu.co\/en\/revista-de-investigaciones-de-uniagraria-2\/\" \/>\n<meta property=\"og:locale\" content=\"en_US\" \/>\n<meta property=\"og:type\" content=\"article\" \/>\n<meta property=\"og:title\" content=\"Revista de Investigaciones de Uniagraria - UNIAGRARIA\" \/>\n<meta property=\"og:description\" content=\"Revista de Investigaciones de Uniagraria ISSN\u00a0\u2022 2346-0687 La relaci\u00f3n investigaci\u00f3n-divulgaci\u00f3n se ha fortalecido en los \u00faltimos a\u00f1os en el contexto acad\u00e9mico colombiano, al considerar la necesidad de visibilizar la producci\u00f3n cient\u00edfica nacional, no solo a nivel local, sino tambi\u00e9n a nivel internacional. Las directrices nacionales se han actualizado de tal forma que, desde el Departamento [&hellip;]\" \/>\n<meta property=\"og:url\" content=\"https:\/\/uniagraria.edu.co\/en\/revista-de-investigaciones-de-uniagraria-2\/\" \/>\n<meta property=\"og:site_name\" content=\"UNIAGRARIA\" \/>\n<meta property=\"article:publisher\" content=\"https:\/\/www.facebook.com\/uagraria\/?locale=es_LA\" \/>\n<meta property=\"article:modified_time\" content=\"2025-10-29T16:09:30+00:00\" \/>\n<meta name=\"twitter:card\" content=\"summary_large_image\" \/>\n<meta name=\"twitter:site\" content=\"@UNIAGRARIA\" \/>\n<meta name=\"twitter:label1\" content=\"Est. reading time\" \/>\n\t<meta name=\"twitter:data1\" content=\"2 minutes\" \/>\n<script type=\"application\/ld+json\" class=\"yoast-schema-graph\">{\"@context\":\"https:\\\/\\\/schema.org\",\"@graph\":[{\"@type\":\"WebPage\",\"@id\":\"https:\\\/\\\/uniagraria.edu.co\\\/es\\\/revista-de-investigaciones-de-uniagraria-2\\\/\",\"url\":\"https:\\\/\\\/uniagraria.edu.co\\\/es\\\/revista-de-investigaciones-de-uniagraria-2\\\/\",\"name\":\"Revista de Investigaciones de Uniagraria - UNIAGRARIA\",\"isPartOf\":{\"@id\":\"https:\\\/\\\/uniagraria.edu.co\\\/es\\\/#website\"},\"datePublished\":\"2025-03-28T00:02:58+00:00\",\"dateModified\":\"2025-10-29T16:09:30+00:00\",\"breadcrumb\":{\"@id\":\"https:\\\/\\\/uniagraria.edu.co\\\/es\\\/revista-de-investigaciones-de-uniagraria-2\\\/#breadcrumb\"},\"inLanguage\":\"en-US\",\"potentialAction\":[{\"@type\":\"ReadAction\",\"target\":[\"https:\\\/\\\/uniagraria.edu.co\\\/es\\\/revista-de-investigaciones-de-uniagraria-2\\\/\"]}]},{\"@type\":\"BreadcrumbList\",\"@id\":\"https:\\\/\\\/uniagraria.edu.co\\\/es\\\/revista-de-investigaciones-de-uniagraria-2\\\/#breadcrumb\",\"itemListElement\":[{\"@type\":\"ListItem\",\"position\":1,\"name\":\"Inicio\",\"item\":\"https:\\\/\\\/uniagraria.edu.co\\\/\"},{\"@type\":\"ListItem\",\"position\":2,\"name\":\"Revista de Investigaciones de Uniagraria\"}]},{\"@type\":\"WebSite\",\"@id\":\"https:\\\/\\\/uniagraria.edu.co\\\/es\\\/#website\",\"url\":\"https:\\\/\\\/uniagraria.edu.co\\\/es\\\/\",\"name\":\"UNIAGRARIA\",\"description\":\"FUNDACION UNIVERSITARIA AGRARIA DE COLOMBIA\",\"publisher\":{\"@id\":\"https:\\\/\\\/uniagraria.edu.co\\\/es\\\/#organization\"},\"potentialAction\":[{\"@type\":\"SearchAction\",\"target\":{\"@type\":\"EntryPoint\",\"urlTemplate\":\"https:\\\/\\\/uniagraria.edu.co\\\/es\\\/?s={search_term_string}\"},\"query-input\":{\"@type\":\"PropertyValueSpecification\",\"valueRequired\":true,\"valueName\":\"search_term_string\"}}],\"inLanguage\":\"en-US\"},{\"@type\":\"Organization\",\"@id\":\"https:\\\/\\\/uniagraria.edu.co\\\/es\\\/#organization\",\"name\":\"UNIAGRARIA\",\"url\":\"https:\\\/\\\/uniagraria.edu.co\\\/es\\\/\",\"logo\":{\"@type\":\"ImageObject\",\"inLanguage\":\"en-US\",\"@id\":\"https:\\\/\\\/uniagraria.edu.co\\\/es\\\/#\\\/schema\\\/logo\\\/image\\\/\",\"url\":\"https:\\\/\\\/novawebmaster.com\\\/uniagraria\\\/wp-content\\\/uploads\\\/2025\\\/02\\\/LogoUa2023Vertical.png\",\"contentUrl\":\"https:\\\/\\\/novawebmaster.com\\\/uniagraria\\\/wp-content\\\/uploads\\\/2025\\\/02\\\/LogoUa2023Vertical.png\",\"width\":3300,\"height\":2550,\"caption\":\"UNIAGRARIA\"},\"image\":{\"@id\":\"https:\\\/\\\/uniagraria.edu.co\\\/es\\\/#\\\/schema\\\/logo\\\/image\\\/\"},\"sameAs\":[\"https:\\\/\\\/www.facebook.com\\\/uagraria\\\/?locale=es_LA\",\"https:\\\/\\\/x.com\\\/UNIAGRARIA\",\"https:\\\/\\\/www.instagram.com\\\/uniagraria\\\/profilecard\\\/?igsh=MXI2bTFlMWsxNzNjOA\",\"https:\\\/\\\/www.tiktok.com\\\/discover\\\/uniagraria?lang=es\",\"https:\\\/\\\/www.linkedin.com\\\/school\\\/uniagraria\\\/?originalSubdomain=co\",\"https:\\\/\\\/www.youtube.com\\\/user\\\/UniagrariaUverde?themeRefresh=1\",\"https:\\\/\\\/api.whatsapp.com\\\/send?phone=3134230649\"]}]}<\/script>\n<!-- \/ Yoast SEO plugin. -->","yoast_head_json":{"title":"Revista de Investigaciones de Uniagraria - UNIAGRARIA","robots":{"index":"index","follow":"follow","max-snippet":"max-snippet:-1","max-image-preview":"max-image-preview:large","max-video-preview":"max-video-preview:-1"},"canonical":"https:\/\/uniagraria.edu.co\/en\/revista-de-investigaciones-de-uniagraria-2\/","og_locale":"en_US","og_type":"article","og_title":"Revista de Investigaciones de Uniagraria - UNIAGRARIA","og_description":"Revista de Investigaciones de Uniagraria ISSN\u00a0\u2022 2346-0687 La relaci\u00f3n investigaci\u00f3n-divulgaci\u00f3n se ha fortalecido en los \u00faltimos a\u00f1os en el contexto acad\u00e9mico colombiano, al considerar la necesidad de visibilizar la producci\u00f3n cient\u00edfica nacional, no solo a nivel local, sino tambi\u00e9n a nivel internacional. Las directrices nacionales se han actualizado de tal forma que, desde el Departamento [&hellip;]","og_url":"https:\/\/uniagraria.edu.co\/en\/revista-de-investigaciones-de-uniagraria-2\/","og_site_name":"UNIAGRARIA","article_publisher":"https:\/\/www.facebook.com\/uagraria\/?locale=es_LA","article_modified_time":"2025-10-29T16:09:30+00:00","twitter_card":"summary_large_image","twitter_site":"@UNIAGRARIA","twitter_misc":{"Est. reading time":"2 minutes"},"schema":{"@context":"https:\/\/schema.org","@graph":[{"@type":"WebPage","@id":"https:\/\/uniagraria.edu.co\/es\/revista-de-investigaciones-de-uniagraria-2\/","url":"https:\/\/uniagraria.edu.co\/es\/revista-de-investigaciones-de-uniagraria-2\/","name":"Revista de Investigaciones de Uniagraria - UNIAGRARIA","isPartOf":{"@id":"https:\/\/uniagraria.edu.co\/es\/#website"},"datePublished":"2025-03-28T00:02:58+00:00","dateModified":"2025-10-29T16:09:30+00:00","breadcrumb":{"@id":"https:\/\/uniagraria.edu.co\/es\/revista-de-investigaciones-de-uniagraria-2\/#breadcrumb"},"inLanguage":"en-US","potentialAction":[{"@type":"ReadAction","target":["https:\/\/uniagraria.edu.co\/es\/revista-de-investigaciones-de-uniagraria-2\/"]}]},{"@type":"BreadcrumbList","@id":"https:\/\/uniagraria.edu.co\/es\/revista-de-investigaciones-de-uniagraria-2\/#breadcrumb","itemListElement":[{"@type":"ListItem","position":1,"name":"Inicio","item":"https:\/\/uniagraria.edu.co\/"},{"@type":"ListItem","position":2,"name":"Revista de Investigaciones de Uniagraria"}]},{"@type":"WebSite","@id":"https:\/\/uniagraria.edu.co\/es\/#website","url":"https:\/\/uniagraria.edu.co\/es\/","name":"Experience the experience and discover the education of","description":"FUNDACION UNIVERSITARIA AGRARIA DE COLOMBIA","publisher":{"@id":"https:\/\/uniagraria.edu.co\/es\/#organization"},"potentialAction":[{"@type":"SearchAction","target":{"@type":"EntryPoint","urlTemplate":"https:\/\/uniagraria.edu.co\/es\/?s={search_term_string}"},"query-input":{"@type":"PropertyValueSpecification","valueRequired":true,"valueName":"search_term_string"}}],"inLanguage":"en-US"},{"@type":"Organization","@id":"https:\/\/uniagraria.edu.co\/es\/#organization","name":"Experience the experience and discover the education of","url":"https:\/\/uniagraria.edu.co\/es\/","logo":{"@type":"ImageObject","inLanguage":"en-US","@id":"https:\/\/uniagraria.edu.co\/es\/#\/schema\/logo\/image\/","url":"https:\/\/novawebmaster.com\/uniagraria\/wp-content\/uploads\/2025\/02\/LogoUa2023Vertical.png","contentUrl":"https:\/\/novawebmaster.com\/uniagraria\/wp-content\/uploads\/2025\/02\/LogoUa2023Vertical.png","width":3300,"height":2550,"caption":"UNIAGRARIA"},"image":{"@id":"https:\/\/uniagraria.edu.co\/es\/#\/schema\/logo\/image\/"},"sameAs":["https:\/\/www.facebook.com\/uagraria\/?locale=es_LA","https:\/\/x.com\/UNIAGRARIA","https:\/\/www.instagram.com\/uniagraria\/profilecard\/?igsh=MXI2bTFlMWsxNzNjOA","https:\/\/www.tiktok.com\/discover\/uniagraria?lang=es","https:\/\/www.linkedin.com\/school\/uniagraria\/?originalSubdomain=co","https:\/\/www.youtube.com\/user\/UniagrariaUverde?themeRefresh=1","https:\/\/api.whatsapp.com\/send?phone=3134230649"]}]}},"_links":{"self":[{"href":"https:\/\/uniagraria.edu.co\/en\/wp-json\/wp\/v2\/pages\/61907","targetHints":{"allow":["GET"]}}],"collection":[{"href":"https:\/\/uniagraria.edu.co\/en\/wp-json\/wp\/v2\/pages"}],"about":[{"href":"https:\/\/uniagraria.edu.co\/en\/wp-json\/wp\/v2\/types\/page"}],"author":[{"embeddable":true,"href":"https:\/\/uniagraria.edu.co\/en\/wp-json\/wp\/v2\/users\/8"}],"replies":[{"embeddable":true,"href":"https:\/\/uniagraria.edu.co\/en\/wp-json\/wp\/v2\/comments?post=61907"}],"version-history":[{"count":0,"href":"https:\/\/uniagraria.edu.co\/en\/wp-json\/wp\/v2\/pages\/61907\/revisions"}],"wp:attachment":[{"href":"https:\/\/uniagraria.edu.co\/en\/wp-json\/wp\/v2\/media?parent=61907"}],"curies":[{"name":"wp","href":"https:\/\/api.w.org\/{rel}","templated":true}]}}