{"id":67433,"date":"2025-05-13T11:50:37","date_gmt":"2025-05-13T16:50:37","guid":{"rendered":"https:\/\/novawebmaster.com\/uniagraria\/?page_id=67433"},"modified":"2025-05-13T12:29:49","modified_gmt":"2025-05-13T17:29:49","slug":"sistema-de-informacion-academico","status":"publish","type":"page","link":"https:\/\/uniagraria.edu.co\/en\/sistema-de-informacion-academico\/","title":{"rendered":"Information system Academic"},"content":{"rendered":"<div data-elementor-type=\"wp-page\" data-elementor-id=\"67433\" class=\"elementor elementor-67433\" data-elementor-post-type=\"page\">\n\t\t\t\t<div class=\"elementor-element elementor-element-3ed5b70 e-flex e-con-boxed e-con e-parent\" data-id=\"3ed5b70\" data-element_type=\"container\" data-e-type=\"container\" data-settings=\"{&quot;background_background&quot;:&quot;classic&quot;}\">\n\t\t\t\t\t<div class=\"e-con-inner\">\n\t\t<div class=\"elementor-element elementor-element-265a21e e-con-full e-flex e-con e-child\" data-id=\"265a21e\" data-element_type=\"container\" data-e-type=\"container\">\n\t\t<div class=\"elementor-element elementor-element-f6e391d e-con-full e-flex e-con e-child\" data-id=\"f6e391d\" data-element_type=\"container\" data-e-type=\"container\">\n\t\t\t\t<\/div>\n\t\t<div class=\"elementor-element elementor-element-24c2873 e-con-full e-flex e-con e-child\" data-id=\"24c2873\" data-element_type=\"container\" data-e-type=\"container\">\n\t\t\t\t<div class=\"elementor-element elementor-element-d3cdec7 elementor-widget elementor-widget-heading\" data-id=\"d3cdec7\" data-element_type=\"widget\" data-e-type=\"widget\" data-widget_type=\"heading.default\">\n\t\t\t\t<div class=\"elementor-widget-container\">\n\t\t\t\t\t<h2 class=\"elementor-heading-title elementor-size-default\">Information system Academic<\/h2>\t\t\t\t<\/div>\n\t\t\t\t<\/div>\n\t\t\t\t<\/div>\n\t\t\t\t<\/div>\n\t\t\t\t\t<\/div>\n\t\t\t\t<\/div>\n\t\t<div class=\"elementor-element elementor-element-27aca3df e-con-full e-flex e-con e-parent\" data-id=\"27aca3df\" data-element_type=\"container\" data-e-type=\"container\" data-settings=\"{&quot;background_background&quot;:&quot;classic&quot;}\">\n\t\t<div class=\"elementor-element elementor-element-5b1e19b3 e-flex e-con-boxed e-con e-child\" data-id=\"5b1e19b3\" data-element_type=\"container\" data-e-type=\"container\">\n\t\t\t\t\t<div class=\"e-con-inner\">\n\t\t<div class=\"elementor-element elementor-element-66e68e06 e-con-full e-flex e-con e-child\" data-id=\"66e68e06\" data-element_type=\"container\" data-e-type=\"container\" data-settings=\"{&quot;background_background&quot;:&quot;classic&quot;}\">\n\t\t\t\t<div class=\"elementor-element elementor-element-2f5ec876 elementor-widget elementor-widget-text-editor\" data-id=\"2f5ec876\" data-element_type=\"widget\" data-e-type=\"widget\" data-widget_type=\"text-editor.default\">\n\t\t\t\t<div class=\"elementor-widget-container\">\n\t\t\t\t\t\t\t\t\t<p>\u00a1Hemos cambiado para mejorar! Ahora contamos con nuevos servicios para nuestros estudiantes, docentes y administrativos. Bienvenidos al sistema de informaci\u00f3n Acad\u00e9mico EPKUA.<\/p><p>El Sistema de Informaci\u00f3n Acad\u00e9mico es una plataforma tecnol\u00f3gica en la cual se pueden encontrar los siguientes servicios:<\/p><ul><li><strong>Estudiantes:<\/strong>\u00a0para la consulta de informaci\u00f3n acad\u00e9mica como las calificaciones.<\/li><li><strong>Docentes:<\/strong>\u00a0para el registro de informaci\u00f3n de sus estudiantes.<\/li><li><strong>Administrative:<\/strong>\u00a0para el registro de los resultados de las entrevistas.<\/li><\/ul><p>En t\u00e9rminos generales, en este aplicativo se agilizan y facilitan ahora los procesos.<\/p>\t\t\t\t\t\t\t\t<\/div>\n\t\t\t\t<\/div>\n\t\t\t\t<div class=\"elementor-element elementor-element-16f27e81 elementor-widget elementor-widget-heading\" data-id=\"16f27e81\" data-element_type=\"widget\" data-e-type=\"widget\" data-widget_type=\"heading.default\">\n\t\t\t\t<div class=\"elementor-widget-container\">\n\t\t\t\t\t<h2 class=\"elementor-heading-title elementor-size-default\">\u00bfC\u00f3mo ingresar?<\/h2>\t\t\t\t<\/div>\n\t\t\t\t<\/div>\n\t\t<div class=\"elementor-element elementor-element-46b7c04 e-con-full e-flex e-con e-child\" data-id=\"46b7c04\" data-element_type=\"container\" data-e-type=\"container\">\n\t\t<div class=\"elementor-element elementor-element-91d080c e-con-full e-flex e-con e-child\" data-id=\"91d080c\" data-element_type=\"container\" data-e-type=\"container\">\n\t\t\t\t<div class=\"elementor-element elementor-element-351aebc elementor-position-top elementor-widget elementor-widget-image-box\" data-id=\"351aebc\" data-element_type=\"widget\" data-e-type=\"widget\" data-widget_type=\"image-box.default\">\n\t\t\t\t<div class=\"elementor-widget-container\">\n\t\t\t\t\t<div class=\"elementor-image-box-wrapper\"><figure class=\"elementor-image-box-img\"><a href=\"https:\/\/www.uniagraria.edu.co\/docentesold\/index.php\/editar-perfil?view=login\" target=\"_blank\" tabindex=\"-1\"><img fetchpriority=\"high\" decoding=\"async\" width=\"1080\" height=\"1080\" src=\"https:\/\/uniagraria.edu.co\/wp-content\/uploads\/2025\/04\/Diseno-sin-titulo-39.png\" class=\"attachment-full size-full wp-image-64517\" alt=\"\" srcset=\"https:\/\/uniagraria.edu.co\/wp-content\/uploads\/2025\/04\/Diseno-sin-titulo-39.png 1080w, https:\/\/uniagraria.edu.co\/wp-content\/uploads\/2025\/04\/Diseno-sin-titulo-39-300x300.png 300w, https:\/\/uniagraria.edu.co\/wp-content\/uploads\/2025\/04\/Diseno-sin-titulo-39-1024x1024.png 1024w, https:\/\/uniagraria.edu.co\/wp-content\/uploads\/2025\/04\/Diseno-sin-titulo-39-150x150.png 150w, https:\/\/uniagraria.edu.co\/wp-content\/uploads\/2025\/04\/Diseno-sin-titulo-39-768x768.png 768w\" sizes=\"(max-width: 1080px) 100vw, 1080px\" \/><\/a><\/figure><div class=\"elementor-image-box-content\"><h3 class=\"elementor-image-box-title\"><a href=\"https:\/\/www.uniagraria.edu.co\/docentesold\/index.php\/editar-perfil?view=login\" target=\"_blank\">Plataforma para Docentes<\/a><\/h3><\/div><\/div>\t\t\t\t<\/div>\n\t\t\t\t<\/div>\n\t\t\t\t<\/div>\n\t\t<div class=\"elementor-element elementor-element-3e36279 e-con-full e-flex e-con e-child\" data-id=\"3e36279\" data-element_type=\"container\" data-e-type=\"container\">\n\t\t\t\t<div class=\"elementor-element elementor-element-fc8330b elementor-position-top elementor-widget elementor-widget-image-box\" data-id=\"fc8330b\" data-element_type=\"widget\" data-e-type=\"widget\" data-widget_type=\"image-box.default\">\n\t\t\t\t<div class=\"elementor-widget-container\">\n\t\t\t\t\t<div class=\"elementor-image-box-wrapper\"><figure class=\"elementor-image-box-img\"><a href=\"https:\/\/uniagraria.edu.co\/estudiantes\/\" tabindex=\"-1\"><img decoding=\"async\" width=\"1080\" height=\"1080\" src=\"https:\/\/uniagraria.edu.co\/wp-content\/uploads\/2025\/04\/Diseno-sin-titulo-36.png\" class=\"attachment-full size-full wp-image-63940\" alt=\"\" srcset=\"https:\/\/uniagraria.edu.co\/wp-content\/uploads\/2025\/04\/Diseno-sin-titulo-36.png 1080w, https:\/\/uniagraria.edu.co\/wp-content\/uploads\/2025\/04\/Diseno-sin-titulo-36-300x300.png 300w, https:\/\/uniagraria.edu.co\/wp-content\/uploads\/2025\/04\/Diseno-sin-titulo-36-1024x1024.png 1024w, https:\/\/uniagraria.edu.co\/wp-content\/uploads\/2025\/04\/Diseno-sin-titulo-36-150x150.png 150w, https:\/\/uniagraria.edu.co\/wp-content\/uploads\/2025\/04\/Diseno-sin-titulo-36-768x768.png 768w, https:\/\/uniagraria.edu.co\/wp-content\/uploads\/2025\/04\/Diseno-sin-titulo-36-12x12.png 12w\" sizes=\"(max-width: 1080px) 100vw, 1080px\" \/><\/a><\/figure><div class=\"elementor-image-box-content\"><h3 class=\"elementor-image-box-title\"><a href=\"https:\/\/uniagraria.edu.co\/estudiantes\/\">Plataforma para Estudiantes<\/a><\/h3><\/div><\/div>\t\t\t\t<\/div>\n\t\t\t\t<\/div>\n\t\t\t\t<\/div>\n\t\t<div class=\"elementor-element elementor-element-8578db0 e-con-full e-flex e-con e-child\" data-id=\"8578db0\" data-element_type=\"container\" data-e-type=\"container\">\n\t\t\t\t<div class=\"elementor-element elementor-element-2beb8d0 elementor-position-top elementor-widget elementor-widget-image-box\" data-id=\"2beb8d0\" data-element_type=\"widget\" data-e-type=\"widget\" data-widget_type=\"image-box.default\">\n\t\t\t\t<div class=\"elementor-widget-container\">\n\t\t\t\t\t<div class=\"elementor-image-box-wrapper\"><figure class=\"elementor-image-box-img\"><a href=\"https:\/\/www.uniagraria.edu.co\/administrativos\/index.php\/editar-perfil?view=login\" target=\"_blank\" tabindex=\"-1\"><img decoding=\"async\" width=\"1080\" height=\"1080\" src=\"https:\/\/uniagraria.edu.co\/wp-content\/uploads\/2025\/04\/Diseno-sin-titulo-34.png\" class=\"attachment-full size-full wp-image-63939\" alt=\"\" srcset=\"https:\/\/uniagraria.edu.co\/wp-content\/uploads\/2025\/04\/Diseno-sin-titulo-34.png 1080w, https:\/\/uniagraria.edu.co\/wp-content\/uploads\/2025\/04\/Diseno-sin-titulo-34-300x300.png 300w, https:\/\/uniagraria.edu.co\/wp-content\/uploads\/2025\/04\/Diseno-sin-titulo-34-1024x1024.png 1024w, https:\/\/uniagraria.edu.co\/wp-content\/uploads\/2025\/04\/Diseno-sin-titulo-34-150x150.png 150w, https:\/\/uniagraria.edu.co\/wp-content\/uploads\/2025\/04\/Diseno-sin-titulo-34-768x768.png 768w, https:\/\/uniagraria.edu.co\/wp-content\/uploads\/2025\/04\/Diseno-sin-titulo-34-12x12.png 12w\" sizes=\"(max-width: 1080px) 100vw, 1080px\" \/><\/a><\/figure><div class=\"elementor-image-box-content\"><h3 class=\"elementor-image-box-title\"><a href=\"https:\/\/www.uniagraria.edu.co\/administrativos\/index.php\/editar-perfil?view=login\" target=\"_blank\">Plataforma para Administrativos<\/a><\/h3><\/div><\/div>\t\t\t\t<\/div>\n\t\t\t\t<\/div>\n\t\t\t\t<\/div>\n\t\t\t\t<\/div>\n\t\t<div class=\"elementor-element elementor-element-7fcbcd6 e-con-full e-flex e-con e-child\" data-id=\"7fcbcd6\" data-element_type=\"container\" data-e-type=\"container\">\n\t\t<div class=\"elementor-element elementor-element-2a882b4 e-con-full e-flex e-con e-child\" data-id=\"2a882b4\" data-element_type=\"container\" data-e-type=\"container\">\n\t\t\t\t<div class=\"elementor-element elementor-element-aa2f2ed elementor-align-justify elementor-widget elementor-widget-button\" data-id=\"aa2f2ed\" data-element_type=\"widget\" data-e-type=\"widget\" data-widget_type=\"button.default\">\n\t\t\t\t<div class=\"elementor-widget-container\">\n\t\t\t\t\t\t\t\t\t<div class=\"elementor-button-wrapper\">\n\t\t\t\t\t<a class=\"elementor-button elementor-button-link elementor-size-sm elementor-animation-shrink\" href=\"https:\/\/uniagraria.edu.co\/wp-content\/uploads\/2025\/05\/GUIA-INGRESO-SIA-PORTAL-UNIAGRARIA-GA-AR-018SIA.pdf\" target=\"_blank\">\n\t\t\t\t\t\t<span class=\"elementor-button-content-wrapper\">\n\t\t\t\t\t\t\t\t\t<span class=\"elementor-button-text\">Gu\u00eda de ingreso al portal Uniagraria<\/span>\n\t\t\t\t\t<\/span>\n\t\t\t\t\t<\/a>\n\t\t\t\t<\/div>\n\t\t\t\t\t\t\t\t<\/div>\n\t\t\t\t<\/div>\n\t\t\t\t<\/div>\n\t\t\t\t<\/div>\n\t\t\t\t<\/div>\n\t\t\t\t\t<\/div>\n\t\t\t\t<\/div>\n\t\t\t\t<\/div>\n\t\t\t\t<\/div>","protected":false},"excerpt":{"rendered":"<p>Sistema de Informaci\u00f3n Acad\u00e9mico \u00a1Hemos cambiado para mejorar! Ahora contamos con nuevos servicios para nuestros estudiantes, docentes y administrativos. Bienvenidos al sistema de informaci\u00f3n Acad\u00e9mico EPKUA. El Sistema de Informaci\u00f3n Acad\u00e9mico es una plataforma tecnol\u00f3gica en la cual se pueden encontrar los siguientes servicios: Estudiantes:\u00a0para la consulta de informaci\u00f3n acad\u00e9mica como las calificaciones. Docentes:\u00a0para el [&hellip;]<\/p>\n","protected":false},"author":1,"featured_media":0,"parent":0,"menu_order":0,"comment_status":"closed","ping_status":"closed","template":"","meta":{"_acf_changed":false,"site-sidebar-layout":"no-sidebar","site-content-layout":"","ast-site-content-layout":"full-width-container","site-content-style":"default","site-sidebar-style":"default","ast-global-header-display":"","ast-banner-title-visibility":"","ast-main-header-display":"","ast-hfb-above-header-display":"","ast-hfb-below-header-display":"","ast-hfb-mobile-header-display":"","site-post-title":"disabled","ast-breadcrumbs-content":"","ast-featured-img":"disabled","footer-sml-layout":"","ast-disable-related-posts":"","theme-transparent-header-meta":"default","adv-header-id-meta":"","stick-header-meta":"default","header-above-stick-meta":"","header-main-stick-meta":"","header-below-stick-meta":"","astra-migrate-meta-layouts":"set","ast-page-background-enabled":"default","ast-page-background-meta":{"desktop":{"background-color":"var(--ast-global-color-4)","background-image":"","background-repeat":"repeat","background-position":"center center","background-size":"auto","background-attachment":"scroll","background-type":"","background-media":"","overlay-type":"","overlay-color":"","overlay-opacity":"","overlay-gradient":""},"tablet":{"background-color":"","background-image":"","background-repeat":"repeat","background-position":"center center","background-size":"auto","background-attachment":"scroll","background-type":"","background-media":"","overlay-type":"","overlay-color":"","overlay-opacity":"","overlay-gradient":""},"mobile":{"background-color":"","background-image":"","background-repeat":"repeat","background-position":"center center","background-size":"auto","background-attachment":"scroll","background-type":"","background-media":"","overlay-type":"","overlay-color":"","overlay-opacity":"","overlay-gradient":""}},"ast-content-background-meta":{"desktop":{"background-color":"var(--ast-global-color-5)","background-image":"","background-repeat":"repeat","background-position":"center center","background-size":"auto","background-attachment":"scroll","background-type":"","background-media":"","overlay-type":"","overlay-color":"","overlay-opacity":"","overlay-gradient":""},"tablet":{"background-color":"var(--ast-global-color-5)","background-image":"","background-repeat":"repeat","background-position":"center center","background-size":"auto","background-attachment":"scroll","background-type":"","background-media":"","overlay-type":"","overlay-color":"","overlay-opacity":"","overlay-gradient":""},"mobile":{"background-color":"var(--ast-global-color-5)","background-image":"","background-repeat":"repeat","background-position":"center center","background-size":"auto","background-attachment":"scroll","background-type":"","background-media":"","overlay-type":"","overlay-color":"","overlay-opacity":"","overlay-gradient":""}},"footnotes":""},"class_list":["post-67433","page","type-page","status-publish","hentry"],"acf":[],"yoast_head":"<!-- This site is optimized with the Yoast SEO plugin v27.2 - https:\/\/yoast.com\/product\/yoast-seo-wordpress\/ -->\n<title>Sistema de Informaci\u00f3n Acad\u00e9mico - UNIAGRARIA<\/title>\n<meta name=\"robots\" content=\"index, follow, max-snippet:-1, max-image-preview:large, max-video-preview:-1\" \/>\n<link rel=\"canonical\" href=\"https:\/\/uniagraria.edu.co\/en\/sistema-de-informacion-academico\/\" \/>\n<meta property=\"og:locale\" content=\"en_US\" \/>\n<meta property=\"og:type\" content=\"article\" \/>\n<meta property=\"og:title\" content=\"Sistema de Informaci\u00f3n Acad\u00e9mico - UNIAGRARIA\" \/>\n<meta property=\"og:description\" content=\"Sistema de Informaci\u00f3n Acad\u00e9mico \u00a1Hemos cambiado para mejorar! Ahora contamos con nuevos servicios para nuestros estudiantes, docentes y administrativos. Bienvenidos al sistema de informaci\u00f3n Acad\u00e9mico EPKUA. El Sistema de Informaci\u00f3n Acad\u00e9mico es una plataforma tecnol\u00f3gica en la cual se pueden encontrar los siguientes servicios: Estudiantes:\u00a0para la consulta de informaci\u00f3n acad\u00e9mica como las calificaciones. Docentes:\u00a0para el [&hellip;]\" \/>\n<meta property=\"og:url\" content=\"https:\/\/uniagraria.edu.co\/en\/sistema-de-informacion-academico\/\" \/>\n<meta property=\"og:site_name\" content=\"UNIAGRARIA\" \/>\n<meta property=\"article:publisher\" content=\"https:\/\/www.facebook.com\/uagraria\/?locale=es_LA\" \/>\n<meta property=\"article:modified_time\" content=\"2025-05-13T17:29:49+00:00\" \/>\n<meta property=\"og:image\" content=\"https:\/\/novawebmaster.com\/uniagraria\/wp-content\/uploads\/2025\/04\/Diseno-sin-titulo-39.png\" \/>\n<meta name=\"twitter:card\" content=\"summary_large_image\" \/>\n<meta name=\"twitter:site\" content=\"@UNIAGRARIA\" \/>\n<meta name=\"twitter:label1\" content=\"Est. reading time\" \/>\n\t<meta name=\"twitter:data1\" content=\"1 minute\" \/>\n<script type=\"application\/ld+json\" class=\"yoast-schema-graph\">{\"@context\":\"https:\/\/schema.org\",\"@graph\":[{\"@type\":\"WebPage\",\"@id\":\"https:\/\/uniagraria.edu.co\/es\/sistema-de-informacion-academico\/\",\"url\":\"https:\/\/uniagraria.edu.co\/es\/sistema-de-informacion-academico\/\",\"name\":\"Sistema de Informaci\u00f3n Acad\u00e9mico - UNIAGRARIA\",\"isPartOf\":{\"@id\":\"https:\/\/uniagraria.edu.co\/es\/#website\"},\"primaryImageOfPage\":{\"@id\":\"https:\/\/uniagraria.edu.co\/es\/sistema-de-informacion-academico\/#primaryimage\"},\"image\":{\"@id\":\"https:\/\/uniagraria.edu.co\/es\/sistema-de-informacion-academico\/#primaryimage\"},\"thumbnailUrl\":\"https:\/\/novawebmaster.com\/uniagraria\/wp-content\/uploads\/2025\/04\/Diseno-sin-titulo-39.png\",\"datePublished\":\"2025-05-13T16:50:37+00:00\",\"dateModified\":\"2025-05-13T17:29:49+00:00\",\"breadcrumb\":{\"@id\":\"https:\/\/uniagraria.edu.co\/es\/sistema-de-informacion-academico\/#breadcrumb\"},\"inLanguage\":\"en-US\",\"potentialAction\":[{\"@type\":\"ReadAction\",\"target\":[\"https:\/\/uniagraria.edu.co\/es\/sistema-de-informacion-academico\/\"]}]},{\"@type\":\"ImageObject\",\"inLanguage\":\"en-US\",\"@id\":\"https:\/\/uniagraria.edu.co\/es\/sistema-de-informacion-academico\/#primaryimage\",\"url\":\"https:\/\/novawebmaster.com\/uniagraria\/wp-content\/uploads\/2025\/04\/Diseno-sin-titulo-39.png\",\"contentUrl\":\"https:\/\/novawebmaster.com\/uniagraria\/wp-content\/uploads\/2025\/04\/Diseno-sin-titulo-39.png\"},{\"@type\":\"BreadcrumbList\",\"@id\":\"https:\/\/uniagraria.edu.co\/es\/sistema-de-informacion-academico\/#breadcrumb\",\"itemListElement\":[{\"@type\":\"ListItem\",\"position\":1,\"name\":\"Inicio\",\"item\":\"https:\/\/uniagraria.edu.co\/es\/\"},{\"@type\":\"ListItem\",\"position\":2,\"name\":\"Sistema de Informaci\u00f3n Acad\u00e9mico\"}]},{\"@type\":\"WebSite\",\"@id\":\"https:\/\/uniagraria.edu.co\/es\/#website\",\"url\":\"https:\/\/uniagraria.edu.co\/es\/\",\"name\":\"UNIAGRARIA\",\"description\":\"FUNDACION UNIVERSITARIA AGRARIA DE COLOMBIA\",\"publisher\":{\"@id\":\"https:\/\/uniagraria.edu.co\/es\/#organization\"},\"potentialAction\":[{\"@type\":\"SearchAction\",\"target\":{\"@type\":\"EntryPoint\",\"urlTemplate\":\"https:\/\/uniagraria.edu.co\/es\/?s={search_term_string}\"},\"query-input\":{\"@type\":\"PropertyValueSpecification\",\"valueRequired\":true,\"valueName\":\"search_term_string\"}}],\"inLanguage\":\"en-US\"},{\"@type\":\"Organization\",\"@id\":\"https:\/\/uniagraria.edu.co\/es\/#organization\",\"name\":\"UNIAGRARIA\",\"url\":\"https:\/\/uniagraria.edu.co\/es\/\",\"logo\":{\"@type\":\"ImageObject\",\"inLanguage\":\"en-US\",\"@id\":\"https:\/\/uniagraria.edu.co\/es\/#\/schema\/logo\/image\/\",\"url\":\"https:\/\/novawebmaster.com\/uniagraria\/wp-content\/uploads\/2025\/02\/LogoUa2023Vertical.png\",\"contentUrl\":\"https:\/\/novawebmaster.com\/uniagraria\/wp-content\/uploads\/2025\/02\/LogoUa2023Vertical.png\",\"width\":3300,\"height\":2550,\"caption\":\"UNIAGRARIA\"},\"image\":{\"@id\":\"https:\/\/uniagraria.edu.co\/es\/#\/schema\/logo\/image\/\"},\"sameAs\":[\"https:\/\/www.facebook.com\/uagraria\/?locale=es_LA\",\"https:\/\/x.com\/UNIAGRARIA\",\"https:\/\/www.instagram.com\/uniagraria\/profilecard\/?igsh=MXI2bTFlMWsxNzNjOA\",\"https:\/\/www.tiktok.com\/discover\/uniagraria?lang=es\",\"https:\/\/www.linkedin.com\/school\/uniagraria\/?originalSubdomain=co\",\"https:\/\/www.youtube.com\/user\/UniagrariaUverde?themeRefresh=1\",\"https:\/\/api.whatsapp.com\/send?phone=3134230649\"]}]}<\/script>\n<!-- \/ Yoast SEO plugin. -->","yoast_head_json":{"title":"Sistema de Informaci\u00f3n Acad\u00e9mico - UNIAGRARIA","robots":{"index":"index","follow":"follow","max-snippet":"max-snippet:-1","max-image-preview":"max-image-preview:large","max-video-preview":"max-video-preview:-1"},"canonical":"https:\/\/uniagraria.edu.co\/en\/sistema-de-informacion-academico\/","og_locale":"en_US","og_type":"article","og_title":"Sistema de Informaci\u00f3n Acad\u00e9mico - UNIAGRARIA","og_description":"Sistema de Informaci\u00f3n Acad\u00e9mico \u00a1Hemos cambiado para mejorar! Ahora contamos con nuevos servicios para nuestros estudiantes, docentes y administrativos. Bienvenidos al sistema de informaci\u00f3n Acad\u00e9mico EPKUA. El Sistema de Informaci\u00f3n Acad\u00e9mico es una plataforma tecnol\u00f3gica en la cual se pueden encontrar los siguientes servicios: Estudiantes:\u00a0para la consulta de informaci\u00f3n acad\u00e9mica como las calificaciones. Docentes:\u00a0para el [&hellip;]","og_url":"https:\/\/uniagraria.edu.co\/en\/sistema-de-informacion-academico\/","og_site_name":"UNIAGRARIA","article_publisher":"https:\/\/www.facebook.com\/uagraria\/?locale=es_LA","article_modified_time":"2025-05-13T17:29:49+00:00","og_image":[{"url":"https:\/\/novawebmaster.com\/uniagraria\/wp-content\/uploads\/2025\/04\/Diseno-sin-titulo-39.png","type":"","width":"","height":""}],"twitter_card":"summary_large_image","twitter_site":"@UNIAGRARIA","twitter_misc":{"Est. reading time":"1 minute"},"schema":{"@context":"https:\/\/schema.org","@graph":[{"@type":"WebPage","@id":"https:\/\/uniagraria.edu.co\/es\/sistema-de-informacion-academico\/","url":"https:\/\/uniagraria.edu.co\/es\/sistema-de-informacion-academico\/","name":"Sistema de Informaci\u00f3n Acad\u00e9mico - UNIAGRARIA","isPartOf":{"@id":"https:\/\/uniagraria.edu.co\/es\/#website"},"primaryImageOfPage":{"@id":"https:\/\/uniagraria.edu.co\/es\/sistema-de-informacion-academico\/#primaryimage"},"image":{"@id":"https:\/\/uniagraria.edu.co\/es\/sistema-de-informacion-academico\/#primaryimage"},"thumbnailUrl":"https:\/\/novawebmaster.com\/uniagraria\/wp-content\/uploads\/2025\/04\/Diseno-sin-titulo-39.png","datePublished":"2025-05-13T16:50:37+00:00","dateModified":"2025-05-13T17:29:49+00:00","breadcrumb":{"@id":"https:\/\/uniagraria.edu.co\/es\/sistema-de-informacion-academico\/#breadcrumb"},"inLanguage":"en-US","potentialAction":[{"@type":"ReadAction","target":["https:\/\/uniagraria.edu.co\/es\/sistema-de-informacion-academico\/"]}]},{"@type":"ImageObject","inLanguage":"en-US","@id":"https:\/\/uniagraria.edu.co\/es\/sistema-de-informacion-academico\/#primaryimage","url":"https:\/\/novawebmaster.com\/uniagraria\/wp-content\/uploads\/2025\/04\/Diseno-sin-titulo-39.png","contentUrl":"https:\/\/novawebmaster.com\/uniagraria\/wp-content\/uploads\/2025\/04\/Diseno-sin-titulo-39.png"},{"@type":"BreadcrumbList","@id":"https:\/\/uniagraria.edu.co\/es\/sistema-de-informacion-academico\/#breadcrumb","itemListElement":[{"@type":"ListItem","position":1,"name":"Inicio","item":"https:\/\/uniagraria.edu.co\/es\/"},{"@type":"ListItem","position":2,"name":"Sistema de Informaci\u00f3n Acad\u00e9mico"}]},{"@type":"WebSite","@id":"https:\/\/uniagraria.edu.co\/es\/#website","url":"https:\/\/uniagraria.edu.co\/es\/","name":"Experience the experience and discover the education of","description":"FUNDACION UNIVERSITARIA AGRARIA DE COLOMBIA","publisher":{"@id":"https:\/\/uniagraria.edu.co\/es\/#organization"},"potentialAction":[{"@type":"SearchAction","target":{"@type":"EntryPoint","urlTemplate":"https:\/\/uniagraria.edu.co\/es\/?s={search_term_string}"},"query-input":{"@type":"PropertyValueSpecification","valueRequired":true,"valueName":"search_term_string"}}],"inLanguage":"en-US"},{"@type":"Organization","@id":"https:\/\/uniagraria.edu.co\/es\/#organization","name":"Experience the experience and discover the education of","url":"https:\/\/uniagraria.edu.co\/es\/","logo":{"@type":"ImageObject","inLanguage":"en-US","@id":"https:\/\/uniagraria.edu.co\/es\/#\/schema\/logo\/image\/","url":"https:\/\/novawebmaster.com\/uniagraria\/wp-content\/uploads\/2025\/02\/LogoUa2023Vertical.png","contentUrl":"https:\/\/novawebmaster.com\/uniagraria\/wp-content\/uploads\/2025\/02\/LogoUa2023Vertical.png","width":3300,"height":2550,"caption":"UNIAGRARIA"},"image":{"@id":"https:\/\/uniagraria.edu.co\/es\/#\/schema\/logo\/image\/"},"sameAs":["https:\/\/www.facebook.com\/uagraria\/?locale=es_LA","https:\/\/x.com\/UNIAGRARIA","https:\/\/www.instagram.com\/uniagraria\/profilecard\/?igsh=MXI2bTFlMWsxNzNjOA","https:\/\/www.tiktok.com\/discover\/uniagraria?lang=es","https:\/\/www.linkedin.com\/school\/uniagraria\/?originalSubdomain=co","https:\/\/www.youtube.com\/user\/UniagrariaUverde?themeRefresh=1","https:\/\/api.whatsapp.com\/send?phone=3134230649"]}]}},"_links":{"self":[{"href":"https:\/\/uniagraria.edu.co\/en\/wp-json\/wp\/v2\/pages\/67433","targetHints":{"allow":["GET"]}}],"collection":[{"href":"https:\/\/uniagraria.edu.co\/en\/wp-json\/wp\/v2\/pages"}],"about":[{"href":"https:\/\/uniagraria.edu.co\/en\/wp-json\/wp\/v2\/types\/page"}],"author":[{"embeddable":true,"href":"https:\/\/uniagraria.edu.co\/en\/wp-json\/wp\/v2\/users\/1"}],"replies":[{"embeddable":true,"href":"https:\/\/uniagraria.edu.co\/en\/wp-json\/wp\/v2\/comments?post=67433"}],"version-history":[{"count":13,"href":"https:\/\/uniagraria.edu.co\/en\/wp-json\/wp\/v2\/pages\/67433\/revisions"}],"predecessor-version":[{"id":67504,"href":"https:\/\/uniagraria.edu.co\/en\/wp-json\/wp\/v2\/pages\/67433\/revisions\/67504"}],"wp:attachment":[{"href":"https:\/\/uniagraria.edu.co\/en\/wp-json\/wp\/v2\/media?parent=67433"}],"curies":[{"name":"wp","href":"https:\/\/api.w.org\/{rel}","templated":true}]}}