{"id":77010,"date":"2025-08-13T11:02:33","date_gmt":"2025-08-13T16:02:33","guid":{"rendered":"https:\/\/novawebmaster.com\/uniagraria\/?page_id=77010"},"modified":"2026-02-23T19:57:50","modified_gmt":"2026-02-24T00:57:50","slug":"plan-de-contingencia","status":"publish","type":"page","link":"https:\/\/uniagraria.edu.co\/en\/aseguramiento-de-la-calidad\/plan-de-contingencia\/","title":{"rendered":"Contingency Plan"},"content":{"rendered":"<div data-elementor-type=\"wp-page\" data-elementor-id=\"77010\" class=\"elementor elementor-77010\" data-elementor-post-type=\"page\">\n\t\t\t\t<div class=\"elementor-element elementor-element-7d0635a e-con-full e-flex e-con e-parent\" data-id=\"7d0635a\" data-element_type=\"container\" data-e-type=\"container\" data-settings=\"{&quot;background_background&quot;:&quot;classic&quot;}\">\n\t\t<div class=\"elementor-element elementor-element-8a28c2d e-flex e-con-boxed e-con e-child\" data-id=\"8a28c2d\" data-element_type=\"container\" data-e-type=\"container\">\n\t\t\t\t\t<div class=\"e-con-inner\">\n\t\t\t\t<div class=\"elementor-element elementor-element-384d415 elementor-widget elementor-widget-heading\" data-id=\"384d415\" data-element_type=\"widget\" data-e-type=\"widget\" data-widget_type=\"heading.default\">\n\t\t\t\t\t<h2 class=\"elementor-heading-title elementor-size-default\">Contingency Plan<\/h2>\t\t\t\t<\/div>\n\t\t<div class=\"elementor-element elementor-element-de0fb25 e-con-full e-flex e-con e-child\" data-id=\"de0fb25\" data-element_type=\"container\" data-e-type=\"container\">\n\t\t<div class=\"elementor-element elementor-element-a8dec60 e-con-full e-flex e-con e-child\" data-id=\"a8dec60\" data-element_type=\"container\" data-e-type=\"container\" data-settings=\"{&quot;background_background&quot;:&quot;classic&quot;}\">\n\t\t\t\t<\/div>\n\t\t<div class=\"elementor-element elementor-element-d1253d0 e-con-full e-flex e-con e-child\" data-id=\"d1253d0\" data-element_type=\"container\" data-e-type=\"container\">\n\t\t<div class=\"elementor-element elementor-element-154e883 e-con-full e-flex e-con e-child\" data-id=\"154e883\" data-element_type=\"container\" data-e-type=\"container\">\n\t\t\t\t<div class=\"elementor-element elementor-element-b99362f elementor-widget elementor-widget-text-editor\" data-id=\"b99362f\" data-element_type=\"widget\" data-e-type=\"widget\" data-widget_type=\"text-editor.default\">\n\t\t\t\t\t\t\t\t\t<p>El plan de contingencia, es el instrumento que garantiza a las cohortes iniciadas durante la vigencia del registro calificado del programa, la culminaci\u00f3n del correspondiente programa en las condiciones que dieron lugar al otorgamiento del registro calificado.<\/p><p>La instituci\u00f3n deber\u00e1 formular, registrar y ejecutar un plan de contingencia, el cual deber\u00e1 incluir estrategias para garantizar la permanencia y continuidad de las cohortes ya iniciadas.<\/p><p>Lo anterior aplica, cuando el Ministerio de Educaci\u00f3n Nacional resuelva no renovar el registro calificado o la instituci\u00f3n decida no adelantar el proceso de renovaci\u00f3n de registro calificado, la instituci\u00f3n deber\u00e1 garantizar a las cohortes iniciadas durante la vigencia del registro calificado del programa, la culminaci\u00f3n del correspondiente programa en las condiciones que dieron lugar al otorgamiento del registro. Para el efecto, la instituci\u00f3n deber\u00e1 establecer y ejecutar un plan de contingencia, que prevea el seguimiento por parte del Ministerio de Educaci\u00f3n Nacional, as\u00ed como estrategias para garantizar la permanencia y continuidad de las cohortes ya iniciadas.<\/p>\t\t\t\t\t\t\t\t<\/div>\n\t\t\t\t<\/div>\n\t\t\t\t<\/div>\n\t\t\t\t<\/div>\n\t\t\t\t<div class=\"elementor-element elementor-element-1584a40 elementor-widget elementor-widget-text-editor\" data-id=\"1584a40\" data-element_type=\"widget\" data-e-type=\"widget\" data-widget_type=\"text-editor.default\">\n\t\t\t\t\t\t\t\t\t<p style=\"text-align: justify;\">Para ello, dentro de los 2 meses siguientes, contados a partir de la fecha de ejecutoria del acto administrativo por medio del cual se niegue la renovaci\u00f3n del registro calificado o vencida la vigencia del registro calificado que no fue objeto de solicitud de renovaci\u00f3n, la instituci\u00f3n deber\u00e1 radicar dicho plan de contingencia ante la Subdirecci\u00f3n de Apoyo a la Gesti\u00f3n de Instituciones de Educaci\u00f3n Superior del Ministerio de Educaci\u00f3n Nacional, o la dependencia que haga sus veces.<\/p>\t\t\t\t\t\t\t\t<\/div>\n\t\t<div class=\"elementor-element elementor-element-d79ece1 e-con-full e-flex e-con e-child\" data-id=\"d79ece1\" data-element_type=\"container\" data-e-type=\"container\">\n\t\t<div class=\"elementor-element elementor-element-59b4588 e-con-full e-flex e-con e-child\" data-id=\"59b4588\" data-element_type=\"container\" data-e-type=\"container\">\n\t\t<div class=\"elementor-element elementor-element-0893d21 e-con-full e-flex e-con e-child\" data-id=\"0893d21\" data-element_type=\"container\" data-e-type=\"container\">\n\t\t\t\t<div class=\"elementor-element elementor-element-6fd6f87 elementor-widget elementor-widget-heading\" data-id=\"6fd6f87\" data-element_type=\"widget\" data-e-type=\"widget\" data-widget_type=\"heading.default\">\n\t\t\t\t\t<h1 class=\"elementor-heading-title elementor-size-default\">As\u00ed las cosas, se denotan los siguientes pasos para su implementaci\u00f3n y desarrollo: <\/h1>\t\t\t\t<\/div>\n\t\t\t\t<div class=\"elementor-element elementor-element-8800add elementor-widget elementor-widget-image\" data-id=\"8800add\" data-element_type=\"widget\" data-e-type=\"widget\" data-widget_type=\"image.default\">\n\t\t\t\t\t\t\t\t\t\t\t\t\t\t\t\t<a href=\"https:\/\/uniagraria.edu.co\/wp-content\/uploads\/2025\/08\/PasosASeguirRegistrosDePlanes.png\" data-elementor-open-lightbox=\"yes\" data-elementor-lightbox-title=\"PasosASeguirRegistrosDePlanes\" data-e-action-hash=\"#elementor-action%3Aaction%3Dlightbox%26settings%3DeyJpZCI6NzcwMTksInVybCI6Imh0dHBzOlwvXC91bmlhZ3JhcmlhLmVkdS5jb1wvd3AtY29udGVudFwvdXBsb2Fkc1wvMjAyNVwvMDhcL1Bhc29zQVNlZ3VpclJlZ2lzdHJvc0RlUGxhbmVzLnBuZyJ9\">\n\t\t\t\t\t\t\t<img fetchpriority=\"high\" decoding=\"async\" width=\"1024\" height=\"576\" src=\"https:\/\/uniagraria.edu.co\/wp-content\/uploads\/2025\/08\/PasosASeguirRegistrosDePlanes-1024x576.png\" class=\"attachment-large size-large wp-image-77019\" alt=\"\" srcset=\"https:\/\/uniagraria.edu.co\/wp-content\/uploads\/2025\/08\/PasosASeguirRegistrosDePlanes-1024x576.png 1024w, https:\/\/uniagraria.edu.co\/wp-content\/uploads\/2025\/08\/PasosASeguirRegistrosDePlanes-300x169.png 300w, https:\/\/uniagraria.edu.co\/wp-content\/uploads\/2025\/08\/PasosASeguirRegistrosDePlanes-768x432.png 768w, https:\/\/uniagraria.edu.co\/wp-content\/uploads\/2025\/08\/PasosASeguirRegistrosDePlanes.png 1280w\" sizes=\"(max-width: 1024px) 100vw, 1024px\" \/>\t\t\t\t\t\t\t\t<\/a>\n\t\t\t\t\t\t\t\t\t\t\t\t\t\t\t<\/div>\n\t\t\t\t<\/div>\n\t\t\t\t<\/div>\n\t\t\t\t<\/div>\n\t\t\t\t\t<\/div>\n\t\t\t\t<\/div>\n\t\t\t\t<\/div>\n\t\t\t\t<\/div>","protected":false},"excerpt":{"rendered":"<p>Plan de Contingencia El plan de contingencia, es el instrumento que garantiza a las cohortes iniciadas durante la vigencia del registro calificado del programa, la culminaci\u00f3n del correspondiente programa en las condiciones que dieron lugar al otorgamiento del registro calificado. La instituci\u00f3n deber\u00e1 formular, registrar y ejecutar un plan de contingencia, el cual deber\u00e1 incluir [&hellip;]<\/p>\n","protected":false},"author":5,"featured_media":0,"parent":52157,"menu_order":0,"comment_status":"closed","ping_status":"closed","template":"","meta":{"_acf_changed":false,"site-sidebar-layout":"no-sidebar","site-content-layout":"","ast-site-content-layout":"full-width-container","site-content-style":"default","site-sidebar-style":"default","ast-global-header-display":"","ast-banner-title-visibility":"","ast-main-header-display":"","ast-hfb-above-header-display":"","ast-hfb-below-header-display":"","ast-hfb-mobile-header-display":"","site-post-title":"disabled","ast-breadcrumbs-content":"","ast-featured-img":"disabled","footer-sml-layout":"","ast-disable-related-posts":"","theme-transparent-header-meta":"default","adv-header-id-meta":"","stick-header-meta":"default","header-above-stick-meta":"","header-main-stick-meta":"","header-below-stick-meta":"","astra-migrate-meta-layouts":"set","ast-page-background-enabled":"default","ast-page-background-meta":{"desktop":{"background-color":"var(--ast-global-color-4)","background-image":"","background-repeat":"repeat","background-position":"center center","background-size":"auto","background-attachment":"scroll","background-type":"","background-media":"","overlay-type":"","overlay-color":"","overlay-opacity":"","overlay-gradient":""},"tablet":{"background-color":"","background-image":"","background-repeat":"repeat","background-position":"center center","background-size":"auto","background-attachment":"scroll","background-type":"","background-media":"","overlay-type":"","overlay-color":"","overlay-opacity":"","overlay-gradient":""},"mobile":{"background-color":"","background-image":"","background-repeat":"repeat","background-position":"center center","background-size":"auto","background-attachment":"scroll","background-type":"","background-media":"","overlay-type":"","overlay-color":"","overlay-opacity":"","overlay-gradient":""}},"ast-content-background-meta":{"desktop":{"background-color":"var(--ast-global-color-5)","background-image":"","background-repeat":"repeat","background-position":"center center","background-size":"auto","background-attachment":"scroll","background-type":"","background-media":"","overlay-type":"","overlay-color":"","overlay-opacity":"","overlay-gradient":""},"tablet":{"background-color":"var(--ast-global-color-5)","background-image":"","background-repeat":"repeat","background-position":"center center","background-size":"auto","background-attachment":"scroll","background-type":"","background-media":"","overlay-type":"","overlay-color":"","overlay-opacity":"","overlay-gradient":""},"mobile":{"background-color":"var(--ast-global-color-5)","background-image":"","background-repeat":"repeat","background-position":"center center","background-size":"auto","background-attachment":"scroll","background-type":"","background-media":"","overlay-type":"","overlay-color":"","overlay-opacity":"","overlay-gradient":""}},"footnotes":""},"class_list":["post-77010","page","type-page","status-publish","hentry"],"acf":[],"yoast_head":"<!-- This site is optimized with the Yoast SEO plugin v27.5 - https:\/\/yoast.com\/product\/yoast-seo-wordpress\/ -->\n<title>Plan de Contingencia - UNIAGRARIA<\/title>\n<meta name=\"robots\" content=\"index, follow, max-snippet:-1, max-image-preview:large, max-video-preview:-1\" \/>\n<link rel=\"canonical\" href=\"https:\/\/uniagraria.edu.co\/en\/aseguramiento-de-la-calidad\/plan-de-contingencia\/\" \/>\n<meta property=\"og:locale\" content=\"en_US\" \/>\n<meta property=\"og:type\" content=\"article\" \/>\n<meta property=\"og:title\" content=\"Plan de Contingencia - UNIAGRARIA\" \/>\n<meta property=\"og:description\" content=\"Plan de Contingencia El plan de contingencia, es el instrumento que garantiza a las cohortes iniciadas durante la vigencia del registro calificado del programa, la culminaci\u00f3n del correspondiente programa en las condiciones que dieron lugar al otorgamiento del registro calificado. La instituci\u00f3n deber\u00e1 formular, registrar y ejecutar un plan de contingencia, el cual deber\u00e1 incluir [&hellip;]\" \/>\n<meta property=\"og:url\" content=\"https:\/\/uniagraria.edu.co\/en\/aseguramiento-de-la-calidad\/plan-de-contingencia\/\" \/>\n<meta property=\"og:site_name\" content=\"UNIAGRARIA\" \/>\n<meta property=\"article:publisher\" content=\"https:\/\/www.facebook.com\/uagraria\/?locale=es_LA\" \/>\n<meta property=\"article:modified_time\" content=\"2026-02-24T00:57:50+00:00\" \/>\n<meta property=\"og:image\" content=\"https:\/\/uniagraria.edu.co\/wp-content\/uploads\/2025\/08\/PasosASeguirRegistrosDePlanes.png\" \/>\n\t<meta property=\"og:image:width\" content=\"1280\" \/>\n\t<meta property=\"og:image:height\" content=\"720\" \/>\n\t<meta property=\"og:image:type\" content=\"image\/png\" \/>\n<meta name=\"twitter:card\" content=\"summary_large_image\" \/>\n<meta name=\"twitter:site\" content=\"@UNIAGRARIA\" \/>\n<meta name=\"twitter:label1\" content=\"Est. reading time\" \/>\n\t<meta name=\"twitter:data1\" content=\"2 minutes\" \/>\n<script type=\"application\/ld+json\" class=\"yoast-schema-graph\">{\"@context\":\"https:\\\/\\\/schema.org\",\"@graph\":[{\"@type\":\"WebPage\",\"@id\":\"https:\\\/\\\/uniagraria.edu.co\\\/es\\\/aseguramiento-de-la-calidad\\\/plan-de-contingencia\\\/\",\"url\":\"https:\\\/\\\/uniagraria.edu.co\\\/es\\\/aseguramiento-de-la-calidad\\\/plan-de-contingencia\\\/\",\"name\":\"Plan de Contingencia - UNIAGRARIA\",\"isPartOf\":{\"@id\":\"https:\\\/\\\/uniagraria.edu.co\\\/es\\\/#website\"},\"primaryImageOfPage\":{\"@id\":\"https:\\\/\\\/uniagraria.edu.co\\\/es\\\/aseguramiento-de-la-calidad\\\/plan-de-contingencia\\\/#primaryimage\"},\"image\":{\"@id\":\"https:\\\/\\\/uniagraria.edu.co\\\/es\\\/aseguramiento-de-la-calidad\\\/plan-de-contingencia\\\/#primaryimage\"},\"thumbnailUrl\":\"https:\\\/\\\/uniagraria.edu.co\\\/wp-content\\\/uploads\\\/2025\\\/08\\\/PasosASeguirRegistrosDePlanes-1024x576.png\",\"datePublished\":\"2025-08-13T16:02:33+00:00\",\"dateModified\":\"2026-02-24T00:57:50+00:00\",\"breadcrumb\":{\"@id\":\"https:\\\/\\\/uniagraria.edu.co\\\/es\\\/aseguramiento-de-la-calidad\\\/plan-de-contingencia\\\/#breadcrumb\"},\"inLanguage\":\"en-US\",\"potentialAction\":[{\"@type\":\"ReadAction\",\"target\":[\"https:\\\/\\\/uniagraria.edu.co\\\/es\\\/aseguramiento-de-la-calidad\\\/plan-de-contingencia\\\/\"]}]},{\"@type\":\"ImageObject\",\"inLanguage\":\"en-US\",\"@id\":\"https:\\\/\\\/uniagraria.edu.co\\\/es\\\/aseguramiento-de-la-calidad\\\/plan-de-contingencia\\\/#primaryimage\",\"url\":\"https:\\\/\\\/uniagraria.edu.co\\\/wp-content\\\/uploads\\\/2025\\\/08\\\/PasosASeguirRegistrosDePlanes-1024x576.png\",\"contentUrl\":\"https:\\\/\\\/uniagraria.edu.co\\\/wp-content\\\/uploads\\\/2025\\\/08\\\/PasosASeguirRegistrosDePlanes-1024x576.png\"},{\"@type\":\"BreadcrumbList\",\"@id\":\"https:\\\/\\\/uniagraria.edu.co\\\/es\\\/aseguramiento-de-la-calidad\\\/plan-de-contingencia\\\/#breadcrumb\",\"itemListElement\":[{\"@type\":\"ListItem\",\"position\":1,\"name\":\"Inicio\",\"item\":\"https:\\\/\\\/uniagraria.edu.co\\\/\"},{\"@type\":\"ListItem\",\"position\":2,\"name\":\"Aseguramiento de la Calidad\",\"item\":\"https:\\\/\\\/uniagraria.edu.co\\\/aseguramiento-de-la-calidad\\\/\"},{\"@type\":\"ListItem\",\"position\":3,\"name\":\"Plan de Contingencia\"}]},{\"@type\":\"WebSite\",\"@id\":\"https:\\\/\\\/uniagraria.edu.co\\\/es\\\/#website\",\"url\":\"https:\\\/\\\/uniagraria.edu.co\\\/es\\\/\",\"name\":\"UNIAGRARIA\",\"description\":\"FUNDACION UNIVERSITARIA AGRARIA DE COLOMBIA\",\"publisher\":{\"@id\":\"https:\\\/\\\/uniagraria.edu.co\\\/es\\\/#organization\"},\"potentialAction\":[{\"@type\":\"SearchAction\",\"target\":{\"@type\":\"EntryPoint\",\"urlTemplate\":\"https:\\\/\\\/uniagraria.edu.co\\\/es\\\/?s={search_term_string}\"},\"query-input\":{\"@type\":\"PropertyValueSpecification\",\"valueRequired\":true,\"valueName\":\"search_term_string\"}}],\"inLanguage\":\"en-US\"},{\"@type\":\"Organization\",\"@id\":\"https:\\\/\\\/uniagraria.edu.co\\\/es\\\/#organization\",\"name\":\"UNIAGRARIA\",\"url\":\"https:\\\/\\\/uniagraria.edu.co\\\/es\\\/\",\"logo\":{\"@type\":\"ImageObject\",\"inLanguage\":\"en-US\",\"@id\":\"https:\\\/\\\/uniagraria.edu.co\\\/es\\\/#\\\/schema\\\/logo\\\/image\\\/\",\"url\":\"https:\\\/\\\/novawebmaster.com\\\/uniagraria\\\/wp-content\\\/uploads\\\/2025\\\/02\\\/LogoUa2023Vertical.png\",\"contentUrl\":\"https:\\\/\\\/novawebmaster.com\\\/uniagraria\\\/wp-content\\\/uploads\\\/2025\\\/02\\\/LogoUa2023Vertical.png\",\"width\":3300,\"height\":2550,\"caption\":\"UNIAGRARIA\"},\"image\":{\"@id\":\"https:\\\/\\\/uniagraria.edu.co\\\/es\\\/#\\\/schema\\\/logo\\\/image\\\/\"},\"sameAs\":[\"https:\\\/\\\/www.facebook.com\\\/uagraria\\\/?locale=es_LA\",\"https:\\\/\\\/x.com\\\/UNIAGRARIA\",\"https:\\\/\\\/www.instagram.com\\\/uniagraria\\\/profilecard\\\/?igsh=MXI2bTFlMWsxNzNjOA\",\"https:\\\/\\\/www.tiktok.com\\\/discover\\\/uniagraria?lang=es\",\"https:\\\/\\\/www.linkedin.com\\\/school\\\/uniagraria\\\/?originalSubdomain=co\",\"https:\\\/\\\/www.youtube.com\\\/user\\\/UniagrariaUverde?themeRefresh=1\",\"https:\\\/\\\/api.whatsapp.com\\\/send?phone=3134230649\"]}]}<\/script>\n<!-- \/ Yoast SEO plugin. -->","yoast_head_json":{"title":"Plan de Contingencia - UNIAGRARIA","robots":{"index":"index","follow":"follow","max-snippet":"max-snippet:-1","max-image-preview":"max-image-preview:large","max-video-preview":"max-video-preview:-1"},"canonical":"https:\/\/uniagraria.edu.co\/en\/aseguramiento-de-la-calidad\/plan-de-contingencia\/","og_locale":"en_US","og_type":"article","og_title":"Plan de Contingencia - UNIAGRARIA","og_description":"Plan de Contingencia El plan de contingencia, es el instrumento que garantiza a las cohortes iniciadas durante la vigencia del registro calificado del programa, la culminaci\u00f3n del correspondiente programa en las condiciones que dieron lugar al otorgamiento del registro calificado. La instituci\u00f3n deber\u00e1 formular, registrar y ejecutar un plan de contingencia, el cual deber\u00e1 incluir [&hellip;]","og_url":"https:\/\/uniagraria.edu.co\/en\/aseguramiento-de-la-calidad\/plan-de-contingencia\/","og_site_name":"UNIAGRARIA","article_publisher":"https:\/\/www.facebook.com\/uagraria\/?locale=es_LA","article_modified_time":"2026-02-24T00:57:50+00:00","og_image":[{"width":1280,"height":720,"url":"https:\/\/uniagraria.edu.co\/wp-content\/uploads\/2025\/08\/PasosASeguirRegistrosDePlanes.png","type":"image\/png"}],"twitter_card":"summary_large_image","twitter_site":"@UNIAGRARIA","twitter_misc":{"Est. reading time":"2 minutes"},"schema":{"@context":"https:\/\/schema.org","@graph":[{"@type":"WebPage","@id":"https:\/\/uniagraria.edu.co\/es\/aseguramiento-de-la-calidad\/plan-de-contingencia\/","url":"https:\/\/uniagraria.edu.co\/es\/aseguramiento-de-la-calidad\/plan-de-contingencia\/","name":"Plan de Contingencia - UNIAGRARIA","isPartOf":{"@id":"https:\/\/uniagraria.edu.co\/es\/#website"},"primaryImageOfPage":{"@id":"https:\/\/uniagraria.edu.co\/es\/aseguramiento-de-la-calidad\/plan-de-contingencia\/#primaryimage"},"image":{"@id":"https:\/\/uniagraria.edu.co\/es\/aseguramiento-de-la-calidad\/plan-de-contingencia\/#primaryimage"},"thumbnailUrl":"https:\/\/uniagraria.edu.co\/wp-content\/uploads\/2025\/08\/PasosASeguirRegistrosDePlanes-1024x576.png","datePublished":"2025-08-13T16:02:33+00:00","dateModified":"2026-02-24T00:57:50+00:00","breadcrumb":{"@id":"https:\/\/uniagraria.edu.co\/es\/aseguramiento-de-la-calidad\/plan-de-contingencia\/#breadcrumb"},"inLanguage":"en-US","potentialAction":[{"@type":"ReadAction","target":["https:\/\/uniagraria.edu.co\/es\/aseguramiento-de-la-calidad\/plan-de-contingencia\/"]}]},{"@type":"ImageObject","inLanguage":"en-US","@id":"https:\/\/uniagraria.edu.co\/es\/aseguramiento-de-la-calidad\/plan-de-contingencia\/#primaryimage","url":"https:\/\/uniagraria.edu.co\/wp-content\/uploads\/2025\/08\/PasosASeguirRegistrosDePlanes-1024x576.png","contentUrl":"https:\/\/uniagraria.edu.co\/wp-content\/uploads\/2025\/08\/PasosASeguirRegistrosDePlanes-1024x576.png"},{"@type":"BreadcrumbList","@id":"https:\/\/uniagraria.edu.co\/es\/aseguramiento-de-la-calidad\/plan-de-contingencia\/#breadcrumb","itemListElement":[{"@type":"ListItem","position":1,"name":"Inicio","item":"https:\/\/uniagraria.edu.co\/"},{"@type":"ListItem","position":2,"name":"Aseguramiento de la Calidad","item":"https:\/\/uniagraria.edu.co\/aseguramiento-de-la-calidad\/"},{"@type":"ListItem","position":3,"name":"Plan de Contingencia"}]},{"@type":"WebSite","@id":"https:\/\/uniagraria.edu.co\/es\/#website","url":"https:\/\/uniagraria.edu.co\/es\/","name":"Experience the experience and discover the education of","description":"FUNDACION UNIVERSITARIA AGRARIA DE COLOMBIA","publisher":{"@id":"https:\/\/uniagraria.edu.co\/es\/#organization"},"potentialAction":[{"@type":"SearchAction","target":{"@type":"EntryPoint","urlTemplate":"https:\/\/uniagraria.edu.co\/es\/?s={search_term_string}"},"query-input":{"@type":"PropertyValueSpecification","valueRequired":true,"valueName":"search_term_string"}}],"inLanguage":"en-US"},{"@type":"Organization","@id":"https:\/\/uniagraria.edu.co\/es\/#organization","name":"Experience the experience and discover the education of","url":"https:\/\/uniagraria.edu.co\/es\/","logo":{"@type":"ImageObject","inLanguage":"en-US","@id":"https:\/\/uniagraria.edu.co\/es\/#\/schema\/logo\/image\/","url":"https:\/\/novawebmaster.com\/uniagraria\/wp-content\/uploads\/2025\/02\/LogoUa2023Vertical.png","contentUrl":"https:\/\/novawebmaster.com\/uniagraria\/wp-content\/uploads\/2025\/02\/LogoUa2023Vertical.png","width":3300,"height":2550,"caption":"UNIAGRARIA"},"image":{"@id":"https:\/\/uniagraria.edu.co\/es\/#\/schema\/logo\/image\/"},"sameAs":["https:\/\/www.facebook.com\/uagraria\/?locale=es_LA","https:\/\/x.com\/UNIAGRARIA","https:\/\/www.instagram.com\/uniagraria\/profilecard\/?igsh=MXI2bTFlMWsxNzNjOA","https:\/\/www.tiktok.com\/discover\/uniagraria?lang=es","https:\/\/www.linkedin.com\/school\/uniagraria\/?originalSubdomain=co","https:\/\/www.youtube.com\/user\/UniagrariaUverde?themeRefresh=1","https:\/\/api.whatsapp.com\/send?phone=3134230649"]}]}},"_links":{"self":[{"href":"https:\/\/uniagraria.edu.co\/en\/wp-json\/wp\/v2\/pages\/77010","targetHints":{"allow":["GET"]}}],"collection":[{"href":"https:\/\/uniagraria.edu.co\/en\/wp-json\/wp\/v2\/pages"}],"about":[{"href":"https:\/\/uniagraria.edu.co\/en\/wp-json\/wp\/v2\/types\/page"}],"author":[{"embeddable":true,"href":"https:\/\/uniagraria.edu.co\/en\/wp-json\/wp\/v2\/users\/5"}],"replies":[{"embeddable":true,"href":"https:\/\/uniagraria.edu.co\/en\/wp-json\/wp\/v2\/comments?post=77010"}],"version-history":[{"count":0,"href":"https:\/\/uniagraria.edu.co\/en\/wp-json\/wp\/v2\/pages\/77010\/revisions"}],"up":[{"embeddable":true,"href":"https:\/\/uniagraria.edu.co\/en\/wp-json\/wp\/v2\/pages\/52157"}],"wp:attachment":[{"href":"https:\/\/uniagraria.edu.co\/en\/wp-json\/wp\/v2\/media?parent=77010"}],"curies":[{"name":"wp","href":"https:\/\/api.w.org\/{rel}","templated":true}]}}