{"id":841,"date":"2024-10-18T02:19:02","date_gmt":"2024-10-18T02:19:02","guid":{"rendered":"https:\/\/novawebmaster.com\/uniagraria\/?page_id=841"},"modified":"2025-12-26T15:12:39","modified_gmt":"2025-12-26T20:12:39","slug":"contaduria-publica","status":"publish","type":"page","link":"https:\/\/uniagraria.edu.co\/en\/contaduria-publica\/","title":{"rendered":"Public Accounting"},"content":{"rendered":"<div data-elementor-type=\"wp-page\" data-elementor-id=\"841\" class=\"elementor elementor-841\" data-elementor-post-type=\"page\">\n\t\t\t\t<div class=\"elementor-element elementor-element-7179f1eb e-con-full e-flex e-con e-parent\" data-id=\"7179f1eb\" data-element_type=\"container\" data-e-type=\"container\" data-settings=\"{&quot;background_background&quot;:&quot;classic&quot;}\">\n\t\t<div class=\"elementor-element elementor-element-6b204485 e-con-full e-flex e-con e-child\" data-id=\"6b204485\" data-element_type=\"container\" data-e-type=\"container\" data-settings=\"{&quot;background_background&quot;:&quot;classic&quot;}\">\n\t\t<div class=\"elementor-element elementor-element-8a5df83 e-con-full e-flex e-con e-child\" data-id=\"8a5df83\" data-element_type=\"container\" data-e-type=\"container\">\n\t\t<div class=\"elementor-element elementor-element-a1dc364 e-con-full e-flex e-con e-child\" data-id=\"a1dc364\" data-element_type=\"container\" data-e-type=\"container\">\n\t\t\t\t<div class=\"elementor-element elementor-element-d37d49c elementor-widget elementor-widget-spacer\" data-id=\"d37d49c\" data-element_type=\"widget\" data-e-type=\"widget\" data-widget_type=\"spacer.default\">\n\t\t\t\t<div class=\"elementor-widget-container\">\n\t\t\t\t\t\t\t<div class=\"elementor-spacer\">\n\t\t\t<div class=\"elementor-spacer-inner\"><\/div>\n\t\t<\/div>\n\t\t\t\t\t\t<\/div>\n\t\t\t\t<\/div>\n\t\t\t\t<\/div>\n\t\t\t\t<\/div>\n\t\t\t\t<\/div>\n\t\t<div class=\"elementor-element elementor-element-5603ad98 e-con-full e-flex e-con e-child\" data-id=\"5603ad98\" data-element_type=\"container\" data-e-type=\"container\" data-settings=\"{&quot;background_background&quot;:&quot;classic&quot;}\">\n\t\t\t\t<div class=\"elementor-element elementor-element-23d7e5c elementor-widget elementor-widget-html\" data-id=\"23d7e5c\" data-element_type=\"widget\" data-e-type=\"widget\" data-widget_type=\"html.default\">\n\t\t\t\t<div class=\"elementor-widget-container\">\n\t\t\t\t\t<form action=\"\/wp-admin\/admin-post.php\" method=\"post\" id=\"interesado\" data-trp-original-action=\"\/wp-admin\/admin-post.php\">\r\n\r\n    <input type=\"hidden\" name=\"action\" value=\"guardar_interesado\"\/>\r\n\r\n    <h2><\/h2>\r\n\r\n    <p>Completa el formulario y uno de nuestros asesores se comunicar\u00e1 contigo para brindarte m\u00e1s informaci\u00f3n.<\/p>\r\n\r\n    <!-- Nombres -->\r\n    <label>Tu(s) nombre(s)<\/label>\r\n    <input type=\"text\" name=\"nombre\" required placeholder=\"Nombre(s) y Apellido(s)\" \/>\r\n\r\n    <!-- Tel\u00e9fono -->\r\n    <label>Tu n\u00famero de tel\u00e9fono<\/label>\r\n    <input type=\"tel\" name=\"telefono\" pattern=\"\\d{10}\" required placeholder=\"10 d\u00edgitos\" \/>\r\n\r\n    <!-- Correo -->\r\n    <label>E-mail<\/label>\r\n    <input type=\"email\" name=\"correo\" required placeholder=\"tu@correo.com\" \/>\r\n\r\n    <!-- Residencia -->\r\n    <label>Place of residence<\/label>\r\n    <input type=\"text\" name=\"residencia\" required placeholder=\"Ciudad, Municipio, etc.\" \/>\r\n\r\n\r\n\r\n    <!-- Programa -->\r\n    <label>Programa acad\u00e9mico<\/label>\r\n    <select name=\"programa\" required>\r\n        <option value=\"Contadur\u00eda P\u00fablica\">Public Accounting<\/option>\r\n<\/select>\r\n\r\n    <!-- Pol\u00edticas -->\r\n    <label>\r\n        <input type=\"checkbox\" required \/> Acepto las pol\u00edticas de manejo de datos,  <a href=\"\/acuerdo-politica-de-proteccion-de-datos.pdf\">Cons\u00faltalas en est\u00e9 enlace<\/a>\r\n\r\n    <\/label>\r\n\r\n    <br \/><br \/>\r\n\r\n    <button type=\"submit\" style=\"padding:12px 30px; background:#009640; color:white; border:none; border-radius:6px; cursor:pointer;\">\r\n        ENVIAR\r\n    <\/button>\r\n<input type=\"hidden\" name=\"trp-form-language\" value=\"en\"\/><\/form>\t\t\t\t<\/div>\n\t\t\t\t<\/div>\n\t\t\t\t<\/div>\n\t\t\t\t<\/div>\n\t\t<div class=\"elementor-element elementor-element-309ad24 e-con-full e-flex e-con e-parent\" data-id=\"309ad24\" data-element_type=\"container\" data-e-type=\"container\">\n\t\t<div class=\"elementor-element elementor-element-25833c6 e-con-full e-flex e-con e-child\" data-id=\"25833c6\" data-element_type=\"container\" data-e-type=\"container\">\n\t\t<div class=\"elementor-element elementor-element-7c0bac1 e-con-full e-flex e-con e-child\" data-id=\"7c0bac1\" data-element_type=\"container\" data-e-type=\"container\" data-settings=\"{&quot;background_background&quot;:&quot;classic&quot;}\">\n\t\t\t\t<div class=\"elementor-element elementor-element-57d3e7a elementor-widget elementor-widget-text-editor\" data-id=\"57d3e7a\" data-element_type=\"widget\" data-e-type=\"widget\" data-widget_type=\"text-editor.default\">\n\t\t\t\t<div class=\"elementor-widget-container\">\n\t\t\t\t\t\t\t\t\t<p><b>Program<\/b><\/p>\t\t\t\t\t\t\t\t<\/div>\n\t\t\t\t<\/div>\n\t\t\t\t<div class=\"elementor-element elementor-element-8f84881 elementor-widget elementor-widget-heading\" data-id=\"8f84881\" data-element_type=\"widget\" data-e-type=\"widget\" data-widget_type=\"heading.default\">\n\t\t\t\t<div class=\"elementor-widget-container\">\n\t\t\t\t\t<h2 class=\"elementor-heading-title elementor-size-default\">Public Accounting<\/h2>\t\t\t\t<\/div>\n\t\t\t\t<\/div>\n\t\t\t\t<div class=\"elementor-element elementor-element-030b645 elementor-widget elementor-widget-text-editor\" data-id=\"030b645\" data-element_type=\"widget\" data-e-type=\"widget\" data-widget_type=\"text-editor.default\">\n\t\t\t\t<div class=\"elementor-widget-container\">\n\t\t\t\t\t\t\t\t\t<p><span style=\"color: #008168; font-size: 14pt;\"><strong>Face To Face<\/strong><\/span><\/p><p><strong>Code SNIES \u2022<\/strong> 12806<br \/><strong>Duration \u2022<\/strong> 9 semesters<br \/><span style=\"color: #feb711;\"><strong>Valor\u2022 $4.905.500<\/strong><\/span><br \/><strong>Log qualified<\/strong><br \/>Registro calificado vigente hasta el 31 de Mayo de 2027<br \/>seg\u00fan Resoluci\u00f3n MEN N\u00b0 8438 del 1 de Junio de 2020<\/p>\t\t\t\t\t\t\t\t<\/div>\n\t\t\t\t<\/div>\n\t\t\t\t<\/div>\n\t\t<div class=\"elementor-element elementor-element-d5ee511 e-con-full e-flex e-con e-child\" data-id=\"d5ee511\" data-element_type=\"container\" data-e-type=\"container\">\n\t\t\t\t<div class=\"elementor-element elementor-element-e25a48f elementor-widget elementor-widget-button\" data-id=\"e25a48f\" data-element_type=\"widget\" data-e-type=\"widget\" data-widget_type=\"button.default\">\n\t\t\t\t<div class=\"elementor-widget-container\">\n\t\t\t\t\t\t\t\t\t<div class=\"elementor-button-wrapper\">\n\t\t\t\t\t<a class=\"elementor-button elementor-button-link elementor-size-sm elementor-animation-grow\" href=\"https:\/\/uniagraria.edu.co\/wp-content\/uploads\/2025\/01\/BrochureContaduriaPublicaUNIAGRARIA2019.pdf\">\n\t\t\t\t\t\t<span class=\"elementor-button-content-wrapper\">\n\t\t\t\t\t\t<span class=\"elementor-button-icon\">\n\t\t\t\t<svg aria-hidden=\"true\" class=\"e-font-icon-svg e-fas-download\" viewbox=\"0 0 512 512\" xmlns=\"http:\/\/www.w3.org\/2000\/svg\"><path d=\"M216 0h80c13.3 0 24 10.7 24 24v168h87.7c17.8 0 26.7 21.5 14.1 34.1L269.7 378.3c-7.5 7.5-19.8 7.5-27.3 0L90.1 226.1c-12.6-12.6-3.7-34.1 14.1-34.1H192V24c0-13.3 10.7-24 24-24zm296 376v112c0 13.3-10.7 24-24 24H24c-13.3 0-24-10.7-24-24V376c0-13.3 10.7-24 24-24h146.7l49 49c20.1 20.1 52.5 20.1 72.6 0l49-49H488c13.3 0 24 10.7 24 24zm-124 88c0-11-9-20-20-20s-20 9-20 20 9 20 20 20 20-9 20-20zm64 0c0-11-9-20-20-20s-20 9-20 20 9 20 20 20 20-9 20-20z\"><\/path><\/svg>\t\t\t<\/span>\n\t\t\t\t\t\t\t\t\t<span class=\"elementor-button-text\">Download plan of study<\/span>\n\t\t\t\t\t<\/span>\n\t\t\t\t\t<\/a>\n\t\t\t\t<\/div>\n\t\t\t\t\t\t\t\t<\/div>\n\t\t\t\t<\/div>\n\t\t\t\t<\/div>\n\t\t<div class=\"elementor-element elementor-element-1080424 e-con-full e-flex e-con e-child\" data-id=\"1080424\" data-element_type=\"container\" data-e-type=\"container\">\n\t\t\t\t<div class=\"elementor-element elementor-element-6dc4d25 elementor-widget elementor-widget-button\" data-id=\"6dc4d25\" data-element_type=\"widget\" data-e-type=\"widget\" data-widget_type=\"button.default\">\n\t\t\t\t<div class=\"elementor-widget-container\">\n\t\t\t\t\t\t\t\t\t<div class=\"elementor-button-wrapper\">\n\t\t\t\t\t<a class=\"elementor-button elementor-button-link elementor-size-sm elementor-animation-grow\" href=\"https:\/\/uniagraria.edu.co\/becas-y-apoyo-financiero\/\">\n\t\t\t\t\t\t<span class=\"elementor-button-content-wrapper\">\n\t\t\t\t\t\t\t\t\t<span class=\"elementor-button-text\">Financial support and discounts<\/span>\n\t\t\t\t\t<\/span>\n\t\t\t\t\t<\/a>\n\t\t\t\t<\/div>\n\t\t\t\t\t\t\t\t<\/div>\n\t\t\t\t<\/div>\n\t\t\t\t<\/div>\n\t\t\t\t<\/div>\n\t\t\t\t<\/div>\n\t\t<div class=\"elementor-element elementor-element-bb5a798 e-con-full e-flex e-con e-parent\" data-id=\"bb5a798\" data-element_type=\"container\" data-e-type=\"container\" data-settings=\"{&quot;background_background&quot;:&quot;classic&quot;}\">\n\t\t<div class=\"elementor-element elementor-element-fbb93ad e-flex e-con-boxed e-con e-child\" data-id=\"fbb93ad\" data-element_type=\"container\" data-e-type=\"container\">\n\t\t\t\t\t<div class=\"e-con-inner\">\n\t\t\t\t<div class=\"elementor-element elementor-element-5154bce e-n-tabs-mobile elementor-widget elementor-widget-n-tabs\" data-id=\"5154bce\" data-element_type=\"widget\" data-e-type=\"widget\" data-settings=\"{&quot;tabs_justify_horizontal&quot;:&quot;stretch&quot;,&quot;horizontal_scroll&quot;:&quot;disable&quot;}\" data-widget_type=\"nested-tabs.default\">\n\t\t\t\t<div class=\"elementor-widget-container\">\n\t\t\t\t\t\t\t<div class=\"e-n-tabs\" data-widget-number=\"85281742\" aria-label=\"Tabs. Open items with Enter or Space, close them with Exhaust, and navigate with the Arrows.\">\n\t\t\t<div class=\"e-n-tabs-heading\" role=\"tablist\">\n\t\t\t\t\t<button id=\"e-n-tab-title-852817421\" data-tab-title-id=\"e-n-tab-title-852817421\" class=\"e-n-tab-title\" aria-selected=\"true\" data-tab-index=\"1\" role=\"tab\" tabindex=\"0\" aria-controls=\"e-n-tab-content-852817421\" style=\"--n-tabs-title-order: 1;\">\n\t\t\t\t\t\t<span class=\"e-n-tab-title-text\">\n\t\t\t\tGraduate profile\t\t\t<\/span>\n\t\t<\/button>\n\t\t\t\t<button id=\"e-n-tab-title-852817422\" data-tab-title-id=\"e-n-tab-title-852817422\" class=\"e-n-tab-title\" aria-selected=\"false\" data-tab-index=\"2\" role=\"tab\" tabindex=\"-1\" aria-controls=\"e-n-tab-content-852817422\" style=\"--n-tabs-title-order: 2;\">\n\t\t\t\t\t\t<span class=\"e-n-tab-title-text\">\n\t\t\t\tProgram description\t\t\t<\/span>\n\t\t<\/button>\n\t\t\t\t<button id=\"e-n-tab-title-852817423\" data-tab-title-id=\"e-n-tab-title-852817423\" class=\"e-n-tab-title\" aria-selected=\"false\" data-tab-index=\"3\" role=\"tab\" tabindex=\"-1\" aria-controls=\"e-n-tab-content-852817423\" style=\"--n-tabs-title-order: 3;\">\n\t\t\t\t\t\t<span class=\"e-n-tab-title-text\">\n\t\t\t\tYou'll be able to work in:\t\t\t<\/span>\n\t\t<\/button>\n\t\t\t\t\t<\/div>\n\t\t\t<div class=\"e-n-tabs-content\">\n\t\t\t\t<div id=\"e-n-tab-content-852817421\" role=\"tabpanel\" aria-labelledby=\"e-n-tab-title-852817421\" data-tab-index=\"1\" style=\"--n-tabs-title-order: 1;\" class=\"e-active elementor-element elementor-element-0a5a408 e-con-full e-flex e-con e-child\" data-id=\"0a5a408\" data-element_type=\"container\" data-e-type=\"container\" data-settings=\"{&quot;background_background&quot;:&quot;classic&quot;}\">\n\t\t<div class=\"elementor-element elementor-element-bf376c5 e-con-full e-flex e-con e-child\" data-id=\"bf376c5\" data-element_type=\"container\" data-e-type=\"container\">\n\t\t\t\t<div class=\"elementor-element elementor-element-57e2a0b elementor-widget elementor-widget-text-editor\" data-id=\"57e2a0b\" data-element_type=\"widget\" data-e-type=\"widget\" data-widget_type=\"text-editor.default\">\n\t\t\t\t<div class=\"elementor-widget-container\">\n\t\t\t\t\t\t\t\t\t<p>Nuestros egresados en Contadur\u00eda P\u00fablica son profesionales capaces de analizar, interpretar y gestionar la informaci\u00f3n financiera de manera \u00e9tica y estrat\u00e9gica. Est\u00e1n preparados para liderar procesos contables, fiscales y auditor\u00edas,<\/p><\/div><\/div><\/div><\/div><\/div><\/div><\/div><\/div><\/div><\/div><\/div><\/div> &hellip;<p class=\"ast-the-content-more-link\"> <a class=\"\" href=\"https:\/\/uniagraria.edu.co\/en\/contaduria-publica\/\"> <span class=\"screen-reader-text\">Public Accounting<\/span>Read More &raquo;<\/a><\/p>","protected":false},"excerpt":{"rendered":"<p>Completa el formulario y uno de nuestros asesores se comunicar\u00e1 contigo para brindarte m\u00e1s informaci\u00f3n. Tu(s) nombre(s) Tu n\u00famero de tel\u00e9fono Correo electr\u00f3nico Lugar de residencia Programa acad\u00e9mico Contadur\u00eda P\u00fablica Acepto las pol\u00edticas de manejo de datos, Cons\u00faltalas en est\u00e9 enlace ENVIAR Programa Contadur\u00eda P\u00fablica Modalidad Presencial C\u00f3digo SNIES \u2022 12806Duraci\u00f3n \u2022 9 semestresValor\u2022 $4.905.500Registro [&hellip;]<\/p>\n","protected":false},"author":1,"featured_media":913,"parent":0,"menu_order":0,"comment_status":"closed","ping_status":"closed","template":"","meta":{"_acf_changed":false,"site-sidebar-layout":"no-sidebar","site-content-layout":"","ast-site-content-layout":"full-width-container","site-content-style":"default","site-sidebar-style":"default","ast-global-header-display":"","ast-banner-title-visibility":"","ast-main-header-display":"","ast-hfb-above-header-display":"","ast-hfb-below-header-display":"","ast-hfb-mobile-header-display":"","site-post-title":"disabled","ast-breadcrumbs-content":"","ast-featured-img":"disabled","footer-sml-layout":"","ast-disable-related-posts":"","theme-transparent-header-meta":"default","adv-header-id-meta":"","stick-header-meta":"default","header-above-stick-meta":"","header-main-stick-meta":"","header-below-stick-meta":"","astra-migrate-meta-layouts":"set","ast-page-background-enabled":"default","ast-page-background-meta":{"desktop":{"background-color":"var(--ast-global-color-4)","background-image":"","background-repeat":"repeat","background-position":"center center","background-size":"auto","background-attachment":"scroll","background-type":"","background-media":"","overlay-type":"","overlay-color":"","overlay-opacity":"","overlay-gradient":""},"tablet":{"background-color":"","background-image":"","background-repeat":"repeat","background-position":"center center","background-size":"auto","background-attachment":"scroll","background-type":"","background-media":"","overlay-type":"","overlay-color":"","overlay-opacity":"","overlay-gradient":""},"mobile":{"background-color":"","background-image":"","background-repeat":"repeat","background-position":"center center","background-size":"auto","background-attachment":"scroll","background-type":"","background-media":"","overlay-type":"","overlay-color":"","overlay-opacity":"","overlay-gradient":""}},"ast-content-background-meta":{"desktop":{"background-color":"var(--ast-global-color-5)","background-image":"","background-repeat":"repeat","background-position":"center center","background-size":"auto","background-attachment":"scroll","background-type":"","background-media":"","overlay-type":"","overlay-color":"","overlay-opacity":"","overlay-gradient":""},"tablet":{"background-color":"var(--ast-global-color-5)","background-image":"","background-repeat":"repeat","background-position":"center center","background-size":"auto","background-attachment":"scroll","background-type":"","background-media":"","overlay-type":"","overlay-color":"","overlay-opacity":"","overlay-gradient":""},"mobile":{"background-color":"var(--ast-global-color-5)","background-image":"","background-repeat":"repeat","background-position":"center center","background-size":"auto","background-attachment":"scroll","background-type":"","background-media":"","overlay-type":"","overlay-color":"","overlay-opacity":"","overlay-gradient":""}},"footnotes":""},"class_list":["post-841","page","type-page","status-publish","has-post-thumbnail","hentry"],"acf":[],"yoast_head":"<!-- This site is optimized with the Yoast SEO plugin v27.2 - https:\/\/yoast.com\/product\/yoast-seo-wordpress\/ -->\n<title>Contadur\u00eda P\u00fablica - UNIAGRARIA<\/title>\n<meta name=\"robots\" content=\"index, follow, max-snippet:-1, max-image-preview:large, max-video-preview:-1\" \/>\n<link rel=\"canonical\" href=\"https:\/\/uniagraria.edu.co\/en\/contaduria-publica\/\" \/>\n<meta property=\"og:locale\" content=\"en_US\" \/>\n<meta property=\"og:type\" content=\"article\" \/>\n<meta property=\"og:title\" content=\"Contadur\u00eda P\u00fablica - UNIAGRARIA\" \/>\n<meta property=\"og:description\" content=\"Completa el formulario y uno de nuestros asesores se comunicar\u00e1 contigo para brindarte m\u00e1s informaci\u00f3n. Tu(s) nombre(s) Tu n\u00famero de tel\u00e9fono Correo electr\u00f3nico Lugar de residencia Programa acad\u00e9mico Contadur\u00eda P\u00fablica Acepto las pol\u00edticas de manejo de datos, Cons\u00faltalas en est\u00e9 enlace ENVIAR Programa Contadur\u00eda P\u00fablica Modalidad Presencial C\u00f3digo SNIES \u2022 12806Duraci\u00f3n \u2022 9 semestresValor\u2022 $4.905.500Registro [&hellip;]\" \/>\n<meta property=\"og:url\" content=\"https:\/\/uniagraria.edu.co\/en\/contaduria-publica\/\" \/>\n<meta property=\"og:site_name\" content=\"UNIAGRARIA\" \/>\n<meta property=\"article:publisher\" content=\"https:\/\/www.facebook.com\/uagraria\/?locale=es_LA\" \/>\n<meta property=\"article:modified_time\" content=\"2025-12-26T20:12:39+00:00\" \/>\n<meta property=\"og:image\" content=\"https:\/\/uniagraria.edu.co\/wp-content\/uploads\/2024\/10\/Contaduria-Publica-Programas-Academicos-06.png\" \/>\n\t<meta property=\"og:image:width\" content=\"319\" \/>\n\t<meta property=\"og:image:height\" content=\"251\" \/>\n\t<meta property=\"og:image:type\" content=\"image\/png\" \/>\n<meta name=\"twitter:card\" content=\"summary_large_image\" \/>\n<meta name=\"twitter:site\" content=\"@UNIAGRARIA\" \/>\n<meta name=\"twitter:label1\" content=\"Est. reading time\" \/>\n\t<meta name=\"twitter:data1\" content=\"32 minutes\" \/>\n<script type=\"application\/ld+json\" class=\"yoast-schema-graph\">{\"@context\":\"https:\/\/schema.org\",\"@graph\":[{\"@type\":\"WebPage\",\"@id\":\"https:\/\/uniagraria.edu.co\/contaduria-publica\/\",\"url\":\"https:\/\/uniagraria.edu.co\/contaduria-publica\/\",\"name\":\"Contadur\u00eda P\u00fablica - UNIAGRARIA\",\"isPartOf\":{\"@id\":\"https:\/\/uniagraria.edu.co\/es\/#website\"},\"primaryImageOfPage\":{\"@id\":\"https:\/\/uniagraria.edu.co\/contaduria-publica\/#primaryimage\"},\"image\":{\"@id\":\"https:\/\/uniagraria.edu.co\/contaduria-publica\/#primaryimage\"},\"thumbnailUrl\":\"https:\/\/uniagraria.edu.co\/wp-content\/uploads\/2024\/10\/Contaduria-Publica-Programas-Academicos-06.png\",\"datePublished\":\"2024-10-18T02:19:02+00:00\",\"dateModified\":\"2025-12-26T20:12:39+00:00\",\"breadcrumb\":{\"@id\":\"https:\/\/uniagraria.edu.co\/contaduria-publica\/#breadcrumb\"},\"inLanguage\":\"en-US\",\"potentialAction\":[{\"@type\":\"ReadAction\",\"target\":[\"https:\/\/uniagraria.edu.co\/contaduria-publica\/\"]}]},{\"@type\":\"ImageObject\",\"inLanguage\":\"en-US\",\"@id\":\"https:\/\/uniagraria.edu.co\/contaduria-publica\/#primaryimage\",\"url\":\"https:\/\/uniagraria.edu.co\/wp-content\/uploads\/2024\/10\/Contaduria-Publica-Programas-Academicos-06.png\",\"contentUrl\":\"https:\/\/uniagraria.edu.co\/wp-content\/uploads\/2024\/10\/Contaduria-Publica-Programas-Academicos-06.png\",\"width\":319,\"height\":251},{\"@type\":\"BreadcrumbList\",\"@id\":\"https:\/\/uniagraria.edu.co\/contaduria-publica\/#breadcrumb\",\"itemListElement\":[{\"@type\":\"ListItem\",\"position\":1,\"name\":\"Inicio\",\"item\":\"https:\/\/uniagraria.edu.co\/es\/\"},{\"@type\":\"ListItem\",\"position\":2,\"name\":\"Contadur\u00eda P\u00fablica\"}]},{\"@type\":\"WebSite\",\"@id\":\"https:\/\/uniagraria.edu.co\/es\/#website\",\"url\":\"https:\/\/uniagraria.edu.co\/es\/\",\"name\":\"UNIAGRARIA\",\"description\":\"FUNDACION UNIVERSITARIA AGRARIA DE COLOMBIA\",\"publisher\":{\"@id\":\"https:\/\/uniagraria.edu.co\/es\/#organization\"},\"potentialAction\":[{\"@type\":\"SearchAction\",\"target\":{\"@type\":\"EntryPoint\",\"urlTemplate\":\"https:\/\/uniagraria.edu.co\/es\/?s={search_term_string}\"},\"query-input\":{\"@type\":\"PropertyValueSpecification\",\"valueRequired\":true,\"valueName\":\"search_term_string\"}}],\"inLanguage\":\"en-US\"},{\"@type\":\"Organization\",\"@id\":\"https:\/\/uniagraria.edu.co\/es\/#organization\",\"name\":\"UNIAGRARIA\",\"url\":\"https:\/\/uniagraria.edu.co\/es\/\",\"logo\":{\"@type\":\"ImageObject\",\"inLanguage\":\"en-US\",\"@id\":\"https:\/\/uniagraria.edu.co\/es\/#\/schema\/logo\/image\/\",\"url\":\"https:\/\/novawebmaster.com\/uniagraria\/wp-content\/uploads\/2025\/02\/LogoUa2023Vertical.png\",\"contentUrl\":\"https:\/\/novawebmaster.com\/uniagraria\/wp-content\/uploads\/2025\/02\/LogoUa2023Vertical.png\",\"width\":3300,\"height\":2550,\"caption\":\"UNIAGRARIA\"},\"image\":{\"@id\":\"https:\/\/uniagraria.edu.co\/es\/#\/schema\/logo\/image\/\"},\"sameAs\":[\"https:\/\/www.facebook.com\/uagraria\/?locale=es_LA\",\"https:\/\/x.com\/UNIAGRARIA\",\"https:\/\/www.instagram.com\/uniagraria\/profilecard\/?igsh=MXI2bTFlMWsxNzNjOA\",\"https:\/\/www.tiktok.com\/discover\/uniagraria?lang=es\",\"https:\/\/www.linkedin.com\/school\/uniagraria\/?originalSubdomain=co\",\"https:\/\/www.youtube.com\/user\/UniagrariaUverde?themeRefresh=1\",\"https:\/\/api.whatsapp.com\/send?phone=3134230649\"]}]}<\/script>\n<!-- \/ Yoast SEO plugin. -->","yoast_head_json":{"title":"Contadur\u00eda P\u00fablica - UNIAGRARIA","robots":{"index":"index","follow":"follow","max-snippet":"max-snippet:-1","max-image-preview":"max-image-preview:large","max-video-preview":"max-video-preview:-1"},"canonical":"https:\/\/uniagraria.edu.co\/en\/contaduria-publica\/","og_locale":"en_US","og_type":"article","og_title":"Contadur\u00eda P\u00fablica - UNIAGRARIA","og_description":"Completa el formulario y uno de nuestros asesores se comunicar\u00e1 contigo para brindarte m\u00e1s informaci\u00f3n. Tu(s) nombre(s) Tu n\u00famero de tel\u00e9fono Correo electr\u00f3nico Lugar de residencia Programa acad\u00e9mico Contadur\u00eda P\u00fablica Acepto las pol\u00edticas de manejo de datos, Cons\u00faltalas en est\u00e9 enlace ENVIAR Programa Contadur\u00eda P\u00fablica Modalidad Presencial C\u00f3digo SNIES \u2022 12806Duraci\u00f3n \u2022 9 semestresValor\u2022 $4.905.500Registro [&hellip;]","og_url":"https:\/\/uniagraria.edu.co\/en\/contaduria-publica\/","og_site_name":"UNIAGRARIA","article_publisher":"https:\/\/www.facebook.com\/uagraria\/?locale=es_LA","article_modified_time":"2025-12-26T20:12:39+00:00","og_image":[{"width":319,"height":251,"url":"https:\/\/uniagraria.edu.co\/wp-content\/uploads\/2024\/10\/Contaduria-Publica-Programas-Academicos-06.png","type":"image\/png"}],"twitter_card":"summary_large_image","twitter_site":"@UNIAGRARIA","twitter_misc":{"Est. reading time":"32 minutes"},"schema":{"@context":"https:\/\/schema.org","@graph":[{"@type":"WebPage","@id":"https:\/\/uniagraria.edu.co\/contaduria-publica\/","url":"https:\/\/uniagraria.edu.co\/contaduria-publica\/","name":"Contadur\u00eda P\u00fablica - UNIAGRARIA","isPartOf":{"@id":"https:\/\/uniagraria.edu.co\/es\/#website"},"primaryImageOfPage":{"@id":"https:\/\/uniagraria.edu.co\/contaduria-publica\/#primaryimage"},"image":{"@id":"https:\/\/uniagraria.edu.co\/contaduria-publica\/#primaryimage"},"thumbnailUrl":"https:\/\/uniagraria.edu.co\/wp-content\/uploads\/2024\/10\/Contaduria-Publica-Programas-Academicos-06.png","datePublished":"2024-10-18T02:19:02+00:00","dateModified":"2025-12-26T20:12:39+00:00","breadcrumb":{"@id":"https:\/\/uniagraria.edu.co\/contaduria-publica\/#breadcrumb"},"inLanguage":"en-US","potentialAction":[{"@type":"ReadAction","target":["https:\/\/uniagraria.edu.co\/contaduria-publica\/"]}]},{"@type":"ImageObject","inLanguage":"en-US","@id":"https:\/\/uniagraria.edu.co\/contaduria-publica\/#primaryimage","url":"https:\/\/uniagraria.edu.co\/wp-content\/uploads\/2024\/10\/Contaduria-Publica-Programas-Academicos-06.png","contentUrl":"https:\/\/uniagraria.edu.co\/wp-content\/uploads\/2024\/10\/Contaduria-Publica-Programas-Academicos-06.png","width":319,"height":251},{"@type":"BreadcrumbList","@id":"https:\/\/uniagraria.edu.co\/contaduria-publica\/#breadcrumb","itemListElement":[{"@type":"ListItem","position":1,"name":"Inicio","item":"https:\/\/uniagraria.edu.co\/es\/"},{"@type":"ListItem","position":2,"name":"Contadur\u00eda P\u00fablica"}]},{"@type":"WebSite","@id":"https:\/\/uniagraria.edu.co\/es\/#website","url":"https:\/\/uniagraria.edu.co\/es\/","name":"Experience the experience and discover the education of","description":"FUNDACION UNIVERSITARIA AGRARIA DE COLOMBIA","publisher":{"@id":"https:\/\/uniagraria.edu.co\/es\/#organization"},"potentialAction":[{"@type":"SearchAction","target":{"@type":"EntryPoint","urlTemplate":"https:\/\/uniagraria.edu.co\/es\/?s={search_term_string}"},"query-input":{"@type":"PropertyValueSpecification","valueRequired":true,"valueName":"search_term_string"}}],"inLanguage":"en-US"},{"@type":"Organization","@id":"https:\/\/uniagraria.edu.co\/es\/#organization","name":"Experience the experience and discover the education of","url":"https:\/\/uniagraria.edu.co\/es\/","logo":{"@type":"ImageObject","inLanguage":"en-US","@id":"https:\/\/uniagraria.edu.co\/es\/#\/schema\/logo\/image\/","url":"https:\/\/novawebmaster.com\/uniagraria\/wp-content\/uploads\/2025\/02\/LogoUa2023Vertical.png","contentUrl":"https:\/\/novawebmaster.com\/uniagraria\/wp-content\/uploads\/2025\/02\/LogoUa2023Vertical.png","width":3300,"height":2550,"caption":"UNIAGRARIA"},"image":{"@id":"https:\/\/uniagraria.edu.co\/es\/#\/schema\/logo\/image\/"},"sameAs":["https:\/\/www.facebook.com\/uagraria\/?locale=es_LA","https:\/\/x.com\/UNIAGRARIA","https:\/\/www.instagram.com\/uniagraria\/profilecard\/?igsh=MXI2bTFlMWsxNzNjOA","https:\/\/www.tiktok.com\/discover\/uniagraria?lang=es","https:\/\/www.linkedin.com\/school\/uniagraria\/?originalSubdomain=co","https:\/\/www.youtube.com\/user\/UniagrariaUverde?themeRefresh=1","https:\/\/api.whatsapp.com\/send?phone=3134230649"]}]}},"_links":{"self":[{"href":"https:\/\/uniagraria.edu.co\/en\/wp-json\/wp\/v2\/pages\/841","targetHints":{"allow":["GET"]}}],"collection":[{"href":"https:\/\/uniagraria.edu.co\/en\/wp-json\/wp\/v2\/pages"}],"about":[{"href":"https:\/\/uniagraria.edu.co\/en\/wp-json\/wp\/v2\/types\/page"}],"author":[{"embeddable":true,"href":"https:\/\/uniagraria.edu.co\/en\/wp-json\/wp\/v2\/users\/1"}],"replies":[{"embeddable":true,"href":"https:\/\/uniagraria.edu.co\/en\/wp-json\/wp\/v2\/comments?post=841"}],"version-history":[{"count":148,"href":"https:\/\/uniagraria.edu.co\/en\/wp-json\/wp\/v2\/pages\/841\/revisions"}],"predecessor-version":[{"id":81576,"href":"https:\/\/uniagraria.edu.co\/en\/wp-json\/wp\/v2\/pages\/841\/revisions\/81576"}],"wp:featuredmedia":[{"embeddable":true,"href":"https:\/\/uniagraria.edu.co\/en\/wp-json\/wp\/v2\/media\/913"}],"wp:attachment":[{"href":"https:\/\/uniagraria.edu.co\/en\/wp-json\/wp\/v2\/media?parent=841"}],"curies":[{"name":"wp","href":"https:\/\/api.w.org\/{rel}","templated":true}]}}