{"id":51016,"date":"2025-01-14T11:30:22","date_gmt":"2025-01-14T16:30:22","guid":{"rendered":"https:\/\/novawebmaster.com\/uniagraria\/?page_id=51016"},"modified":"2025-06-20T12:38:54","modified_gmt":"2025-06-20T17:38:54","slug":"centro-de-investigacion-y-desarrollo-tecnologico-cidt-pinares-de-tenjo","status":"publish","type":"page","link":"https:\/\/uniagraria.edu.co\/es\/centro-de-investigacion-y-desarrollo-tecnologico-cidt-pinares-de-tenjo\/","title":{"rendered":"Centro de Investigaci\u00f3n y Desarrollo Tecnol\u00f3gico CIDT \u00a8Pinares de Tenjo\u00a8"},"content":{"rendered":"\t\t<div data-elementor-type=\"wp-page\" data-elementor-id=\"51016\" class=\"elementor elementor-51016\" data-elementor-post-type=\"page\">\n\t\t\t\t<div class=\"elementor-element elementor-element-ce0fb2c e-con-full e-flex e-con e-parent\" data-id=\"ce0fb2c\" data-element_type=\"container\" data-e-type=\"container\" data-settings=\"{&quot;background_background&quot;:&quot;classic&quot;}\">\n\t\t<div class=\"elementor-element elementor-element-1362e3c e-flex e-con-boxed e-con e-child\" data-id=\"1362e3c\" data-element_type=\"container\" data-e-type=\"container\">\n\t\t\t\t\t<div class=\"e-con-inner\">\n\t\t<div class=\"elementor-element elementor-element-ea360ca e-con-full e-flex e-con e-child\" data-id=\"ea360ca\" data-element_type=\"container\" data-e-type=\"container\">\n\t\t\t\t<div class=\"elementor-element elementor-element-3c4037b elementor-widget elementor-widget-heading\" data-id=\"3c4037b\" data-element_type=\"widget\" data-e-type=\"widget\" data-widget_type=\"heading.default\">\n\t\t\t\t<div class=\"elementor-widget-container\">\n\t\t\t\t\t<h3 class=\"elementor-heading-title elementor-size-default\">Centro de Investigaci\u00f3n y Desarrollo Tecnol\u00f3gico - CIDT \u201cPinares de Tenjo\u201d<\/h3>\t\t\t\t<\/div>\n\t\t\t\t<\/div>\n\t\t\t\t<\/div>\n\t\t<div class=\"elementor-element elementor-element-702bb3f e-con-full e-flex e-con e-child\" data-id=\"702bb3f\" data-element_type=\"container\" data-e-type=\"container\">\n\t\t\t\t<\/div>\n\t\t\t\t\t<\/div>\n\t\t\t\t<\/div>\n\t\t\t\t<\/div>\n\t\t<div class=\"elementor-element elementor-element-18d89c5 e-flex e-con-boxed e-con e-parent\" data-id=\"18d89c5\" data-element_type=\"container\" data-e-type=\"container\">\n\t\t\t\t\t<div class=\"e-con-inner\">\n\t\t\t\t<div class=\"elementor-element elementor-element-a1b063c elementor-widget elementor-widget-video\" data-id=\"a1b063c\" data-element_type=\"widget\" data-e-type=\"widget\" data-settings=\"{&quot;youtube_url&quot;:&quot;https:\\\/\\\/youtu.be\\\/no9Aip3Y6gI&quot;,&quot;video_type&quot;:&quot;youtube&quot;,&quot;controls&quot;:&quot;yes&quot;}\" data-widget_type=\"video.default\">\n\t\t\t\t<div class=\"elementor-widget-container\">\n\t\t\t\t\t\t\t<div class=\"elementor-wrapper elementor-open-inline\">\n\t\t\t<div class=\"elementor-video\"><\/div>\t\t<\/div>\n\t\t\t\t\t\t<\/div>\n\t\t\t\t<\/div>\n\t\t\t\t\t<\/div>\n\t\t\t\t<\/div>\n\t\t<div class=\"elementor-element elementor-element-360bcf5c e-con-full e-flex e-con e-parent\" data-id=\"360bcf5c\" data-element_type=\"container\" data-e-type=\"container\" data-settings=\"{&quot;background_background&quot;:&quot;classic&quot;}\">\n\t\t<div class=\"elementor-element elementor-element-2c8a29a7 e-flex e-con-boxed e-con e-child\" data-id=\"2c8a29a7\" data-element_type=\"container\" data-e-type=\"container\">\n\t\t\t\t\t<div class=\"e-con-inner\">\n\t\t<div class=\"elementor-element elementor-element-4a2b2e68 e-con-full e-flex e-con e-child\" data-id=\"4a2b2e68\" data-element_type=\"container\" data-e-type=\"container\" data-settings=\"{&quot;background_background&quot;:&quot;classic&quot;}\">\n\t\t\t\t<div class=\"elementor-element elementor-element-79974595 elementor-widget elementor-widget-heading\" data-id=\"79974595\" data-element_type=\"widget\" data-e-type=\"widget\" data-widget_type=\"heading.default\">\n\t\t\t\t<div class=\"elementor-widget-container\">\n\t\t\t\t\t<h2 class=\"elementor-heading-title elementor-size-default\">Nuestra presencia en la regi\u00f3n\n<\/h2>\t\t\t\t<\/div>\n\t\t\t\t<\/div>\n\t\t\t\t<div class=\"elementor-element elementor-element-1bc3017c elementor-widget elementor-widget-text-editor\" data-id=\"1bc3017c\" data-element_type=\"widget\" data-e-type=\"widget\" data-widget_type=\"text-editor.default\">\n\t\t\t\t<div class=\"elementor-widget-container\">\n\t\t\t\t\t\t\t\t\t<div aria-hidden=\"false\"><p><span style=\"color: #000000;\"><span style=\"font-size: 1rem;\">En UNIAGRARIA creemos que el desarrollo sostenible del campo colombiano se construye desde el conocimiento, la innovaci\u00f3n y la conexi\u00f3n con el territorio. Por eso, el Centro de Investigaci\u00f3n y Desarrollo Tecnol\u00f3gico &#8220;Pinares de Tenjo&#8221; \u2013 CIDT, ubicado en el coraz\u00f3n rural de Madrid, Cundinamarca, es un espacio vivo donde la ciencia se pone al servicio del campo.<\/span>\u00a0<\/span><\/p><p><span style=\"color: #000000;\"><div class='yrm-content yrm-content-1 yrm-content-hide  ' id='yrm-yO3aS' data-id='1' data-show-status='false' data-after-action='' style=\"visibility: hidden;height: 0;\">\n\t\t\t<div id='yrm-inner-content-yrm-yO3aS' class='yrm-inner-content-wrapper yrm-cntent-1'><\/span><\/p><p data-start=\"386\" data-end=\"748\"><span style=\"font-style: inherit; font-weight: inherit; color: #000000;\">El CIDT es una unidad estrat\u00e9gica de formaci\u00f3n, investigaci\u00f3n y proyecci\u00f3n social, comprometida con la conservaci\u00f3n ambiental y el fortalecimiento de las capacidades locales. Con laboratorios especializados y unidades acad\u00e9mico-productivas en \u00e1reas como ganader\u00eda, avicultura, apicultura y m\u00e1s, el Centro permite a estudiantes, docentes e investigadores generar soluciones con impacto real.<\/span><\/p><p data-start=\"1142\" data-end=\"1424\"><span style=\"color: #000000;\">M\u00e1s que un centro de investigaci\u00f3n, el CIDT es un puente entre la universidad, las comunidades rurales, el sector productivo y aliados nacionales. Un modelo pionero que integra saberes ancestrales y ciencia aplicada para construir un futuro rural m\u00e1s justo, productivo y sostenible.<\/span><\/p><p data-start=\"1426\" data-end=\"1514\"><span style=\"color: #000000;\"><strong data-start=\"1426\" data-end=\"1514\">CIDT de UNIAGRARIA: ciencia, campo y comunidad, construyendo juntos el futuro rural.<\/strong><\/span><\/p><p><span style=\"color: #000000;\"><\/div>\n\t\t<\/div><div class='yrm-btn-wrapper yrm-inline-wrapper yrm-btn-wrapper-1  yrm-more-button-wrapper '><span title='Ver M\u00e1s' data-less-title='Ver Menos' data-more-title='Ver M\u00e1s'  class='yrm-toggle-expand  yrm-toggle-expand-1' data-rel='yrm-yO3aS' data-more='Ver M\u00e1s' data-less='Ver Menos' style='border: none; width: 100%;'><span class=\"yrm-button-text-1 yrm-button-text-span\">Ver M\u00e1s<\/span><\/span><\/div><\/span><\/p><\/div>\t\t\t\t\t\t\t\t<\/div>\n\t\t\t\t<\/div>\n\t\t\t\t<\/div>\n\t\t\t\t\t<\/div>\n\t\t\t\t<\/div>\n\t\t<div class=\"elementor-element elementor-element-8067b2a e-flex e-con-boxed e-con e-child\" data-id=\"8067b2a\" data-element_type=\"container\" data-e-type=\"container\">\n\t\t\t\t\t<div class=\"e-con-inner\">\n\t\t\t\t<div class=\"elementor-element elementor-element-fe77de5 elementor-widget elementor-widget-gallery\" data-id=\"fe77de5\" data-element_type=\"widget\" data-e-type=\"widget\" data-settings=\"{&quot;columns&quot;:3,&quot;lazyload&quot;:&quot;yes&quot;,&quot;gallery_layout&quot;:&quot;grid&quot;,&quot;columns_tablet&quot;:2,&quot;columns_mobile&quot;:1,&quot;gap&quot;:{&quot;unit&quot;:&quot;px&quot;,&quot;size&quot;:10,&quot;sizes&quot;:[]},&quot;gap_tablet&quot;:{&quot;unit&quot;:&quot;px&quot;,&quot;size&quot;:10,&quot;sizes&quot;:[]},&quot;gap_mobile&quot;:{&quot;unit&quot;:&quot;px&quot;,&quot;size&quot;:10,&quot;sizes&quot;:[]},&quot;link_to&quot;:&quot;file&quot;,&quot;aspect_ratio&quot;:&quot;3:2&quot;,&quot;overlay_background&quot;:&quot;yes&quot;,&quot;content_hover_animation&quot;:&quot;fade-in&quot;}\" data-widget_type=\"gallery.default\">\n\t\t\t\t<div class=\"elementor-widget-container\">\n\t\t\t\t\t\t\t<div class=\"elementor-gallery__container\">\n\t\t\t\t\t\t\t<a class=\"e-gallery-item elementor-gallery-item elementor-animated-content\" href=\"https:\/\/uniagraria.edu.co\/wp-content\/uploads\/2025\/03\/a1-scaled.jpeg\" data-elementor-open-lightbox=\"yes\" data-elementor-lightbox-slideshow=\"fe77de5\" data-elementor-lightbox-title=\"a1\" data-e-action-hash=\"#elementor-action%3Aaction%3Dlightbox%26settings%3DeyJpZCI6NjEyNzIsInVybCI6Imh0dHBzOlwvXC91bmlhZ3JhcmlhLmVkdS5jb1wvd3AtY29udGVudFwvdXBsb2Fkc1wvMjAyNVwvMDNcL2ExLXNjYWxlZC5qcGVnIiwic2xpZGVzaG93IjoiZmU3N2RlNSJ9\">\n\t\t\t\t\t<div class=\"e-gallery-image elementor-gallery-item__image\" data-thumbnail=\"https:\/\/uniagraria.edu.co\/wp-content\/uploads\/2025\/03\/a1-scaled.jpeg\" data-width=\"2560\" data-height=\"1440\" aria-label=\"\" role=\"img\" ><\/div>\n\t\t\t\t\t\t\t\t\t\t\t<div class=\"elementor-gallery-item__overlay\"><\/div>\n\t\t\t\t\t\t\t\t\t\t\t\t\t\t<\/a>\n\t\t\t\t\t\t\t<a class=\"e-gallery-item elementor-gallery-item elementor-animated-content\" href=\"https:\/\/uniagraria.edu.co\/wp-content\/uploads\/2025\/03\/a5-scaled.jpeg\" data-elementor-open-lightbox=\"yes\" data-elementor-lightbox-slideshow=\"fe77de5\" data-elementor-lightbox-title=\"a5\" data-e-action-hash=\"#elementor-action%3Aaction%3Dlightbox%26settings%3DeyJpZCI6NjEyNzYsInVybCI6Imh0dHBzOlwvXC91bmlhZ3JhcmlhLmVkdS5jb1wvd3AtY29udGVudFwvdXBsb2Fkc1wvMjAyNVwvMDNcL2E1LXNjYWxlZC5qcGVnIiwic2xpZGVzaG93IjoiZmU3N2RlNSJ9\">\n\t\t\t\t\t<div class=\"e-gallery-image elementor-gallery-item__image\" data-thumbnail=\"https:\/\/uniagraria.edu.co\/wp-content\/uploads\/2025\/03\/a5-scaled.jpeg\" data-width=\"2560\" data-height=\"1440\" aria-label=\"\" role=\"img\" ><\/div>\n\t\t\t\t\t\t\t\t\t\t\t<div class=\"elementor-gallery-item__overlay\"><\/div>\n\t\t\t\t\t\t\t\t\t\t\t\t\t\t<\/a>\n\t\t\t\t\t\t\t<a class=\"e-gallery-item elementor-gallery-item elementor-animated-content\" href=\"https:\/\/uniagraria.edu.co\/wp-content\/uploads\/2025\/03\/a2-scaled.jpeg\" data-elementor-open-lightbox=\"yes\" data-elementor-lightbox-slideshow=\"fe77de5\" data-elementor-lightbox-title=\"a2\" data-e-action-hash=\"#elementor-action%3Aaction%3Dlightbox%26settings%3DeyJpZCI6NjEyNzMsInVybCI6Imh0dHBzOlwvXC91bmlhZ3JhcmlhLmVkdS5jb1wvd3AtY29udGVudFwvdXBsb2Fkc1wvMjAyNVwvMDNcL2EyLXNjYWxlZC5qcGVnIiwic2xpZGVzaG93IjoiZmU3N2RlNSJ9\">\n\t\t\t\t\t<div class=\"e-gallery-image elementor-gallery-item__image\" data-thumbnail=\"https:\/\/uniagraria.edu.co\/wp-content\/uploads\/2025\/03\/a2-scaled.jpeg\" data-width=\"2560\" data-height=\"1440\" aria-label=\"\" role=\"img\" ><\/div>\n\t\t\t\t\t\t\t\t\t\t\t<div class=\"elementor-gallery-item__overlay\"><\/div>\n\t\t\t\t\t\t\t\t\t\t\t\t\t\t<\/a>\n\t\t\t\t\t\t\t<a class=\"e-gallery-item elementor-gallery-item elementor-animated-content\" href=\"https:\/\/uniagraria.edu.co\/wp-content\/uploads\/2025\/03\/a3-scaled.jpeg\" data-elementor-open-lightbox=\"yes\" data-elementor-lightbox-slideshow=\"fe77de5\" data-elementor-lightbox-title=\"a3\" data-e-action-hash=\"#elementor-action%3Aaction%3Dlightbox%26settings%3DeyJpZCI6NjEyNzQsInVybCI6Imh0dHBzOlwvXC91bmlhZ3JhcmlhLmVkdS5jb1wvd3AtY29udGVudFwvdXBsb2Fkc1wvMjAyNVwvMDNcL2EzLXNjYWxlZC5qcGVnIiwic2xpZGVzaG93IjoiZmU3N2RlNSJ9\">\n\t\t\t\t\t<div class=\"e-gallery-image elementor-gallery-item__image\" data-thumbnail=\"https:\/\/uniagraria.edu.co\/wp-content\/uploads\/2025\/03\/a3-scaled.jpeg\" data-width=\"2560\" data-height=\"1440\" aria-label=\"\" role=\"img\" ><\/div>\n\t\t\t\t\t\t\t\t\t\t\t<div class=\"elementor-gallery-item__overlay\"><\/div>\n\t\t\t\t\t\t\t\t\t\t\t\t\t\t<\/a>\n\t\t\t\t\t\t\t<a class=\"e-gallery-item elementor-gallery-item elementor-animated-content\" href=\"https:\/\/uniagraria.edu.co\/wp-content\/uploads\/2025\/03\/a7-scaled.jpeg\" data-elementor-open-lightbox=\"yes\" data-elementor-lightbox-slideshow=\"fe77de5\" data-elementor-lightbox-title=\"a7\" data-e-action-hash=\"#elementor-action%3Aaction%3Dlightbox%26settings%3DeyJpZCI6NjEyNzEsInVybCI6Imh0dHBzOlwvXC91bmlhZ3JhcmlhLmVkdS5jb1wvd3AtY29udGVudFwvdXBsb2Fkc1wvMjAyNVwvMDNcL2E3LXNjYWxlZC5qcGVnIiwic2xpZGVzaG93IjoiZmU3N2RlNSJ9\">\n\t\t\t\t\t<div class=\"e-gallery-image elementor-gallery-item__image\" data-thumbnail=\"https:\/\/uniagraria.edu.co\/wp-content\/uploads\/2025\/03\/a7-scaled.jpeg\" data-width=\"2560\" data-height=\"1440\" aria-label=\"\" role=\"img\" ><\/div>\n\t\t\t\t\t\t\t\t\t\t\t<div class=\"elementor-gallery-item__overlay\"><\/div>\n\t\t\t\t\t\t\t\t\t\t\t\t\t\t<\/a>\n\t\t\t\t\t\t\t<a class=\"e-gallery-item elementor-gallery-item elementor-animated-content\" href=\"https:\/\/uniagraria.edu.co\/wp-content\/uploads\/2025\/03\/a4-scaled.jpeg\" data-elementor-open-lightbox=\"yes\" data-elementor-lightbox-slideshow=\"fe77de5\" data-elementor-lightbox-title=\"a4\" data-e-action-hash=\"#elementor-action%3Aaction%3Dlightbox%26settings%3DeyJpZCI6NjEyNzUsInVybCI6Imh0dHBzOlwvXC91bmlhZ3JhcmlhLmVkdS5jb1wvd3AtY29udGVudFwvdXBsb2Fkc1wvMjAyNVwvMDNcL2E0LXNjYWxlZC5qcGVnIiwic2xpZGVzaG93IjoiZmU3N2RlNSJ9\">\n\t\t\t\t\t<div class=\"e-gallery-image elementor-gallery-item__image\" data-thumbnail=\"https:\/\/uniagraria.edu.co\/wp-content\/uploads\/2025\/03\/a4-scaled.jpeg\" data-width=\"2560\" data-height=\"1440\" aria-label=\"\" role=\"img\" ><\/div>\n\t\t\t\t\t\t\t\t\t\t\t<div class=\"elementor-gallery-item__overlay\"><\/div>\n\t\t\t\t\t\t\t\t\t\t\t\t\t\t<\/a>\n\t\t\t\t\t<\/div>\n\t\t\t\t\t<\/div>\n\t\t\t\t<\/div>\n\t\t\t\t\t<\/div>\n\t\t\t\t<\/div>\n\t\t\t\t<\/div>\n\t\t\t\t<\/div>\n\t\t","protected":false},"excerpt":{"rendered":"<p>Centro de Investigaci\u00f3n y Desarrollo Tecnol\u00f3gico &#8211; CIDT \u201cPinares de Tenjo\u201d Nuestra presencia en la regi\u00f3n En UNIAGRARIA creemos que el desarrollo sostenible del campo colombiano se construye desde el conocimiento, la innovaci\u00f3n y la conexi\u00f3n con el territorio. Por eso, el Centro de Investigaci\u00f3n y Desarrollo Tecnol\u00f3gico &#8220;Pinares de Tenjo&#8221; \u2013 CIDT, ubicado en [&hellip;]<\/p>\n","protected":false},"author":1,"featured_media":0,"parent":0,"menu_order":0,"comment_status":"closed","ping_status":"closed","template":"","meta":{"_acf_changed":false,"site-sidebar-layout":"no-sidebar","site-content-layout":"","ast-site-content-layout":"full-width-container","site-content-style":"default","site-sidebar-style":"default","ast-global-header-display":"","ast-banner-title-visibility":"","ast-main-header-display":"","ast-hfb-above-header-display":"","ast-hfb-below-header-display":"","ast-hfb-mobile-header-display":"","site-post-title":"disabled","ast-breadcrumbs-content":"","ast-featured-img":"disabled","footer-sml-layout":"","ast-disable-related-posts":"","theme-transparent-header-meta":"default","adv-header-id-meta":"","stick-header-meta":"default","header-above-stick-meta":"","header-main-stick-meta":"","header-below-stick-meta":"","astra-migrate-meta-layouts":"set","ast-page-background-enabled":"default","ast-page-background-meta":{"desktop":{"background-color":"var(--ast-global-color-4)","background-image":"","background-repeat":"repeat","background-position":"center center","background-size":"auto","background-attachment":"scroll","background-type":"","background-media":"","overlay-type":"","overlay-color":"","overlay-opacity":"","overlay-gradient":""},"tablet":{"background-color":"","background-image":"","background-repeat":"repeat","background-position":"center center","background-size":"auto","background-attachment":"scroll","background-type":"","background-media":"","overlay-type":"","overlay-color":"","overlay-opacity":"","overlay-gradient":""},"mobile":{"background-color":"","background-image":"","background-repeat":"repeat","background-position":"center center","background-size":"auto","background-attachment":"scroll","background-type":"","background-media":"","overlay-type":"","overlay-color":"","overlay-opacity":"","overlay-gradient":""}},"ast-content-background-meta":{"desktop":{"background-color":"var(--ast-global-color-5)","background-image":"","background-repeat":"repeat","background-position":"center center","background-size":"auto","background-attachment":"scroll","background-type":"","background-media":"","overlay-type":"","overlay-color":"","overlay-opacity":"","overlay-gradient":""},"tablet":{"background-color":"var(--ast-global-color-5)","background-image":"","background-repeat":"repeat","background-position":"center center","background-size":"auto","background-attachment":"scroll","background-type":"","background-media":"","overlay-type":"","overlay-color":"","overlay-opacity":"","overlay-gradient":""},"mobile":{"background-color":"var(--ast-global-color-5)","background-image":"","background-repeat":"repeat","background-position":"center center","background-size":"auto","background-attachment":"scroll","background-type":"","background-media":"","overlay-type":"","overlay-color":"","overlay-opacity":"","overlay-gradient":""}},"footnotes":""},"class_list":["post-51016","page","type-page","status-publish","hentry"],"acf":[],"yoast_head":"<!-- This site is optimized with the Yoast SEO plugin v27.4 - https:\/\/yoast.com\/product\/yoast-seo-wordpress\/ -->\n<title>Centro de Investigaci\u00f3n y Desarrollo Tecnol\u00f3gico CIDT \u00a8Pinares de Tenjo\u00a8 - UNIAGRARIA<\/title>\n<meta name=\"robots\" content=\"index, follow, max-snippet:-1, max-image-preview:large, max-video-preview:-1\" \/>\n<link rel=\"canonical\" href=\"https:\/\/uniagraria.edu.co\/es\/centro-de-investigacion-y-desarrollo-tecnologico-cidt-pinares-de-tenjo\/\" \/>\n<meta property=\"og:locale\" content=\"es_ES\" \/>\n<meta property=\"og:type\" content=\"article\" \/>\n<meta property=\"og:title\" content=\"Centro de Investigaci\u00f3n y Desarrollo Tecnol\u00f3gico CIDT \u00a8Pinares de Tenjo\u00a8 - UNIAGRARIA\" \/>\n<meta property=\"og:description\" content=\"Centro de Investigaci\u00f3n y Desarrollo Tecnol\u00f3gico &#8211; CIDT \u201cPinares de Tenjo\u201d Nuestra presencia en la regi\u00f3n En UNIAGRARIA creemos que el desarrollo sostenible del campo colombiano se construye desde el conocimiento, la innovaci\u00f3n y la conexi\u00f3n con el territorio. Por eso, el Centro de Investigaci\u00f3n y Desarrollo Tecnol\u00f3gico &#8220;Pinares de Tenjo&#8221; \u2013 CIDT, ubicado en [&hellip;]\" \/>\n<meta property=\"og:url\" content=\"https:\/\/uniagraria.edu.co\/es\/centro-de-investigacion-y-desarrollo-tecnologico-cidt-pinares-de-tenjo\/\" \/>\n<meta property=\"og:site_name\" content=\"UNIAGRARIA\" \/>\n<meta property=\"article:publisher\" content=\"https:\/\/www.facebook.com\/uagraria\/?locale=es_LA\" \/>\n<meta property=\"article:modified_time\" content=\"2025-06-20T17:38:54+00:00\" \/>\n<meta name=\"twitter:card\" content=\"summary_large_image\" \/>\n<meta name=\"twitter:site\" content=\"@UNIAGRARIA\" \/>\n<meta name=\"twitter:label1\" content=\"Tiempo de lectura\" \/>\n\t<meta name=\"twitter:data1\" content=\"1 minuto\" \/>\n<script type=\"application\/ld+json\" class=\"yoast-schema-graph\">{\"@context\":\"https:\\\/\\\/schema.org\",\"@graph\":[{\"@type\":\"WebPage\",\"@id\":\"https:\\\/\\\/uniagraria.edu.co\\\/es\\\/centro-de-investigacion-y-desarrollo-tecnologico-cidt-pinares-de-tenjo\\\/\",\"url\":\"https:\\\/\\\/uniagraria.edu.co\\\/es\\\/centro-de-investigacion-y-desarrollo-tecnologico-cidt-pinares-de-tenjo\\\/\",\"name\":\"Centro de Investigaci\u00f3n y Desarrollo Tecnol\u00f3gico CIDT \u00a8Pinares de Tenjo\u00a8 - UNIAGRARIA\",\"isPartOf\":{\"@id\":\"https:\\\/\\\/uniagraria.edu.co\\\/es\\\/#website\"},\"datePublished\":\"2025-01-14T16:30:22+00:00\",\"dateModified\":\"2025-06-20T17:38:54+00:00\",\"breadcrumb\":{\"@id\":\"https:\\\/\\\/uniagraria.edu.co\\\/es\\\/centro-de-investigacion-y-desarrollo-tecnologico-cidt-pinares-de-tenjo\\\/#breadcrumb\"},\"inLanguage\":\"es-CO\",\"potentialAction\":[{\"@type\":\"ReadAction\",\"target\":[\"https:\\\/\\\/uniagraria.edu.co\\\/es\\\/centro-de-investigacion-y-desarrollo-tecnologico-cidt-pinares-de-tenjo\\\/\"]}]},{\"@type\":\"BreadcrumbList\",\"@id\":\"https:\\\/\\\/uniagraria.edu.co\\\/es\\\/centro-de-investigacion-y-desarrollo-tecnologico-cidt-pinares-de-tenjo\\\/#breadcrumb\",\"itemListElement\":[{\"@type\":\"ListItem\",\"position\":1,\"name\":\"Inicio\",\"item\":\"https:\\\/\\\/uniagraria.edu.co\\\/es\\\/\"},{\"@type\":\"ListItem\",\"position\":2,\"name\":\"Centro de Investigaci\u00f3n y Desarrollo Tecnol\u00f3gico CIDT \u00a8Pinares de Tenjo\u00a8\"}]},{\"@type\":\"WebSite\",\"@id\":\"https:\\\/\\\/uniagraria.edu.co\\\/es\\\/#website\",\"url\":\"https:\\\/\\\/uniagraria.edu.co\\\/es\\\/\",\"name\":\"UNIAGRARIA\",\"description\":\"FUNDACION UNIVERSITARIA AGRARIA DE COLOMBIA\",\"publisher\":{\"@id\":\"https:\\\/\\\/uniagraria.edu.co\\\/es\\\/#organization\"},\"potentialAction\":[{\"@type\":\"SearchAction\",\"target\":{\"@type\":\"EntryPoint\",\"urlTemplate\":\"https:\\\/\\\/uniagraria.edu.co\\\/es\\\/?s={search_term_string}\"},\"query-input\":{\"@type\":\"PropertyValueSpecification\",\"valueRequired\":true,\"valueName\":\"search_term_string\"}}],\"inLanguage\":\"es-CO\"},{\"@type\":\"Organization\",\"@id\":\"https:\\\/\\\/uniagraria.edu.co\\\/es\\\/#organization\",\"name\":\"UNIAGRARIA\",\"url\":\"https:\\\/\\\/uniagraria.edu.co\\\/es\\\/\",\"logo\":{\"@type\":\"ImageObject\",\"inLanguage\":\"es-CO\",\"@id\":\"https:\\\/\\\/uniagraria.edu.co\\\/es\\\/#\\\/schema\\\/logo\\\/image\\\/\",\"url\":\"https:\\\/\\\/novawebmaster.com\\\/uniagraria\\\/wp-content\\\/uploads\\\/2025\\\/02\\\/LogoUa2023Vertical.png\",\"contentUrl\":\"https:\\\/\\\/novawebmaster.com\\\/uniagraria\\\/wp-content\\\/uploads\\\/2025\\\/02\\\/LogoUa2023Vertical.png\",\"width\":3300,\"height\":2550,\"caption\":\"UNIAGRARIA\"},\"image\":{\"@id\":\"https:\\\/\\\/uniagraria.edu.co\\\/es\\\/#\\\/schema\\\/logo\\\/image\\\/\"},\"sameAs\":[\"https:\\\/\\\/www.facebook.com\\\/uagraria\\\/?locale=es_LA\",\"https:\\\/\\\/x.com\\\/UNIAGRARIA\",\"https:\\\/\\\/www.instagram.com\\\/uniagraria\\\/profilecard\\\/?igsh=MXI2bTFlMWsxNzNjOA\",\"https:\\\/\\\/www.tiktok.com\\\/discover\\\/uniagraria?lang=es\",\"https:\\\/\\\/www.linkedin.com\\\/school\\\/uniagraria\\\/?originalSubdomain=co\",\"https:\\\/\\\/www.youtube.com\\\/user\\\/UniagrariaUverde?themeRefresh=1\",\"https:\\\/\\\/api.whatsapp.com\\\/send?phone=3134230649\"]}]}<\/script>\n<!-- \/ Yoast SEO plugin. -->","yoast_head_json":{"title":"Centro de Investigaci\u00f3n y Desarrollo Tecnol\u00f3gico CIDT \u00a8Pinares de Tenjo\u00a8 - UNIAGRARIA","robots":{"index":"index","follow":"follow","max-snippet":"max-snippet:-1","max-image-preview":"max-image-preview:large","max-video-preview":"max-video-preview:-1"},"canonical":"https:\/\/uniagraria.edu.co\/es\/centro-de-investigacion-y-desarrollo-tecnologico-cidt-pinares-de-tenjo\/","og_locale":"es_ES","og_type":"article","og_title":"Centro de Investigaci\u00f3n y Desarrollo Tecnol\u00f3gico CIDT \u00a8Pinares de Tenjo\u00a8 - UNIAGRARIA","og_description":"Centro de Investigaci\u00f3n y Desarrollo Tecnol\u00f3gico &#8211; CIDT \u201cPinares de Tenjo\u201d Nuestra presencia en la regi\u00f3n En UNIAGRARIA creemos que el desarrollo sostenible del campo colombiano se construye desde el conocimiento, la innovaci\u00f3n y la conexi\u00f3n con el territorio. Por eso, el Centro de Investigaci\u00f3n y Desarrollo Tecnol\u00f3gico &#8220;Pinares de Tenjo&#8221; \u2013 CIDT, ubicado en [&hellip;]","og_url":"https:\/\/uniagraria.edu.co\/es\/centro-de-investigacion-y-desarrollo-tecnologico-cidt-pinares-de-tenjo\/","og_site_name":"UNIAGRARIA","article_publisher":"https:\/\/www.facebook.com\/uagraria\/?locale=es_LA","article_modified_time":"2025-06-20T17:38:54+00:00","twitter_card":"summary_large_image","twitter_site":"@UNIAGRARIA","twitter_misc":{"Tiempo de lectura":"1 minuto"},"schema":{"@context":"https:\/\/schema.org","@graph":[{"@type":"WebPage","@id":"https:\/\/uniagraria.edu.co\/es\/centro-de-investigacion-y-desarrollo-tecnologico-cidt-pinares-de-tenjo\/","url":"https:\/\/uniagraria.edu.co\/es\/centro-de-investigacion-y-desarrollo-tecnologico-cidt-pinares-de-tenjo\/","name":"Centro de Investigaci\u00f3n y Desarrollo Tecnol\u00f3gico CIDT \u00a8Pinares de Tenjo\u00a8 - UNIAGRARIA","isPartOf":{"@id":"https:\/\/uniagraria.edu.co\/es\/#website"},"datePublished":"2025-01-14T16:30:22+00:00","dateModified":"2025-06-20T17:38:54+00:00","breadcrumb":{"@id":"https:\/\/uniagraria.edu.co\/es\/centro-de-investigacion-y-desarrollo-tecnologico-cidt-pinares-de-tenjo\/#breadcrumb"},"inLanguage":"es-CO","potentialAction":[{"@type":"ReadAction","target":["https:\/\/uniagraria.edu.co\/es\/centro-de-investigacion-y-desarrollo-tecnologico-cidt-pinares-de-tenjo\/"]}]},{"@type":"BreadcrumbList","@id":"https:\/\/uniagraria.edu.co\/es\/centro-de-investigacion-y-desarrollo-tecnologico-cidt-pinares-de-tenjo\/#breadcrumb","itemListElement":[{"@type":"ListItem","position":1,"name":"Inicio","item":"https:\/\/uniagraria.edu.co\/es\/"},{"@type":"ListItem","position":2,"name":"Centro de Investigaci\u00f3n y Desarrollo Tecnol\u00f3gico CIDT \u00a8Pinares de Tenjo\u00a8"}]},{"@type":"WebSite","@id":"https:\/\/uniagraria.edu.co\/es\/#website","url":"https:\/\/uniagraria.edu.co\/es\/","name":"UNIAGRARIA","description":"FUNDACION UNIVERSITARIA AGRARIA DE COLOMBIA","publisher":{"@id":"https:\/\/uniagraria.edu.co\/es\/#organization"},"potentialAction":[{"@type":"SearchAction","target":{"@type":"EntryPoint","urlTemplate":"https:\/\/uniagraria.edu.co\/es\/?s={search_term_string}"},"query-input":{"@type":"PropertyValueSpecification","valueRequired":true,"valueName":"search_term_string"}}],"inLanguage":"es-CO"},{"@type":"Organization","@id":"https:\/\/uniagraria.edu.co\/es\/#organization","name":"UNIAGRARIA","url":"https:\/\/uniagraria.edu.co\/es\/","logo":{"@type":"ImageObject","inLanguage":"es-CO","@id":"https:\/\/uniagraria.edu.co\/es\/#\/schema\/logo\/image\/","url":"https:\/\/novawebmaster.com\/uniagraria\/wp-content\/uploads\/2025\/02\/LogoUa2023Vertical.png","contentUrl":"https:\/\/novawebmaster.com\/uniagraria\/wp-content\/uploads\/2025\/02\/LogoUa2023Vertical.png","width":3300,"height":2550,"caption":"UNIAGRARIA"},"image":{"@id":"https:\/\/uniagraria.edu.co\/es\/#\/schema\/logo\/image\/"},"sameAs":["https:\/\/www.facebook.com\/uagraria\/?locale=es_LA","https:\/\/x.com\/UNIAGRARIA","https:\/\/www.instagram.com\/uniagraria\/profilecard\/?igsh=MXI2bTFlMWsxNzNjOA","https:\/\/www.tiktok.com\/discover\/uniagraria?lang=es","https:\/\/www.linkedin.com\/school\/uniagraria\/?originalSubdomain=co","https:\/\/www.youtube.com\/user\/UniagrariaUverde?themeRefresh=1","https:\/\/api.whatsapp.com\/send?phone=3134230649"]}]}},"_links":{"self":[{"href":"https:\/\/uniagraria.edu.co\/es\/wp-json\/wp\/v2\/pages\/51016","targetHints":{"allow":["GET"]}}],"collection":[{"href":"https:\/\/uniagraria.edu.co\/es\/wp-json\/wp\/v2\/pages"}],"about":[{"href":"https:\/\/uniagraria.edu.co\/es\/wp-json\/wp\/v2\/types\/page"}],"author":[{"embeddable":true,"href":"https:\/\/uniagraria.edu.co\/es\/wp-json\/wp\/v2\/users\/1"}],"replies":[{"embeddable":true,"href":"https:\/\/uniagraria.edu.co\/es\/wp-json\/wp\/v2\/comments?post=51016"}],"version-history":[{"count":24,"href":"https:\/\/uniagraria.edu.co\/es\/wp-json\/wp\/v2\/pages\/51016\/revisions"}],"predecessor-version":[{"id":74674,"href":"https:\/\/uniagraria.edu.co\/es\/wp-json\/wp\/v2\/pages\/51016\/revisions\/74674"}],"wp:attachment":[{"href":"https:\/\/uniagraria.edu.co\/es\/wp-json\/wp\/v2\/media?parent=51016"}],"curies":[{"name":"wp","href":"https:\/\/api.w.org\/{rel}","templated":true}]}}