{"id":53862,"date":"2025-02-17T17:00:59","date_gmt":"2025-02-17T22:00:59","guid":{"rendered":"https:\/\/novawebmaster.com\/uniagraria\/?page_id=53862"},"modified":"2025-05-28T09:16:32","modified_gmt":"2025-05-28T14:16:32","slug":"simbolos","status":"publish","type":"page","link":"https:\/\/uniagraria.edu.co\/es\/identidad-institucional\/simbolos\/","title":{"rendered":"S\u00edmbolos"},"content":{"rendered":"\t\t<div data-elementor-type=\"wp-page\" data-elementor-id=\"53862\" class=\"elementor elementor-53862\" data-elementor-post-type=\"page\">\n\t\t\t\t<div class=\"elementor-element elementor-element-d16792f e-con-full e-flex e-con e-parent\" data-id=\"d16792f\" data-element_type=\"container\" data-e-type=\"container\" data-settings=\"{&quot;background_background&quot;:&quot;classic&quot;}\">\n\t\t\t\t<\/div>\n\t\t<div class=\"elementor-element elementor-element-b978686 e-con-full e-flex e-con e-parent\" data-id=\"b978686\" data-element_type=\"container\" data-e-type=\"container\">\n\t\t<div class=\"elementor-element elementor-element-d621e3b e-flex e-con-boxed e-con e-child\" data-id=\"d621e3b\" data-element_type=\"container\" data-e-type=\"container\">\n\t\t\t\t\t<div class=\"e-con-inner\">\n\t\t\t\t<div class=\"elementor-element elementor-element-714db65 elementor-widget elementor-widget-heading\" data-id=\"714db65\" data-element_type=\"widget\" data-e-type=\"widget\" data-widget_type=\"heading.default\">\n\t\t\t\t\t<h2 class=\"elementor-heading-title elementor-size-default\">S\u00edmbolos<\/h2>\t\t\t\t<\/div>\n\t\t\t\t<div class=\"elementor-element elementor-element-10e7f54 elementor-widget elementor-widget-text-editor\" data-id=\"10e7f54\" data-element_type=\"widget\" data-e-type=\"widget\" data-widget_type=\"text-editor.default\">\n\t\t\t\t\t\t\t\t\t<h2><span style=\"font-size: 18pt;\">Significado de nuestro logotipo<\/span><\/h2>\t\t\t\t\t\t\t\t<\/div>\n\t\t<div class=\"elementor-element elementor-element-6827654 e-grid e-con-full e-con e-child\" data-id=\"6827654\" data-element_type=\"container\" data-e-type=\"container\">\n\t\t<div class=\"elementor-element elementor-element-cdf6c49 e-con-full e-flex e-con e-child\" data-id=\"cdf6c49\" data-element_type=\"container\" data-e-type=\"container\">\n\t\t\t\t<div class=\"elementor-element elementor-element-aee253b elementor-widget elementor-widget-text-editor\" data-id=\"aee253b\" data-element_type=\"widget\" data-e-type=\"widget\" data-widget_type=\"text-editor.default\">\n\t\t\t\t\t\t\t\t\t<h3><span style=\"font-size: 14pt;\"><strong>Logo horizontal<\/strong><\/span><\/h3>\t\t\t\t\t\t\t\t<\/div>\n\t\t\t\t<div class=\"elementor-element elementor-element-0177394 elementor-widget elementor-widget-image\" data-id=\"0177394\" data-element_type=\"widget\" data-e-type=\"widget\" data-widget_type=\"image.default\">\n\t\t\t\t\t\t\t\t\t\t\t\t\t\t\t<img decoding=\"async\" width=\"300\" height=\"102\" src=\"https:\/\/uniagraria.edu.co\/wp-content\/uploads\/2025\/02\/LogoUa2023Horizontal-300x102.png\" class=\"attachment-medium size-medium wp-image-53866\" alt=\"\" srcset=\"https:\/\/uniagraria.edu.co\/wp-content\/uploads\/2025\/02\/LogoUa2023Horizontal-300x102.png 300w, https:\/\/uniagraria.edu.co\/wp-content\/uploads\/2025\/02\/LogoUa2023Horizontal-1024x349.png 1024w, https:\/\/uniagraria.edu.co\/wp-content\/uploads\/2025\/02\/LogoUa2023Horizontal-768x262.png 768w, https:\/\/uniagraria.edu.co\/wp-content\/uploads\/2025\/02\/LogoUa2023Horizontal-1536x523.png 1536w, https:\/\/uniagraria.edu.co\/wp-content\/uploads\/2025\/02\/LogoUa2023Horizontal-2048x698.png 2048w\" sizes=\"(max-width: 300px) 100vw, 300px\" \/>\t\t\t\t\t\t\t\t\t\t\t\t\t\t\t<\/div>\n\t\t\t\t<\/div>\n\t\t<div class=\"elementor-element elementor-element-763fd80 e-con-full e-flex e-con e-child\" data-id=\"763fd80\" data-element_type=\"container\" data-e-type=\"container\">\n\t\t\t\t<div class=\"elementor-element elementor-element-9864da6 elementor-widget elementor-widget-text-editor\" data-id=\"9864da6\" data-element_type=\"widget\" data-e-type=\"widget\" data-widget_type=\"text-editor.default\">\n\t\t\t\t\t\t\t\t\t<h3><span style=\"font-size: 14pt;\"><strong>Logo vertical<\/strong><\/span><\/h3>\t\t\t\t\t\t\t\t<\/div>\n\t\t\t\t<div class=\"elementor-element elementor-element-478da50 elementor-widget elementor-widget-image\" data-id=\"478da50\" data-element_type=\"widget\" data-e-type=\"widget\" data-widget_type=\"image.default\">\n\t\t\t\t\t\t\t\t\t\t\t\t\t\t\t<img fetchpriority=\"high\" decoding=\"async\" width=\"300\" height=\"232\" src=\"https:\/\/uniagraria.edu.co\/wp-content\/uploads\/2025\/02\/LogoUa2023Vertical-300x232.png\" class=\"attachment-medium size-medium wp-image-53867\" alt=\"\" srcset=\"https:\/\/uniagraria.edu.co\/wp-content\/uploads\/2025\/02\/LogoUa2023Vertical-300x232.png 300w, https:\/\/uniagraria.edu.co\/wp-content\/uploads\/2025\/02\/LogoUa2023Vertical-1024x791.png 1024w, https:\/\/uniagraria.edu.co\/wp-content\/uploads\/2025\/02\/LogoUa2023Vertical-768x593.png 768w, https:\/\/uniagraria.edu.co\/wp-content\/uploads\/2025\/02\/LogoUa2023Vertical-1536x1187.png 1536w, https:\/\/uniagraria.edu.co\/wp-content\/uploads\/2025\/02\/LogoUa2023Vertical-2048x1583.png 2048w\" sizes=\"(max-width: 300px) 100vw, 300px\" \/>\t\t\t\t\t\t\t\t\t\t\t\t\t\t\t<\/div>\n\t\t\t\t<\/div>\n\t\t\t\t<\/div>\n\t\t\t\t<div class=\"elementor-element elementor-element-31e5076 elementor-widget elementor-widget-text-editor\" data-id=\"31e5076\" data-element_type=\"widget\" data-e-type=\"widget\" data-widget_type=\"text-editor.default\">\n\t\t\t\t\t\t\t\t\t<ul><li><span style=\"color: #000000;\">Las l\u00edneas simbolizan los surcos de siembra.<\/span><\/li><li><span style=\"color: #000000;\">Son c\u00edrculos porque representan los ciclos continuos de creaci\u00f3n y conservaci\u00f3n.<\/span><\/li><li><span style=\"color: #000000;\">Son cuatro, porque se refieren a los cuatro componentes de la sustentabilidad (ambiental, cultural, social, econ\u00f3mico).<\/span><\/li><li><span style=\"color: #000000;\">Se van irradiando dando a entender que los cambios van de lo micro a lo macro.<\/span><\/li><li><span style=\"color: #000000;\">Las l\u00edneas se van volviendo m\u00e1s delgadas, simbolizando cambios graduales.<\/span><\/li><li><span style=\"color: #000000;\">La simplificaci\u00f3n de UNIAGRARIA en el centro, y las ondas que se expanden, representan el impacto positivo de la instituci\u00f3n en su entorno.<\/span><\/li><\/ul>\t\t\t\t\t\t\t\t<\/div>\n\t\t\t\t<div class=\"elementor-element elementor-element-ab9ab28 elementor-widget elementor-widget-text-editor\" data-id=\"ab9ab28\" data-element_type=\"widget\" data-e-type=\"widget\" data-widget_type=\"text-editor.default\">\n\t\t\t\t\t\t\t\t\t<h2><span style=\"font-size: 14pt;\">Nuestra bandera<\/span><\/h2>\t\t\t\t\t\t\t\t<\/div>\n\t\t\t\t<div class=\"elementor-element elementor-element-18e7254 elementor-widget elementor-widget-image\" data-id=\"18e7254\" data-element_type=\"widget\" data-e-type=\"widget\" data-widget_type=\"image.default\">\n\t\t\t\t\t\t\t\t\t\t\t\t\t\t\t<img decoding=\"async\" width=\"150\" height=\"150\" src=\"https:\/\/uniagraria.edu.co\/wp-content\/uploads\/2025\/02\/bandera-150x150.jpg\" class=\"attachment-thumbnail size-thumbnail wp-image-53879\" alt=\"\" srcset=\"https:\/\/uniagraria.edu.co\/wp-content\/uploads\/2025\/02\/bandera-150x150.jpg 150w, https:\/\/uniagraria.edu.co\/wp-content\/uploads\/2025\/02\/bandera-300x300.jpg 300w, https:\/\/uniagraria.edu.co\/wp-content\/uploads\/2025\/02\/bandera.jpg 567w\" sizes=\"(max-width: 150px) 100vw, 150px\" \/>\t\t\t\t\t\t\t\t\t\t\t\t\t\t\t<\/div>\n\t\t\t\t<div class=\"elementor-element elementor-element-b43b8ac elementor-widget elementor-widget-text-editor\" data-id=\"b43b8ac\" data-element_type=\"widget\" data-e-type=\"widget\" data-widget_type=\"text-editor.default\">\n\t\t\t\t\t\t\t\t\t<p><span style=\"color: #000000;\">Los colores de nuestra bandera son amarillo, blanco y verde.<\/span><\/p><ul><li><span style=\"color: #000000;\">Amarillo (dorado): Simboliza la sabidur\u00eda que es el pilar de la formaci\u00f3n intelectual y acad\u00e9mica.<\/span><\/li><li><span style=\"color: #000000;\">Blanco: S\u00edmbolo de paz, armon\u00eda, transparencia y unidad que representa uno de los objetivos de la misi\u00f3n institucional.<\/span><\/li><li><span style=\"color: #000000;\">Verde: Adem\u00e1s de significar la esperanza en la juventud, representa a nuestro pa\u00eds en la belleza de sus bosques tropicales, sus campos, los cuales son la riqueza nacional mas preciada.<\/span><\/li><\/ul>\t\t\t\t\t\t\t\t<\/div>\n\t\t\t\t<div class=\"elementor-element elementor-element-17180d5 elementor-widget elementor-widget-text-editor\" data-id=\"17180d5\" data-element_type=\"widget\" data-e-type=\"widget\" data-widget_type=\"text-editor.default\">\n\t\t\t\t\t\t\t\t\t<h2><span style=\"font-size: 14pt;\">Nuestro himno<\/span><\/h2>\t\t\t\t\t\t\t\t<\/div>\n\t\t<div class=\"elementor-element elementor-element-d56d8b9 e-con-full e-grid e-con e-child\" data-id=\"d56d8b9\" data-element_type=\"container\" data-e-type=\"container\">\n\t\t\t\t<div class=\"elementor-element elementor-element-dafe438 elementor-widget elementor-widget-text-editor\" data-id=\"dafe438\" data-element_type=\"widget\" data-e-type=\"widget\" data-widget_type=\"text-editor.default\">\n\t\t\t\t\t\t\t\t\t<p><span style=\"color: #000000;\">I<\/span><br \/><span style=\"color: #000000;\">UNIAGRARIA a su sue\u00f1o llamaron gran\u00a0<\/span><br \/><span style=\"color: #000000;\">pionera en visi\u00f3n ambiental En sus aulas\u00a0<\/span><br \/><span style=\"color: #000000;\">mil voces entonan cantos de vida y de libertad.<\/span><\/p><p><span style=\"color: #000000;\">CORO<\/span><br \/><span style=\"color: #000000;\">UNIAGRARIA, UNIAGRARIA, cuna de ciencia\u00a0<\/span><br \/><span style=\"color: #000000;\">y de lealtad que tu nombre se escuche\u00a0<\/span><br \/><span style=\"color: #000000;\">en el cielo y en la tierra con inmenso amor.<\/span><\/p><p><span style=\"color: #000000;\">UNIAGRARIA, UNIAGRARIA, cuna de ciencia\u00a0<\/span><br \/><span style=\"color: #000000;\">y de lealtad orgullosos tus hijos\u00a0<\/span><br \/><span style=\"color: #000000;\">hoy gritan: \u201cLa U verde, mi vida, mi hogar\u201d.\u00a0<\/span><\/p><p><span style=\"color: #000000;\">II\u00a0<\/span><br \/><span style=\"color: #000000;\">Uniagraria tu nombre yo escribo y\u00a0<\/span><br \/><span style=\"color: #000000;\">las generaciones leer\u00e1n: alma mater\u00a0<\/span><br \/><span style=\"color: #000000;\">de hombre brillantes y pionera en visi\u00f3n ambiental.<\/span><\/p><ul><li><span style=\"color: #000000;\">Letra: Nancy Jineth Rodr\u00edguez Prieto y Sandra Torres Molina<\/span><\/li><li><span style=\"color: #000000;\">M\u00fasica: Alberto Facci y Benjam\u00edn Correa Uribe<\/span><\/li><\/ul>\t\t\t\t\t\t\t\t<\/div>\n\t\t\t\t<div class=\"elementor-element elementor-element-b40458c elementor-widget elementor-widget-video\" data-id=\"b40458c\" data-element_type=\"widget\" data-e-type=\"widget\" data-settings=\"{&quot;youtube_url&quot;:&quot;https:\\\/\\\/www.youtube.com\\\/watch?v=ae62dCNhWrk&quot;,&quot;video_type&quot;:&quot;youtube&quot;,&quot;controls&quot;:&quot;yes&quot;}\" data-widget_type=\"video.default\">\n\t\t\t\t\t\t\t<div class=\"elementor-wrapper elementor-open-inline\">\n\t\t\t<div class=\"elementor-video\"><\/div>\t\t<\/div>\n\t\t\t\t\t\t<\/div>\n\t\t\t\t<\/div>\n\t\t\t\t\t<\/div>\n\t\t\t\t<\/div>\n\t\t\t\t<\/div>\n\t\t\t\t<\/div>\n\t\t","protected":false},"excerpt":{"rendered":"<p>S\u00edmbolos Significado de nuestro logotipo Logo horizontal Logo vertical Las l\u00edneas simbolizan los surcos de siembra. Son c\u00edrculos porque representan los ciclos continuos de creaci\u00f3n y conservaci\u00f3n. Son cuatro, porque se refieren a los cuatro componentes de la sustentabilidad (ambiental, cultural, social, econ\u00f3mico). Se van irradiando dando a entender que los cambios van de lo [&hellip;]<\/p>\n","protected":false},"author":1,"featured_media":0,"parent":51641,"menu_order":0,"comment_status":"closed","ping_status":"closed","template":"","meta":{"_acf_changed":false,"site-sidebar-layout":"no-sidebar","site-content-layout":"","ast-site-content-layout":"full-width-container","site-content-style":"default","site-sidebar-style":"default","ast-global-header-display":"","ast-banner-title-visibility":"","ast-main-header-display":"","ast-hfb-above-header-display":"","ast-hfb-below-header-display":"","ast-hfb-mobile-header-display":"","site-post-title":"disabled","ast-breadcrumbs-content":"","ast-featured-img":"disabled","footer-sml-layout":"","ast-disable-related-posts":"","theme-transparent-header-meta":"default","adv-header-id-meta":"","stick-header-meta":"default","header-above-stick-meta":"","header-main-stick-meta":"","header-below-stick-meta":"","astra-migrate-meta-layouts":"set","ast-page-background-enabled":"default","ast-page-background-meta":{"desktop":{"background-color":"var(--ast-global-color-4)","background-image":"","background-repeat":"repeat","background-position":"center center","background-size":"auto","background-attachment":"scroll","background-type":"","background-media":"","overlay-type":"","overlay-color":"","overlay-opacity":"","overlay-gradient":""},"tablet":{"background-color":"","background-image":"","background-repeat":"repeat","background-position":"center center","background-size":"auto","background-attachment":"scroll","background-type":"","background-media":"","overlay-type":"","overlay-color":"","overlay-opacity":"","overlay-gradient":""},"mobile":{"background-color":"","background-image":"","background-repeat":"repeat","background-position":"center center","background-size":"auto","background-attachment":"scroll","background-type":"","background-media":"","overlay-type":"","overlay-color":"","overlay-opacity":"","overlay-gradient":""}},"ast-content-background-meta":{"desktop":{"background-color":"var(--ast-global-color-5)","background-image":"","background-repeat":"repeat","background-position":"center center","background-size":"auto","background-attachment":"scroll","background-type":"","background-media":"","overlay-type":"","overlay-color":"","overlay-opacity":"","overlay-gradient":""},"tablet":{"background-color":"var(--ast-global-color-5)","background-image":"","background-repeat":"repeat","background-position":"center center","background-size":"auto","background-attachment":"scroll","background-type":"","background-media":"","overlay-type":"","overlay-color":"","overlay-opacity":"","overlay-gradient":""},"mobile":{"background-color":"var(--ast-global-color-5)","background-image":"","background-repeat":"repeat","background-position":"center center","background-size":"auto","background-attachment":"scroll","background-type":"","background-media":"","overlay-type":"","overlay-color":"","overlay-opacity":"","overlay-gradient":""}},"footnotes":""},"class_list":["post-53862","page","type-page","status-publish","hentry"],"acf":[],"yoast_head":"<!-- This site is optimized with the Yoast SEO plugin v27.6 - https:\/\/yoast.com\/product\/yoast-seo-wordpress\/ -->\n<title>S\u00edmbolos - UNIAGRARIA<\/title>\n<meta name=\"robots\" content=\"index, follow, max-snippet:-1, max-image-preview:large, max-video-preview:-1\" \/>\n<link rel=\"canonical\" href=\"https:\/\/uniagraria.edu.co\/es\/identidad-institucional\/simbolos\/\" \/>\n<meta property=\"og:locale\" content=\"es_ES\" \/>\n<meta property=\"og:type\" content=\"article\" \/>\n<meta property=\"og:title\" content=\"S\u00edmbolos - UNIAGRARIA\" \/>\n<meta property=\"og:description\" content=\"S\u00edmbolos Significado de nuestro logotipo Logo horizontal Logo vertical Las l\u00edneas simbolizan los surcos de siembra. Son c\u00edrculos porque representan los ciclos continuos de creaci\u00f3n y conservaci\u00f3n. Son cuatro, porque se refieren a los cuatro componentes de la sustentabilidad (ambiental, cultural, social, econ\u00f3mico). Se van irradiando dando a entender que los cambios van de lo [&hellip;]\" \/>\n<meta property=\"og:url\" content=\"https:\/\/uniagraria.edu.co\/es\/identidad-institucional\/simbolos\/\" \/>\n<meta property=\"og:site_name\" content=\"UNIAGRARIA\" \/>\n<meta property=\"article:publisher\" content=\"https:\/\/www.facebook.com\/uagraria\/?locale=es_LA\" \/>\n<meta property=\"article:modified_time\" content=\"2025-05-28T14:16:32+00:00\" \/>\n<meta property=\"og:image\" content=\"https:\/\/novawebmaster.com\/uniagraria\/wp-content\/uploads\/2025\/02\/LogoUa2023Horizontal-300x102.png\" \/>\n<meta name=\"twitter:card\" content=\"summary_large_image\" \/>\n<meta name=\"twitter:site\" content=\"@UNIAGRARIA\" \/>\n<meta name=\"twitter:label1\" content=\"Tiempo de lectura\" \/>\n\t<meta name=\"twitter:data1\" content=\"1 minuto\" \/>\n<script type=\"application\/ld+json\" class=\"yoast-schema-graph\">{\"@context\":\"https:\\\/\\\/schema.org\",\"@graph\":[{\"@type\":\"WebPage\",\"@id\":\"https:\\\/\\\/uniagraria.edu.co\\\/identidad-institucional\\\/simbolos\\\/\",\"url\":\"https:\\\/\\\/uniagraria.edu.co\\\/identidad-institucional\\\/simbolos\\\/\",\"name\":\"S\u00edmbolos - UNIAGRARIA\",\"isPartOf\":{\"@id\":\"https:\\\/\\\/uniagraria.edu.co\\\/es\\\/#website\"},\"primaryImageOfPage\":{\"@id\":\"https:\\\/\\\/uniagraria.edu.co\\\/identidad-institucional\\\/simbolos\\\/#primaryimage\"},\"image\":{\"@id\":\"https:\\\/\\\/uniagraria.edu.co\\\/identidad-institucional\\\/simbolos\\\/#primaryimage\"},\"thumbnailUrl\":\"https:\\\/\\\/novawebmaster.com\\\/uniagraria\\\/wp-content\\\/uploads\\\/2025\\\/02\\\/LogoUa2023Horizontal-300x102.png\",\"datePublished\":\"2025-02-17T22:00:59+00:00\",\"dateModified\":\"2025-05-28T14:16:32+00:00\",\"breadcrumb\":{\"@id\":\"https:\\\/\\\/uniagraria.edu.co\\\/identidad-institucional\\\/simbolos\\\/#breadcrumb\"},\"inLanguage\":\"es-CO\",\"potentialAction\":[{\"@type\":\"ReadAction\",\"target\":[\"https:\\\/\\\/uniagraria.edu.co\\\/identidad-institucional\\\/simbolos\\\/\"]}]},{\"@type\":\"ImageObject\",\"inLanguage\":\"es-CO\",\"@id\":\"https:\\\/\\\/uniagraria.edu.co\\\/identidad-institucional\\\/simbolos\\\/#primaryimage\",\"url\":\"https:\\\/\\\/novawebmaster.com\\\/uniagraria\\\/wp-content\\\/uploads\\\/2025\\\/02\\\/LogoUa2023Horizontal-300x102.png\",\"contentUrl\":\"https:\\\/\\\/novawebmaster.com\\\/uniagraria\\\/wp-content\\\/uploads\\\/2025\\\/02\\\/LogoUa2023Horizontal-300x102.png\"},{\"@type\":\"BreadcrumbList\",\"@id\":\"https:\\\/\\\/uniagraria.edu.co\\\/identidad-institucional\\\/simbolos\\\/#breadcrumb\",\"itemListElement\":[{\"@type\":\"ListItem\",\"position\":1,\"name\":\"Inicio\",\"item\":\"https:\\\/\\\/uniagraria.edu.co\\\/es\\\/\"},{\"@type\":\"ListItem\",\"position\":2,\"name\":\"Identidad institucional\",\"item\":\"https:\\\/\\\/uniagraria.edu.co\\\/identidad-institucional\\\/\"},{\"@type\":\"ListItem\",\"position\":3,\"name\":\"S\u00edmbolos\"}]},{\"@type\":\"WebSite\",\"@id\":\"https:\\\/\\\/uniagraria.edu.co\\\/es\\\/#website\",\"url\":\"https:\\\/\\\/uniagraria.edu.co\\\/es\\\/\",\"name\":\"UNIAGRARIA\",\"description\":\"FUNDACION UNIVERSITARIA AGRARIA DE COLOMBIA\",\"publisher\":{\"@id\":\"https:\\\/\\\/uniagraria.edu.co\\\/es\\\/#organization\"},\"potentialAction\":[{\"@type\":\"SearchAction\",\"target\":{\"@type\":\"EntryPoint\",\"urlTemplate\":\"https:\\\/\\\/uniagraria.edu.co\\\/es\\\/?s={search_term_string}\"},\"query-input\":{\"@type\":\"PropertyValueSpecification\",\"valueRequired\":true,\"valueName\":\"search_term_string\"}}],\"inLanguage\":\"es-CO\"},{\"@type\":\"Organization\",\"@id\":\"https:\\\/\\\/uniagraria.edu.co\\\/es\\\/#organization\",\"name\":\"UNIAGRARIA\",\"url\":\"https:\\\/\\\/uniagraria.edu.co\\\/es\\\/\",\"logo\":{\"@type\":\"ImageObject\",\"inLanguage\":\"es-CO\",\"@id\":\"https:\\\/\\\/uniagraria.edu.co\\\/es\\\/#\\\/schema\\\/logo\\\/image\\\/\",\"url\":\"https:\\\/\\\/novawebmaster.com\\\/uniagraria\\\/wp-content\\\/uploads\\\/2025\\\/02\\\/LogoUa2023Vertical.png\",\"contentUrl\":\"https:\\\/\\\/novawebmaster.com\\\/uniagraria\\\/wp-content\\\/uploads\\\/2025\\\/02\\\/LogoUa2023Vertical.png\",\"width\":3300,\"height\":2550,\"caption\":\"UNIAGRARIA\"},\"image\":{\"@id\":\"https:\\\/\\\/uniagraria.edu.co\\\/es\\\/#\\\/schema\\\/logo\\\/image\\\/\"},\"sameAs\":[\"https:\\\/\\\/www.facebook.com\\\/uagraria\\\/?locale=es_LA\",\"https:\\\/\\\/x.com\\\/UNIAGRARIA\",\"https:\\\/\\\/www.instagram.com\\\/uniagraria\\\/profilecard\\\/?igsh=MXI2bTFlMWsxNzNjOA\",\"https:\\\/\\\/www.tiktok.com\\\/discover\\\/uniagraria?lang=es\",\"https:\\\/\\\/www.linkedin.com\\\/school\\\/uniagraria\\\/?originalSubdomain=co\",\"https:\\\/\\\/www.youtube.com\\\/user\\\/UniagrariaUverde?themeRefresh=1\",\"https:\\\/\\\/api.whatsapp.com\\\/send?phone=3134230649\"]}]}<\/script>\n<!-- \/ Yoast SEO plugin. -->","yoast_head_json":{"title":"S\u00edmbolos - UNIAGRARIA","robots":{"index":"index","follow":"follow","max-snippet":"max-snippet:-1","max-image-preview":"max-image-preview:large","max-video-preview":"max-video-preview:-1"},"canonical":"https:\/\/uniagraria.edu.co\/es\/identidad-institucional\/simbolos\/","og_locale":"es_ES","og_type":"article","og_title":"S\u00edmbolos - UNIAGRARIA","og_description":"S\u00edmbolos Significado de nuestro logotipo Logo horizontal Logo vertical Las l\u00edneas simbolizan los surcos de siembra. Son c\u00edrculos porque representan los ciclos continuos de creaci\u00f3n y conservaci\u00f3n. Son cuatro, porque se refieren a los cuatro componentes de la sustentabilidad (ambiental, cultural, social, econ\u00f3mico). Se van irradiando dando a entender que los cambios van de lo [&hellip;]","og_url":"https:\/\/uniagraria.edu.co\/es\/identidad-institucional\/simbolos\/","og_site_name":"UNIAGRARIA","article_publisher":"https:\/\/www.facebook.com\/uagraria\/?locale=es_LA","article_modified_time":"2025-05-28T14:16:32+00:00","og_image":[{"url":"https:\/\/novawebmaster.com\/uniagraria\/wp-content\/uploads\/2025\/02\/LogoUa2023Horizontal-300x102.png","type":"","width":"","height":""}],"twitter_card":"summary_large_image","twitter_site":"@UNIAGRARIA","twitter_misc":{"Tiempo de lectura":"1 minuto"},"schema":{"@context":"https:\/\/schema.org","@graph":[{"@type":"WebPage","@id":"https:\/\/uniagraria.edu.co\/identidad-institucional\/simbolos\/","url":"https:\/\/uniagraria.edu.co\/identidad-institucional\/simbolos\/","name":"S\u00edmbolos - UNIAGRARIA","isPartOf":{"@id":"https:\/\/uniagraria.edu.co\/es\/#website"},"primaryImageOfPage":{"@id":"https:\/\/uniagraria.edu.co\/identidad-institucional\/simbolos\/#primaryimage"},"image":{"@id":"https:\/\/uniagraria.edu.co\/identidad-institucional\/simbolos\/#primaryimage"},"thumbnailUrl":"https:\/\/novawebmaster.com\/uniagraria\/wp-content\/uploads\/2025\/02\/LogoUa2023Horizontal-300x102.png","datePublished":"2025-02-17T22:00:59+00:00","dateModified":"2025-05-28T14:16:32+00:00","breadcrumb":{"@id":"https:\/\/uniagraria.edu.co\/identidad-institucional\/simbolos\/#breadcrumb"},"inLanguage":"es-CO","potentialAction":[{"@type":"ReadAction","target":["https:\/\/uniagraria.edu.co\/identidad-institucional\/simbolos\/"]}]},{"@type":"ImageObject","inLanguage":"es-CO","@id":"https:\/\/uniagraria.edu.co\/identidad-institucional\/simbolos\/#primaryimage","url":"https:\/\/novawebmaster.com\/uniagraria\/wp-content\/uploads\/2025\/02\/LogoUa2023Horizontal-300x102.png","contentUrl":"https:\/\/novawebmaster.com\/uniagraria\/wp-content\/uploads\/2025\/02\/LogoUa2023Horizontal-300x102.png"},{"@type":"BreadcrumbList","@id":"https:\/\/uniagraria.edu.co\/identidad-institucional\/simbolos\/#breadcrumb","itemListElement":[{"@type":"ListItem","position":1,"name":"Inicio","item":"https:\/\/uniagraria.edu.co\/es\/"},{"@type":"ListItem","position":2,"name":"Identidad institucional","item":"https:\/\/uniagraria.edu.co\/identidad-institucional\/"},{"@type":"ListItem","position":3,"name":"S\u00edmbolos"}]},{"@type":"WebSite","@id":"https:\/\/uniagraria.edu.co\/es\/#website","url":"https:\/\/uniagraria.edu.co\/es\/","name":"UNIAGRARIA","description":"FUNDACION UNIVERSITARIA AGRARIA DE COLOMBIA","publisher":{"@id":"https:\/\/uniagraria.edu.co\/es\/#organization"},"potentialAction":[{"@type":"SearchAction","target":{"@type":"EntryPoint","urlTemplate":"https:\/\/uniagraria.edu.co\/es\/?s={search_term_string}"},"query-input":{"@type":"PropertyValueSpecification","valueRequired":true,"valueName":"search_term_string"}}],"inLanguage":"es-CO"},{"@type":"Organization","@id":"https:\/\/uniagraria.edu.co\/es\/#organization","name":"UNIAGRARIA","url":"https:\/\/uniagraria.edu.co\/es\/","logo":{"@type":"ImageObject","inLanguage":"es-CO","@id":"https:\/\/uniagraria.edu.co\/es\/#\/schema\/logo\/image\/","url":"https:\/\/novawebmaster.com\/uniagraria\/wp-content\/uploads\/2025\/02\/LogoUa2023Vertical.png","contentUrl":"https:\/\/novawebmaster.com\/uniagraria\/wp-content\/uploads\/2025\/02\/LogoUa2023Vertical.png","width":3300,"height":2550,"caption":"UNIAGRARIA"},"image":{"@id":"https:\/\/uniagraria.edu.co\/es\/#\/schema\/logo\/image\/"},"sameAs":["https:\/\/www.facebook.com\/uagraria\/?locale=es_LA","https:\/\/x.com\/UNIAGRARIA","https:\/\/www.instagram.com\/uniagraria\/profilecard\/?igsh=MXI2bTFlMWsxNzNjOA","https:\/\/www.tiktok.com\/discover\/uniagraria?lang=es","https:\/\/www.linkedin.com\/school\/uniagraria\/?originalSubdomain=co","https:\/\/www.youtube.com\/user\/UniagrariaUverde?themeRefresh=1","https:\/\/api.whatsapp.com\/send?phone=3134230649"]}]}},"_links":{"self":[{"href":"https:\/\/uniagraria.edu.co\/es\/wp-json\/wp\/v2\/pages\/53862","targetHints":{"allow":["GET"]}}],"collection":[{"href":"https:\/\/uniagraria.edu.co\/es\/wp-json\/wp\/v2\/pages"}],"about":[{"href":"https:\/\/uniagraria.edu.co\/es\/wp-json\/wp\/v2\/types\/page"}],"author":[{"embeddable":true,"href":"https:\/\/uniagraria.edu.co\/es\/wp-json\/wp\/v2\/users\/1"}],"replies":[{"embeddable":true,"href":"https:\/\/uniagraria.edu.co\/es\/wp-json\/wp\/v2\/comments?post=53862"}],"version-history":[{"count":0,"href":"https:\/\/uniagraria.edu.co\/es\/wp-json\/wp\/v2\/pages\/53862\/revisions"}],"up":[{"embeddable":true,"href":"https:\/\/uniagraria.edu.co\/es\/wp-json\/wp\/v2\/pages\/51641"}],"wp:attachment":[{"href":"https:\/\/uniagraria.edu.co\/es\/wp-json\/wp\/v2\/media?parent=53862"}],"curies":[{"name":"wp","href":"https:\/\/api.w.org\/{rel}","templated":true}]}}