{"id":54855,"date":"2025-02-19T17:26:22","date_gmt":"2025-02-19T22:26:22","guid":{"rendered":"https:\/\/novawebmaster.com\/uniagraria\/?page_id=54855"},"modified":"2025-04-29T20:16:34","modified_gmt":"2025-04-30T01:16:34","slug":"insignias-contaduria-publica","status":"publish","type":"page","link":"https:\/\/uniagraria.edu.co\/es\/insignias-contaduria-publica\/","title":{"rendered":"Insignias Contadur\u00eda P\u00fablica"},"content":{"rendered":"\t\t<div data-elementor-type=\"wp-page\" data-elementor-id=\"54855\" class=\"elementor elementor-54855\" data-elementor-post-type=\"page\">\n\t\t\t\t<div class=\"elementor-element elementor-element-49c0567 e-flex e-con-boxed e-con e-parent\" data-id=\"49c0567\" data-element_type=\"container\" data-e-type=\"container\">\n\t\t\t\t\t<div class=\"e-con-inner\">\n\t\t<div class=\"elementor-element elementor-element-5839fb4 e-con-full e-flex e-con e-child\" data-id=\"5839fb4\" data-element_type=\"container\" data-e-type=\"container\">\n\t\t\t\t<div class=\"elementor-element elementor-element-40bad53 elementor-widget elementor-widget-image\" data-id=\"40bad53\" data-element_type=\"widget\" data-e-type=\"widget\" data-widget_type=\"image.default\">\n\t\t\t\t<div class=\"elementor-widget-container\">\n\t\t\t\t\t\t\t\t\t\t\t\t\t\t\t<img fetchpriority=\"high\" decoding=\"async\" width=\"300\" height=\"300\" src=\"https:\/\/uniagraria.edu.co\/wp-content\/uploads\/2025\/02\/foto3.png\" class=\"attachment-large size-large wp-image-54752\" alt=\"\" srcset=\"https:\/\/uniagraria.edu.co\/wp-content\/uploads\/2025\/02\/foto3.png 300w, https:\/\/uniagraria.edu.co\/wp-content\/uploads\/2025\/02\/foto3-150x150.png 150w\" sizes=\"(max-width: 300px) 100vw, 300px\" \/>\t\t\t\t\t\t\t\t\t\t\t\t\t\t\t<\/div>\n\t\t\t\t<\/div>\n\t\t\t\t<\/div>\n\t\t<div class=\"elementor-element elementor-element-19eacc1 e-con-full e-flex e-con e-child\" data-id=\"19eacc1\" data-element_type=\"container\" data-e-type=\"container\">\n\t\t\t\t<div class=\"elementor-element elementor-element-604422a elementor-widget elementor-widget-heading\" data-id=\"604422a\" data-element_type=\"widget\" data-e-type=\"widget\" data-widget_type=\"heading.default\">\n\t\t\t\t<div class=\"elementor-widget-container\">\n\t\t\t\t\t<h4 class=\"elementor-heading-title elementor-size-default\">Contadur\u00eda P\u00fablica<\/h4>\t\t\t\t<\/div>\n\t\t\t\t<\/div>\n\t\t\t\t<div class=\"elementor-element elementor-element-aa81c9f elementor-widget elementor-widget-text-editor\" data-id=\"aa81c9f\" data-element_type=\"widget\" data-e-type=\"widget\" data-widget_type=\"text-editor.default\">\n\t\t\t\t<div class=\"elementor-widget-container\">\n\t\t\t\t\t\t\t\t\t<p><strong>Manejo de software contable SIIGO<\/strong><br \/><strong>Vigencia:<\/strong> 2 A\u00f1o\/s<br \/><strong>Duraci\u00f3n:<\/strong> 64 horas<br \/><strong>Criterios de obtenci\u00f3n:<\/strong> El estudiante debe aprobar con 3.5 m\u00e1s los ejercicios propuestos de las materias de la ruta formativa.<\/p><p><strong>Regulaci\u00f3n o norma que rige la insignia:<\/strong> Est\u00e1ndares internacionales de educaci\u00f3n IFAC (International Accounting Education Standardrs Board).<\/p><p><strong>Ruta formativa o contenidos de la insignia:<\/strong> Contabilidad Intermedia Inform\u00e1tica para la gesti\u00f3n contable<\/p>\t\t\t\t\t\t\t\t<\/div>\n\t\t\t\t<\/div>\n\t\t\t\t<\/div>\n\t\t\t\t\t<\/div>\n\t\t\t\t<\/div>\n\t\t<div class=\"elementor-element elementor-element-c469bac e-flex e-con-boxed e-con e-parent\" data-id=\"c469bac\" data-element_type=\"container\" data-e-type=\"container\">\n\t\t\t\t\t<div class=\"e-con-inner\">\n\t\t\t\t<div class=\"elementor-element elementor-element-dbff884 elementor-widget elementor-widget-text-editor\" data-id=\"dbff884\" data-element_type=\"widget\" data-e-type=\"widget\" data-widget_type=\"text-editor.default\">\n\t\t\t\t<div class=\"elementor-widget-container\">\n\t\t\t\t\t\t\t\t\t<p><strong>Para mayor informaci\u00f3n comun\u00edcate con:<\/strong><br \/>Ra\u00fal Alfredo Mart\u00ednez Mart\u00ednez<br \/><span style=\"font-style: inherit; font-weight: inherit;\">Director del Programa de Contadur\u00eda P\u00fablica<br \/><\/span><span style=\"color: #3366ff; font-style: inherit; font-weight: inherit;\">martinez.raul@uniagraria.edu.co<\/span><\/p>\t\t\t\t\t\t\t\t<\/div>\n\t\t\t\t<\/div>\n\t\t\t\t\t<\/div>\n\t\t\t\t<\/div>\n\t\t\t\t<\/div>\n\t\t","protected":false},"excerpt":{"rendered":"<p>Contadur\u00eda P\u00fablica Manejo de software contable SIIGOVigencia: 2 A\u00f1o\/sDuraci\u00f3n: 64 horasCriterios de obtenci\u00f3n: El estudiante debe aprobar con 3.5 m\u00e1s los ejercicios propuestos de las materias de la ruta formativa. Regulaci\u00f3n o norma que rige la insignia: Est\u00e1ndares internacionales de educaci\u00f3n IFAC (International Accounting Education Standardrs Board). Ruta formativa o contenidos de la insignia: Contabilidad [&hellip;]<\/p>\n","protected":false},"author":8,"featured_media":0,"parent":0,"menu_order":0,"comment_status":"closed","ping_status":"closed","template":"","meta":{"_acf_changed":false,"site-sidebar-layout":"no-sidebar","site-content-layout":"","ast-site-content-layout":"full-width-container","site-content-style":"default","site-sidebar-style":"default","ast-global-header-display":"","ast-banner-title-visibility":"","ast-main-header-display":"","ast-hfb-above-header-display":"","ast-hfb-below-header-display":"","ast-hfb-mobile-header-display":"","site-post-title":"disabled","ast-breadcrumbs-content":"","ast-featured-img":"disabled","footer-sml-layout":"","ast-disable-related-posts":"","theme-transparent-header-meta":"default","adv-header-id-meta":"","stick-header-meta":"default","header-above-stick-meta":"","header-main-stick-meta":"","header-below-stick-meta":"","astra-migrate-meta-layouts":"set","ast-page-background-enabled":"default","ast-page-background-meta":{"desktop":{"background-color":"var(--ast-global-color-4)","background-image":"","background-repeat":"repeat","background-position":"center center","background-size":"auto","background-attachment":"scroll","background-type":"","background-media":"","overlay-type":"","overlay-color":"","overlay-opacity":"","overlay-gradient":""},"tablet":{"background-color":"","background-image":"","background-repeat":"repeat","background-position":"center center","background-size":"auto","background-attachment":"scroll","background-type":"","background-media":"","overlay-type":"","overlay-color":"","overlay-opacity":"","overlay-gradient":""},"mobile":{"background-color":"","background-image":"","background-repeat":"repeat","background-position":"center center","background-size":"auto","background-attachment":"scroll","background-type":"","background-media":"","overlay-type":"","overlay-color":"","overlay-opacity":"","overlay-gradient":""}},"ast-content-background-meta":{"desktop":{"background-color":"var(--ast-global-color-5)","background-image":"","background-repeat":"repeat","background-position":"center center","background-size":"auto","background-attachment":"scroll","background-type":"","background-media":"","overlay-type":"","overlay-color":"","overlay-opacity":"","overlay-gradient":""},"tablet":{"background-color":"var(--ast-global-color-5)","background-image":"","background-repeat":"repeat","background-position":"center center","background-size":"auto","background-attachment":"scroll","background-type":"","background-media":"","overlay-type":"","overlay-color":"","overlay-opacity":"","overlay-gradient":""},"mobile":{"background-color":"var(--ast-global-color-5)","background-image":"","background-repeat":"repeat","background-position":"center center","background-size":"auto","background-attachment":"scroll","background-type":"","background-media":"","overlay-type":"","overlay-color":"","overlay-opacity":"","overlay-gradient":""}},"footnotes":""},"class_list":["post-54855","page","type-page","status-publish","hentry"],"acf":[],"yoast_head":"<!-- This site is optimized with the Yoast SEO plugin v27.2 - https:\/\/yoast.com\/product\/yoast-seo-wordpress\/ -->\n<title>Insignias Contadur\u00eda P\u00fablica - UNIAGRARIA<\/title>\n<meta name=\"robots\" content=\"index, follow, max-snippet:-1, max-image-preview:large, max-video-preview:-1\" \/>\n<link rel=\"canonical\" href=\"https:\/\/uniagraria.edu.co\/es\/insignias-contaduria-publica\/\" \/>\n<meta property=\"og:locale\" content=\"es_ES\" \/>\n<meta property=\"og:type\" content=\"article\" \/>\n<meta property=\"og:title\" content=\"Insignias Contadur\u00eda P\u00fablica - UNIAGRARIA\" \/>\n<meta property=\"og:description\" content=\"Contadur\u00eda P\u00fablica Manejo de software contable SIIGOVigencia: 2 A\u00f1o\/sDuraci\u00f3n: 64 horasCriterios de obtenci\u00f3n: El estudiante debe aprobar con 3.5 m\u00e1s los ejercicios propuestos de las materias de la ruta formativa. Regulaci\u00f3n o norma que rige la insignia: Est\u00e1ndares internacionales de educaci\u00f3n IFAC (International Accounting Education Standardrs Board). Ruta formativa o contenidos de la insignia: Contabilidad [&hellip;]\" \/>\n<meta property=\"og:url\" content=\"https:\/\/uniagraria.edu.co\/es\/insignias-contaduria-publica\/\" \/>\n<meta property=\"og:site_name\" content=\"UNIAGRARIA\" \/>\n<meta property=\"article:publisher\" content=\"https:\/\/www.facebook.com\/uagraria\/?locale=es_LA\" \/>\n<meta property=\"article:modified_time\" content=\"2025-04-30T01:16:34+00:00\" \/>\n<meta property=\"og:image\" content=\"https:\/\/novawebmaster.com\/uniagraria\/wp-content\/uploads\/2025\/02\/foto3.png\" \/>\n<meta name=\"twitter:card\" content=\"summary_large_image\" \/>\n<meta name=\"twitter:site\" content=\"@UNIAGRARIA\" \/>\n<script type=\"application\/ld+json\" class=\"yoast-schema-graph\">{\"@context\":\"https:\/\/schema.org\",\"@graph\":[{\"@type\":\"WebPage\",\"@id\":\"https:\/\/uniagraria.edu.co\/es\/insignias-contaduria-publica\/\",\"url\":\"https:\/\/uniagraria.edu.co\/es\/insignias-contaduria-publica\/\",\"name\":\"Insignias Contadur\u00eda P\u00fablica - UNIAGRARIA\",\"isPartOf\":{\"@id\":\"https:\/\/uniagraria.edu.co\/es\/#website\"},\"primaryImageOfPage\":{\"@id\":\"https:\/\/uniagraria.edu.co\/es\/insignias-contaduria-publica\/#primaryimage\"},\"image\":{\"@id\":\"https:\/\/uniagraria.edu.co\/es\/insignias-contaduria-publica\/#primaryimage\"},\"thumbnailUrl\":\"https:\/\/novawebmaster.com\/uniagraria\/wp-content\/uploads\/2025\/02\/foto3.png\",\"datePublished\":\"2025-02-19T22:26:22+00:00\",\"dateModified\":\"2025-04-30T01:16:34+00:00\",\"breadcrumb\":{\"@id\":\"https:\/\/uniagraria.edu.co\/es\/insignias-contaduria-publica\/#breadcrumb\"},\"inLanguage\":\"es-CO\",\"potentialAction\":[{\"@type\":\"ReadAction\",\"target\":[\"https:\/\/uniagraria.edu.co\/es\/insignias-contaduria-publica\/\"]}]},{\"@type\":\"ImageObject\",\"inLanguage\":\"es-CO\",\"@id\":\"https:\/\/uniagraria.edu.co\/es\/insignias-contaduria-publica\/#primaryimage\",\"url\":\"https:\/\/novawebmaster.com\/uniagraria\/wp-content\/uploads\/2025\/02\/foto3.png\",\"contentUrl\":\"https:\/\/novawebmaster.com\/uniagraria\/wp-content\/uploads\/2025\/02\/foto3.png\"},{\"@type\":\"BreadcrumbList\",\"@id\":\"https:\/\/uniagraria.edu.co\/es\/insignias-contaduria-publica\/#breadcrumb\",\"itemListElement\":[{\"@type\":\"ListItem\",\"position\":1,\"name\":\"Inicio\",\"item\":\"https:\/\/uniagraria.edu.co\/es\/\"},{\"@type\":\"ListItem\",\"position\":2,\"name\":\"Insignias Contadur\u00eda P\u00fablica\"}]},{\"@type\":\"WebSite\",\"@id\":\"https:\/\/uniagraria.edu.co\/es\/#website\",\"url\":\"https:\/\/uniagraria.edu.co\/es\/\",\"name\":\"UNIAGRARIA\",\"description\":\"FUNDACION UNIVERSITARIA AGRARIA DE COLOMBIA\",\"publisher\":{\"@id\":\"https:\/\/uniagraria.edu.co\/es\/#organization\"},\"potentialAction\":[{\"@type\":\"SearchAction\",\"target\":{\"@type\":\"EntryPoint\",\"urlTemplate\":\"https:\/\/uniagraria.edu.co\/es\/?s={search_term_string}\"},\"query-input\":{\"@type\":\"PropertyValueSpecification\",\"valueRequired\":true,\"valueName\":\"search_term_string\"}}],\"inLanguage\":\"es-CO\"},{\"@type\":\"Organization\",\"@id\":\"https:\/\/uniagraria.edu.co\/es\/#organization\",\"name\":\"UNIAGRARIA\",\"url\":\"https:\/\/uniagraria.edu.co\/es\/\",\"logo\":{\"@type\":\"ImageObject\",\"inLanguage\":\"es-CO\",\"@id\":\"https:\/\/uniagraria.edu.co\/es\/#\/schema\/logo\/image\/\",\"url\":\"https:\/\/novawebmaster.com\/uniagraria\/wp-content\/uploads\/2025\/02\/LogoUa2023Vertical.png\",\"contentUrl\":\"https:\/\/novawebmaster.com\/uniagraria\/wp-content\/uploads\/2025\/02\/LogoUa2023Vertical.png\",\"width\":3300,\"height\":2550,\"caption\":\"UNIAGRARIA\"},\"image\":{\"@id\":\"https:\/\/uniagraria.edu.co\/es\/#\/schema\/logo\/image\/\"},\"sameAs\":[\"https:\/\/www.facebook.com\/uagraria\/?locale=es_LA\",\"https:\/\/x.com\/UNIAGRARIA\",\"https:\/\/www.instagram.com\/uniagraria\/profilecard\/?igsh=MXI2bTFlMWsxNzNjOA\",\"https:\/\/www.tiktok.com\/discover\/uniagraria?lang=es\",\"https:\/\/www.linkedin.com\/school\/uniagraria\/?originalSubdomain=co\",\"https:\/\/www.youtube.com\/user\/UniagrariaUverde?themeRefresh=1\",\"https:\/\/api.whatsapp.com\/send?phone=3134230649\"]}]}<\/script>\n<!-- \/ Yoast SEO plugin. -->","yoast_head_json":{"title":"Insignias Contadur\u00eda P\u00fablica - UNIAGRARIA","robots":{"index":"index","follow":"follow","max-snippet":"max-snippet:-1","max-image-preview":"max-image-preview:large","max-video-preview":"max-video-preview:-1"},"canonical":"https:\/\/uniagraria.edu.co\/es\/insignias-contaduria-publica\/","og_locale":"es_ES","og_type":"article","og_title":"Insignias Contadur\u00eda P\u00fablica - UNIAGRARIA","og_description":"Contadur\u00eda P\u00fablica Manejo de software contable SIIGOVigencia: 2 A\u00f1o\/sDuraci\u00f3n: 64 horasCriterios de obtenci\u00f3n: El estudiante debe aprobar con 3.5 m\u00e1s los ejercicios propuestos de las materias de la ruta formativa. Regulaci\u00f3n o norma que rige la insignia: Est\u00e1ndares internacionales de educaci\u00f3n IFAC (International Accounting Education Standardrs Board). Ruta formativa o contenidos de la insignia: Contabilidad [&hellip;]","og_url":"https:\/\/uniagraria.edu.co\/es\/insignias-contaduria-publica\/","og_site_name":"UNIAGRARIA","article_publisher":"https:\/\/www.facebook.com\/uagraria\/?locale=es_LA","article_modified_time":"2025-04-30T01:16:34+00:00","og_image":[{"url":"https:\/\/novawebmaster.com\/uniagraria\/wp-content\/uploads\/2025\/02\/foto3.png","type":"","width":"","height":""}],"twitter_card":"summary_large_image","twitter_site":"@UNIAGRARIA","schema":{"@context":"https:\/\/schema.org","@graph":[{"@type":"WebPage","@id":"https:\/\/uniagraria.edu.co\/es\/insignias-contaduria-publica\/","url":"https:\/\/uniagraria.edu.co\/es\/insignias-contaduria-publica\/","name":"Insignias Contadur\u00eda P\u00fablica - UNIAGRARIA","isPartOf":{"@id":"https:\/\/uniagraria.edu.co\/es\/#website"},"primaryImageOfPage":{"@id":"https:\/\/uniagraria.edu.co\/es\/insignias-contaduria-publica\/#primaryimage"},"image":{"@id":"https:\/\/uniagraria.edu.co\/es\/insignias-contaduria-publica\/#primaryimage"},"thumbnailUrl":"https:\/\/novawebmaster.com\/uniagraria\/wp-content\/uploads\/2025\/02\/foto3.png","datePublished":"2025-02-19T22:26:22+00:00","dateModified":"2025-04-30T01:16:34+00:00","breadcrumb":{"@id":"https:\/\/uniagraria.edu.co\/es\/insignias-contaduria-publica\/#breadcrumb"},"inLanguage":"es-CO","potentialAction":[{"@type":"ReadAction","target":["https:\/\/uniagraria.edu.co\/es\/insignias-contaduria-publica\/"]}]},{"@type":"ImageObject","inLanguage":"es-CO","@id":"https:\/\/uniagraria.edu.co\/es\/insignias-contaduria-publica\/#primaryimage","url":"https:\/\/novawebmaster.com\/uniagraria\/wp-content\/uploads\/2025\/02\/foto3.png","contentUrl":"https:\/\/novawebmaster.com\/uniagraria\/wp-content\/uploads\/2025\/02\/foto3.png"},{"@type":"BreadcrumbList","@id":"https:\/\/uniagraria.edu.co\/es\/insignias-contaduria-publica\/#breadcrumb","itemListElement":[{"@type":"ListItem","position":1,"name":"Inicio","item":"https:\/\/uniagraria.edu.co\/es\/"},{"@type":"ListItem","position":2,"name":"Insignias Contadur\u00eda P\u00fablica"}]},{"@type":"WebSite","@id":"https:\/\/uniagraria.edu.co\/es\/#website","url":"https:\/\/uniagraria.edu.co\/es\/","name":"UNIAGRARIA","description":"FUNDACION UNIVERSITARIA AGRARIA DE COLOMBIA","publisher":{"@id":"https:\/\/uniagraria.edu.co\/es\/#organization"},"potentialAction":[{"@type":"SearchAction","target":{"@type":"EntryPoint","urlTemplate":"https:\/\/uniagraria.edu.co\/es\/?s={search_term_string}"},"query-input":{"@type":"PropertyValueSpecification","valueRequired":true,"valueName":"search_term_string"}}],"inLanguage":"es-CO"},{"@type":"Organization","@id":"https:\/\/uniagraria.edu.co\/es\/#organization","name":"UNIAGRARIA","url":"https:\/\/uniagraria.edu.co\/es\/","logo":{"@type":"ImageObject","inLanguage":"es-CO","@id":"https:\/\/uniagraria.edu.co\/es\/#\/schema\/logo\/image\/","url":"https:\/\/novawebmaster.com\/uniagraria\/wp-content\/uploads\/2025\/02\/LogoUa2023Vertical.png","contentUrl":"https:\/\/novawebmaster.com\/uniagraria\/wp-content\/uploads\/2025\/02\/LogoUa2023Vertical.png","width":3300,"height":2550,"caption":"UNIAGRARIA"},"image":{"@id":"https:\/\/uniagraria.edu.co\/es\/#\/schema\/logo\/image\/"},"sameAs":["https:\/\/www.facebook.com\/uagraria\/?locale=es_LA","https:\/\/x.com\/UNIAGRARIA","https:\/\/www.instagram.com\/uniagraria\/profilecard\/?igsh=MXI2bTFlMWsxNzNjOA","https:\/\/www.tiktok.com\/discover\/uniagraria?lang=es","https:\/\/www.linkedin.com\/school\/uniagraria\/?originalSubdomain=co","https:\/\/www.youtube.com\/user\/UniagrariaUverde?themeRefresh=1","https:\/\/api.whatsapp.com\/send?phone=3134230649"]}]}},"_links":{"self":[{"href":"https:\/\/uniagraria.edu.co\/es\/wp-json\/wp\/v2\/pages\/54855","targetHints":{"allow":["GET"]}}],"collection":[{"href":"https:\/\/uniagraria.edu.co\/es\/wp-json\/wp\/v2\/pages"}],"about":[{"href":"https:\/\/uniagraria.edu.co\/es\/wp-json\/wp\/v2\/types\/page"}],"author":[{"embeddable":true,"href":"https:\/\/uniagraria.edu.co\/es\/wp-json\/wp\/v2\/users\/8"}],"replies":[{"embeddable":true,"href":"https:\/\/uniagraria.edu.co\/es\/wp-json\/wp\/v2\/comments?post=54855"}],"version-history":[{"count":3,"href":"https:\/\/uniagraria.edu.co\/es\/wp-json\/wp\/v2\/pages\/54855\/revisions"}],"predecessor-version":[{"id":65396,"href":"https:\/\/uniagraria.edu.co\/es\/wp-json\/wp\/v2\/pages\/54855\/revisions\/65396"}],"wp:attachment":[{"href":"https:\/\/uniagraria.edu.co\/es\/wp-json\/wp\/v2\/media?parent=54855"}],"curies":[{"name":"wp","href":"https:\/\/api.w.org\/{rel}","templated":true}]}}