{"id":55648,"date":"2025-02-21T13:53:04","date_gmt":"2025-02-21T18:53:04","guid":{"rendered":"https:\/\/novawebmaster.com\/uniagraria\/?page_id=55648"},"modified":"2025-04-29T20:32:41","modified_gmt":"2025-04-30T01:32:41","slug":"insignias-especializacion-en-gestion-de-agronegocios","status":"publish","type":"page","link":"https:\/\/uniagraria.edu.co\/es\/insignias-especializacion-en-gestion-de-agronegocios\/","title":{"rendered":"Insignias Especializaci\u00f3n en Gesti\u00f3n de Agronegocios"},"content":{"rendered":"\t\t<div data-elementor-type=\"wp-page\" data-elementor-id=\"55648\" class=\"elementor elementor-55648\" data-elementor-post-type=\"page\">\n\t\t\t\t<div class=\"elementor-element elementor-element-9c310ba e-flex e-con-boxed e-con e-parent\" data-id=\"9c310ba\" data-element_type=\"container\" data-e-type=\"container\">\n\t\t\t\t\t<div class=\"e-con-inner\">\n\t\t\t\t<div class=\"elementor-element elementor-element-b6d59ee e-n-tabs-mobile elementor-widget elementor-widget-n-tabs\" data-id=\"b6d59ee\" data-element_type=\"widget\" data-e-type=\"widget\" data-settings=\"{&quot;tabs_justify_horizontal&quot;:&quot;stretch&quot;,&quot;horizontal_scroll&quot;:&quot;disable&quot;}\" data-widget_type=\"nested-tabs.default\">\n\t\t\t\t<div class=\"elementor-widget-container\">\n\t\t\t\t\t\t\t<div class=\"e-n-tabs\" data-widget-number=\"191715822\" aria-label=\"Tabs. Open items with Enter or Space, close with Escape and navigate using the Arrow keys.\">\n\t\t\t<div class=\"e-n-tabs-heading\" role=\"tablist\">\n\t\t\t\t\t<button id=\"e-n-tab-title-1917158221\" data-tab-title-id=\"e-n-tab-title-1917158221\" class=\"e-n-tab-title\" aria-selected=\"true\" data-tab-index=\"1\" role=\"tab\" tabindex=\"0\" aria-controls=\"e-n-tab-content-1917158221\" style=\"--n-tabs-title-order: 1;\">\n\t\t\t\t\t\t<span class=\"e-n-tab-title-text\">\n\t\t\t\tCreaci\u00f3n de l\u00ednea base para la ideaci\u00f3n y gesti\u00f3n de proyectos Agroalimentarios\t\t\t<\/span>\n\t\t<\/button>\n\t\t\t\t<button id=\"e-n-tab-title-1917158222\" data-tab-title-id=\"e-n-tab-title-1917158222\" class=\"e-n-tab-title\" aria-selected=\"false\" data-tab-index=\"2\" role=\"tab\" tabindex=\"-1\" aria-controls=\"e-n-tab-content-1917158222\" style=\"--n-tabs-title-order: 2;\">\n\t\t\t\t\t\t<span class=\"e-n-tab-title-text\">\n\t\t\t\tEncadenamiento productivo y asociativo en los Agronegocios sostenibles\t\t\t<\/span>\n\t\t<\/button>\n\t\t\t\t\t<\/div>\n\t\t\t<div class=\"e-n-tabs-content\">\n\t\t\t\t<div id=\"e-n-tab-content-1917158221\" role=\"tabpanel\" aria-labelledby=\"e-n-tab-title-1917158221\" data-tab-index=\"1\" style=\"--n-tabs-title-order: 1;\" class=\"e-active elementor-element elementor-element-d37e4e7 e-con-full e-flex e-con e-child\" data-id=\"d37e4e7\" data-element_type=\"container\" data-e-type=\"container\" data-settings=\"{&quot;background_background&quot;:&quot;classic&quot;,&quot;motion_fx_motion_fx_scrolling&quot;:&quot;yes&quot;,&quot;motion_fx_devices&quot;:[&quot;desktop&quot;,&quot;tablet&quot;,&quot;mobile&quot;]}\">\n\t\t<div class=\"elementor-element elementor-element-0159e4c e-flex e-con-boxed e-con e-child\" data-id=\"0159e4c\" data-element_type=\"container\" data-e-type=\"container\">\n\t\t\t\t\t<div class=\"e-con-inner\">\n\t\t<div class=\"elementor-element elementor-element-6b27077 e-con-full e-flex e-con e-child\" data-id=\"6b27077\" data-element_type=\"container\" data-e-type=\"container\">\n\t\t<div class=\"elementor-element elementor-element-54b4f0a e-con-full e-flex e-con e-child\" data-id=\"54b4f0a\" data-element_type=\"container\" data-e-type=\"container\">\n\t\t\t\t<div class=\"elementor-element elementor-element-2aded32 elementor-widget elementor-widget-image\" data-id=\"2aded32\" data-element_type=\"widget\" data-e-type=\"widget\" data-widget_type=\"image.default\">\n\t\t\t\t<div class=\"elementor-widget-container\">\n\t\t\t\t\t\t\t\t\t\t\t\t\t\t\t<img fetchpriority=\"high\" decoding=\"async\" width=\"300\" height=\"300\" src=\"https:\/\/uniagraria.edu.co\/wp-content\/uploads\/2025\/04\/Insignias-CreacionLineaBaseParaIdeacionYGestion-300x300-1.png\" class=\"attachment-large size-large wp-image-65410\" alt=\"\" srcset=\"https:\/\/uniagraria.edu.co\/wp-content\/uploads\/2025\/04\/Insignias-CreacionLineaBaseParaIdeacionYGestion-300x300-1.png 300w, https:\/\/uniagraria.edu.co\/wp-content\/uploads\/2025\/04\/Insignias-CreacionLineaBaseParaIdeacionYGestion-300x300-1-150x150.png 150w\" sizes=\"(max-width: 300px) 100vw, 300px\" \/>\t\t\t\t\t\t\t\t\t\t\t\t\t\t\t<\/div>\n\t\t\t\t<\/div>\n\t\t\t\t<\/div>\n\t\t<div class=\"elementor-element elementor-element-151092d e-con-full e-flex e-con e-child\" data-id=\"151092d\" data-element_type=\"container\" data-e-type=\"container\">\n\t\t\t\t<div class=\"elementor-element elementor-element-dae4d1c elementor-widget elementor-widget-heading\" data-id=\"dae4d1c\" data-element_type=\"widget\" data-e-type=\"widget\" data-widget_type=\"heading.default\">\n\t\t\t\t<div class=\"elementor-widget-container\">\n\t\t\t\t\t<h4 class=\"elementor-heading-title elementor-size-default\">Creaci\u00f3n de l\u00ednea base para la ideaci\u00f3n y gesti\u00f3n de proyectos Agroalimentarios\n<\/h4>\t\t\t\t<\/div>\n\t\t\t\t<\/div>\n\t\t\t\t<div class=\"elementor-element elementor-element-6395cb5 elementor-widget elementor-widget-text-editor\" data-id=\"6395cb5\" data-element_type=\"widget\" data-e-type=\"widget\" data-widget_type=\"text-editor.default\">\n\t\t\t\t<div class=\"elementor-widget-container\">\n\t\t\t\t\t\t\t\t\t<div class=\"uk-card-body\"><strong>Vigencia :<\/strong>\u00a02 A\u00f1o\/s<br \/><strong>Duraci\u00f3n :<\/strong>\u00a064 horas<br \/><p><strong>Criterios de obtenci\u00f3n :<\/strong>\u00a0El estudiante obtendr\u00e1 esta insignia al cursar y aprobar con una nota superior a 3.5 y la entrega de una propuesta agronegocio.<\/p><p><strong>Regulaci\u00f3n o norma que rige la insignia :<\/strong>\u00a0EFSA-OGM-BPM.<\/p><p><strong>Ruta formativa o contenidos de la insignia :<\/strong>\u00a0Resultados aprendizaje previstos en los cursos de: Organizaci\u00f3n Estrategia y Gesti\u00f3n. As\u00ed como, An\u00e1lisis del Entorno y capacidades de la Organizaci\u00f3n.<\/p><\/div><div class=\"uk-card-footer\">\u00a0<\/div>\t\t\t\t\t\t\t\t<\/div>\n\t\t\t\t<\/div>\n\t\t\t\t<\/div>\n\t\t\t\t<\/div>\n\t\t\t\t\t<\/div>\n\t\t\t\t<\/div>\n\t\t\t\t<\/div>\n\t\t<div id=\"e-n-tab-content-1917158222\" role=\"tabpanel\" aria-labelledby=\"e-n-tab-title-1917158222\" data-tab-index=\"2\" style=\"--n-tabs-title-order: 2;\" class=\" elementor-element elementor-element-632ad3b e-flex e-con-boxed e-con e-child\" data-id=\"632ad3b\" data-element_type=\"container\" data-e-type=\"container\" data-settings=\"{&quot;background_background&quot;:&quot;classic&quot;}\">\n\t\t\t\t\t<div class=\"e-con-inner\">\n\t\t<div class=\"elementor-element elementor-element-0f78521 e-flex e-con-boxed e-con e-child\" data-id=\"0f78521\" data-element_type=\"container\" data-e-type=\"container\" data-settings=\"{&quot;background_background&quot;:&quot;classic&quot;}\">\n\t\t\t\t\t<div class=\"e-con-inner\">\n\t\t<div class=\"elementor-element elementor-element-2394829 e-con-full e-flex e-con e-child\" data-id=\"2394829\" data-element_type=\"container\" data-e-type=\"container\">\n\t\t<div class=\"elementor-element elementor-element-7f8416a e-con-full e-flex e-con e-child\" data-id=\"7f8416a\" data-element_type=\"container\" data-e-type=\"container\">\n\t\t<div class=\"elementor-element elementor-element-5e04d60 e-con-full e-flex e-con e-child\" data-id=\"5e04d60\" data-element_type=\"container\" data-e-type=\"container\">\n\t\t\t\t<div class=\"elementor-element elementor-element-e00aab8 elementor-widget elementor-widget-image\" data-id=\"e00aab8\" data-element_type=\"widget\" data-e-type=\"widget\" data-widget_type=\"image.default\">\n\t\t\t\t<div class=\"elementor-widget-container\">\n\t\t\t\t\t\t\t\t\t\t\t\t\t\t\t<img decoding=\"async\" width=\"300\" height=\"300\" src=\"https:\/\/uniagraria.edu.co\/wp-content\/uploads\/2025\/04\/Insignias-EncadenamientoProductivoAgronegocios-300x300-1.png\" class=\"attachment-large size-large wp-image-65411\" alt=\"\" srcset=\"https:\/\/uniagraria.edu.co\/wp-content\/uploads\/2025\/04\/Insignias-EncadenamientoProductivoAgronegocios-300x300-1.png 300w, https:\/\/uniagraria.edu.co\/wp-content\/uploads\/2025\/04\/Insignias-EncadenamientoProductivoAgronegocios-300x300-1-150x150.png 150w\" sizes=\"(max-width: 300px) 100vw, 300px\" \/>\t\t\t\t\t\t\t\t\t\t\t\t\t\t\t<\/div>\n\t\t\t\t<\/div>\n\t\t\t\t<\/div>\n\t\t<div class=\"elementor-element elementor-element-b1b54e1 e-con-full e-flex e-con e-child\" data-id=\"b1b54e1\" data-element_type=\"container\" data-e-type=\"container\">\n\t\t\t\t<div class=\"elementor-element elementor-element-522be80 elementor-widget elementor-widget-heading\" data-id=\"522be80\" data-element_type=\"widget\" data-e-type=\"widget\" data-widget_type=\"heading.default\">\n\t\t\t\t<div class=\"elementor-widget-container\">\n\t\t\t\t\t<h4 class=\"elementor-heading-title elementor-size-default\">Encadenamiento productivo y asociativo en los Agronegocios sostenibles<\/h4>\t\t\t\t<\/div>\n\t\t\t\t<\/div>\n\t\t\t\t<div class=\"elementor-element elementor-element-120ed3e elementor-widget elementor-widget-text-editor\" data-id=\"120ed3e\" data-element_type=\"widget\" data-e-type=\"widget\" data-widget_type=\"text-editor.default\">\n\t\t\t\t<div class=\"elementor-widget-container\">\n\t\t\t\t\t\t\t\t\t<div class=\"uk-card-body\"><p><strong>Vigencia :<\/strong>\u00a02 A\u00f1o\/s<br \/><strong>Duraci\u00f3n :<\/strong>\u00a024 horas<\/p><p><strong>Criterios de obtenci\u00f3n :<\/strong>\u00a0El estudiante obtendr\u00e1 esta insignia al cursar y aprobar con una nota superior a 3.5 y la entrega de una propuesta agronegocio.<\/p><p><strong>Regulaci\u00f3n o norma que rige la insignia :<\/strong>\u00a0FAO-ISO 26000.<\/p><p><strong>Ruta formativa o contenidos de la insignia :<\/strong>\u00a0El estudiante obtendr\u00e1 esta insignia al cursar y aprobar con una nota superior a 3.5.<\/p><\/div>\t\t\t\t\t\t\t\t<\/div>\n\t\t\t\t<\/div>\n\t\t\t\t<\/div>\n\t\t\t\t<\/div>\n\t\t\t\t<\/div>\n\t\t\t\t\t<\/div>\n\t\t\t\t<\/div>\n\t\t\t\t\t<\/div>\n\t\t\t\t<\/div>\n\t\t\t\t\t<\/div>\n\t\t<\/div>\n\t\t\t\t\t\t<\/div>\n\t\t\t\t<\/div>\n\t\t\t\t\t<\/div>\n\t\t\t\t<\/div>\n\t\t<div class=\"elementor-element elementor-element-e1c2dcc e-flex e-con-boxed e-con e-parent\" data-id=\"e1c2dcc\" data-element_type=\"container\" data-e-type=\"container\">\n\t\t\t\t\t<div class=\"e-con-inner\">\n\t\t\t\t<div class=\"elementor-element elementor-element-1a4019a elementor-widget elementor-widget-text-editor\" data-id=\"1a4019a\" data-element_type=\"widget\" data-e-type=\"widget\" data-widget_type=\"text-editor.default\">\n\t\t\t\t<div class=\"elementor-widget-container\">\n\t\t\t\t\t\t\t\t\t<p><strong>Para mayor informaci\u00f3n comun\u00edcate con:<\/strong><br \/>Julio Alejandro Franco<br \/>Director de Programa Especializaci\u00f3n en Gesti\u00f3n de Agronegocios<br \/><span style=\"color: #3366ff;\">franco.julio@uniagraria.edu.co<\/span><\/p>\t\t\t\t\t\t\t\t<\/div>\n\t\t\t\t<\/div>\n\t\t\t\t\t<\/div>\n\t\t\t\t<\/div>\n\t\t\t\t<\/div>\n\t\t","protected":false},"excerpt":{"rendered":"<p>Creaci\u00f3n de l\u00ednea base para la ideaci\u00f3n y gesti\u00f3n de proyectos Agroalimentarios Encadenamiento productivo y asociativo en los Agronegocios sostenibles Creaci\u00f3n de l\u00ednea base para la ideaci\u00f3n y gesti\u00f3n de proyectos Agroalimentarios Vigencia :\u00a02 A\u00f1o\/sDuraci\u00f3n :\u00a064 horas Criterios de obtenci\u00f3n :\u00a0El estudiante obtendr\u00e1 esta insignia al cursar y aprobar con una nota superior a 3.5 [&hellip;]<\/p>\n","protected":false},"author":8,"featured_media":0,"parent":0,"menu_order":0,"comment_status":"closed","ping_status":"closed","template":"","meta":{"_acf_changed":false,"site-sidebar-layout":"no-sidebar","site-content-layout":"","ast-site-content-layout":"full-width-container","site-content-style":"default","site-sidebar-style":"default","ast-global-header-display":"","ast-banner-title-visibility":"","ast-main-header-display":"","ast-hfb-above-header-display":"","ast-hfb-below-header-display":"","ast-hfb-mobile-header-display":"","site-post-title":"disabled","ast-breadcrumbs-content":"","ast-featured-img":"disabled","footer-sml-layout":"","ast-disable-related-posts":"","theme-transparent-header-meta":"default","adv-header-id-meta":"","stick-header-meta":"default","header-above-stick-meta":"","header-main-stick-meta":"","header-below-stick-meta":"","astra-migrate-meta-layouts":"set","ast-page-background-enabled":"default","ast-page-background-meta":{"desktop":{"background-color":"var(--ast-global-color-4)","background-image":"","background-repeat":"repeat","background-position":"center center","background-size":"auto","background-attachment":"scroll","background-type":"","background-media":"","overlay-type":"","overlay-color":"","overlay-opacity":"","overlay-gradient":""},"tablet":{"background-color":"","background-image":"","background-repeat":"repeat","background-position":"center center","background-size":"auto","background-attachment":"scroll","background-type":"","background-media":"","overlay-type":"","overlay-color":"","overlay-opacity":"","overlay-gradient":""},"mobile":{"background-color":"","background-image":"","background-repeat":"repeat","background-position":"center center","background-size":"auto","background-attachment":"scroll","background-type":"","background-media":"","overlay-type":"","overlay-color":"","overlay-opacity":"","overlay-gradient":""}},"ast-content-background-meta":{"desktop":{"background-color":"var(--ast-global-color-5)","background-image":"","background-repeat":"repeat","background-position":"center center","background-size":"auto","background-attachment":"scroll","background-type":"","background-media":"","overlay-type":"","overlay-color":"","overlay-opacity":"","overlay-gradient":""},"tablet":{"background-color":"var(--ast-global-color-5)","background-image":"","background-repeat":"repeat","background-position":"center center","background-size":"auto","background-attachment":"scroll","background-type":"","background-media":"","overlay-type":"","overlay-color":"","overlay-opacity":"","overlay-gradient":""},"mobile":{"background-color":"var(--ast-global-color-5)","background-image":"","background-repeat":"repeat","background-position":"center center","background-size":"auto","background-attachment":"scroll","background-type":"","background-media":"","overlay-type":"","overlay-color":"","overlay-opacity":"","overlay-gradient":""}},"footnotes":""},"class_list":["post-55648","page","type-page","status-publish","hentry"],"acf":[],"yoast_head":"<!-- This site is optimized with the Yoast SEO plugin v27.2 - https:\/\/yoast.com\/product\/yoast-seo-wordpress\/ -->\n<title>Insignias Especializaci\u00f3n en Gesti\u00f3n de Agronegocios - UNIAGRARIA<\/title>\n<meta name=\"robots\" content=\"index, follow, max-snippet:-1, max-image-preview:large, max-video-preview:-1\" \/>\n<link rel=\"canonical\" href=\"https:\/\/uniagraria.edu.co\/es\/insignias-especializacion-en-gestion-de-agronegocios\/\" \/>\n<meta property=\"og:locale\" content=\"es_ES\" \/>\n<meta property=\"og:type\" content=\"article\" \/>\n<meta property=\"og:title\" content=\"Insignias Especializaci\u00f3n en Gesti\u00f3n de Agronegocios - UNIAGRARIA\" \/>\n<meta property=\"og:description\" content=\"Creaci\u00f3n de l\u00ednea base para la ideaci\u00f3n y gesti\u00f3n de proyectos Agroalimentarios Encadenamiento productivo y asociativo en los Agronegocios sostenibles Creaci\u00f3n de l\u00ednea base para la ideaci\u00f3n y gesti\u00f3n de proyectos Agroalimentarios Vigencia :\u00a02 A\u00f1o\/sDuraci\u00f3n :\u00a064 horas Criterios de obtenci\u00f3n :\u00a0El estudiante obtendr\u00e1 esta insignia al cursar y aprobar con una nota superior a 3.5 [&hellip;]\" \/>\n<meta property=\"og:url\" content=\"https:\/\/uniagraria.edu.co\/es\/insignias-especializacion-en-gestion-de-agronegocios\/\" \/>\n<meta property=\"og:site_name\" content=\"UNIAGRARIA\" \/>\n<meta property=\"article:publisher\" content=\"https:\/\/www.facebook.com\/uagraria\/?locale=es_LA\" \/>\n<meta property=\"article:modified_time\" content=\"2025-04-30T01:32:41+00:00\" \/>\n<meta property=\"og:image\" content=\"https:\/\/novawebmaster.com\/uniagraria\/wp-content\/uploads\/2025\/04\/Insignias-CreacionLineaBaseParaIdeacionYGestion-300x300-1.png\" \/>\n<meta name=\"twitter:card\" content=\"summary_large_image\" \/>\n<meta name=\"twitter:site\" content=\"@UNIAGRARIA\" \/>\n<meta name=\"twitter:label1\" content=\"Tiempo de lectura\" \/>\n\t<meta name=\"twitter:data1\" content=\"2 minutos\" \/>\n<script type=\"application\/ld+json\" class=\"yoast-schema-graph\">{\"@context\":\"https:\/\/schema.org\",\"@graph\":[{\"@type\":\"WebPage\",\"@id\":\"https:\/\/uniagraria.edu.co\/es\/insignias-especializacion-en-gestion-de-agronegocios\/\",\"url\":\"https:\/\/uniagraria.edu.co\/es\/insignias-especializacion-en-gestion-de-agronegocios\/\",\"name\":\"Insignias Especializaci\u00f3n en Gesti\u00f3n de Agronegocios - UNIAGRARIA\",\"isPartOf\":{\"@id\":\"https:\/\/uniagraria.edu.co\/es\/#website\"},\"primaryImageOfPage\":{\"@id\":\"https:\/\/uniagraria.edu.co\/es\/insignias-especializacion-en-gestion-de-agronegocios\/#primaryimage\"},\"image\":{\"@id\":\"https:\/\/uniagraria.edu.co\/es\/insignias-especializacion-en-gestion-de-agronegocios\/#primaryimage\"},\"thumbnailUrl\":\"https:\/\/novawebmaster.com\/uniagraria\/wp-content\/uploads\/2025\/04\/Insignias-CreacionLineaBaseParaIdeacionYGestion-300x300-1.png\",\"datePublished\":\"2025-02-21T18:53:04+00:00\",\"dateModified\":\"2025-04-30T01:32:41+00:00\",\"breadcrumb\":{\"@id\":\"https:\/\/uniagraria.edu.co\/es\/insignias-especializacion-en-gestion-de-agronegocios\/#breadcrumb\"},\"inLanguage\":\"es-CO\",\"potentialAction\":[{\"@type\":\"ReadAction\",\"target\":[\"https:\/\/uniagraria.edu.co\/es\/insignias-especializacion-en-gestion-de-agronegocios\/\"]}]},{\"@type\":\"ImageObject\",\"inLanguage\":\"es-CO\",\"@id\":\"https:\/\/uniagraria.edu.co\/es\/insignias-especializacion-en-gestion-de-agronegocios\/#primaryimage\",\"url\":\"https:\/\/novawebmaster.com\/uniagraria\/wp-content\/uploads\/2025\/04\/Insignias-CreacionLineaBaseParaIdeacionYGestion-300x300-1.png\",\"contentUrl\":\"https:\/\/novawebmaster.com\/uniagraria\/wp-content\/uploads\/2025\/04\/Insignias-CreacionLineaBaseParaIdeacionYGestion-300x300-1.png\"},{\"@type\":\"BreadcrumbList\",\"@id\":\"https:\/\/uniagraria.edu.co\/es\/insignias-especializacion-en-gestion-de-agronegocios\/#breadcrumb\",\"itemListElement\":[{\"@type\":\"ListItem\",\"position\":1,\"name\":\"Inicio\",\"item\":\"https:\/\/uniagraria.edu.co\/\"},{\"@type\":\"ListItem\",\"position\":2,\"name\":\"Insignias Especializaci\u00f3n en Gesti\u00f3n de Agronegocios\"}]},{\"@type\":\"WebSite\",\"@id\":\"https:\/\/uniagraria.edu.co\/es\/#website\",\"url\":\"https:\/\/uniagraria.edu.co\/es\/\",\"name\":\"UNIAGRARIA\",\"description\":\"FUNDACION UNIVERSITARIA AGRARIA DE COLOMBIA\",\"publisher\":{\"@id\":\"https:\/\/uniagraria.edu.co\/es\/#organization\"},\"potentialAction\":[{\"@type\":\"SearchAction\",\"target\":{\"@type\":\"EntryPoint\",\"urlTemplate\":\"https:\/\/uniagraria.edu.co\/es\/?s={search_term_string}\"},\"query-input\":{\"@type\":\"PropertyValueSpecification\",\"valueRequired\":true,\"valueName\":\"search_term_string\"}}],\"inLanguage\":\"es-CO\"},{\"@type\":\"Organization\",\"@id\":\"https:\/\/uniagraria.edu.co\/es\/#organization\",\"name\":\"UNIAGRARIA\",\"url\":\"https:\/\/uniagraria.edu.co\/es\/\",\"logo\":{\"@type\":\"ImageObject\",\"inLanguage\":\"es-CO\",\"@id\":\"https:\/\/uniagraria.edu.co\/es\/#\/schema\/logo\/image\/\",\"url\":\"https:\/\/novawebmaster.com\/uniagraria\/wp-content\/uploads\/2025\/02\/LogoUa2023Vertical.png\",\"contentUrl\":\"https:\/\/novawebmaster.com\/uniagraria\/wp-content\/uploads\/2025\/02\/LogoUa2023Vertical.png\",\"width\":3300,\"height\":2550,\"caption\":\"UNIAGRARIA\"},\"image\":{\"@id\":\"https:\/\/uniagraria.edu.co\/es\/#\/schema\/logo\/image\/\"},\"sameAs\":[\"https:\/\/www.facebook.com\/uagraria\/?locale=es_LA\",\"https:\/\/x.com\/UNIAGRARIA\",\"https:\/\/www.instagram.com\/uniagraria\/profilecard\/?igsh=MXI2bTFlMWsxNzNjOA\",\"https:\/\/www.tiktok.com\/discover\/uniagraria?lang=es\",\"https:\/\/www.linkedin.com\/school\/uniagraria\/?originalSubdomain=co\",\"https:\/\/www.youtube.com\/user\/UniagrariaUverde?themeRefresh=1\",\"https:\/\/api.whatsapp.com\/send?phone=3134230649\"]}]}<\/script>\n<!-- \/ Yoast SEO plugin. -->","yoast_head_json":{"title":"Insignias Especializaci\u00f3n en Gesti\u00f3n de Agronegocios - UNIAGRARIA","robots":{"index":"index","follow":"follow","max-snippet":"max-snippet:-1","max-image-preview":"max-image-preview:large","max-video-preview":"max-video-preview:-1"},"canonical":"https:\/\/uniagraria.edu.co\/es\/insignias-especializacion-en-gestion-de-agronegocios\/","og_locale":"es_ES","og_type":"article","og_title":"Insignias Especializaci\u00f3n en Gesti\u00f3n de Agronegocios - UNIAGRARIA","og_description":"Creaci\u00f3n de l\u00ednea base para la ideaci\u00f3n y gesti\u00f3n de proyectos Agroalimentarios Encadenamiento productivo y asociativo en los Agronegocios sostenibles Creaci\u00f3n de l\u00ednea base para la ideaci\u00f3n y gesti\u00f3n de proyectos Agroalimentarios Vigencia :\u00a02 A\u00f1o\/sDuraci\u00f3n :\u00a064 horas Criterios de obtenci\u00f3n :\u00a0El estudiante obtendr\u00e1 esta insignia al cursar y aprobar con una nota superior a 3.5 [&hellip;]","og_url":"https:\/\/uniagraria.edu.co\/es\/insignias-especializacion-en-gestion-de-agronegocios\/","og_site_name":"UNIAGRARIA","article_publisher":"https:\/\/www.facebook.com\/uagraria\/?locale=es_LA","article_modified_time":"2025-04-30T01:32:41+00:00","og_image":[{"url":"https:\/\/novawebmaster.com\/uniagraria\/wp-content\/uploads\/2025\/04\/Insignias-CreacionLineaBaseParaIdeacionYGestion-300x300-1.png","type":"","width":"","height":""}],"twitter_card":"summary_large_image","twitter_site":"@UNIAGRARIA","twitter_misc":{"Tiempo de lectura":"2 minutos"},"schema":{"@context":"https:\/\/schema.org","@graph":[{"@type":"WebPage","@id":"https:\/\/uniagraria.edu.co\/es\/insignias-especializacion-en-gestion-de-agronegocios\/","url":"https:\/\/uniagraria.edu.co\/es\/insignias-especializacion-en-gestion-de-agronegocios\/","name":"Insignias Especializaci\u00f3n en Gesti\u00f3n de Agronegocios - UNIAGRARIA","isPartOf":{"@id":"https:\/\/uniagraria.edu.co\/es\/#website"},"primaryImageOfPage":{"@id":"https:\/\/uniagraria.edu.co\/es\/insignias-especializacion-en-gestion-de-agronegocios\/#primaryimage"},"image":{"@id":"https:\/\/uniagraria.edu.co\/es\/insignias-especializacion-en-gestion-de-agronegocios\/#primaryimage"},"thumbnailUrl":"https:\/\/novawebmaster.com\/uniagraria\/wp-content\/uploads\/2025\/04\/Insignias-CreacionLineaBaseParaIdeacionYGestion-300x300-1.png","datePublished":"2025-02-21T18:53:04+00:00","dateModified":"2025-04-30T01:32:41+00:00","breadcrumb":{"@id":"https:\/\/uniagraria.edu.co\/es\/insignias-especializacion-en-gestion-de-agronegocios\/#breadcrumb"},"inLanguage":"es-CO","potentialAction":[{"@type":"ReadAction","target":["https:\/\/uniagraria.edu.co\/es\/insignias-especializacion-en-gestion-de-agronegocios\/"]}]},{"@type":"ImageObject","inLanguage":"es-CO","@id":"https:\/\/uniagraria.edu.co\/es\/insignias-especializacion-en-gestion-de-agronegocios\/#primaryimage","url":"https:\/\/novawebmaster.com\/uniagraria\/wp-content\/uploads\/2025\/04\/Insignias-CreacionLineaBaseParaIdeacionYGestion-300x300-1.png","contentUrl":"https:\/\/novawebmaster.com\/uniagraria\/wp-content\/uploads\/2025\/04\/Insignias-CreacionLineaBaseParaIdeacionYGestion-300x300-1.png"},{"@type":"BreadcrumbList","@id":"https:\/\/uniagraria.edu.co\/es\/insignias-especializacion-en-gestion-de-agronegocios\/#breadcrumb","itemListElement":[{"@type":"ListItem","position":1,"name":"Inicio","item":"https:\/\/uniagraria.edu.co\/"},{"@type":"ListItem","position":2,"name":"Insignias Especializaci\u00f3n en Gesti\u00f3n de Agronegocios"}]},{"@type":"WebSite","@id":"https:\/\/uniagraria.edu.co\/es\/#website","url":"https:\/\/uniagraria.edu.co\/es\/","name":"UNIAGRARIA","description":"FUNDACION UNIVERSITARIA AGRARIA DE COLOMBIA","publisher":{"@id":"https:\/\/uniagraria.edu.co\/es\/#organization"},"potentialAction":[{"@type":"SearchAction","target":{"@type":"EntryPoint","urlTemplate":"https:\/\/uniagraria.edu.co\/es\/?s={search_term_string}"},"query-input":{"@type":"PropertyValueSpecification","valueRequired":true,"valueName":"search_term_string"}}],"inLanguage":"es-CO"},{"@type":"Organization","@id":"https:\/\/uniagraria.edu.co\/es\/#organization","name":"UNIAGRARIA","url":"https:\/\/uniagraria.edu.co\/es\/","logo":{"@type":"ImageObject","inLanguage":"es-CO","@id":"https:\/\/uniagraria.edu.co\/es\/#\/schema\/logo\/image\/","url":"https:\/\/novawebmaster.com\/uniagraria\/wp-content\/uploads\/2025\/02\/LogoUa2023Vertical.png","contentUrl":"https:\/\/novawebmaster.com\/uniagraria\/wp-content\/uploads\/2025\/02\/LogoUa2023Vertical.png","width":3300,"height":2550,"caption":"UNIAGRARIA"},"image":{"@id":"https:\/\/uniagraria.edu.co\/es\/#\/schema\/logo\/image\/"},"sameAs":["https:\/\/www.facebook.com\/uagraria\/?locale=es_LA","https:\/\/x.com\/UNIAGRARIA","https:\/\/www.instagram.com\/uniagraria\/profilecard\/?igsh=MXI2bTFlMWsxNzNjOA","https:\/\/www.tiktok.com\/discover\/uniagraria?lang=es","https:\/\/www.linkedin.com\/school\/uniagraria\/?originalSubdomain=co","https:\/\/www.youtube.com\/user\/UniagrariaUverde?themeRefresh=1","https:\/\/api.whatsapp.com\/send?phone=3134230649"]}]}},"_links":{"self":[{"href":"https:\/\/uniagraria.edu.co\/es\/wp-json\/wp\/v2\/pages\/55648","targetHints":{"allow":["GET"]}}],"collection":[{"href":"https:\/\/uniagraria.edu.co\/es\/wp-json\/wp\/v2\/pages"}],"about":[{"href":"https:\/\/uniagraria.edu.co\/es\/wp-json\/wp\/v2\/types\/page"}],"author":[{"embeddable":true,"href":"https:\/\/uniagraria.edu.co\/es\/wp-json\/wp\/v2\/users\/8"}],"replies":[{"embeddable":true,"href":"https:\/\/uniagraria.edu.co\/es\/wp-json\/wp\/v2\/comments?post=55648"}],"version-history":[{"count":3,"href":"https:\/\/uniagraria.edu.co\/es\/wp-json\/wp\/v2\/pages\/55648\/revisions"}],"predecessor-version":[{"id":65414,"href":"https:\/\/uniagraria.edu.co\/es\/wp-json\/wp\/v2\/pages\/55648\/revisions\/65414"}],"wp:attachment":[{"href":"https:\/\/uniagraria.edu.co\/es\/wp-json\/wp\/v2\/media?parent=55648"}],"curies":[{"name":"wp","href":"https:\/\/api.w.org\/{rel}","templated":true}]}}