{"id":55661,"date":"2025-02-21T14:45:54","date_gmt":"2025-02-21T19:45:54","guid":{"rendered":"https:\/\/novawebmaster.com\/uniagraria\/?page_id=55661"},"modified":"2025-04-29T20:41:42","modified_gmt":"2025-04-30T01:41:42","slug":"insignias-especializacion-en-legislacion-rural-y-ordenamiento-territorial","status":"publish","type":"page","link":"https:\/\/uniagraria.edu.co\/es\/insignias-especializacion-en-legislacion-rural-y-ordenamiento-territorial\/","title":{"rendered":"Insignias Especializaci\u00f3n en Legislaci\u00f3n Rural y Ordenamiento Territorial"},"content":{"rendered":"\t\t<div data-elementor-type=\"wp-page\" data-elementor-id=\"55661\" class=\"elementor elementor-55661\" data-elementor-post-type=\"page\">\n\t\t\t\t<div class=\"elementor-element elementor-element-fc09080 e-flex e-con-boxed e-con e-parent\" data-id=\"fc09080\" data-element_type=\"container\" data-e-type=\"container\">\n\t\t\t\t\t<div class=\"e-con-inner\">\n\t\t\t\t<div class=\"elementor-element elementor-element-a5d27f3 e-n-tabs-mobile elementor-widget elementor-widget-n-tabs\" data-id=\"a5d27f3\" data-element_type=\"widget\" data-e-type=\"widget\" data-settings=\"{&quot;tabs_justify_horizontal&quot;:&quot;stretch&quot;,&quot;horizontal_scroll&quot;:&quot;disable&quot;}\" data-widget_type=\"nested-tabs.default\">\n\t\t\t\t\t\t\t<div class=\"e-n-tabs\" data-widget-number=\"173877235\" aria-label=\"Tabs. Open items with Enter or Space, close with Escape and navigate using the Arrow keys.\">\n\t\t\t<div class=\"e-n-tabs-heading\" role=\"tablist\">\n\t\t\t\t\t<button id=\"e-n-tab-title-1738772351\" data-tab-title-id=\"e-n-tab-title-1738772351\" class=\"e-n-tab-title\" aria-selected=\"true\" data-tab-index=\"1\" role=\"tab\" tabindex=\"0\" aria-controls=\"e-n-tab-content-1738772351\" style=\"--n-tabs-title-order: 1;\">\n\t\t\t\t\t\t<span class=\"e-n-tab-title-text\">\n\t\t\t\tEspecializaci\u00f3n en Legislaci\u00f3n Rural y Ordenamiento Territorial\t\t\t<\/span>\n\t\t<\/button>\n\t\t\t\t<button id=\"e-n-tab-title-1738772352\" data-tab-title-id=\"e-n-tab-title-1738772352\" class=\"e-n-tab-title\" aria-selected=\"false\" data-tab-index=\"2\" role=\"tab\" tabindex=\"-1\" aria-controls=\"e-n-tab-content-1738772352\" style=\"--n-tabs-title-order: 2;\">\n\t\t\t\t\t\t<span class=\"e-n-tab-title-text\">\n\t\t\t\tOrdenamiento Territorial y seguridad alimentaria\t\t\t<\/span>\n\t\t<\/button>\n\t\t\t\t\t<\/div>\n\t\t\t<div class=\"e-n-tabs-content\">\n\t\t\t\t<div id=\"e-n-tab-content-1738772351\" role=\"tabpanel\" aria-labelledby=\"e-n-tab-title-1738772351\" data-tab-index=\"1\" style=\"--n-tabs-title-order: 1;\" class=\"e-active elementor-element elementor-element-e68b577 e-con-full e-flex e-con e-child\" data-id=\"e68b577\" data-element_type=\"container\" data-e-type=\"container\" data-settings=\"{&quot;background_background&quot;:&quot;classic&quot;,&quot;motion_fx_motion_fx_scrolling&quot;:&quot;yes&quot;,&quot;motion_fx_devices&quot;:[&quot;desktop&quot;,&quot;tablet&quot;,&quot;mobile&quot;]}\">\n\t\t<div class=\"elementor-element elementor-element-0370f68 e-flex e-con-boxed e-con e-child\" data-id=\"0370f68\" data-element_type=\"container\" data-e-type=\"container\">\n\t\t\t\t\t<div class=\"e-con-inner\">\n\t\t<div class=\"elementor-element elementor-element-2e78c54 e-con-full e-flex e-con e-child\" data-id=\"2e78c54\" data-element_type=\"container\" data-e-type=\"container\">\n\t\t<div class=\"elementor-element elementor-element-14f586d e-con-full e-flex e-con e-child\" data-id=\"14f586d\" data-element_type=\"container\" data-e-type=\"container\">\n\t\t\t\t<div class=\"elementor-element elementor-element-1b42144 elementor-widget elementor-widget-image\" data-id=\"1b42144\" data-element_type=\"widget\" data-e-type=\"widget\" data-widget_type=\"image.default\">\n\t\t\t\t\t\t\t\t\t\t\t\t\t\t\t<img fetchpriority=\"high\" decoding=\"async\" width=\"300\" height=\"300\" src=\"https:\/\/uniagraria.edu.co\/wp-content\/uploads\/2025\/04\/Insignias-LegislacionRural-300x300-1.png\" class=\"attachment-large size-large wp-image-65417\" alt=\"\" srcset=\"https:\/\/uniagraria.edu.co\/wp-content\/uploads\/2025\/04\/Insignias-LegislacionRural-300x300-1.png 300w, https:\/\/uniagraria.edu.co\/wp-content\/uploads\/2025\/04\/Insignias-LegislacionRural-300x300-1-150x150.png 150w\" sizes=\"(max-width: 300px) 100vw, 300px\" \/>\t\t\t\t\t\t\t\t\t\t\t\t\t\t\t<\/div>\n\t\t\t\t<\/div>\n\t\t<div class=\"elementor-element elementor-element-9bbc672 e-con-full e-flex e-con e-child\" data-id=\"9bbc672\" data-element_type=\"container\" data-e-type=\"container\">\n\t\t\t\t<div class=\"elementor-element elementor-element-5cbccbb elementor-widget elementor-widget-heading\" data-id=\"5cbccbb\" data-element_type=\"widget\" data-e-type=\"widget\" data-widget_type=\"heading.default\">\n\t\t\t\t\t<h4 class=\"elementor-heading-title elementor-size-default\">Especializaci\u00f3n en Legislaci\u00f3n Rural y Ordenamiento Territorial<\/h4>\t\t\t\t<\/div>\n\t\t\t\t<div class=\"elementor-element elementor-element-723e9d6 elementor-widget elementor-widget-text-editor\" data-id=\"723e9d6\" data-element_type=\"widget\" data-e-type=\"widget\" data-widget_type=\"text-editor.default\">\n\t\t\t\t\t\t\t\t\t<p><strong>Legislaci\u00f3n Rural<\/strong><br \/><strong>Vigencia:<\/strong> 2 A\u00f1o\/s<br \/><strong>Duraci\u00f3n:<\/strong> 192 horas<br \/><strong>Criterios de obtenci\u00f3n:<\/strong> El estudiante obtendr\u00e1 esta insignia al cursar y aprobar m\u00ednimo con 3.8 cada uno de los 4 cursos (Fundamentos ambientales y rurales, legislaci\u00f3n rural I y II, econ\u00f3mica ecol\u00f3gica y sociedad).<\/p><p><strong>Ruta formativa o contenidos de la insignia:<\/strong> Resultado de aprendizaje previstos en los cursos (Fundamentos ambientales y rurales, legislaci\u00f3n rural I y II, econ\u00f3mica ecol\u00f3gica y sociedad).<\/p>\t\t\t\t\t\t\t\t<\/div>\n\t\t\t\t<\/div>\n\t\t\t\t<\/div>\n\t\t\t\t\t<\/div>\n\t\t\t\t<\/div>\n\t\t\t\t<\/div>\n\t\t<div id=\"e-n-tab-content-1738772352\" role=\"tabpanel\" aria-labelledby=\"e-n-tab-title-1738772352\" data-tab-index=\"2\" style=\"--n-tabs-title-order: 2;\" class=\" elementor-element elementor-element-a6e61b1 e-flex e-con-boxed e-con e-child\" data-id=\"a6e61b1\" data-element_type=\"container\" data-e-type=\"container\" data-settings=\"{&quot;background_background&quot;:&quot;classic&quot;}\">\n\t\t\t\t\t<div class=\"e-con-inner\">\n\t\t<div class=\"elementor-element elementor-element-ec04e87 e-flex e-con-boxed e-con e-child\" data-id=\"ec04e87\" data-element_type=\"container\" data-e-type=\"container\" data-settings=\"{&quot;background_background&quot;:&quot;classic&quot;}\">\n\t\t\t\t\t<div class=\"e-con-inner\">\n\t\t<div class=\"elementor-element elementor-element-d388df3 e-con-full e-flex e-con e-child\" data-id=\"d388df3\" data-element_type=\"container\" data-e-type=\"container\">\n\t\t<div class=\"elementor-element elementor-element-0ca4526 e-con-full e-flex e-con e-child\" data-id=\"0ca4526\" data-element_type=\"container\" data-e-type=\"container\">\n\t\t<div class=\"elementor-element elementor-element-4537eb3 e-con-full e-flex e-con e-child\" data-id=\"4537eb3\" data-element_type=\"container\" data-e-type=\"container\">\n\t\t\t\t<div class=\"elementor-element elementor-element-f209317 elementor-widget elementor-widget-image\" data-id=\"f209317\" data-element_type=\"widget\" data-e-type=\"widget\" data-widget_type=\"image.default\">\n\t\t\t\t\t\t\t\t\t\t\t\t\t\t\t<img decoding=\"async\" width=\"300\" height=\"300\" src=\"https:\/\/uniagraria.edu.co\/wp-content\/uploads\/2025\/04\/Insignias-OrdenamientoTerritorial-300x300-1.png\" class=\"attachment-large size-large wp-image-65416\" alt=\"\" srcset=\"https:\/\/uniagraria.edu.co\/wp-content\/uploads\/2025\/04\/Insignias-OrdenamientoTerritorial-300x300-1.png 300w, https:\/\/uniagraria.edu.co\/wp-content\/uploads\/2025\/04\/Insignias-OrdenamientoTerritorial-300x300-1-150x150.png 150w\" sizes=\"(max-width: 300px) 100vw, 300px\" \/>\t\t\t\t\t\t\t\t\t\t\t\t\t\t\t<\/div>\n\t\t\t\t<\/div>\n\t\t<div class=\"elementor-element elementor-element-cc0efaf e-con-full e-flex e-con e-child\" data-id=\"cc0efaf\" data-element_type=\"container\" data-e-type=\"container\">\n\t\t\t\t<div class=\"elementor-element elementor-element-0b8e306 elementor-widget elementor-widget-heading\" data-id=\"0b8e306\" data-element_type=\"widget\" data-e-type=\"widget\" data-widget_type=\"heading.default\">\n\t\t\t\t\t<h4 class=\"elementor-heading-title elementor-size-default\">Ordenamiento Territorial y seguridad alimentaria<\/h4>\t\t\t\t<\/div>\n\t\t\t\t<div class=\"elementor-element elementor-element-7057676 elementor-widget elementor-widget-text-editor\" data-id=\"7057676\" data-element_type=\"widget\" data-e-type=\"widget\" data-widget_type=\"text-editor.default\">\n\t\t\t\t\t\t\t\t\t<div class=\"uk-card-body\"><p><strong>Vigencia :<\/strong>\u00a02 A\u00f1o\/s<br \/><strong>Duraci\u00f3n :<\/strong>\u00a0160 horas<\/p><p><strong>Criterios de obtenci\u00f3n :<\/strong>\u00a0El estudiante obtendr\u00e1 esta insignia al cursar y aprobar m\u00ednimo con 3.8 cada uno de los 3 cursos (Territorio Rural y Ordenaci\u00f3n, postconflicto y ruralidad y seguridad alimentaria e instituciones).<\/p><p><strong>Ruta formativa o contenidos de la insignia :<\/strong>\u00a0Resultado de aprendizaje previstos en los cursos (Territorio Rural y Ordenaci\u00f3n, postconflicto y ruralidad y seguridad alimentaria e instituciones).<\/p><\/div>\t\t\t\t\t\t\t\t<\/div>\n\t\t\t\t<\/div>\n\t\t\t\t<\/div>\n\t\t\t\t<\/div>\n\t\t\t\t\t<\/div>\n\t\t\t\t<\/div>\n\t\t\t\t\t<\/div>\n\t\t\t\t<\/div>\n\t\t\t\t\t<\/div>\n\t\t<\/div>\n\t\t\t\t\t\t<\/div>\n\t\t\t\t\t<\/div>\n\t\t\t\t<\/div>\n\t\t<div class=\"elementor-element elementor-element-e428fd1 e-flex e-con-boxed e-con e-parent\" data-id=\"e428fd1\" data-element_type=\"container\" data-e-type=\"container\">\n\t\t\t\t\t<div class=\"e-con-inner\">\n\t\t\t\t<div class=\"elementor-element elementor-element-c959267 elementor-widget elementor-widget-text-editor\" data-id=\"c959267\" data-element_type=\"widget\" data-e-type=\"widget\" data-widget_type=\"text-editor.default\">\n\t\t\t\t\t\t\t\t\t<p><strong>Para mayor informaci\u00f3n comun\u00edcate con:<\/strong><br \/>Gleidis Navajas Jaraba<br \/>Directora de Programa Especializaci\u00f3n en Legislaci\u00f3n Rural y Ordenamiento Territorial<br \/><span style=\"color: #3366ff;\">navajas.gleidis@uniagraria.edu.co<\/span><\/p>\t\t\t\t\t\t\t\t<\/div>\n\t\t\t\t\t<\/div>\n\t\t\t\t<\/div>\n\t\t\t\t<\/div>\n\t\t","protected":false},"excerpt":{"rendered":"<p>Especializaci\u00f3n en Legislaci\u00f3n Rural y Ordenamiento Territorial Ordenamiento Territorial y seguridad alimentaria Especializaci\u00f3n en Legislaci\u00f3n Rural y Ordenamiento Territorial Legislaci\u00f3n RuralVigencia: 2 A\u00f1o\/sDuraci\u00f3n: 192 horasCriterios de obtenci\u00f3n: El estudiante obtendr\u00e1 esta insignia al cursar y aprobar m\u00ednimo con 3.8 cada uno de los 4 cursos (Fundamentos ambientales y rurales, legislaci\u00f3n rural I y II, econ\u00f3mica [&hellip;]<\/p>\n","protected":false},"author":8,"featured_media":0,"parent":0,"menu_order":0,"comment_status":"closed","ping_status":"closed","template":"","meta":{"_acf_changed":false,"site-sidebar-layout":"no-sidebar","site-content-layout":"","ast-site-content-layout":"full-width-container","site-content-style":"default","site-sidebar-style":"default","ast-global-header-display":"","ast-banner-title-visibility":"","ast-main-header-display":"","ast-hfb-above-header-display":"","ast-hfb-below-header-display":"","ast-hfb-mobile-header-display":"","site-post-title":"disabled","ast-breadcrumbs-content":"","ast-featured-img":"disabled","footer-sml-layout":"","ast-disable-related-posts":"","theme-transparent-header-meta":"default","adv-header-id-meta":"","stick-header-meta":"default","header-above-stick-meta":"","header-main-stick-meta":"","header-below-stick-meta":"","astra-migrate-meta-layouts":"set","ast-page-background-enabled":"default","ast-page-background-meta":{"desktop":{"background-color":"var(--ast-global-color-4)","background-image":"","background-repeat":"repeat","background-position":"center center","background-size":"auto","background-attachment":"scroll","background-type":"","background-media":"","overlay-type":"","overlay-color":"","overlay-opacity":"","overlay-gradient":""},"tablet":{"background-color":"","background-image":"","background-repeat":"repeat","background-position":"center center","background-size":"auto","background-attachment":"scroll","background-type":"","background-media":"","overlay-type":"","overlay-color":"","overlay-opacity":"","overlay-gradient":""},"mobile":{"background-color":"","background-image":"","background-repeat":"repeat","background-position":"center center","background-size":"auto","background-attachment":"scroll","background-type":"","background-media":"","overlay-type":"","overlay-color":"","overlay-opacity":"","overlay-gradient":""}},"ast-content-background-meta":{"desktop":{"background-color":"var(--ast-global-color-5)","background-image":"","background-repeat":"repeat","background-position":"center center","background-size":"auto","background-attachment":"scroll","background-type":"","background-media":"","overlay-type":"","overlay-color":"","overlay-opacity":"","overlay-gradient":""},"tablet":{"background-color":"var(--ast-global-color-5)","background-image":"","background-repeat":"repeat","background-position":"center center","background-size":"auto","background-attachment":"scroll","background-type":"","background-media":"","overlay-type":"","overlay-color":"","overlay-opacity":"","overlay-gradient":""},"mobile":{"background-color":"var(--ast-global-color-5)","background-image":"","background-repeat":"repeat","background-position":"center center","background-size":"auto","background-attachment":"scroll","background-type":"","background-media":"","overlay-type":"","overlay-color":"","overlay-opacity":"","overlay-gradient":""}},"footnotes":""},"class_list":["post-55661","page","type-page","status-publish","hentry"],"acf":[],"yoast_head":"<!-- This site is optimized with the Yoast SEO plugin v27.5 - https:\/\/yoast.com\/product\/yoast-seo-wordpress\/ -->\n<title>Insignias Especializaci\u00f3n en Legislaci\u00f3n Rural y Ordenamiento Territorial - UNIAGRARIA<\/title>\n<meta name=\"robots\" content=\"index, follow, max-snippet:-1, max-image-preview:large, max-video-preview:-1\" \/>\n<link rel=\"canonical\" href=\"https:\/\/uniagraria.edu.co\/es\/insignias-especializacion-en-legislacion-rural-y-ordenamiento-territorial\/\" \/>\n<meta property=\"og:locale\" content=\"es_ES\" \/>\n<meta property=\"og:type\" content=\"article\" \/>\n<meta property=\"og:title\" content=\"Insignias Especializaci\u00f3n en Legislaci\u00f3n Rural y Ordenamiento Territorial - UNIAGRARIA\" \/>\n<meta property=\"og:description\" content=\"Especializaci\u00f3n en Legislaci\u00f3n Rural y Ordenamiento Territorial Ordenamiento Territorial y seguridad alimentaria Especializaci\u00f3n en Legislaci\u00f3n Rural y Ordenamiento Territorial Legislaci\u00f3n RuralVigencia: 2 A\u00f1o\/sDuraci\u00f3n: 192 horasCriterios de obtenci\u00f3n: El estudiante obtendr\u00e1 esta insignia al cursar y aprobar m\u00ednimo con 3.8 cada uno de los 4 cursos (Fundamentos ambientales y rurales, legislaci\u00f3n rural I y II, econ\u00f3mica [&hellip;]\" \/>\n<meta property=\"og:url\" content=\"https:\/\/uniagraria.edu.co\/es\/insignias-especializacion-en-legislacion-rural-y-ordenamiento-territorial\/\" \/>\n<meta property=\"og:site_name\" content=\"UNIAGRARIA\" \/>\n<meta property=\"article:publisher\" content=\"https:\/\/www.facebook.com\/uagraria\/?locale=es_LA\" \/>\n<meta property=\"article:modified_time\" content=\"2025-04-30T01:41:42+00:00\" \/>\n<meta property=\"og:image\" content=\"https:\/\/novawebmaster.com\/uniagraria\/wp-content\/uploads\/2025\/04\/Insignias-LegislacionRural-300x300-1.png\" \/>\n<meta name=\"twitter:card\" content=\"summary_large_image\" \/>\n<meta name=\"twitter:site\" content=\"@UNIAGRARIA\" \/>\n<meta name=\"twitter:label1\" content=\"Tiempo de lectura\" \/>\n\t<meta name=\"twitter:data1\" content=\"2 minutos\" \/>\n<script type=\"application\/ld+json\" class=\"yoast-schema-graph\">{\"@context\":\"https:\\\/\\\/schema.org\",\"@graph\":[{\"@type\":\"WebPage\",\"@id\":\"https:\\\/\\\/uniagraria.edu.co\\\/es\\\/insignias-especializacion-en-legislacion-rural-y-ordenamiento-territorial\\\/\",\"url\":\"https:\\\/\\\/uniagraria.edu.co\\\/es\\\/insignias-especializacion-en-legislacion-rural-y-ordenamiento-territorial\\\/\",\"name\":\"Insignias Especializaci\u00f3n en Legislaci\u00f3n Rural y Ordenamiento Territorial - UNIAGRARIA\",\"isPartOf\":{\"@id\":\"https:\\\/\\\/uniagraria.edu.co\\\/es\\\/#website\"},\"primaryImageOfPage\":{\"@id\":\"https:\\\/\\\/uniagraria.edu.co\\\/es\\\/insignias-especializacion-en-legislacion-rural-y-ordenamiento-territorial\\\/#primaryimage\"},\"image\":{\"@id\":\"https:\\\/\\\/uniagraria.edu.co\\\/es\\\/insignias-especializacion-en-legislacion-rural-y-ordenamiento-territorial\\\/#primaryimage\"},\"thumbnailUrl\":\"https:\\\/\\\/novawebmaster.com\\\/uniagraria\\\/wp-content\\\/uploads\\\/2025\\\/04\\\/Insignias-LegislacionRural-300x300-1.png\",\"datePublished\":\"2025-02-21T19:45:54+00:00\",\"dateModified\":\"2025-04-30T01:41:42+00:00\",\"breadcrumb\":{\"@id\":\"https:\\\/\\\/uniagraria.edu.co\\\/es\\\/insignias-especializacion-en-legislacion-rural-y-ordenamiento-territorial\\\/#breadcrumb\"},\"inLanguage\":\"es-CO\",\"potentialAction\":[{\"@type\":\"ReadAction\",\"target\":[\"https:\\\/\\\/uniagraria.edu.co\\\/es\\\/insignias-especializacion-en-legislacion-rural-y-ordenamiento-territorial\\\/\"]}]},{\"@type\":\"ImageObject\",\"inLanguage\":\"es-CO\",\"@id\":\"https:\\\/\\\/uniagraria.edu.co\\\/es\\\/insignias-especializacion-en-legislacion-rural-y-ordenamiento-territorial\\\/#primaryimage\",\"url\":\"https:\\\/\\\/novawebmaster.com\\\/uniagraria\\\/wp-content\\\/uploads\\\/2025\\\/04\\\/Insignias-LegislacionRural-300x300-1.png\",\"contentUrl\":\"https:\\\/\\\/novawebmaster.com\\\/uniagraria\\\/wp-content\\\/uploads\\\/2025\\\/04\\\/Insignias-LegislacionRural-300x300-1.png\"},{\"@type\":\"BreadcrumbList\",\"@id\":\"https:\\\/\\\/uniagraria.edu.co\\\/es\\\/insignias-especializacion-en-legislacion-rural-y-ordenamiento-territorial\\\/#breadcrumb\",\"itemListElement\":[{\"@type\":\"ListItem\",\"position\":1,\"name\":\"Inicio\",\"item\":\"https:\\\/\\\/uniagraria.edu.co\\\/\"},{\"@type\":\"ListItem\",\"position\":2,\"name\":\"Insignias Especializaci\u00f3n en Legislaci\u00f3n Rural y Ordenamiento Territorial\"}]},{\"@type\":\"WebSite\",\"@id\":\"https:\\\/\\\/uniagraria.edu.co\\\/es\\\/#website\",\"url\":\"https:\\\/\\\/uniagraria.edu.co\\\/es\\\/\",\"name\":\"UNIAGRARIA\",\"description\":\"FUNDACION UNIVERSITARIA AGRARIA DE COLOMBIA\",\"publisher\":{\"@id\":\"https:\\\/\\\/uniagraria.edu.co\\\/es\\\/#organization\"},\"potentialAction\":[{\"@type\":\"SearchAction\",\"target\":{\"@type\":\"EntryPoint\",\"urlTemplate\":\"https:\\\/\\\/uniagraria.edu.co\\\/es\\\/?s={search_term_string}\"},\"query-input\":{\"@type\":\"PropertyValueSpecification\",\"valueRequired\":true,\"valueName\":\"search_term_string\"}}],\"inLanguage\":\"es-CO\"},{\"@type\":\"Organization\",\"@id\":\"https:\\\/\\\/uniagraria.edu.co\\\/es\\\/#organization\",\"name\":\"UNIAGRARIA\",\"url\":\"https:\\\/\\\/uniagraria.edu.co\\\/es\\\/\",\"logo\":{\"@type\":\"ImageObject\",\"inLanguage\":\"es-CO\",\"@id\":\"https:\\\/\\\/uniagraria.edu.co\\\/es\\\/#\\\/schema\\\/logo\\\/image\\\/\",\"url\":\"https:\\\/\\\/novawebmaster.com\\\/uniagraria\\\/wp-content\\\/uploads\\\/2025\\\/02\\\/LogoUa2023Vertical.png\",\"contentUrl\":\"https:\\\/\\\/novawebmaster.com\\\/uniagraria\\\/wp-content\\\/uploads\\\/2025\\\/02\\\/LogoUa2023Vertical.png\",\"width\":3300,\"height\":2550,\"caption\":\"UNIAGRARIA\"},\"image\":{\"@id\":\"https:\\\/\\\/uniagraria.edu.co\\\/es\\\/#\\\/schema\\\/logo\\\/image\\\/\"},\"sameAs\":[\"https:\\\/\\\/www.facebook.com\\\/uagraria\\\/?locale=es_LA\",\"https:\\\/\\\/x.com\\\/UNIAGRARIA\",\"https:\\\/\\\/www.instagram.com\\\/uniagraria\\\/profilecard\\\/?igsh=MXI2bTFlMWsxNzNjOA\",\"https:\\\/\\\/www.tiktok.com\\\/discover\\\/uniagraria?lang=es\",\"https:\\\/\\\/www.linkedin.com\\\/school\\\/uniagraria\\\/?originalSubdomain=co\",\"https:\\\/\\\/www.youtube.com\\\/user\\\/UniagrariaUverde?themeRefresh=1\",\"https:\\\/\\\/api.whatsapp.com\\\/send?phone=3134230649\"]}]}<\/script>\n<!-- \/ Yoast SEO plugin. -->","yoast_head_json":{"title":"Insignias Especializaci\u00f3n en Legislaci\u00f3n Rural y Ordenamiento Territorial - UNIAGRARIA","robots":{"index":"index","follow":"follow","max-snippet":"max-snippet:-1","max-image-preview":"max-image-preview:large","max-video-preview":"max-video-preview:-1"},"canonical":"https:\/\/uniagraria.edu.co\/es\/insignias-especializacion-en-legislacion-rural-y-ordenamiento-territorial\/","og_locale":"es_ES","og_type":"article","og_title":"Insignias Especializaci\u00f3n en Legislaci\u00f3n Rural y Ordenamiento Territorial - UNIAGRARIA","og_description":"Especializaci\u00f3n en Legislaci\u00f3n Rural y Ordenamiento Territorial Ordenamiento Territorial y seguridad alimentaria Especializaci\u00f3n en Legislaci\u00f3n Rural y Ordenamiento Territorial Legislaci\u00f3n RuralVigencia: 2 A\u00f1o\/sDuraci\u00f3n: 192 horasCriterios de obtenci\u00f3n: El estudiante obtendr\u00e1 esta insignia al cursar y aprobar m\u00ednimo con 3.8 cada uno de los 4 cursos (Fundamentos ambientales y rurales, legislaci\u00f3n rural I y II, econ\u00f3mica [&hellip;]","og_url":"https:\/\/uniagraria.edu.co\/es\/insignias-especializacion-en-legislacion-rural-y-ordenamiento-territorial\/","og_site_name":"UNIAGRARIA","article_publisher":"https:\/\/www.facebook.com\/uagraria\/?locale=es_LA","article_modified_time":"2025-04-30T01:41:42+00:00","og_image":[{"url":"https:\/\/novawebmaster.com\/uniagraria\/wp-content\/uploads\/2025\/04\/Insignias-LegislacionRural-300x300-1.png","type":"","width":"","height":""}],"twitter_card":"summary_large_image","twitter_site":"@UNIAGRARIA","twitter_misc":{"Tiempo de lectura":"2 minutos"},"schema":{"@context":"https:\/\/schema.org","@graph":[{"@type":"WebPage","@id":"https:\/\/uniagraria.edu.co\/es\/insignias-especializacion-en-legislacion-rural-y-ordenamiento-territorial\/","url":"https:\/\/uniagraria.edu.co\/es\/insignias-especializacion-en-legislacion-rural-y-ordenamiento-territorial\/","name":"Insignias Especializaci\u00f3n en Legislaci\u00f3n Rural y Ordenamiento Territorial - UNIAGRARIA","isPartOf":{"@id":"https:\/\/uniagraria.edu.co\/es\/#website"},"primaryImageOfPage":{"@id":"https:\/\/uniagraria.edu.co\/es\/insignias-especializacion-en-legislacion-rural-y-ordenamiento-territorial\/#primaryimage"},"image":{"@id":"https:\/\/uniagraria.edu.co\/es\/insignias-especializacion-en-legislacion-rural-y-ordenamiento-territorial\/#primaryimage"},"thumbnailUrl":"https:\/\/novawebmaster.com\/uniagraria\/wp-content\/uploads\/2025\/04\/Insignias-LegislacionRural-300x300-1.png","datePublished":"2025-02-21T19:45:54+00:00","dateModified":"2025-04-30T01:41:42+00:00","breadcrumb":{"@id":"https:\/\/uniagraria.edu.co\/es\/insignias-especializacion-en-legislacion-rural-y-ordenamiento-territorial\/#breadcrumb"},"inLanguage":"es-CO","potentialAction":[{"@type":"ReadAction","target":["https:\/\/uniagraria.edu.co\/es\/insignias-especializacion-en-legislacion-rural-y-ordenamiento-territorial\/"]}]},{"@type":"ImageObject","inLanguage":"es-CO","@id":"https:\/\/uniagraria.edu.co\/es\/insignias-especializacion-en-legislacion-rural-y-ordenamiento-territorial\/#primaryimage","url":"https:\/\/novawebmaster.com\/uniagraria\/wp-content\/uploads\/2025\/04\/Insignias-LegislacionRural-300x300-1.png","contentUrl":"https:\/\/novawebmaster.com\/uniagraria\/wp-content\/uploads\/2025\/04\/Insignias-LegislacionRural-300x300-1.png"},{"@type":"BreadcrumbList","@id":"https:\/\/uniagraria.edu.co\/es\/insignias-especializacion-en-legislacion-rural-y-ordenamiento-territorial\/#breadcrumb","itemListElement":[{"@type":"ListItem","position":1,"name":"Inicio","item":"https:\/\/uniagraria.edu.co\/"},{"@type":"ListItem","position":2,"name":"Insignias Especializaci\u00f3n en Legislaci\u00f3n Rural y Ordenamiento Territorial"}]},{"@type":"WebSite","@id":"https:\/\/uniagraria.edu.co\/es\/#website","url":"https:\/\/uniagraria.edu.co\/es\/","name":"UNIAGRARIA","description":"FUNDACION UNIVERSITARIA AGRARIA DE COLOMBIA","publisher":{"@id":"https:\/\/uniagraria.edu.co\/es\/#organization"},"potentialAction":[{"@type":"SearchAction","target":{"@type":"EntryPoint","urlTemplate":"https:\/\/uniagraria.edu.co\/es\/?s={search_term_string}"},"query-input":{"@type":"PropertyValueSpecification","valueRequired":true,"valueName":"search_term_string"}}],"inLanguage":"es-CO"},{"@type":"Organization","@id":"https:\/\/uniagraria.edu.co\/es\/#organization","name":"UNIAGRARIA","url":"https:\/\/uniagraria.edu.co\/es\/","logo":{"@type":"ImageObject","inLanguage":"es-CO","@id":"https:\/\/uniagraria.edu.co\/es\/#\/schema\/logo\/image\/","url":"https:\/\/novawebmaster.com\/uniagraria\/wp-content\/uploads\/2025\/02\/LogoUa2023Vertical.png","contentUrl":"https:\/\/novawebmaster.com\/uniagraria\/wp-content\/uploads\/2025\/02\/LogoUa2023Vertical.png","width":3300,"height":2550,"caption":"UNIAGRARIA"},"image":{"@id":"https:\/\/uniagraria.edu.co\/es\/#\/schema\/logo\/image\/"},"sameAs":["https:\/\/www.facebook.com\/uagraria\/?locale=es_LA","https:\/\/x.com\/UNIAGRARIA","https:\/\/www.instagram.com\/uniagraria\/profilecard\/?igsh=MXI2bTFlMWsxNzNjOA","https:\/\/www.tiktok.com\/discover\/uniagraria?lang=es","https:\/\/www.linkedin.com\/school\/uniagraria\/?originalSubdomain=co","https:\/\/www.youtube.com\/user\/UniagrariaUverde?themeRefresh=1","https:\/\/api.whatsapp.com\/send?phone=3134230649"]}]}},"_links":{"self":[{"href":"https:\/\/uniagraria.edu.co\/es\/wp-json\/wp\/v2\/pages\/55661","targetHints":{"allow":["GET"]}}],"collection":[{"href":"https:\/\/uniagraria.edu.co\/es\/wp-json\/wp\/v2\/pages"}],"about":[{"href":"https:\/\/uniagraria.edu.co\/es\/wp-json\/wp\/v2\/types\/page"}],"author":[{"embeddable":true,"href":"https:\/\/uniagraria.edu.co\/es\/wp-json\/wp\/v2\/users\/8"}],"replies":[{"embeddable":true,"href":"https:\/\/uniagraria.edu.co\/es\/wp-json\/wp\/v2\/comments?post=55661"}],"version-history":[{"count":0,"href":"https:\/\/uniagraria.edu.co\/es\/wp-json\/wp\/v2\/pages\/55661\/revisions"}],"wp:attachment":[{"href":"https:\/\/uniagraria.edu.co\/es\/wp-json\/wp\/v2\/media?parent=55661"}],"curies":[{"name":"wp","href":"https:\/\/api.w.org\/{rel}","templated":true}]}}