{"id":55669,"date":"2025-02-21T14:51:16","date_gmt":"2025-02-21T19:51:16","guid":{"rendered":"https:\/\/novawebmaster.com\/uniagraria\/?page_id=55669"},"modified":"2025-04-29T20:45:12","modified_gmt":"2025-04-30T01:45:12","slug":"insignias-especializacion-en-responsabilidad-ambiental-y-sostenibilidad","status":"publish","type":"page","link":"https:\/\/uniagraria.edu.co\/es\/insignias-especializacion-en-responsabilidad-ambiental-y-sostenibilidad\/","title":{"rendered":"Insignias Especializaci\u00f3n en Responsabilidad Ambiental y Sostenibilidad"},"content":{"rendered":"\t\t<div data-elementor-type=\"wp-page\" data-elementor-id=\"55669\" class=\"elementor elementor-55669\" data-elementor-post-type=\"page\">\n\t\t\t\t<div class=\"elementor-element elementor-element-cb3c9b9 e-flex e-con-boxed e-con e-parent\" data-id=\"cb3c9b9\" data-element_type=\"container\" data-e-type=\"container\">\n\t\t\t\t\t<div class=\"e-con-inner\">\n\t\t<div class=\"elementor-element elementor-element-7313fd6 e-con-full e-flex e-con e-child\" data-id=\"7313fd6\" data-element_type=\"container\" data-e-type=\"container\" data-settings=\"{&quot;background_background&quot;:&quot;classic&quot;}\">\n\t\t\t\t<div class=\"elementor-element elementor-element-768cb4d e-n-tabs-mobile elementor-widget elementor-widget-n-tabs\" data-id=\"768cb4d\" data-element_type=\"widget\" data-e-type=\"widget\" data-settings=\"{&quot;tabs_justify_horizontal&quot;:&quot;stretch&quot;,&quot;horizontal_scroll&quot;:&quot;disable&quot;}\" data-widget_type=\"nested-tabs.default\">\n\t\t\t\t<div class=\"elementor-widget-container\">\n\t\t\t\t\t\t\t<div class=\"e-n-tabs\" data-widget-number=\"124308301\" aria-label=\"Pesta\u00f1as. Abre elementos con Intro o Espacio, ci\u00e9rralos con Escape y navega con las Flechas.\">\n\t\t\t<div class=\"e-n-tabs-heading\" role=\"tablist\">\n\t\t\t\t\t<button id=\"e-n-tab-title-1243083011\" data-tab-title-id=\"e-n-tab-title-1243083011\" class=\"e-n-tab-title\" aria-selected=\"true\" data-tab-index=\"1\" role=\"tab\" tabindex=\"0\" aria-controls=\"e-n-tab-content-1243083011\" style=\"--n-tabs-title-order: 1;\">\n\t\t\t\t\t\t<span class=\"e-n-tab-title-text\">\n\t\t\t\tEspecializaci\u00f3n en Responsabilidad Ambiental y Sostenibilidad\t\t\t<\/span>\n\t\t<\/button>\n\t\t\t\t<button id=\"e-n-tab-title-1243083012\" data-tab-title-id=\"e-n-tab-title-1243083012\" class=\"e-n-tab-title\" aria-selected=\"false\" data-tab-index=\"2\" role=\"tab\" tabindex=\"-1\" aria-controls=\"e-n-tab-content-1243083012\" style=\"--n-tabs-title-order: 2;\">\n\t\t\t\t\t\t<span class=\"e-n-tab-title-text\">\n\t\t\t\tSostenibilidad Socio Jur\u00eddica\t\t\t<\/span>\n\t\t<\/button>\n\t\t\t\t\t<\/div>\n\t\t\t<div class=\"e-n-tabs-content\">\n\t\t\t\t<div id=\"e-n-tab-content-1243083011\" role=\"tabpanel\" aria-labelledby=\"e-n-tab-title-1243083011\" data-tab-index=\"1\" style=\"--n-tabs-title-order: 1;\" class=\"e-active elementor-element elementor-element-01213e1 e-con-full e-flex e-con e-child\" data-id=\"01213e1\" data-element_type=\"container\" data-e-type=\"container\" data-settings=\"{&quot;background_background&quot;:&quot;classic&quot;,&quot;motion_fx_motion_fx_scrolling&quot;:&quot;yes&quot;,&quot;motion_fx_devices&quot;:[&quot;desktop&quot;,&quot;tablet&quot;,&quot;mobile&quot;]}\">\n\t\t<div class=\"elementor-element elementor-element-8a39cfe e-flex e-con-boxed e-con e-child\" data-id=\"8a39cfe\" data-element_type=\"container\" data-e-type=\"container\">\n\t\t\t\t\t<div class=\"e-con-inner\">\n\t\t<div class=\"elementor-element elementor-element-10bbf28 e-con-full e-flex e-con e-child\" data-id=\"10bbf28\" data-element_type=\"container\" data-e-type=\"container\">\n\t\t\t\t<div class=\"elementor-element elementor-element-104cb14 elementor-widget elementor-widget-image\" data-id=\"104cb14\" data-element_type=\"widget\" data-e-type=\"widget\" data-widget_type=\"image.default\">\n\t\t\t\t<div class=\"elementor-widget-container\">\n\t\t\t\t\t\t\t\t\t\t\t\t\t\t\t<img fetchpriority=\"high\" decoding=\"async\" width=\"300\" height=\"300\" src=\"https:\/\/uniagraria.edu.co\/wp-content\/uploads\/2025\/04\/Insignias-ResponsabilidadJuridicaAmbiental-300x300-1.png\" class=\"attachment-large size-large wp-image-65426\" alt=\"\" srcset=\"https:\/\/uniagraria.edu.co\/wp-content\/uploads\/2025\/04\/Insignias-ResponsabilidadJuridicaAmbiental-300x300-1.png 300w, https:\/\/uniagraria.edu.co\/wp-content\/uploads\/2025\/04\/Insignias-ResponsabilidadJuridicaAmbiental-300x300-1-150x150.png 150w\" sizes=\"(max-width: 300px) 100vw, 300px\" \/>\t\t\t\t\t\t\t\t\t\t\t\t\t\t\t<\/div>\n\t\t\t\t<\/div>\n\t\t\t\t<\/div>\n\t\t<div class=\"elementor-element elementor-element-07cce16 e-con-full e-flex e-con e-child\" data-id=\"07cce16\" data-element_type=\"container\" data-e-type=\"container\">\n\t\t\t\t<div class=\"elementor-element elementor-element-5675716 elementor-widget elementor-widget-heading\" data-id=\"5675716\" data-element_type=\"widget\" data-e-type=\"widget\" data-widget_type=\"heading.default\">\n\t\t\t\t<div class=\"elementor-widget-container\">\n\t\t\t\t\t<h4 class=\"elementor-heading-title elementor-size-default\">Especializaci\u00f3n en Responsabilidad Ambiental y Sostenibilidad<\/h4>\t\t\t\t<\/div>\n\t\t\t\t<\/div>\n\t\t\t\t<div class=\"elementor-element elementor-element-cadbefb elementor-widget elementor-widget-text-editor\" data-id=\"cadbefb\" data-element_type=\"widget\" data-e-type=\"widget\" data-widget_type=\"text-editor.default\">\n\t\t\t\t<div class=\"elementor-widget-container\">\n\t\t\t\t\t\t\t\t\t<p><strong>Responsabilidad Jur\u00eddica Ambiental<\/strong><br \/><strong>Vigencia:<\/strong> 2 A\u00f1o\/s<br \/><strong>Duraci\u00f3n:<\/strong> 176 horas<br \/><strong>Criterios de obtenci\u00f3n:<\/strong> El estudiante obtendr\u00e1 esta insignia al cursar y aprobar m\u00ednimo con 3.8 cada uno de los 4 cursos jur\u00eddicos de responsabilidad ambiental (r\u00e9gimen sancionatorio ambiental, penal, administrativo y civil).<\/p><p><strong>Ruta formativa o contenidos de la insignia:<\/strong> Resultado de aprendizaje previstos en los cursos (r\u00e9gimen sancionatorio ambiental, responsabilidad penal ambiental, responsabilidad administrativa ambiental y responsabilidad civil ambiental).<\/p><p>\u00a0<\/p>\t\t\t\t\t\t\t\t<\/div>\n\t\t\t\t<\/div>\n\t\t\t\t<\/div>\n\t\t\t\t\t<\/div>\n\t\t\t\t<\/div>\n\t\t\t\t<\/div>\n\t\t<div id=\"e-n-tab-content-1243083012\" role=\"tabpanel\" aria-labelledby=\"e-n-tab-title-1243083012\" data-tab-index=\"2\" style=\"--n-tabs-title-order: 2;\" class=\" elementor-element elementor-element-ee04fa8 e-flex e-con-boxed e-con e-child\" data-id=\"ee04fa8\" data-element_type=\"container\" data-e-type=\"container\" data-settings=\"{&quot;background_background&quot;:&quot;classic&quot;}\">\n\t\t\t\t\t<div class=\"e-con-inner\">\n\t\t<div class=\"elementor-element elementor-element-fde6c57 e-flex e-con-boxed e-con e-child\" data-id=\"fde6c57\" data-element_type=\"container\" data-e-type=\"container\" data-settings=\"{&quot;background_background&quot;:&quot;classic&quot;}\">\n\t\t\t\t\t<div class=\"e-con-inner\">\n\t\t<div class=\"elementor-element elementor-element-bee6ede e-con-full e-flex e-con e-child\" data-id=\"bee6ede\" data-element_type=\"container\" data-e-type=\"container\">\n\t\t<div class=\"elementor-element elementor-element-4b81f3b e-con-full e-flex e-con e-child\" data-id=\"4b81f3b\" data-element_type=\"container\" data-e-type=\"container\">\n\t\t\t\t<div class=\"elementor-element elementor-element-43b8fb0 elementor-widget elementor-widget-image\" data-id=\"43b8fb0\" data-element_type=\"widget\" data-e-type=\"widget\" data-widget_type=\"image.default\">\n\t\t\t\t<div class=\"elementor-widget-container\">\n\t\t\t\t\t\t\t\t\t\t\t\t\t\t\t<img decoding=\"async\" width=\"300\" height=\"300\" src=\"https:\/\/uniagraria.edu.co\/wp-content\/uploads\/2025\/04\/Insignias-SostenibilidadSocioJuridica-300x300-1.png\" class=\"attachment-large size-large wp-image-65425\" alt=\"\" srcset=\"https:\/\/uniagraria.edu.co\/wp-content\/uploads\/2025\/04\/Insignias-SostenibilidadSocioJuridica-300x300-1.png 300w, https:\/\/uniagraria.edu.co\/wp-content\/uploads\/2025\/04\/Insignias-SostenibilidadSocioJuridica-300x300-1-150x150.png 150w\" sizes=\"(max-width: 300px) 100vw, 300px\" \/>\t\t\t\t\t\t\t\t\t\t\t\t\t\t\t<\/div>\n\t\t\t\t<\/div>\n\t\t\t\t<\/div>\n\t\t<div class=\"elementor-element elementor-element-3e85af8 e-con-full e-flex e-con e-child\" data-id=\"3e85af8\" data-element_type=\"container\" data-e-type=\"container\">\n\t\t\t\t<div class=\"elementor-element elementor-element-73f2792 elementor-widget elementor-widget-heading\" data-id=\"73f2792\" data-element_type=\"widget\" data-e-type=\"widget\" data-widget_type=\"heading.default\">\n\t\t\t\t<div class=\"elementor-widget-container\">\n\t\t\t\t\t<h4 class=\"elementor-heading-title elementor-size-default\">Sostenibilidad Socio jur\u00eddica<\/h4>\t\t\t\t<\/div>\n\t\t\t\t<\/div>\n\t\t\t\t<div class=\"elementor-element elementor-element-a8c84e3 elementor-widget elementor-widget-text-editor\" data-id=\"a8c84e3\" data-element_type=\"widget\" data-e-type=\"widget\" data-widget_type=\"text-editor.default\">\n\t\t\t\t<div class=\"elementor-widget-container\">\n\t\t\t\t\t\t\t\t\t<p><strong>Sostenibilidad Socio jur\u00eddica<\/strong><br \/><strong>Vigencia :<\/strong> 2 A\u00f1o\/s<br \/><strong>Duraci\u00f3n :<\/strong> 160 horas<br \/><strong>Criterios de obtenci\u00f3n :<\/strong> El estudiante obtendr\u00e1 esta insignia al cursar y aprobar m\u00ednimo con 3.8 cada uno de los 4 cursos de sostenibilidad (Fundamentos ambientales y de sostenibilidad, econ\u00f3mica ecol\u00f3gica valoraci\u00f3n econ\u00f3mica del ambiente, fundamentos de la responsabilidad y Sistema nacional ambiental y de sostenibilidad).<\/p><p><strong>Ruta formativa o contenidos de la insignia :<\/strong> Resultado de aprendizaje previstos en los cursos (Fundamentos ambientales y de sostenibilidad, econ\u00f3mica ecol\u00f3gica valoraci\u00f3n econ\u00f3mica del ambiente, fundamentos de la responsabilidad y Sistema nacional ambiental y de sostenibilidad).<\/p><p>\u00a0<\/p>\t\t\t\t\t\t\t\t<\/div>\n\t\t\t\t<\/div>\n\t\t\t\t<\/div>\n\t\t\t\t<\/div>\n\t\t\t\t\t<\/div>\n\t\t\t\t<\/div>\n\t\t\t\t\t<\/div>\n\t\t\t\t<\/div>\n\t\t\t\t\t<\/div>\n\t\t<\/div>\n\t\t\t\t\t\t<\/div>\n\t\t\t\t<\/div>\n\t\t\t\t<\/div>\n\t\t\t\t\t<\/div>\n\t\t\t\t<\/div>\n\t\t<div class=\"elementor-element elementor-element-3279f07 e-flex e-con-boxed e-con e-parent\" data-id=\"3279f07\" data-element_type=\"container\" data-e-type=\"container\">\n\t\t\t\t\t<div class=\"e-con-inner\">\n\t\t\t\t<div class=\"elementor-element elementor-element-d0e3a67 elementor-widget elementor-widget-text-editor\" data-id=\"d0e3a67\" data-element_type=\"widget\" data-e-type=\"widget\" data-widget_type=\"text-editor.default\">\n\t\t\t\t<div class=\"elementor-widget-container\">\n\t\t\t\t\t\t\t\t\t<p><strong>Para mayor informaci\u00f3n comun\u00edcate con:<\/strong><br \/>Gleidis Navajas Jaraba<br \/>Directora de Programa Especializaci\u00f3n en Responsabilidad Ambiental y Sostenibilidad<br \/><span style=\"color: #3366ff;\">navajas.gleidis@uniagraria.edu.co<\/span><\/p>\t\t\t\t\t\t\t\t<\/div>\n\t\t\t\t<\/div>\n\t\t\t\t\t<\/div>\n\t\t\t\t<\/div>\n\t\t\t\t<\/div>\n\t\t","protected":false},"excerpt":{"rendered":"<p>Especializaci\u00f3n en Responsabilidad Ambiental y Sostenibilidad Sostenibilidad Socio Jur\u00eddica Especializaci\u00f3n en Responsabilidad Ambiental y Sostenibilidad Responsabilidad Jur\u00eddica AmbientalVigencia: 2 A\u00f1o\/sDuraci\u00f3n: 176 horasCriterios de obtenci\u00f3n: El estudiante obtendr\u00e1 esta insignia al cursar y aprobar m\u00ednimo con 3.8 cada uno de los 4 cursos jur\u00eddicos de responsabilidad ambiental (r\u00e9gimen sancionatorio ambiental, penal, administrativo y civil). Ruta formativa [&hellip;]<\/p>\n","protected":false},"author":8,"featured_media":0,"parent":0,"menu_order":0,"comment_status":"closed","ping_status":"closed","template":"","meta":{"_acf_changed":false,"site-sidebar-layout":"no-sidebar","site-content-layout":"","ast-site-content-layout":"full-width-container","site-content-style":"default","site-sidebar-style":"default","ast-global-header-display":"","ast-banner-title-visibility":"","ast-main-header-display":"","ast-hfb-above-header-display":"","ast-hfb-below-header-display":"","ast-hfb-mobile-header-display":"","site-post-title":"disabled","ast-breadcrumbs-content":"","ast-featured-img":"disabled","footer-sml-layout":"","ast-disable-related-posts":"","theme-transparent-header-meta":"default","adv-header-id-meta":"","stick-header-meta":"default","header-above-stick-meta":"","header-main-stick-meta":"","header-below-stick-meta":"","astra-migrate-meta-layouts":"set","ast-page-background-enabled":"default","ast-page-background-meta":{"desktop":{"background-color":"var(--ast-global-color-4)","background-image":"","background-repeat":"repeat","background-position":"center center","background-size":"auto","background-attachment":"scroll","background-type":"","background-media":"","overlay-type":"","overlay-color":"","overlay-opacity":"","overlay-gradient":""},"tablet":{"background-color":"","background-image":"","background-repeat":"repeat","background-position":"center center","background-size":"auto","background-attachment":"scroll","background-type":"","background-media":"","overlay-type":"","overlay-color":"","overlay-opacity":"","overlay-gradient":""},"mobile":{"background-color":"","background-image":"","background-repeat":"repeat","background-position":"center center","background-size":"auto","background-attachment":"scroll","background-type":"","background-media":"","overlay-type":"","overlay-color":"","overlay-opacity":"","overlay-gradient":""}},"ast-content-background-meta":{"desktop":{"background-color":"var(--ast-global-color-5)","background-image":"","background-repeat":"repeat","background-position":"center center","background-size":"auto","background-attachment":"scroll","background-type":"","background-media":"","overlay-type":"","overlay-color":"","overlay-opacity":"","overlay-gradient":""},"tablet":{"background-color":"var(--ast-global-color-5)","background-image":"","background-repeat":"repeat","background-position":"center center","background-size":"auto","background-attachment":"scroll","background-type":"","background-media":"","overlay-type":"","overlay-color":"","overlay-opacity":"","overlay-gradient":""},"mobile":{"background-color":"var(--ast-global-color-5)","background-image":"","background-repeat":"repeat","background-position":"center center","background-size":"auto","background-attachment":"scroll","background-type":"","background-media":"","overlay-type":"","overlay-color":"","overlay-opacity":"","overlay-gradient":""}},"footnotes":""},"class_list":["post-55669","page","type-page","status-publish","hentry"],"acf":[],"yoast_head":"<!-- This site is optimized with the Yoast SEO plugin v27.4 - https:\/\/yoast.com\/product\/yoast-seo-wordpress\/ -->\n<title>Insignias Especializaci\u00f3n en Responsabilidad Ambiental y Sostenibilidad - UNIAGRARIA<\/title>\n<meta name=\"robots\" content=\"index, follow, max-snippet:-1, max-image-preview:large, max-video-preview:-1\" \/>\n<link rel=\"canonical\" href=\"https:\/\/uniagraria.edu.co\/es\/insignias-especializacion-en-responsabilidad-ambiental-y-sostenibilidad\/\" \/>\n<meta property=\"og:locale\" content=\"es_ES\" \/>\n<meta property=\"og:type\" content=\"article\" \/>\n<meta property=\"og:title\" content=\"Insignias Especializaci\u00f3n en Responsabilidad Ambiental y Sostenibilidad - UNIAGRARIA\" \/>\n<meta property=\"og:description\" content=\"Especializaci\u00f3n en Responsabilidad Ambiental y Sostenibilidad Sostenibilidad Socio Jur\u00eddica Especializaci\u00f3n en Responsabilidad Ambiental y Sostenibilidad Responsabilidad Jur\u00eddica AmbientalVigencia: 2 A\u00f1o\/sDuraci\u00f3n: 176 horasCriterios de obtenci\u00f3n: El estudiante obtendr\u00e1 esta insignia al cursar y aprobar m\u00ednimo con 3.8 cada uno de los 4 cursos jur\u00eddicos de responsabilidad ambiental (r\u00e9gimen sancionatorio ambiental, penal, administrativo y civil). Ruta formativa [&hellip;]\" \/>\n<meta property=\"og:url\" content=\"https:\/\/uniagraria.edu.co\/es\/insignias-especializacion-en-responsabilidad-ambiental-y-sostenibilidad\/\" \/>\n<meta property=\"og:site_name\" content=\"UNIAGRARIA\" \/>\n<meta property=\"article:publisher\" content=\"https:\/\/www.facebook.com\/uagraria\/?locale=es_LA\" \/>\n<meta property=\"article:modified_time\" content=\"2025-04-30T01:45:12+00:00\" \/>\n<meta property=\"og:image\" content=\"https:\/\/novawebmaster.com\/uniagraria\/wp-content\/uploads\/2025\/04\/Insignias-ResponsabilidadJuridicaAmbiental-300x300-1.png\" \/>\n<meta name=\"twitter:card\" content=\"summary_large_image\" \/>\n<meta name=\"twitter:site\" content=\"@UNIAGRARIA\" \/>\n<meta name=\"twitter:label1\" content=\"Tiempo de lectura\" \/>\n\t<meta name=\"twitter:data1\" content=\"2 minutos\" \/>\n<script type=\"application\/ld+json\" class=\"yoast-schema-graph\">{\"@context\":\"https:\\\/\\\/schema.org\",\"@graph\":[{\"@type\":\"WebPage\",\"@id\":\"https:\\\/\\\/uniagraria.edu.co\\\/es\\\/insignias-especializacion-en-responsabilidad-ambiental-y-sostenibilidad\\\/\",\"url\":\"https:\\\/\\\/uniagraria.edu.co\\\/es\\\/insignias-especializacion-en-responsabilidad-ambiental-y-sostenibilidad\\\/\",\"name\":\"Insignias Especializaci\u00f3n en Responsabilidad Ambiental y Sostenibilidad - UNIAGRARIA\",\"isPartOf\":{\"@id\":\"https:\\\/\\\/uniagraria.edu.co\\\/es\\\/#website\"},\"primaryImageOfPage\":{\"@id\":\"https:\\\/\\\/uniagraria.edu.co\\\/es\\\/insignias-especializacion-en-responsabilidad-ambiental-y-sostenibilidad\\\/#primaryimage\"},\"image\":{\"@id\":\"https:\\\/\\\/uniagraria.edu.co\\\/es\\\/insignias-especializacion-en-responsabilidad-ambiental-y-sostenibilidad\\\/#primaryimage\"},\"thumbnailUrl\":\"https:\\\/\\\/novawebmaster.com\\\/uniagraria\\\/wp-content\\\/uploads\\\/2025\\\/04\\\/Insignias-ResponsabilidadJuridicaAmbiental-300x300-1.png\",\"datePublished\":\"2025-02-21T19:51:16+00:00\",\"dateModified\":\"2025-04-30T01:45:12+00:00\",\"breadcrumb\":{\"@id\":\"https:\\\/\\\/uniagraria.edu.co\\\/es\\\/insignias-especializacion-en-responsabilidad-ambiental-y-sostenibilidad\\\/#breadcrumb\"},\"inLanguage\":\"es-CO\",\"potentialAction\":[{\"@type\":\"ReadAction\",\"target\":[\"https:\\\/\\\/uniagraria.edu.co\\\/es\\\/insignias-especializacion-en-responsabilidad-ambiental-y-sostenibilidad\\\/\"]}]},{\"@type\":\"ImageObject\",\"inLanguage\":\"es-CO\",\"@id\":\"https:\\\/\\\/uniagraria.edu.co\\\/es\\\/insignias-especializacion-en-responsabilidad-ambiental-y-sostenibilidad\\\/#primaryimage\",\"url\":\"https:\\\/\\\/novawebmaster.com\\\/uniagraria\\\/wp-content\\\/uploads\\\/2025\\\/04\\\/Insignias-ResponsabilidadJuridicaAmbiental-300x300-1.png\",\"contentUrl\":\"https:\\\/\\\/novawebmaster.com\\\/uniagraria\\\/wp-content\\\/uploads\\\/2025\\\/04\\\/Insignias-ResponsabilidadJuridicaAmbiental-300x300-1.png\"},{\"@type\":\"BreadcrumbList\",\"@id\":\"https:\\\/\\\/uniagraria.edu.co\\\/es\\\/insignias-especializacion-en-responsabilidad-ambiental-y-sostenibilidad\\\/#breadcrumb\",\"itemListElement\":[{\"@type\":\"ListItem\",\"position\":1,\"name\":\"Inicio\",\"item\":\"https:\\\/\\\/uniagraria.edu.co\\\/es\\\/\"},{\"@type\":\"ListItem\",\"position\":2,\"name\":\"Insignias Especializaci\u00f3n en Responsabilidad Ambiental y Sostenibilidad\"}]},{\"@type\":\"WebSite\",\"@id\":\"https:\\\/\\\/uniagraria.edu.co\\\/es\\\/#website\",\"url\":\"https:\\\/\\\/uniagraria.edu.co\\\/es\\\/\",\"name\":\"UNIAGRARIA\",\"description\":\"FUNDACION UNIVERSITARIA AGRARIA DE COLOMBIA\",\"publisher\":{\"@id\":\"https:\\\/\\\/uniagraria.edu.co\\\/es\\\/#organization\"},\"potentialAction\":[{\"@type\":\"SearchAction\",\"target\":{\"@type\":\"EntryPoint\",\"urlTemplate\":\"https:\\\/\\\/uniagraria.edu.co\\\/es\\\/?s={search_term_string}\"},\"query-input\":{\"@type\":\"PropertyValueSpecification\",\"valueRequired\":true,\"valueName\":\"search_term_string\"}}],\"inLanguage\":\"es-CO\"},{\"@type\":\"Organization\",\"@id\":\"https:\\\/\\\/uniagraria.edu.co\\\/es\\\/#organization\",\"name\":\"UNIAGRARIA\",\"url\":\"https:\\\/\\\/uniagraria.edu.co\\\/es\\\/\",\"logo\":{\"@type\":\"ImageObject\",\"inLanguage\":\"es-CO\",\"@id\":\"https:\\\/\\\/uniagraria.edu.co\\\/es\\\/#\\\/schema\\\/logo\\\/image\\\/\",\"url\":\"https:\\\/\\\/novawebmaster.com\\\/uniagraria\\\/wp-content\\\/uploads\\\/2025\\\/02\\\/LogoUa2023Vertical.png\",\"contentUrl\":\"https:\\\/\\\/novawebmaster.com\\\/uniagraria\\\/wp-content\\\/uploads\\\/2025\\\/02\\\/LogoUa2023Vertical.png\",\"width\":3300,\"height\":2550,\"caption\":\"UNIAGRARIA\"},\"image\":{\"@id\":\"https:\\\/\\\/uniagraria.edu.co\\\/es\\\/#\\\/schema\\\/logo\\\/image\\\/\"},\"sameAs\":[\"https:\\\/\\\/www.facebook.com\\\/uagraria\\\/?locale=es_LA\",\"https:\\\/\\\/x.com\\\/UNIAGRARIA\",\"https:\\\/\\\/www.instagram.com\\\/uniagraria\\\/profilecard\\\/?igsh=MXI2bTFlMWsxNzNjOA\",\"https:\\\/\\\/www.tiktok.com\\\/discover\\\/uniagraria?lang=es\",\"https:\\\/\\\/www.linkedin.com\\\/school\\\/uniagraria\\\/?originalSubdomain=co\",\"https:\\\/\\\/www.youtube.com\\\/user\\\/UniagrariaUverde?themeRefresh=1\",\"https:\\\/\\\/api.whatsapp.com\\\/send?phone=3134230649\"]}]}<\/script>\n<!-- \/ Yoast SEO plugin. -->","yoast_head_json":{"title":"Insignias Especializaci\u00f3n en Responsabilidad Ambiental y Sostenibilidad - UNIAGRARIA","robots":{"index":"index","follow":"follow","max-snippet":"max-snippet:-1","max-image-preview":"max-image-preview:large","max-video-preview":"max-video-preview:-1"},"canonical":"https:\/\/uniagraria.edu.co\/es\/insignias-especializacion-en-responsabilidad-ambiental-y-sostenibilidad\/","og_locale":"es_ES","og_type":"article","og_title":"Insignias Especializaci\u00f3n en Responsabilidad Ambiental y Sostenibilidad - UNIAGRARIA","og_description":"Especializaci\u00f3n en Responsabilidad Ambiental y Sostenibilidad Sostenibilidad Socio Jur\u00eddica Especializaci\u00f3n en Responsabilidad Ambiental y Sostenibilidad Responsabilidad Jur\u00eddica AmbientalVigencia: 2 A\u00f1o\/sDuraci\u00f3n: 176 horasCriterios de obtenci\u00f3n: El estudiante obtendr\u00e1 esta insignia al cursar y aprobar m\u00ednimo con 3.8 cada uno de los 4 cursos jur\u00eddicos de responsabilidad ambiental (r\u00e9gimen sancionatorio ambiental, penal, administrativo y civil). Ruta formativa [&hellip;]","og_url":"https:\/\/uniagraria.edu.co\/es\/insignias-especializacion-en-responsabilidad-ambiental-y-sostenibilidad\/","og_site_name":"UNIAGRARIA","article_publisher":"https:\/\/www.facebook.com\/uagraria\/?locale=es_LA","article_modified_time":"2025-04-30T01:45:12+00:00","og_image":[{"url":"https:\/\/novawebmaster.com\/uniagraria\/wp-content\/uploads\/2025\/04\/Insignias-ResponsabilidadJuridicaAmbiental-300x300-1.png","type":"","width":"","height":""}],"twitter_card":"summary_large_image","twitter_site":"@UNIAGRARIA","twitter_misc":{"Tiempo de lectura":"2 minutos"},"schema":{"@context":"https:\/\/schema.org","@graph":[{"@type":"WebPage","@id":"https:\/\/uniagraria.edu.co\/es\/insignias-especializacion-en-responsabilidad-ambiental-y-sostenibilidad\/","url":"https:\/\/uniagraria.edu.co\/es\/insignias-especializacion-en-responsabilidad-ambiental-y-sostenibilidad\/","name":"Insignias Especializaci\u00f3n en Responsabilidad Ambiental y Sostenibilidad - UNIAGRARIA","isPartOf":{"@id":"https:\/\/uniagraria.edu.co\/es\/#website"},"primaryImageOfPage":{"@id":"https:\/\/uniagraria.edu.co\/es\/insignias-especializacion-en-responsabilidad-ambiental-y-sostenibilidad\/#primaryimage"},"image":{"@id":"https:\/\/uniagraria.edu.co\/es\/insignias-especializacion-en-responsabilidad-ambiental-y-sostenibilidad\/#primaryimage"},"thumbnailUrl":"https:\/\/novawebmaster.com\/uniagraria\/wp-content\/uploads\/2025\/04\/Insignias-ResponsabilidadJuridicaAmbiental-300x300-1.png","datePublished":"2025-02-21T19:51:16+00:00","dateModified":"2025-04-30T01:45:12+00:00","breadcrumb":{"@id":"https:\/\/uniagraria.edu.co\/es\/insignias-especializacion-en-responsabilidad-ambiental-y-sostenibilidad\/#breadcrumb"},"inLanguage":"es-CO","potentialAction":[{"@type":"ReadAction","target":["https:\/\/uniagraria.edu.co\/es\/insignias-especializacion-en-responsabilidad-ambiental-y-sostenibilidad\/"]}]},{"@type":"ImageObject","inLanguage":"es-CO","@id":"https:\/\/uniagraria.edu.co\/es\/insignias-especializacion-en-responsabilidad-ambiental-y-sostenibilidad\/#primaryimage","url":"https:\/\/novawebmaster.com\/uniagraria\/wp-content\/uploads\/2025\/04\/Insignias-ResponsabilidadJuridicaAmbiental-300x300-1.png","contentUrl":"https:\/\/novawebmaster.com\/uniagraria\/wp-content\/uploads\/2025\/04\/Insignias-ResponsabilidadJuridicaAmbiental-300x300-1.png"},{"@type":"BreadcrumbList","@id":"https:\/\/uniagraria.edu.co\/es\/insignias-especializacion-en-responsabilidad-ambiental-y-sostenibilidad\/#breadcrumb","itemListElement":[{"@type":"ListItem","position":1,"name":"Inicio","item":"https:\/\/uniagraria.edu.co\/es\/"},{"@type":"ListItem","position":2,"name":"Insignias Especializaci\u00f3n en Responsabilidad Ambiental y Sostenibilidad"}]},{"@type":"WebSite","@id":"https:\/\/uniagraria.edu.co\/es\/#website","url":"https:\/\/uniagraria.edu.co\/es\/","name":"UNIAGRARIA","description":"FUNDACION UNIVERSITARIA AGRARIA DE COLOMBIA","publisher":{"@id":"https:\/\/uniagraria.edu.co\/es\/#organization"},"potentialAction":[{"@type":"SearchAction","target":{"@type":"EntryPoint","urlTemplate":"https:\/\/uniagraria.edu.co\/es\/?s={search_term_string}"},"query-input":{"@type":"PropertyValueSpecification","valueRequired":true,"valueName":"search_term_string"}}],"inLanguage":"es-CO"},{"@type":"Organization","@id":"https:\/\/uniagraria.edu.co\/es\/#organization","name":"UNIAGRARIA","url":"https:\/\/uniagraria.edu.co\/es\/","logo":{"@type":"ImageObject","inLanguage":"es-CO","@id":"https:\/\/uniagraria.edu.co\/es\/#\/schema\/logo\/image\/","url":"https:\/\/novawebmaster.com\/uniagraria\/wp-content\/uploads\/2025\/02\/LogoUa2023Vertical.png","contentUrl":"https:\/\/novawebmaster.com\/uniagraria\/wp-content\/uploads\/2025\/02\/LogoUa2023Vertical.png","width":3300,"height":2550,"caption":"UNIAGRARIA"},"image":{"@id":"https:\/\/uniagraria.edu.co\/es\/#\/schema\/logo\/image\/"},"sameAs":["https:\/\/www.facebook.com\/uagraria\/?locale=es_LA","https:\/\/x.com\/UNIAGRARIA","https:\/\/www.instagram.com\/uniagraria\/profilecard\/?igsh=MXI2bTFlMWsxNzNjOA","https:\/\/www.tiktok.com\/discover\/uniagraria?lang=es","https:\/\/www.linkedin.com\/school\/uniagraria\/?originalSubdomain=co","https:\/\/www.youtube.com\/user\/UniagrariaUverde?themeRefresh=1","https:\/\/api.whatsapp.com\/send?phone=3134230649"]}]}},"_links":{"self":[{"href":"https:\/\/uniagraria.edu.co\/es\/wp-json\/wp\/v2\/pages\/55669","targetHints":{"allow":["GET"]}}],"collection":[{"href":"https:\/\/uniagraria.edu.co\/es\/wp-json\/wp\/v2\/pages"}],"about":[{"href":"https:\/\/uniagraria.edu.co\/es\/wp-json\/wp\/v2\/types\/page"}],"author":[{"embeddable":true,"href":"https:\/\/uniagraria.edu.co\/es\/wp-json\/wp\/v2\/users\/8"}],"replies":[{"embeddable":true,"href":"https:\/\/uniagraria.edu.co\/es\/wp-json\/wp\/v2\/comments?post=55669"}],"version-history":[{"count":3,"href":"https:\/\/uniagraria.edu.co\/es\/wp-json\/wp\/v2\/pages\/55669\/revisions"}],"predecessor-version":[{"id":65429,"href":"https:\/\/uniagraria.edu.co\/es\/wp-json\/wp\/v2\/pages\/55669\/revisions\/65429"}],"wp:attachment":[{"href":"https:\/\/uniagraria.edu.co\/es\/wp-json\/wp\/v2\/media?parent=55669"}],"curies":[{"name":"wp","href":"https:\/\/api.w.org\/{rel}","templated":true}]}}