{"id":56984,"date":"2025-02-26T11:56:54","date_gmt":"2025-02-26T16:56:54","guid":{"rendered":"https:\/\/novawebmaster.com\/uniagraria\/?page_id=56984"},"modified":"2025-02-27T06:13:59","modified_gmt":"2025-02-27T11:13:59","slug":"credito-y-asesoria-financiera-al-estudiante","status":"publish","type":"page","link":"https:\/\/uniagraria.edu.co\/es\/credito-y-asesoria-financiera-al-estudiante\/","title":{"rendered":"Cr\u00e9dito y asesor\u00eda financiera al estudiante"},"content":{"rendered":"\t\t<div data-elementor-type=\"wp-page\" data-elementor-id=\"56984\" class=\"elementor elementor-56984\" data-elementor-post-type=\"page\">\n\t\t\t\t<div class=\"elementor-element elementor-element-677b53e e-flex e-con-boxed e-con e-parent\" data-id=\"677b53e\" data-element_type=\"container\" data-e-type=\"container\" data-settings=\"{&quot;background_background&quot;:&quot;classic&quot;}\">\n\t\t\t\t\t<div class=\"e-con-inner\">\n\t\t<div class=\"elementor-element elementor-element-99cceed e-con-full e-flex e-con e-child\" data-id=\"99cceed\" data-element_type=\"container\" data-e-type=\"container\">\n\t\t<div class=\"elementor-element elementor-element-a0a2662 e-con-full e-flex e-con e-child\" data-id=\"a0a2662\" data-element_type=\"container\" data-e-type=\"container\">\n\t\t\t\t<\/div>\n\t\t<div class=\"elementor-element elementor-element-93a912d e-con-full e-flex e-con e-child\" data-id=\"93a912d\" data-element_type=\"container\" data-e-type=\"container\">\n\t\t\t\t<div class=\"elementor-element elementor-element-362e3aa elementor-widget elementor-widget-spacer\" data-id=\"362e3aa\" data-element_type=\"widget\" data-e-type=\"widget\" data-widget_type=\"spacer.default\">\n\t\t\t\t<div class=\"elementor-widget-container\">\n\t\t\t\t\t\t\t<div class=\"elementor-spacer\">\n\t\t\t<div class=\"elementor-spacer-inner\"><\/div>\n\t\t<\/div>\n\t\t\t\t\t\t<\/div>\n\t\t\t\t<\/div>\n\t\t\t\t<div class=\"elementor-element elementor-element-aa4a605 elementor-widget elementor-widget-text-editor\" data-id=\"aa4a605\" data-element_type=\"widget\" data-e-type=\"widget\" data-widget_type=\"text-editor.default\">\n\t\t\t\t<div class=\"elementor-widget-container\">\n\t\t\t\t\t\t\t\t\t<h4><span style=\"color: #ffffff;\">Cr\u00e9dito y asesor\u00eda financiera al estudiante<\/span><\/h4>\t\t\t\t\t\t\t\t<\/div>\n\t\t\t\t<\/div>\n\t\t\t\t<div class=\"elementor-element elementor-element-6f43d9b elementor-widget elementor-widget-text-editor\" data-id=\"6f43d9b\" data-element_type=\"widget\" data-e-type=\"widget\" data-widget_type=\"text-editor.default\">\n\t\t\t\t<div class=\"elementor-widget-container\">\n\t\t\t\t\t\t\t\t\t<p>La Instituci\u00f3n cuenta en la actualidad con las siguientes modalidades de pago<\/p>\t\t\t\t\t\t\t\t<\/div>\n\t\t\t\t<\/div>\n\t\t\t\t<\/div>\n\t\t\t\t<\/div>\n\t\t\t\t\t<\/div>\n\t\t\t\t<\/div>\n\t\t<div class=\"elementor-element elementor-element-706c6df e-flex e-con-boxed e-con e-parent\" data-id=\"706c6df\" data-element_type=\"container\" data-e-type=\"container\">\n\t\t\t\t\t<div class=\"e-con-inner\">\n\t\t<div class=\"elementor-element elementor-element-a8c7461 e-con-full e-flex e-con e-child\" data-id=\"a8c7461\" data-element_type=\"container\" data-e-type=\"container\">\n\t\t<div class=\"elementor-element elementor-element-448fac0 e-con-full e-flex e-con e-child\" data-id=\"448fac0\" data-element_type=\"container\" data-e-type=\"container\" data-settings=\"{&quot;background_background&quot;:&quot;classic&quot;}\">\n\t\t\t\t<div class=\"elementor-element elementor-element-6a8f07b elementor-widget elementor-widget-text-editor\" data-id=\"6a8f07b\" data-element_type=\"widget\" data-e-type=\"widget\" data-widget_type=\"text-editor.default\">\n\t\t\t\t<div class=\"elementor-widget-container\">\n\t\t\t\t\t\t\t\t\t<table style=\"border-collapse: collapse; width: 100%; height: 339px;\"><tbody><tr style=\"height: 21px; background-color: #f5ffc4;\"><td>Pago electr\u00f3nico PSE<\/td><\/tr><tr style=\"height: 53px;\"><td>Tarjeta d\u00e9bito y cr\u00e9dito<\/td><\/tr><tr style=\"height: 53px; background-color: #f2fac8;\"><td>Cr\u00e9dito a corto plazo en alianza con Fincomercio o Ita\u00fa<\/td><\/tr><tr style=\"height: 53px;\"><td>Cr\u00e9dito a mediano plazo en alianza con Icetex y Sufi de Bancolombia<\/td><\/tr><tr style=\"height: 53px; background-color: #f4ffbf;\"><td>Cr\u00e9dito a largo plazo Icetex<\/td><\/tr><tr style=\"height: 53px;\"><td>Cr\u00e9dito Directo<\/td><\/tr><\/tbody><\/table>\t\t\t\t\t\t\t\t<\/div>\n\t\t\t\t<\/div>\n\t\t\t\t<div class=\"elementor-element elementor-element-36e856b elementor-widget elementor-widget-text-editor\" data-id=\"36e856b\" data-element_type=\"widget\" data-e-type=\"widget\" data-widget_type=\"text-editor.default\">\n\t\t\t\t<div class=\"elementor-widget-container\">\n\t\t\t\t\t\t\t\t\t<p>Todos los tr\u00e1mites ante el Icetex deber\u00e1n realizarse en la p\u00e1gina web <span style=\"color: #3366ff;\"><a style=\"color: #3366ff;\" href=\"https:\/\/web.icetex.gov.co\/portal\">www.icetex.gov.co<\/a><\/span> en las fechas establecidas por el Instituto.<\/p><p>Las dem\u00e1s alternativas de pago se realizan en las instalaciones de Uniagraria, para lo cual ha dispuesto en los per\u00edodos de matr\u00edcula la Sala de Apoyo Financiero.<\/p>\t\t\t\t\t\t\t\t<\/div>\n\t\t\t\t<\/div>\n\t\t\t\t<\/div>\n\t\t<div class=\"elementor-element elementor-element-3f004a0 e-con-full e-flex e-con e-child\" data-id=\"3f004a0\" data-element_type=\"container\" data-e-type=\"container\">\n\t\t\t\t<div class=\"elementor-element elementor-element-46b8572 elementor-widget elementor-widget-image\" data-id=\"46b8572\" data-element_type=\"widget\" data-e-type=\"widget\" data-widget_type=\"image.default\">\n\t\t\t\t<div class=\"elementor-widget-container\">\n\t\t\t\t\t\t\t\t\t\t\t\t\t\t\t<img fetchpriority=\"high\" decoding=\"async\" width=\"1000\" height=\"1600\" src=\"https:\/\/uniagraria.edu.co\/wp-content\/uploads\/2025\/02\/2-6.png\" class=\"attachment-full size-full wp-image-56988\" alt=\"\" srcset=\"https:\/\/uniagraria.edu.co\/wp-content\/uploads\/2025\/02\/2-6.png 1000w, https:\/\/uniagraria.edu.co\/wp-content\/uploads\/2025\/02\/2-6-188x300.png 188w, https:\/\/uniagraria.edu.co\/wp-content\/uploads\/2025\/02\/2-6-640x1024.png 640w, https:\/\/uniagraria.edu.co\/wp-content\/uploads\/2025\/02\/2-6-768x1229.png 768w, https:\/\/uniagraria.edu.co\/wp-content\/uploads\/2025\/02\/2-6-960x1536.png 960w\" sizes=\"(max-width: 1000px) 100vw, 1000px\" \/>\t\t\t\t\t\t\t\t\t\t\t\t\t\t\t<\/div>\n\t\t\t\t<\/div>\n\t\t\t\t<\/div>\n\t\t\t\t<\/div>\n\t\t\t\t\t<\/div>\n\t\t\t\t<\/div>\n\t\t\t\t<\/div>\n\t\t","protected":false},"excerpt":{"rendered":"<p>Cr\u00e9dito y asesor\u00eda financiera al estudiante La Instituci\u00f3n cuenta en la actualidad con las siguientes modalidades de pago Pago electr\u00f3nico PSE Tarjeta d\u00e9bito y cr\u00e9dito Cr\u00e9dito a corto plazo en alianza con Fincomercio o Ita\u00fa Cr\u00e9dito a mediano plazo en alianza con Icetex y Sufi de Bancolombia Cr\u00e9dito a largo plazo Icetex Cr\u00e9dito Directo Todos [&hellip;]<\/p>\n","protected":false},"author":8,"featured_media":0,"parent":0,"menu_order":0,"comment_status":"closed","ping_status":"closed","template":"","meta":{"_acf_changed":false,"site-sidebar-layout":"no-sidebar","site-content-layout":"","ast-site-content-layout":"full-width-container","site-content-style":"default","site-sidebar-style":"default","ast-global-header-display":"","ast-banner-title-visibility":"","ast-main-header-display":"","ast-hfb-above-header-display":"","ast-hfb-below-header-display":"","ast-hfb-mobile-header-display":"","site-post-title":"disabled","ast-breadcrumbs-content":"","ast-featured-img":"disabled","footer-sml-layout":"","ast-disable-related-posts":"","theme-transparent-header-meta":"default","adv-header-id-meta":"","stick-header-meta":"default","header-above-stick-meta":"","header-main-stick-meta":"","header-below-stick-meta":"","astra-migrate-meta-layouts":"set","ast-page-background-enabled":"default","ast-page-background-meta":{"desktop":{"background-color":"var(--ast-global-color-4)","background-image":"","background-repeat":"repeat","background-position":"center center","background-size":"auto","background-attachment":"scroll","background-type":"","background-media":"","overlay-type":"","overlay-color":"","overlay-opacity":"","overlay-gradient":""},"tablet":{"background-color":"","background-image":"","background-repeat":"repeat","background-position":"center center","background-size":"auto","background-attachment":"scroll","background-type":"","background-media":"","overlay-type":"","overlay-color":"","overlay-opacity":"","overlay-gradient":""},"mobile":{"background-color":"","background-image":"","background-repeat":"repeat","background-position":"center center","background-size":"auto","background-attachment":"scroll","background-type":"","background-media":"","overlay-type":"","overlay-color":"","overlay-opacity":"","overlay-gradient":""}},"ast-content-background-meta":{"desktop":{"background-color":"var(--ast-global-color-5)","background-image":"","background-repeat":"repeat","background-position":"center center","background-size":"auto","background-attachment":"scroll","background-type":"","background-media":"","overlay-type":"","overlay-color":"","overlay-opacity":"","overlay-gradient":""},"tablet":{"background-color":"var(--ast-global-color-5)","background-image":"","background-repeat":"repeat","background-position":"center center","background-size":"auto","background-attachment":"scroll","background-type":"","background-media":"","overlay-type":"","overlay-color":"","overlay-opacity":"","overlay-gradient":""},"mobile":{"background-color":"var(--ast-global-color-5)","background-image":"","background-repeat":"repeat","background-position":"center center","background-size":"auto","background-attachment":"scroll","background-type":"","background-media":"","overlay-type":"","overlay-color":"","overlay-opacity":"","overlay-gradient":""}},"footnotes":""},"class_list":["post-56984","page","type-page","status-publish","hentry"],"acf":[],"yoast_head":"<!-- This site is optimized with the Yoast SEO plugin v27.2 - https:\/\/yoast.com\/product\/yoast-seo-wordpress\/ -->\n<title>Cr\u00e9dito y asesor\u00eda financiera al estudiante - UNIAGRARIA<\/title>\n<meta name=\"robots\" content=\"index, follow, max-snippet:-1, max-image-preview:large, max-video-preview:-1\" \/>\n<link rel=\"canonical\" href=\"https:\/\/uniagraria.edu.co\/es\/credito-y-asesoria-financiera-al-estudiante\/\" \/>\n<meta property=\"og:locale\" content=\"es_ES\" \/>\n<meta property=\"og:type\" content=\"article\" \/>\n<meta property=\"og:title\" content=\"Cr\u00e9dito y asesor\u00eda financiera al estudiante - UNIAGRARIA\" \/>\n<meta property=\"og:description\" content=\"Cr\u00e9dito y asesor\u00eda financiera al estudiante La Instituci\u00f3n cuenta en la actualidad con las siguientes modalidades de pago Pago electr\u00f3nico PSE Tarjeta d\u00e9bito y cr\u00e9dito Cr\u00e9dito a corto plazo en alianza con Fincomercio o Ita\u00fa Cr\u00e9dito a mediano plazo en alianza con Icetex y Sufi de Bancolombia Cr\u00e9dito a largo plazo Icetex Cr\u00e9dito Directo Todos [&hellip;]\" \/>\n<meta property=\"og:url\" content=\"https:\/\/uniagraria.edu.co\/es\/credito-y-asesoria-financiera-al-estudiante\/\" \/>\n<meta property=\"og:site_name\" content=\"UNIAGRARIA\" \/>\n<meta property=\"article:publisher\" content=\"https:\/\/www.facebook.com\/uagraria\/?locale=es_LA\" \/>\n<meta property=\"article:modified_time\" content=\"2025-02-27T11:13:59+00:00\" \/>\n<meta property=\"og:image\" content=\"https:\/\/novawebmaster.com\/uniagraria\/wp-content\/uploads\/2025\/02\/2-6.png\" \/>\n<meta name=\"twitter:card\" content=\"summary_large_image\" \/>\n<meta name=\"twitter:site\" content=\"@UNIAGRARIA\" \/>\n<meta name=\"twitter:label1\" content=\"Tiempo de lectura\" \/>\n\t<meta name=\"twitter:data1\" content=\"1 minuto\" \/>\n<script type=\"application\/ld+json\" class=\"yoast-schema-graph\">{\"@context\":\"https:\/\/schema.org\",\"@graph\":[{\"@type\":\"WebPage\",\"@id\":\"https:\/\/uniagraria.edu.co\/es\/credito-y-asesoria-financiera-al-estudiante\/\",\"url\":\"https:\/\/uniagraria.edu.co\/es\/credito-y-asesoria-financiera-al-estudiante\/\",\"name\":\"Cr\u00e9dito y asesor\u00eda financiera al estudiante - UNIAGRARIA\",\"isPartOf\":{\"@id\":\"https:\/\/uniagraria.edu.co\/es\/#website\"},\"primaryImageOfPage\":{\"@id\":\"https:\/\/uniagraria.edu.co\/es\/credito-y-asesoria-financiera-al-estudiante\/#primaryimage\"},\"image\":{\"@id\":\"https:\/\/uniagraria.edu.co\/es\/credito-y-asesoria-financiera-al-estudiante\/#primaryimage\"},\"thumbnailUrl\":\"https:\/\/novawebmaster.com\/uniagraria\/wp-content\/uploads\/2025\/02\/2-6.png\",\"datePublished\":\"2025-02-26T16:56:54+00:00\",\"dateModified\":\"2025-02-27T11:13:59+00:00\",\"breadcrumb\":{\"@id\":\"https:\/\/uniagraria.edu.co\/es\/credito-y-asesoria-financiera-al-estudiante\/#breadcrumb\"},\"inLanguage\":\"es-CO\",\"potentialAction\":[{\"@type\":\"ReadAction\",\"target\":[\"https:\/\/uniagraria.edu.co\/es\/credito-y-asesoria-financiera-al-estudiante\/\"]}]},{\"@type\":\"ImageObject\",\"inLanguage\":\"es-CO\",\"@id\":\"https:\/\/uniagraria.edu.co\/es\/credito-y-asesoria-financiera-al-estudiante\/#primaryimage\",\"url\":\"https:\/\/novawebmaster.com\/uniagraria\/wp-content\/uploads\/2025\/02\/2-6.png\",\"contentUrl\":\"https:\/\/novawebmaster.com\/uniagraria\/wp-content\/uploads\/2025\/02\/2-6.png\"},{\"@type\":\"BreadcrumbList\",\"@id\":\"https:\/\/uniagraria.edu.co\/es\/credito-y-asesoria-financiera-al-estudiante\/#breadcrumb\",\"itemListElement\":[{\"@type\":\"ListItem\",\"position\":1,\"name\":\"Inicio\",\"item\":\"https:\/\/uniagraria.edu.co\/es\/\"},{\"@type\":\"ListItem\",\"position\":2,\"name\":\"Cr\u00e9dito y asesor\u00eda financiera al estudiante\"}]},{\"@type\":\"WebSite\",\"@id\":\"https:\/\/uniagraria.edu.co\/es\/#website\",\"url\":\"https:\/\/uniagraria.edu.co\/es\/\",\"name\":\"UNIAGRARIA\",\"description\":\"FUNDACION UNIVERSITARIA AGRARIA DE COLOMBIA\",\"publisher\":{\"@id\":\"https:\/\/uniagraria.edu.co\/es\/#organization\"},\"potentialAction\":[{\"@type\":\"SearchAction\",\"target\":{\"@type\":\"EntryPoint\",\"urlTemplate\":\"https:\/\/uniagraria.edu.co\/es\/?s={search_term_string}\"},\"query-input\":{\"@type\":\"PropertyValueSpecification\",\"valueRequired\":true,\"valueName\":\"search_term_string\"}}],\"inLanguage\":\"es-CO\"},{\"@type\":\"Organization\",\"@id\":\"https:\/\/uniagraria.edu.co\/es\/#organization\",\"name\":\"UNIAGRARIA\",\"url\":\"https:\/\/uniagraria.edu.co\/es\/\",\"logo\":{\"@type\":\"ImageObject\",\"inLanguage\":\"es-CO\",\"@id\":\"https:\/\/uniagraria.edu.co\/es\/#\/schema\/logo\/image\/\",\"url\":\"https:\/\/novawebmaster.com\/uniagraria\/wp-content\/uploads\/2025\/02\/LogoUa2023Vertical.png\",\"contentUrl\":\"https:\/\/novawebmaster.com\/uniagraria\/wp-content\/uploads\/2025\/02\/LogoUa2023Vertical.png\",\"width\":3300,\"height\":2550,\"caption\":\"UNIAGRARIA\"},\"image\":{\"@id\":\"https:\/\/uniagraria.edu.co\/es\/#\/schema\/logo\/image\/\"},\"sameAs\":[\"https:\/\/www.facebook.com\/uagraria\/?locale=es_LA\",\"https:\/\/x.com\/UNIAGRARIA\",\"https:\/\/www.instagram.com\/uniagraria\/profilecard\/?igsh=MXI2bTFlMWsxNzNjOA\",\"https:\/\/www.tiktok.com\/discover\/uniagraria?lang=es\",\"https:\/\/www.linkedin.com\/school\/uniagraria\/?originalSubdomain=co\",\"https:\/\/www.youtube.com\/user\/UniagrariaUverde?themeRefresh=1\",\"https:\/\/api.whatsapp.com\/send?phone=3134230649\"]}]}<\/script>\n<!-- \/ Yoast SEO plugin. -->","yoast_head_json":{"title":"Cr\u00e9dito y asesor\u00eda financiera al estudiante - UNIAGRARIA","robots":{"index":"index","follow":"follow","max-snippet":"max-snippet:-1","max-image-preview":"max-image-preview:large","max-video-preview":"max-video-preview:-1"},"canonical":"https:\/\/uniagraria.edu.co\/es\/credito-y-asesoria-financiera-al-estudiante\/","og_locale":"es_ES","og_type":"article","og_title":"Cr\u00e9dito y asesor\u00eda financiera al estudiante - UNIAGRARIA","og_description":"Cr\u00e9dito y asesor\u00eda financiera al estudiante La Instituci\u00f3n cuenta en la actualidad con las siguientes modalidades de pago Pago electr\u00f3nico PSE Tarjeta d\u00e9bito y cr\u00e9dito Cr\u00e9dito a corto plazo en alianza con Fincomercio o Ita\u00fa Cr\u00e9dito a mediano plazo en alianza con Icetex y Sufi de Bancolombia Cr\u00e9dito a largo plazo Icetex Cr\u00e9dito Directo Todos [&hellip;]","og_url":"https:\/\/uniagraria.edu.co\/es\/credito-y-asesoria-financiera-al-estudiante\/","og_site_name":"UNIAGRARIA","article_publisher":"https:\/\/www.facebook.com\/uagraria\/?locale=es_LA","article_modified_time":"2025-02-27T11:13:59+00:00","og_image":[{"url":"https:\/\/novawebmaster.com\/uniagraria\/wp-content\/uploads\/2025\/02\/2-6.png","type":"","width":"","height":""}],"twitter_card":"summary_large_image","twitter_site":"@UNIAGRARIA","twitter_misc":{"Tiempo de lectura":"1 minuto"},"schema":{"@context":"https:\/\/schema.org","@graph":[{"@type":"WebPage","@id":"https:\/\/uniagraria.edu.co\/es\/credito-y-asesoria-financiera-al-estudiante\/","url":"https:\/\/uniagraria.edu.co\/es\/credito-y-asesoria-financiera-al-estudiante\/","name":"Cr\u00e9dito y asesor\u00eda financiera al estudiante - UNIAGRARIA","isPartOf":{"@id":"https:\/\/uniagraria.edu.co\/es\/#website"},"primaryImageOfPage":{"@id":"https:\/\/uniagraria.edu.co\/es\/credito-y-asesoria-financiera-al-estudiante\/#primaryimage"},"image":{"@id":"https:\/\/uniagraria.edu.co\/es\/credito-y-asesoria-financiera-al-estudiante\/#primaryimage"},"thumbnailUrl":"https:\/\/novawebmaster.com\/uniagraria\/wp-content\/uploads\/2025\/02\/2-6.png","datePublished":"2025-02-26T16:56:54+00:00","dateModified":"2025-02-27T11:13:59+00:00","breadcrumb":{"@id":"https:\/\/uniagraria.edu.co\/es\/credito-y-asesoria-financiera-al-estudiante\/#breadcrumb"},"inLanguage":"es-CO","potentialAction":[{"@type":"ReadAction","target":["https:\/\/uniagraria.edu.co\/es\/credito-y-asesoria-financiera-al-estudiante\/"]}]},{"@type":"ImageObject","inLanguage":"es-CO","@id":"https:\/\/uniagraria.edu.co\/es\/credito-y-asesoria-financiera-al-estudiante\/#primaryimage","url":"https:\/\/novawebmaster.com\/uniagraria\/wp-content\/uploads\/2025\/02\/2-6.png","contentUrl":"https:\/\/novawebmaster.com\/uniagraria\/wp-content\/uploads\/2025\/02\/2-6.png"},{"@type":"BreadcrumbList","@id":"https:\/\/uniagraria.edu.co\/es\/credito-y-asesoria-financiera-al-estudiante\/#breadcrumb","itemListElement":[{"@type":"ListItem","position":1,"name":"Inicio","item":"https:\/\/uniagraria.edu.co\/es\/"},{"@type":"ListItem","position":2,"name":"Cr\u00e9dito y asesor\u00eda financiera al estudiante"}]},{"@type":"WebSite","@id":"https:\/\/uniagraria.edu.co\/es\/#website","url":"https:\/\/uniagraria.edu.co\/es\/","name":"UNIAGRARIA","description":"FUNDACION UNIVERSITARIA AGRARIA DE COLOMBIA","publisher":{"@id":"https:\/\/uniagraria.edu.co\/es\/#organization"},"potentialAction":[{"@type":"SearchAction","target":{"@type":"EntryPoint","urlTemplate":"https:\/\/uniagraria.edu.co\/es\/?s={search_term_string}"},"query-input":{"@type":"PropertyValueSpecification","valueRequired":true,"valueName":"search_term_string"}}],"inLanguage":"es-CO"},{"@type":"Organization","@id":"https:\/\/uniagraria.edu.co\/es\/#organization","name":"UNIAGRARIA","url":"https:\/\/uniagraria.edu.co\/es\/","logo":{"@type":"ImageObject","inLanguage":"es-CO","@id":"https:\/\/uniagraria.edu.co\/es\/#\/schema\/logo\/image\/","url":"https:\/\/novawebmaster.com\/uniagraria\/wp-content\/uploads\/2025\/02\/LogoUa2023Vertical.png","contentUrl":"https:\/\/novawebmaster.com\/uniagraria\/wp-content\/uploads\/2025\/02\/LogoUa2023Vertical.png","width":3300,"height":2550,"caption":"UNIAGRARIA"},"image":{"@id":"https:\/\/uniagraria.edu.co\/es\/#\/schema\/logo\/image\/"},"sameAs":["https:\/\/www.facebook.com\/uagraria\/?locale=es_LA","https:\/\/x.com\/UNIAGRARIA","https:\/\/www.instagram.com\/uniagraria\/profilecard\/?igsh=MXI2bTFlMWsxNzNjOA","https:\/\/www.tiktok.com\/discover\/uniagraria?lang=es","https:\/\/www.linkedin.com\/school\/uniagraria\/?originalSubdomain=co","https:\/\/www.youtube.com\/user\/UniagrariaUverde?themeRefresh=1","https:\/\/api.whatsapp.com\/send?phone=3134230649"]}]}},"_links":{"self":[{"href":"https:\/\/uniagraria.edu.co\/es\/wp-json\/wp\/v2\/pages\/56984","targetHints":{"allow":["GET"]}}],"collection":[{"href":"https:\/\/uniagraria.edu.co\/es\/wp-json\/wp\/v2\/pages"}],"about":[{"href":"https:\/\/uniagraria.edu.co\/es\/wp-json\/wp\/v2\/types\/page"}],"author":[{"embeddable":true,"href":"https:\/\/uniagraria.edu.co\/es\/wp-json\/wp\/v2\/users\/8"}],"replies":[{"embeddable":true,"href":"https:\/\/uniagraria.edu.co\/es\/wp-json\/wp\/v2\/comments?post=56984"}],"version-history":[{"count":0,"href":"https:\/\/uniagraria.edu.co\/es\/wp-json\/wp\/v2\/pages\/56984\/revisions"}],"wp:attachment":[{"href":"https:\/\/uniagraria.edu.co\/es\/wp-json\/wp\/v2\/media?parent=56984"}],"curies":[{"name":"wp","href":"https:\/\/api.w.org\/{rel}","templated":true}]}}