{"id":59844,"date":"2025-03-07T19:51:03","date_gmt":"2025-03-08T00:51:03","guid":{"rendered":"https:\/\/novawebmaster.com\/uniagraria\/?page_id=59844"},"modified":"2025-06-09T13:38:52","modified_gmt":"2025-06-09T18:38:52","slug":"consultorio-juridico","status":"publish","type":"page","link":"https:\/\/uniagraria.edu.co\/es\/consultorio-juridico\/","title":{"rendered":"Consultorio Jur\u00eddico"},"content":{"rendered":"\t\t<div data-elementor-type=\"wp-page\" data-elementor-id=\"59844\" class=\"elementor elementor-59844\" data-elementor-post-type=\"page\">\n\t\t\t\t<div class=\"elementor-element elementor-element-6cadc941 e-con-full e-flex e-con e-parent\" data-id=\"6cadc941\" data-element_type=\"container\" data-e-type=\"container\" data-settings=\"{&quot;background_background&quot;:&quot;classic&quot;}\">\n\t\t<div class=\"elementor-element elementor-element-7ac41b89 e-flex e-con-boxed e-con e-child\" data-id=\"7ac41b89\" data-element_type=\"container\" data-e-type=\"container\">\n\t\t\t\t\t<div class=\"e-con-inner\">\n\t\t<div class=\"elementor-element elementor-element-71d0e69d e-con-full e-flex e-con e-child\" data-id=\"71d0e69d\" data-element_type=\"container\" data-e-type=\"container\" data-settings=\"{&quot;background_background&quot;:&quot;classic&quot;}\">\n\t\t\t\t<div class=\"elementor-element elementor-element-46f62577 elementor-widget elementor-widget-heading\" data-id=\"46f62577\" data-element_type=\"widget\" data-e-type=\"widget\" data-widget_type=\"heading.default\">\n\t\t\t\t<div class=\"elementor-widget-container\">\n\t\t\t\t\t<h2 class=\"elementor-heading-title elementor-size-default\">Consultorio Jur\u00eddico<\/h2>\t\t\t\t<\/div>\n\t\t\t\t<\/div>\n\t\t\t\t<div class=\"elementor-element elementor-element-39f08487 elementor-widget elementor-widget-text-editor\" data-id=\"39f08487\" data-element_type=\"widget\" data-e-type=\"widget\" data-widget_type=\"text-editor.default\">\n\t\t\t\t<div class=\"elementor-widget-container\">\n\t\t\t\t\t\t\t\t\t<div class=\"uk-accordion-content uk-text-justify\" aria-hidden=\"false\">\n<p>Prestamos servicios en el campo social, jur\u00eddico con \u00e9nfasis en asuntos ambientales, ecol\u00f3gicos, agrarios, ordenamiento del territorio a la par de asesor\u00eda de atenci\u00f3n en ramas del derecho como laboral, civil, p\u00fablico y derecho penal. Atenci\u00f3n enfocada la poblaci\u00f3n de escasos recursos en aras de la protecci\u00f3n y reclamaci\u00f3n de sus derechos. Adem\u00e1s asesoramos en la prevenci\u00f3n y soluci\u00f3n alternativa de conflictos, para contribuir al desarrollo del tejido social, en donde nuestros estudiantes cuentan con las herramientas jur\u00eddicas y asesor\u00eda de docentes con experiencia, para proporcionar un servicio de \u00f3ptima calidad, dentro de un espacio que les permite aplicar la relaci\u00f3n permanente entre teor\u00eda y pr\u00e1ctica de una manera din\u00e1mica, organizada, participativa, cr\u00edtica y presencial en municipios donde tenemos convenios.<\/p>\n<p>Nuestro compromiso se enfoca en el cumplimiento de una funci\u00f3n social, en las comunidades de escasos recursos que asisten a las sedes donde actualmente se est\u00e1 prestando servicios de asesor\u00eda y representaci\u00f3n legal en las diferentes \u00e1reas del derecho como lo son privado, laboral, p\u00fablico, penal y g\u00e9nero, de tal forma que contribuimos en la prevenci\u00f3n, soluci\u00f3n y transformaci\u00f3n de los conflictos que aquejan en general a la sociedad.<\/p>\n<\/div>\t\t\t\t\t\t\t\t<\/div>\n\t\t\t\t<\/div>\n\t\t\t\t<\/div>\n\t\t\t\t\t<\/div>\n\t\t\t\t<\/div>\n\t\t\t\t<\/div>\n\t\t<div class=\"elementor-element elementor-element-6a3d444 e-flex e-con-boxed e-con e-child\" data-id=\"6a3d444\" data-element_type=\"container\" data-e-type=\"container\">\n\t\t\t\t\t<div class=\"e-con-inner\">\n\t\t<div class=\"elementor-element elementor-element-ff57943 e-con-full e-flex e-con e-child\" data-id=\"ff57943\" data-element_type=\"container\" data-e-type=\"container\">\n\t\t\t\t<div class=\"elementor-element elementor-element-27c6c66 elementor-view-default elementor-position-block-start elementor-mobile-position-block-start elementor-widget elementor-widget-icon-box\" data-id=\"27c6c66\" data-element_type=\"widget\" data-e-type=\"widget\" data-widget_type=\"icon-box.default\">\n\t\t\t\t<div class=\"elementor-widget-container\">\n\t\t\t\t\t\t\t<div class=\"elementor-icon-box-wrapper\">\n\n\t\t\t\t\t\t<div class=\"elementor-icon-box-icon\">\n\t\t\t\t<span  class=\"elementor-icon\">\n\t\t\t\t<svg aria-hidden=\"true\" class=\"e-font-icon-svg e-fas-envelope\" viewBox=\"0 0 512 512\" xmlns=\"http:\/\/www.w3.org\/2000\/svg\"><path d=\"M502.3 190.8c3.9-3.1 9.7-.2 9.7 4.7V400c0 26.5-21.5 48-48 48H48c-26.5 0-48-21.5-48-48V195.6c0-5 5.7-7.8 9.7-4.7 22.4 17.4 52.1 39.5 154.1 113.6 21.1 15.4 56.7 47.8 92.2 47.6 35.7.3 72-32.8 92.3-47.6 102-74.1 131.6-96.3 154-113.7zM256 320c23.2.4 56.6-29.2 73.4-41.4 132.7-96.3 142.8-104.7 173.4-128.7 5.8-4.5 9.2-11.5 9.2-18.9v-19c0-26.5-21.5-48-48-48H48C21.5 64 0 85.5 0 112v19c0 7.4 3.4 14.3 9.2 18.9 30.6 23.9 40.7 32.4 173.4 128.7 16.8 12.2 50.2 41.8 73.4 41.4z\"><\/path><\/svg>\t\t\t\t<\/span>\n\t\t\t<\/div>\n\t\t\t\n\t\t\t\t\t\t<div class=\"elementor-icon-box-content\">\n\n\t\t\t\t\t\t\t\t\t<h3 class=\"elementor-icon-box-title\">\n\t\t\t\t\t\t<span  >\n\t\t\t\t\t\t\tConsultorio Jur\u00eddico\t\t\t\t\t\t<\/span>\n\t\t\t\t\t<\/h3>\n\t\t\t\t\n\t\t\t\t\n\t\t\t<\/div>\n\t\t\t\n\t\t<\/div>\n\t\t\t\t\t\t<\/div>\n\t\t\t\t<\/div>\n\t\t\t\t<div class=\"elementor-element elementor-element-28d135d elementor-widget elementor-widget-icon-box\" data-id=\"28d135d\" data-element_type=\"widget\" data-e-type=\"widget\" data-widget_type=\"icon-box.default\">\n\t\t\t\t<div class=\"elementor-widget-container\">\n\t\t\t\t\t\t\t<div class=\"elementor-icon-box-wrapper\">\n\n\t\t\t\n\t\t\t\t\t\t<div class=\"elementor-icon-box-content\">\n\n\t\t\t\t\t\t\t\t\t<h3 class=\"elementor-icon-box-title\">\n\t\t\t\t\t\t<span  >\n\t\t\t\t\t\t\t+(57) 320 230 6645\t\t\t\t\t\t<\/span>\n\t\t\t\t\t<\/h3>\n\t\t\t\t\n\t\t\t\t\t\t\t\t\t<p class=\"elementor-icon-box-description\">\n\t\t\t\t\t\tDirecci\u00f3n: Carrera 54a # 173-04 Bogot\u00e1 D.C.\t\t\t\t\t<\/p>\n\t\t\t\t\n\t\t\t<\/div>\n\t\t\t\n\t\t<\/div>\n\t\t\t\t\t\t<\/div>\n\t\t\t\t<\/div>\n\t\t\t\t<\/div>\n\t\t<div class=\"elementor-element elementor-element-2c98387 e-con-full e-flex e-con e-child\" data-id=\"2c98387\" data-element_type=\"container\" data-e-type=\"container\">\n\t\t<div class=\"elementor-element elementor-element-b60c3e2 e-con-full e-flex e-con e-child\" data-id=\"b60c3e2\" data-element_type=\"container\" data-e-type=\"container\">\n\t\t\t\t<div class=\"elementor-element elementor-element-218c5f7 elementor-position-top elementor-widget elementor-widget-image-box\" data-id=\"218c5f7\" data-element_type=\"widget\" data-e-type=\"widget\" data-widget_type=\"image-box.default\">\n\t\t\t\t<div class=\"elementor-widget-container\">\n\t\t\t\t\t<div class=\"elementor-image-box-wrapper\"><figure class=\"elementor-image-box-img\"><img fetchpriority=\"high\" decoding=\"async\" width=\"1024\" height=\"577\" src=\"https:\/\/uniagraria.edu.co\/wp-content\/uploads\/2025\/06\/ConsultorioJuridicoDirectorEdwardVelaGomez-1024x577.jpeg\" class=\"attachment-large size-large wp-image-71941\" alt=\"\" srcset=\"https:\/\/uniagraria.edu.co\/wp-content\/uploads\/2025\/06\/ConsultorioJuridicoDirectorEdwardVelaGomez-1024x577.jpeg 1024w, https:\/\/uniagraria.edu.co\/wp-content\/uploads\/2025\/06\/ConsultorioJuridicoDirectorEdwardVelaGomez-300x169.jpeg 300w, https:\/\/uniagraria.edu.co\/wp-content\/uploads\/2025\/06\/ConsultorioJuridicoDirectorEdwardVelaGomez-768x432.jpeg 768w, https:\/\/uniagraria.edu.co\/wp-content\/uploads\/2025\/06\/ConsultorioJuridicoDirectorEdwardVelaGomez-1536x865.jpeg 1536w, https:\/\/uniagraria.edu.co\/wp-content\/uploads\/2025\/06\/ConsultorioJuridicoDirectorEdwardVelaGomez-2048x1153.jpeg 2048w\" sizes=\"(max-width: 1024px) 100vw, 1024px\" \/><\/figure><div class=\"elementor-image-box-content\"><h3 class=\"elementor-image-box-title\">Edward Leonardo Vela G\u00f3mez<\/h3><p class=\"elementor-image-box-description\">Director del Consultorio Jur\u00eddico<\/p><\/div><\/div>\t\t\t\t<\/div>\n\t\t\t\t<\/div>\n\t\t\t\t<\/div>\n\t\t\t\t<\/div>\n\t\t\t\t\t<\/div>\n\t\t\t\t<\/div>\n\t\t\t\t<\/div>\n\t\t","protected":false},"excerpt":{"rendered":"<p>Consultorio Jur\u00eddico Prestamos servicios en el campo social, jur\u00eddico con \u00e9nfasis en asuntos ambientales, ecol\u00f3gicos, agrarios, ordenamiento del territorio a la par de asesor\u00eda de atenci\u00f3n en ramas del derecho como laboral, civil, p\u00fablico y derecho penal. Atenci\u00f3n enfocada la poblaci\u00f3n de escasos recursos en aras de la protecci\u00f3n y reclamaci\u00f3n de sus derechos. Adem\u00e1s [&hellip;]<\/p>\n","protected":false},"author":1,"featured_media":0,"parent":0,"menu_order":0,"comment_status":"closed","ping_status":"closed","template":"","meta":{"_acf_changed":false,"site-sidebar-layout":"no-sidebar","site-content-layout":"","ast-site-content-layout":"full-width-container","site-content-style":"default","site-sidebar-style":"default","ast-global-header-display":"","ast-banner-title-visibility":"","ast-main-header-display":"","ast-hfb-above-header-display":"","ast-hfb-below-header-display":"","ast-hfb-mobile-header-display":"","site-post-title":"disabled","ast-breadcrumbs-content":"","ast-featured-img":"disabled","footer-sml-layout":"","ast-disable-related-posts":"","theme-transparent-header-meta":"default","adv-header-id-meta":"","stick-header-meta":"default","header-above-stick-meta":"","header-main-stick-meta":"","header-below-stick-meta":"","astra-migrate-meta-layouts":"set","ast-page-background-enabled":"default","ast-page-background-meta":{"desktop":{"background-color":"var(--ast-global-color-4)","background-image":"","background-repeat":"repeat","background-position":"center center","background-size":"auto","background-attachment":"scroll","background-type":"","background-media":"","overlay-type":"","overlay-color":"","overlay-opacity":"","overlay-gradient":""},"tablet":{"background-color":"","background-image":"","background-repeat":"repeat","background-position":"center center","background-size":"auto","background-attachment":"scroll","background-type":"","background-media":"","overlay-type":"","overlay-color":"","overlay-opacity":"","overlay-gradient":""},"mobile":{"background-color":"","background-image":"","background-repeat":"repeat","background-position":"center center","background-size":"auto","background-attachment":"scroll","background-type":"","background-media":"","overlay-type":"","overlay-color":"","overlay-opacity":"","overlay-gradient":""}},"ast-content-background-meta":{"desktop":{"background-color":"var(--ast-global-color-5)","background-image":"","background-repeat":"repeat","background-position":"center center","background-size":"auto","background-attachment":"scroll","background-type":"","background-media":"","overlay-type":"","overlay-color":"","overlay-opacity":"","overlay-gradient":""},"tablet":{"background-color":"var(--ast-global-color-5)","background-image":"","background-repeat":"repeat","background-position":"center center","background-size":"auto","background-attachment":"scroll","background-type":"","background-media":"","overlay-type":"","overlay-color":"","overlay-opacity":"","overlay-gradient":""},"mobile":{"background-color":"var(--ast-global-color-5)","background-image":"","background-repeat":"repeat","background-position":"center center","background-size":"auto","background-attachment":"scroll","background-type":"","background-media":"","overlay-type":"","overlay-color":"","overlay-opacity":"","overlay-gradient":""}},"footnotes":""},"class_list":["post-59844","page","type-page","status-publish","hentry"],"acf":[],"yoast_head":"<!-- This site is optimized with the Yoast SEO plugin v27.2 - https:\/\/yoast.com\/product\/yoast-seo-wordpress\/ -->\n<title>Consultorio Jur\u00eddico - UNIAGRARIA<\/title>\n<meta name=\"robots\" content=\"index, follow, max-snippet:-1, max-image-preview:large, max-video-preview:-1\" \/>\n<link rel=\"canonical\" href=\"https:\/\/uniagraria.edu.co\/es\/consultorio-juridico\/\" \/>\n<meta property=\"og:locale\" content=\"es_ES\" \/>\n<meta property=\"og:type\" content=\"article\" \/>\n<meta property=\"og:title\" content=\"Consultorio Jur\u00eddico - UNIAGRARIA\" \/>\n<meta property=\"og:description\" content=\"Consultorio Jur\u00eddico Prestamos servicios en el campo social, jur\u00eddico con \u00e9nfasis en asuntos ambientales, ecol\u00f3gicos, agrarios, ordenamiento del territorio a la par de asesor\u00eda de atenci\u00f3n en ramas del derecho como laboral, civil, p\u00fablico y derecho penal. Atenci\u00f3n enfocada la poblaci\u00f3n de escasos recursos en aras de la protecci\u00f3n y reclamaci\u00f3n de sus derechos. Adem\u00e1s [&hellip;]\" \/>\n<meta property=\"og:url\" content=\"https:\/\/uniagraria.edu.co\/es\/consultorio-juridico\/\" \/>\n<meta property=\"og:site_name\" content=\"UNIAGRARIA\" \/>\n<meta property=\"article:publisher\" content=\"https:\/\/www.facebook.com\/uagraria\/?locale=es_LA\" \/>\n<meta property=\"article:modified_time\" content=\"2025-06-09T18:38:52+00:00\" \/>\n<meta property=\"og:image\" content=\"https:\/\/novawebmaster.com\/uniagraria\/wp-content\/uploads\/2025\/06\/ConsultorioJuridicoDirectorEdwardVelaGomez-1024x577.jpeg\" \/>\n<meta name=\"twitter:card\" content=\"summary_large_image\" \/>\n<meta name=\"twitter:site\" content=\"@UNIAGRARIA\" \/>\n<meta name=\"twitter:label1\" content=\"Tiempo de lectura\" \/>\n\t<meta name=\"twitter:data1\" content=\"1 minuto\" \/>\n<script type=\"application\/ld+json\" class=\"yoast-schema-graph\">{\"@context\":\"https:\/\/schema.org\",\"@graph\":[{\"@type\":\"WebPage\",\"@id\":\"https:\/\/uniagraria.edu.co\/es\/consultorio-juridico\/\",\"url\":\"https:\/\/uniagraria.edu.co\/es\/consultorio-juridico\/\",\"name\":\"Consultorio Jur\u00eddico - UNIAGRARIA\",\"isPartOf\":{\"@id\":\"https:\/\/uniagraria.edu.co\/es\/#website\"},\"primaryImageOfPage\":{\"@id\":\"https:\/\/uniagraria.edu.co\/es\/consultorio-juridico\/#primaryimage\"},\"image\":{\"@id\":\"https:\/\/uniagraria.edu.co\/es\/consultorio-juridico\/#primaryimage\"},\"thumbnailUrl\":\"https:\/\/novawebmaster.com\/uniagraria\/wp-content\/uploads\/2025\/06\/ConsultorioJuridicoDirectorEdwardVelaGomez-1024x577.jpeg\",\"datePublished\":\"2025-03-08T00:51:03+00:00\",\"dateModified\":\"2025-06-09T18:38:52+00:00\",\"breadcrumb\":{\"@id\":\"https:\/\/uniagraria.edu.co\/es\/consultorio-juridico\/#breadcrumb\"},\"inLanguage\":\"es-CO\",\"potentialAction\":[{\"@type\":\"ReadAction\",\"target\":[\"https:\/\/uniagraria.edu.co\/es\/consultorio-juridico\/\"]}]},{\"@type\":\"ImageObject\",\"inLanguage\":\"es-CO\",\"@id\":\"https:\/\/uniagraria.edu.co\/es\/consultorio-juridico\/#primaryimage\",\"url\":\"https:\/\/novawebmaster.com\/uniagraria\/wp-content\/uploads\/2025\/06\/ConsultorioJuridicoDirectorEdwardVelaGomez-1024x577.jpeg\",\"contentUrl\":\"https:\/\/novawebmaster.com\/uniagraria\/wp-content\/uploads\/2025\/06\/ConsultorioJuridicoDirectorEdwardVelaGomez-1024x577.jpeg\"},{\"@type\":\"BreadcrumbList\",\"@id\":\"https:\/\/uniagraria.edu.co\/es\/consultorio-juridico\/#breadcrumb\",\"itemListElement\":[{\"@type\":\"ListItem\",\"position\":1,\"name\":\"Inicio\",\"item\":\"https:\/\/uniagraria.edu.co\/es\/\"},{\"@type\":\"ListItem\",\"position\":2,\"name\":\"Consultorio Jur\u00eddico\"}]},{\"@type\":\"WebSite\",\"@id\":\"https:\/\/uniagraria.edu.co\/es\/#website\",\"url\":\"https:\/\/uniagraria.edu.co\/es\/\",\"name\":\"UNIAGRARIA\",\"description\":\"FUNDACION UNIVERSITARIA AGRARIA DE COLOMBIA\",\"publisher\":{\"@id\":\"https:\/\/uniagraria.edu.co\/es\/#organization\"},\"potentialAction\":[{\"@type\":\"SearchAction\",\"target\":{\"@type\":\"EntryPoint\",\"urlTemplate\":\"https:\/\/uniagraria.edu.co\/es\/?s={search_term_string}\"},\"query-input\":{\"@type\":\"PropertyValueSpecification\",\"valueRequired\":true,\"valueName\":\"search_term_string\"}}],\"inLanguage\":\"es-CO\"},{\"@type\":\"Organization\",\"@id\":\"https:\/\/uniagraria.edu.co\/es\/#organization\",\"name\":\"UNIAGRARIA\",\"url\":\"https:\/\/uniagraria.edu.co\/es\/\",\"logo\":{\"@type\":\"ImageObject\",\"inLanguage\":\"es-CO\",\"@id\":\"https:\/\/uniagraria.edu.co\/es\/#\/schema\/logo\/image\/\",\"url\":\"https:\/\/novawebmaster.com\/uniagraria\/wp-content\/uploads\/2025\/02\/LogoUa2023Vertical.png\",\"contentUrl\":\"https:\/\/novawebmaster.com\/uniagraria\/wp-content\/uploads\/2025\/02\/LogoUa2023Vertical.png\",\"width\":3300,\"height\":2550,\"caption\":\"UNIAGRARIA\"},\"image\":{\"@id\":\"https:\/\/uniagraria.edu.co\/es\/#\/schema\/logo\/image\/\"},\"sameAs\":[\"https:\/\/www.facebook.com\/uagraria\/?locale=es_LA\",\"https:\/\/x.com\/UNIAGRARIA\",\"https:\/\/www.instagram.com\/uniagraria\/profilecard\/?igsh=MXI2bTFlMWsxNzNjOA\",\"https:\/\/www.tiktok.com\/discover\/uniagraria?lang=es\",\"https:\/\/www.linkedin.com\/school\/uniagraria\/?originalSubdomain=co\",\"https:\/\/www.youtube.com\/user\/UniagrariaUverde?themeRefresh=1\",\"https:\/\/api.whatsapp.com\/send?phone=3134230649\"]}]}<\/script>\n<!-- \/ Yoast SEO plugin. -->","yoast_head_json":{"title":"Consultorio Jur\u00eddico - UNIAGRARIA","robots":{"index":"index","follow":"follow","max-snippet":"max-snippet:-1","max-image-preview":"max-image-preview:large","max-video-preview":"max-video-preview:-1"},"canonical":"https:\/\/uniagraria.edu.co\/es\/consultorio-juridico\/","og_locale":"es_ES","og_type":"article","og_title":"Consultorio Jur\u00eddico - UNIAGRARIA","og_description":"Consultorio Jur\u00eddico Prestamos servicios en el campo social, jur\u00eddico con \u00e9nfasis en asuntos ambientales, ecol\u00f3gicos, agrarios, ordenamiento del territorio a la par de asesor\u00eda de atenci\u00f3n en ramas del derecho como laboral, civil, p\u00fablico y derecho penal. Atenci\u00f3n enfocada la poblaci\u00f3n de escasos recursos en aras de la protecci\u00f3n y reclamaci\u00f3n de sus derechos. Adem\u00e1s [&hellip;]","og_url":"https:\/\/uniagraria.edu.co\/es\/consultorio-juridico\/","og_site_name":"UNIAGRARIA","article_publisher":"https:\/\/www.facebook.com\/uagraria\/?locale=es_LA","article_modified_time":"2025-06-09T18:38:52+00:00","og_image":[{"url":"https:\/\/novawebmaster.com\/uniagraria\/wp-content\/uploads\/2025\/06\/ConsultorioJuridicoDirectorEdwardVelaGomez-1024x577.jpeg","type":"","width":"","height":""}],"twitter_card":"summary_large_image","twitter_site":"@UNIAGRARIA","twitter_misc":{"Tiempo de lectura":"1 minuto"},"schema":{"@context":"https:\/\/schema.org","@graph":[{"@type":"WebPage","@id":"https:\/\/uniagraria.edu.co\/es\/consultorio-juridico\/","url":"https:\/\/uniagraria.edu.co\/es\/consultorio-juridico\/","name":"Consultorio Jur\u00eddico - UNIAGRARIA","isPartOf":{"@id":"https:\/\/uniagraria.edu.co\/es\/#website"},"primaryImageOfPage":{"@id":"https:\/\/uniagraria.edu.co\/es\/consultorio-juridico\/#primaryimage"},"image":{"@id":"https:\/\/uniagraria.edu.co\/es\/consultorio-juridico\/#primaryimage"},"thumbnailUrl":"https:\/\/novawebmaster.com\/uniagraria\/wp-content\/uploads\/2025\/06\/ConsultorioJuridicoDirectorEdwardVelaGomez-1024x577.jpeg","datePublished":"2025-03-08T00:51:03+00:00","dateModified":"2025-06-09T18:38:52+00:00","breadcrumb":{"@id":"https:\/\/uniagraria.edu.co\/es\/consultorio-juridico\/#breadcrumb"},"inLanguage":"es-CO","potentialAction":[{"@type":"ReadAction","target":["https:\/\/uniagraria.edu.co\/es\/consultorio-juridico\/"]}]},{"@type":"ImageObject","inLanguage":"es-CO","@id":"https:\/\/uniagraria.edu.co\/es\/consultorio-juridico\/#primaryimage","url":"https:\/\/novawebmaster.com\/uniagraria\/wp-content\/uploads\/2025\/06\/ConsultorioJuridicoDirectorEdwardVelaGomez-1024x577.jpeg","contentUrl":"https:\/\/novawebmaster.com\/uniagraria\/wp-content\/uploads\/2025\/06\/ConsultorioJuridicoDirectorEdwardVelaGomez-1024x577.jpeg"},{"@type":"BreadcrumbList","@id":"https:\/\/uniagraria.edu.co\/es\/consultorio-juridico\/#breadcrumb","itemListElement":[{"@type":"ListItem","position":1,"name":"Inicio","item":"https:\/\/uniagraria.edu.co\/es\/"},{"@type":"ListItem","position":2,"name":"Consultorio Jur\u00eddico"}]},{"@type":"WebSite","@id":"https:\/\/uniagraria.edu.co\/es\/#website","url":"https:\/\/uniagraria.edu.co\/es\/","name":"UNIAGRARIA","description":"FUNDACION UNIVERSITARIA AGRARIA DE COLOMBIA","publisher":{"@id":"https:\/\/uniagraria.edu.co\/es\/#organization"},"potentialAction":[{"@type":"SearchAction","target":{"@type":"EntryPoint","urlTemplate":"https:\/\/uniagraria.edu.co\/es\/?s={search_term_string}"},"query-input":{"@type":"PropertyValueSpecification","valueRequired":true,"valueName":"search_term_string"}}],"inLanguage":"es-CO"},{"@type":"Organization","@id":"https:\/\/uniagraria.edu.co\/es\/#organization","name":"UNIAGRARIA","url":"https:\/\/uniagraria.edu.co\/es\/","logo":{"@type":"ImageObject","inLanguage":"es-CO","@id":"https:\/\/uniagraria.edu.co\/es\/#\/schema\/logo\/image\/","url":"https:\/\/novawebmaster.com\/uniagraria\/wp-content\/uploads\/2025\/02\/LogoUa2023Vertical.png","contentUrl":"https:\/\/novawebmaster.com\/uniagraria\/wp-content\/uploads\/2025\/02\/LogoUa2023Vertical.png","width":3300,"height":2550,"caption":"UNIAGRARIA"},"image":{"@id":"https:\/\/uniagraria.edu.co\/es\/#\/schema\/logo\/image\/"},"sameAs":["https:\/\/www.facebook.com\/uagraria\/?locale=es_LA","https:\/\/x.com\/UNIAGRARIA","https:\/\/www.instagram.com\/uniagraria\/profilecard\/?igsh=MXI2bTFlMWsxNzNjOA","https:\/\/www.tiktok.com\/discover\/uniagraria?lang=es","https:\/\/www.linkedin.com\/school\/uniagraria\/?originalSubdomain=co","https:\/\/www.youtube.com\/user\/UniagrariaUverde?themeRefresh=1","https:\/\/api.whatsapp.com\/send?phone=3134230649"]}]}},"_links":{"self":[{"href":"https:\/\/uniagraria.edu.co\/es\/wp-json\/wp\/v2\/pages\/59844","targetHints":{"allow":["GET"]}}],"collection":[{"href":"https:\/\/uniagraria.edu.co\/es\/wp-json\/wp\/v2\/pages"}],"about":[{"href":"https:\/\/uniagraria.edu.co\/es\/wp-json\/wp\/v2\/types\/page"}],"author":[{"embeddable":true,"href":"https:\/\/uniagraria.edu.co\/es\/wp-json\/wp\/v2\/users\/1"}],"replies":[{"embeddable":true,"href":"https:\/\/uniagraria.edu.co\/es\/wp-json\/wp\/v2\/comments?post=59844"}],"version-history":[{"count":15,"href":"https:\/\/uniagraria.edu.co\/es\/wp-json\/wp\/v2\/pages\/59844\/revisions"}],"predecessor-version":[{"id":71956,"href":"https:\/\/uniagraria.edu.co\/es\/wp-json\/wp\/v2\/pages\/59844\/revisions\/71956"}],"wp:attachment":[{"href":"https:\/\/uniagraria.edu.co\/es\/wp-json\/wp\/v2\/media?parent=59844"}],"curies":[{"name":"wp","href":"https:\/\/api.w.org\/{rel}","templated":true}]}}