{"id":60783,"date":"2025-03-13T21:03:48","date_gmt":"2025-03-14T02:03:48","guid":{"rendered":"https:\/\/novawebmaster.com\/uniagraria\/?page_id=60783"},"modified":"2025-05-27T15:25:54","modified_gmt":"2025-05-27T20:25:54","slug":"convenio-marco-institucional","status":"publish","type":"page","link":"https:\/\/uniagraria.edu.co\/es\/convenio-marco-institucional\/","title":{"rendered":"Convenio Marco Institucional"},"content":{"rendered":"\t\t<div data-elementor-type=\"wp-page\" data-elementor-id=\"60783\" class=\"elementor elementor-60783\" data-elementor-post-type=\"page\">\n\t\t\t\t<div class=\"elementor-element elementor-element-3ecd24bc e-con-full e-flex e-con e-parent\" data-id=\"3ecd24bc\" data-element_type=\"container\" data-e-type=\"container\" data-settings=\"{&quot;background_background&quot;:&quot;classic&quot;}\">\n\t\t<div class=\"elementor-element elementor-element-2eeae6e2 e-flex e-con-boxed e-con e-child\" data-id=\"2eeae6e2\" data-element_type=\"container\" data-e-type=\"container\">\n\t\t\t\t\t<div class=\"e-con-inner\">\n\t\t<div class=\"elementor-element elementor-element-673241b5 e-con-full e-flex e-con e-child\" data-id=\"673241b5\" data-element_type=\"container\" data-e-type=\"container\">\n\t\t\t\t<div class=\"elementor-element elementor-element-20916707 elementor-widget elementor-widget-heading\" data-id=\"20916707\" data-element_type=\"widget\" data-e-type=\"widget\" data-widget_type=\"heading.default\">\n\t\t\t\t<div class=\"elementor-widget-container\">\n\t\t\t\t\t<h2 class=\"elementor-heading-title elementor-size-default\">Convenio Marco Institucional<\/h2>\t\t\t\t<\/div>\n\t\t\t\t<\/div>\n\t\t\t\t<div class=\"elementor-element elementor-element-1f13ac78 elementor-widget elementor-widget-text-editor\" data-id=\"1f13ac78\" data-element_type=\"widget\" data-e-type=\"widget\" data-widget_type=\"text-editor.default\">\n\t\t\t\t<div class=\"elementor-widget-container\">\n\t\t\t\t\t\t\t\t\t<p><strong>Objeto<\/strong><\/p><p>Aplica para Entidades gubernamentales, organizaciones, empresas, fundaciones y similares nacionales e internacionales, p\u00fablicas y privadas. Tiene por objeto establecer las bases generales de una cooperaci\u00f3n institucional que permita la prestaci\u00f3n de servicios mutuos en programas de inter\u00e9s com\u00fan, present\u00e1ndose en forma rec\u00edproca, colaboraci\u00f3n, asesor\u00eda, apoyo acad\u00e9mico, de investigaci\u00f3n, extensi\u00f3n y proyecci\u00f3n social, propios de sus objetivos y funciones con miras al logro de sus fines establecidos.<\/p><p>Incluye los convenios de Plan 500 Colegios Red de Colegios Verdes.<\/p>\t\t\t\t\t\t\t\t<\/div>\n\t\t\t\t<\/div>\n\t\t\t\t<\/div>\n\t\t\t\t\t<\/div>\n\t\t\t\t<\/div>\n\t\t<div class=\"elementor-element elementor-element-34c083de e-flex e-con-boxed e-con e-child\" data-id=\"34c083de\" data-element_type=\"container\" data-e-type=\"container\">\n\t\t\t\t\t<div class=\"e-con-inner\">\n\t\t<div class=\"elementor-element elementor-element-2d4ef3e9 e-con-full e-flex e-con e-child\" data-id=\"2d4ef3e9\" data-element_type=\"container\" data-e-type=\"container\" data-settings=\"{&quot;background_background&quot;:&quot;classic&quot;}\">\n\t\t\t\t<div class=\"elementor-element elementor-element-4919b1ad elementor-widget elementor-widget-heading\" data-id=\"4919b1ad\" data-element_type=\"widget\" data-e-type=\"widget\" data-widget_type=\"heading.default\">\n\t\t\t\t<div class=\"elementor-widget-container\">\n\t\t\t\t\t<h2 class=\"elementor-heading-title elementor-size-default\">Instituciones, organizaciones y entidades<\/h2>\t\t\t\t<\/div>\n\t\t\t\t<\/div>\n\t\t\t\t<div class=\"elementor-element elementor-element-28a1b9c2 elementor-widget elementor-widget-text-editor\" data-id=\"28a1b9c2\" data-element_type=\"widget\" data-e-type=\"widget\" data-widget_type=\"text-editor.default\">\n\t\t\t\t<div class=\"elementor-widget-container\">\n\t\t\t\t\t\t\t\t\t<div class=\"uk-accordion-content uk-text-justify\" aria-hidden=\"false\"><ul class=\"uk-list uk-list-striped\"><li>Municipio de Tocancip\u00e1 &#8211; Consultorio Jur\u00eddico<\/li><li>Municipio de Tocancip\u00e1 FOEST &#8211; Uniagraria Acompa\u00f1a<\/li><li>Asociaci\u00f3n de Suscriptores del Acueducto Rural de las Veredas Munar, Querente y Llano de Chipaque ASUAR<\/li><li>Centro de Investigaciones Paleontol\u00f3gicas<\/li><li>Federaci\u00f3n Colombiana de Ganaderos FEDEGAN Fondo Nacional del Ganado FNG<\/li><li>Colegio Agust\u00edn Nieto Caballero &#8211; Plan 500 colegios<\/li><li>Colegio Albernia Bilingue &#8211; Plan 500 colegios<\/li><li>Corporaci\u00f3n Impulsar Regi\u00f3n<\/li><li>Alcald\u00eda Municipal de Guayabal de Siquima<\/li><li>Personer\u00eda Municipal de Tausa &#8211; Consultorio Jur\u00eddico<\/li><li>Gimnasio Biling\u00fce Campestre Marie Curie &#8211; Plan 500 colegios<\/li><li>Alcald\u00eda de Sop\u00f3 &#8211; Uniagraria Acompa\u00f1a<\/li><li>Alcald\u00eda de Tena &#8211; Uniagraria Acompa\u00f1a<\/li><li>Nyce Colombia<\/li><li>Municipio de Cota &#8211; Uniagraria Acompa\u00f1a<\/li><li>Federaci\u00f3n Colombiana Productores Papa FEDEPAPA<\/li><li>Personer\u00eda Municipal de Nemoc\u00f3n &#8211; Consultorio Jur\u00eddico<\/li><li>Asociaci\u00f3n Hero\u00ednas de la Fuerza P\u00fablica Internacional<\/li><li>Alcald\u00eda de Sesquil\u00e9 &#8211; Uniagraria Acompa\u00f1a<\/li><li>Colegio Liceo de Ciencias y Cultura de Harvard E.U -Plan 500 colegios<\/li><li>Colegio Campestre de Cogua: &#8211; Plan 500 colegios<\/li><li>Colegio Diversificado de Ch\u00eda &#8211; Plan 500 colegios<\/li><li>Colegio Divino Salvador &#8211; Plan 500 colegios<\/li><li>Innova Tech Ai S. A. S<\/li><li>Nuevo Colegio San Juan Bautista &#8211; Plan 500 colegios<\/li><li>Municipio de Ch\u00eda &#8211; Uniagraria Acompa\u00f1a<\/li><li>Empresas de Aguas de Facatativ\u00e1, Acueducto, Alcantarillado , Aseo y Servicios Complementarios E.A.F.S.A.S E.S.P<\/li><li>Alcald\u00eda de Villeta &#8211; Consultorio Jur\u00eddico<\/li><li>Centro Regional de Estudios de Gobierno y Pol\u00edtica P\u00fablica CRE &#8211; GPP<\/li><li>Corporaci\u00f3n Latinoamericana de Entidades de Ciencia, Tecnolog\u00eda e Innovaci\u00f3n -Kl\u00faster Latam<\/li><\/ul><\/div>\t\t\t\t\t\t\t\t<\/div>\n\t\t\t\t<\/div>\n\t\t\t\t<\/div>\n\t\t\t\t\t<\/div>\n\t\t\t\t<\/div>\n\t\t\t\t<\/div>\n\t\t\t\t<\/div>\n\t\t","protected":false},"excerpt":{"rendered":"<p>Convenio Marco Institucional Objeto Aplica para Entidades gubernamentales, organizaciones, empresas, fundaciones y similares nacionales e internacionales, p\u00fablicas y privadas. Tiene por objeto establecer las bases generales de una cooperaci\u00f3n institucional que permita la prestaci\u00f3n de servicios mutuos en programas de inter\u00e9s com\u00fan, present\u00e1ndose en forma rec\u00edproca, colaboraci\u00f3n, asesor\u00eda, apoyo acad\u00e9mico, de investigaci\u00f3n, extensi\u00f3n y proyecci\u00f3n [&hellip;]<\/p>\n","protected":false},"author":8,"featured_media":0,"parent":0,"menu_order":0,"comment_status":"closed","ping_status":"closed","template":"","meta":{"_acf_changed":false,"site-sidebar-layout":"no-sidebar","site-content-layout":"","ast-site-content-layout":"full-width-container","site-content-style":"default","site-sidebar-style":"default","ast-global-header-display":"","ast-banner-title-visibility":"","ast-main-header-display":"","ast-hfb-above-header-display":"","ast-hfb-below-header-display":"","ast-hfb-mobile-header-display":"","site-post-title":"disabled","ast-breadcrumbs-content":"","ast-featured-img":"disabled","footer-sml-layout":"","ast-disable-related-posts":"","theme-transparent-header-meta":"default","adv-header-id-meta":"","stick-header-meta":"default","header-above-stick-meta":"","header-main-stick-meta":"","header-below-stick-meta":"","astra-migrate-meta-layouts":"set","ast-page-background-enabled":"default","ast-page-background-meta":{"desktop":{"background-color":"var(--ast-global-color-4)","background-image":"","background-repeat":"repeat","background-position":"center center","background-size":"auto","background-attachment":"scroll","background-type":"","background-media":"","overlay-type":"","overlay-color":"","overlay-opacity":"","overlay-gradient":""},"tablet":{"background-color":"","background-image":"","background-repeat":"repeat","background-position":"center center","background-size":"auto","background-attachment":"scroll","background-type":"","background-media":"","overlay-type":"","overlay-color":"","overlay-opacity":"","overlay-gradient":""},"mobile":{"background-color":"","background-image":"","background-repeat":"repeat","background-position":"center center","background-size":"auto","background-attachment":"scroll","background-type":"","background-media":"","overlay-type":"","overlay-color":"","overlay-opacity":"","overlay-gradient":""}},"ast-content-background-meta":{"desktop":{"background-color":"var(--ast-global-color-5)","background-image":"","background-repeat":"repeat","background-position":"center center","background-size":"auto","background-attachment":"scroll","background-type":"","background-media":"","overlay-type":"","overlay-color":"","overlay-opacity":"","overlay-gradient":""},"tablet":{"background-color":"var(--ast-global-color-5)","background-image":"","background-repeat":"repeat","background-position":"center center","background-size":"auto","background-attachment":"scroll","background-type":"","background-media":"","overlay-type":"","overlay-color":"","overlay-opacity":"","overlay-gradient":""},"mobile":{"background-color":"var(--ast-global-color-5)","background-image":"","background-repeat":"repeat","background-position":"center center","background-size":"auto","background-attachment":"scroll","background-type":"","background-media":"","overlay-type":"","overlay-color":"","overlay-opacity":"","overlay-gradient":""}},"footnotes":""},"class_list":["post-60783","page","type-page","status-publish","hentry"],"acf":[],"yoast_head":"<!-- This site is optimized with the Yoast SEO plugin v27.2 - https:\/\/yoast.com\/product\/yoast-seo-wordpress\/ -->\n<title>Convenio Marco Institucional - UNIAGRARIA<\/title>\n<meta name=\"robots\" content=\"index, follow, max-snippet:-1, max-image-preview:large, max-video-preview:-1\" \/>\n<link rel=\"canonical\" href=\"https:\/\/uniagraria.edu.co\/es\/convenio-marco-institucional\/\" \/>\n<meta property=\"og:locale\" content=\"es_ES\" \/>\n<meta property=\"og:type\" content=\"article\" \/>\n<meta property=\"og:title\" content=\"Convenio Marco Institucional - UNIAGRARIA\" \/>\n<meta property=\"og:description\" content=\"Convenio Marco Institucional Objeto Aplica para Entidades gubernamentales, organizaciones, empresas, fundaciones y similares nacionales e internacionales, p\u00fablicas y privadas. Tiene por objeto establecer las bases generales de una cooperaci\u00f3n institucional que permita la prestaci\u00f3n de servicios mutuos en programas de inter\u00e9s com\u00fan, present\u00e1ndose en forma rec\u00edproca, colaboraci\u00f3n, asesor\u00eda, apoyo acad\u00e9mico, de investigaci\u00f3n, extensi\u00f3n y proyecci\u00f3n [&hellip;]\" \/>\n<meta property=\"og:url\" content=\"https:\/\/uniagraria.edu.co\/es\/convenio-marco-institucional\/\" \/>\n<meta property=\"og:site_name\" content=\"UNIAGRARIA\" \/>\n<meta property=\"article:publisher\" content=\"https:\/\/www.facebook.com\/uagraria\/?locale=es_LA\" \/>\n<meta property=\"article:modified_time\" content=\"2025-05-27T20:25:54+00:00\" \/>\n<meta name=\"twitter:card\" content=\"summary_large_image\" \/>\n<meta name=\"twitter:site\" content=\"@UNIAGRARIA\" \/>\n<meta name=\"twitter:label1\" content=\"Tiempo de lectura\" \/>\n\t<meta name=\"twitter:data1\" content=\"2 minutos\" \/>\n<script type=\"application\/ld+json\" class=\"yoast-schema-graph\">{\"@context\":\"https:\/\/schema.org\",\"@graph\":[{\"@type\":\"WebPage\",\"@id\":\"https:\/\/uniagraria.edu.co\/es\/convenio-marco-institucional\/\",\"url\":\"https:\/\/uniagraria.edu.co\/es\/convenio-marco-institucional\/\",\"name\":\"Convenio Marco Institucional - UNIAGRARIA\",\"isPartOf\":{\"@id\":\"https:\/\/uniagraria.edu.co\/es\/#website\"},\"datePublished\":\"2025-03-14T02:03:48+00:00\",\"dateModified\":\"2025-05-27T20:25:54+00:00\",\"breadcrumb\":{\"@id\":\"https:\/\/uniagraria.edu.co\/es\/convenio-marco-institucional\/#breadcrumb\"},\"inLanguage\":\"es-CO\",\"potentialAction\":[{\"@type\":\"ReadAction\",\"target\":[\"https:\/\/uniagraria.edu.co\/es\/convenio-marco-institucional\/\"]}]},{\"@type\":\"BreadcrumbList\",\"@id\":\"https:\/\/uniagraria.edu.co\/es\/convenio-marco-institucional\/#breadcrumb\",\"itemListElement\":[{\"@type\":\"ListItem\",\"position\":1,\"name\":\"Inicio\",\"item\":\"https:\/\/uniagraria.edu.co\/es\/\"},{\"@type\":\"ListItem\",\"position\":2,\"name\":\"Convenio Marco Institucional\"}]},{\"@type\":\"WebSite\",\"@id\":\"https:\/\/uniagraria.edu.co\/es\/#website\",\"url\":\"https:\/\/uniagraria.edu.co\/es\/\",\"name\":\"UNIAGRARIA\",\"description\":\"FUNDACION UNIVERSITARIA AGRARIA DE COLOMBIA\",\"publisher\":{\"@id\":\"https:\/\/uniagraria.edu.co\/es\/#organization\"},\"potentialAction\":[{\"@type\":\"SearchAction\",\"target\":{\"@type\":\"EntryPoint\",\"urlTemplate\":\"https:\/\/uniagraria.edu.co\/es\/?s={search_term_string}\"},\"query-input\":{\"@type\":\"PropertyValueSpecification\",\"valueRequired\":true,\"valueName\":\"search_term_string\"}}],\"inLanguage\":\"es-CO\"},{\"@type\":\"Organization\",\"@id\":\"https:\/\/uniagraria.edu.co\/es\/#organization\",\"name\":\"UNIAGRARIA\",\"url\":\"https:\/\/uniagraria.edu.co\/es\/\",\"logo\":{\"@type\":\"ImageObject\",\"inLanguage\":\"es-CO\",\"@id\":\"https:\/\/uniagraria.edu.co\/es\/#\/schema\/logo\/image\/\",\"url\":\"https:\/\/novawebmaster.com\/uniagraria\/wp-content\/uploads\/2025\/02\/LogoUa2023Vertical.png\",\"contentUrl\":\"https:\/\/novawebmaster.com\/uniagraria\/wp-content\/uploads\/2025\/02\/LogoUa2023Vertical.png\",\"width\":3300,\"height\":2550,\"caption\":\"UNIAGRARIA\"},\"image\":{\"@id\":\"https:\/\/uniagraria.edu.co\/es\/#\/schema\/logo\/image\/\"},\"sameAs\":[\"https:\/\/www.facebook.com\/uagraria\/?locale=es_LA\",\"https:\/\/x.com\/UNIAGRARIA\",\"https:\/\/www.instagram.com\/uniagraria\/profilecard\/?igsh=MXI2bTFlMWsxNzNjOA\",\"https:\/\/www.tiktok.com\/discover\/uniagraria?lang=es\",\"https:\/\/www.linkedin.com\/school\/uniagraria\/?originalSubdomain=co\",\"https:\/\/www.youtube.com\/user\/UniagrariaUverde?themeRefresh=1\",\"https:\/\/api.whatsapp.com\/send?phone=3134230649\"]}]}<\/script>\n<!-- \/ Yoast SEO plugin. -->","yoast_head_json":{"title":"Convenio Marco Institucional - UNIAGRARIA","robots":{"index":"index","follow":"follow","max-snippet":"max-snippet:-1","max-image-preview":"max-image-preview:large","max-video-preview":"max-video-preview:-1"},"canonical":"https:\/\/uniagraria.edu.co\/es\/convenio-marco-institucional\/","og_locale":"es_ES","og_type":"article","og_title":"Convenio Marco Institucional - UNIAGRARIA","og_description":"Convenio Marco Institucional Objeto Aplica para Entidades gubernamentales, organizaciones, empresas, fundaciones y similares nacionales e internacionales, p\u00fablicas y privadas. Tiene por objeto establecer las bases generales de una cooperaci\u00f3n institucional que permita la prestaci\u00f3n de servicios mutuos en programas de inter\u00e9s com\u00fan, present\u00e1ndose en forma rec\u00edproca, colaboraci\u00f3n, asesor\u00eda, apoyo acad\u00e9mico, de investigaci\u00f3n, extensi\u00f3n y proyecci\u00f3n [&hellip;]","og_url":"https:\/\/uniagraria.edu.co\/es\/convenio-marco-institucional\/","og_site_name":"UNIAGRARIA","article_publisher":"https:\/\/www.facebook.com\/uagraria\/?locale=es_LA","article_modified_time":"2025-05-27T20:25:54+00:00","twitter_card":"summary_large_image","twitter_site":"@UNIAGRARIA","twitter_misc":{"Tiempo de lectura":"2 minutos"},"schema":{"@context":"https:\/\/schema.org","@graph":[{"@type":"WebPage","@id":"https:\/\/uniagraria.edu.co\/es\/convenio-marco-institucional\/","url":"https:\/\/uniagraria.edu.co\/es\/convenio-marco-institucional\/","name":"Convenio Marco Institucional - UNIAGRARIA","isPartOf":{"@id":"https:\/\/uniagraria.edu.co\/es\/#website"},"datePublished":"2025-03-14T02:03:48+00:00","dateModified":"2025-05-27T20:25:54+00:00","breadcrumb":{"@id":"https:\/\/uniagraria.edu.co\/es\/convenio-marco-institucional\/#breadcrumb"},"inLanguage":"es-CO","potentialAction":[{"@type":"ReadAction","target":["https:\/\/uniagraria.edu.co\/es\/convenio-marco-institucional\/"]}]},{"@type":"BreadcrumbList","@id":"https:\/\/uniagraria.edu.co\/es\/convenio-marco-institucional\/#breadcrumb","itemListElement":[{"@type":"ListItem","position":1,"name":"Inicio","item":"https:\/\/uniagraria.edu.co\/es\/"},{"@type":"ListItem","position":2,"name":"Convenio Marco Institucional"}]},{"@type":"WebSite","@id":"https:\/\/uniagraria.edu.co\/es\/#website","url":"https:\/\/uniagraria.edu.co\/es\/","name":"UNIAGRARIA","description":"FUNDACION UNIVERSITARIA AGRARIA DE COLOMBIA","publisher":{"@id":"https:\/\/uniagraria.edu.co\/es\/#organization"},"potentialAction":[{"@type":"SearchAction","target":{"@type":"EntryPoint","urlTemplate":"https:\/\/uniagraria.edu.co\/es\/?s={search_term_string}"},"query-input":{"@type":"PropertyValueSpecification","valueRequired":true,"valueName":"search_term_string"}}],"inLanguage":"es-CO"},{"@type":"Organization","@id":"https:\/\/uniagraria.edu.co\/es\/#organization","name":"UNIAGRARIA","url":"https:\/\/uniagraria.edu.co\/es\/","logo":{"@type":"ImageObject","inLanguage":"es-CO","@id":"https:\/\/uniagraria.edu.co\/es\/#\/schema\/logo\/image\/","url":"https:\/\/novawebmaster.com\/uniagraria\/wp-content\/uploads\/2025\/02\/LogoUa2023Vertical.png","contentUrl":"https:\/\/novawebmaster.com\/uniagraria\/wp-content\/uploads\/2025\/02\/LogoUa2023Vertical.png","width":3300,"height":2550,"caption":"UNIAGRARIA"},"image":{"@id":"https:\/\/uniagraria.edu.co\/es\/#\/schema\/logo\/image\/"},"sameAs":["https:\/\/www.facebook.com\/uagraria\/?locale=es_LA","https:\/\/x.com\/UNIAGRARIA","https:\/\/www.instagram.com\/uniagraria\/profilecard\/?igsh=MXI2bTFlMWsxNzNjOA","https:\/\/www.tiktok.com\/discover\/uniagraria?lang=es","https:\/\/www.linkedin.com\/school\/uniagraria\/?originalSubdomain=co","https:\/\/www.youtube.com\/user\/UniagrariaUverde?themeRefresh=1","https:\/\/api.whatsapp.com\/send?phone=3134230649"]}]}},"_links":{"self":[{"href":"https:\/\/uniagraria.edu.co\/es\/wp-json\/wp\/v2\/pages\/60783","targetHints":{"allow":["GET"]}}],"collection":[{"href":"https:\/\/uniagraria.edu.co\/es\/wp-json\/wp\/v2\/pages"}],"about":[{"href":"https:\/\/uniagraria.edu.co\/es\/wp-json\/wp\/v2\/types\/page"}],"author":[{"embeddable":true,"href":"https:\/\/uniagraria.edu.co\/es\/wp-json\/wp\/v2\/users\/8"}],"replies":[{"embeddable":true,"href":"https:\/\/uniagraria.edu.co\/es\/wp-json\/wp\/v2\/comments?post=60783"}],"version-history":[{"count":6,"href":"https:\/\/uniagraria.edu.co\/es\/wp-json\/wp\/v2\/pages\/60783\/revisions"}],"predecessor-version":[{"id":70500,"href":"https:\/\/uniagraria.edu.co\/es\/wp-json\/wp\/v2\/pages\/60783\/revisions\/70500"}],"wp:attachment":[{"href":"https:\/\/uniagraria.edu.co\/es\/wp-json\/wp\/v2\/media?parent=60783"}],"curies":[{"name":"wp","href":"https:\/\/api.w.org\/{rel}","templated":true}]}}