{"id":61114,"date":"2025-03-18T21:20:31","date_gmt":"2025-03-19T02:20:31","guid":{"rendered":"https:\/\/novawebmaster.com\/uniagraria\/?page_id=61114"},"modified":"2026-02-16T13:29:46","modified_gmt":"2026-02-16T18:29:46","slug":"cursos-intensivos-de-ingles","status":"publish","type":"page","link":"https:\/\/uniagraria.edu.co\/es\/cursos-intensivos-de-ingles\/","title":{"rendered":"Cursos Intensivos de Ingles"},"content":{"rendered":"\t\t<div data-elementor-type=\"wp-page\" data-elementor-id=\"61114\" class=\"elementor elementor-61114\" data-elementor-post-type=\"page\">\n\t\t\t\t<div class=\"elementor-element elementor-element-020c404 e-con-full e-flex e-con e-parent\" data-id=\"020c404\" data-element_type=\"container\" data-e-type=\"container\" data-settings=\"{&quot;background_background&quot;:&quot;classic&quot;}\">\n\t\t\t\t<\/div>\n\t\t<div class=\"elementor-element elementor-element-b4ef6e1 e-con-full e-flex e-con e-parent\" data-id=\"b4ef6e1\" data-element_type=\"container\" data-e-type=\"container\">\n\t\t<div class=\"elementor-element elementor-element-63514cb e-flex e-con-boxed e-con e-child\" data-id=\"63514cb\" data-element_type=\"container\" data-e-type=\"container\">\n\t\t\t\t\t<div class=\"e-con-inner\">\n\t\t<div class=\"elementor-element elementor-element-3ad46ee e-con-full e-flex e-con e-child\" data-id=\"3ad46ee\" data-element_type=\"container\" data-e-type=\"container\" data-settings=\"{&quot;background_background&quot;:&quot;classic&quot;}\">\n\t\t<div class=\"elementor-element elementor-element-cf325d3 e-con-full e-flex e-con e-child\" data-id=\"cf325d3\" data-element_type=\"container\" data-e-type=\"container\">\n\t\t\t\t<div class=\"elementor-element elementor-element-671572e elementor-widget elementor-widget-heading\" data-id=\"671572e\" data-element_type=\"widget\" data-e-type=\"widget\" data-widget_type=\"heading.default\">\n\t\t\t\t<div class=\"elementor-widget-container\">\n\t\t\t\t\t<h2 class=\"elementor-heading-title elementor-size-default\">Cursos Intensivos<\/h2>\t\t\t\t<\/div>\n\t\t\t\t<\/div>\n\t\t\t\t<div class=\"elementor-element elementor-element-c094209 elementor-widget elementor-widget-heading\" data-id=\"c094209\" data-element_type=\"widget\" data-e-type=\"widget\" data-widget_type=\"heading.default\">\n\t\t\t\t<div class=\"elementor-widget-container\">\n\t\t\t\t\t<h2 class=\"elementor-heading-title elementor-size-default\">de Ingl\u00e9s<\/h2>\t\t\t\t<\/div>\n\t\t\t\t<\/div>\n\t\t\t\t<\/div>\n\t\t<div class=\"elementor-element elementor-element-9f6dcab e-con-full e-flex e-con e-child\" data-id=\"9f6dcab\" data-element_type=\"container\" data-e-type=\"container\">\n\t\t\t\t<\/div>\n\t\t\t\t<\/div>\n\t\t\t\t\t<\/div>\n\t\t\t\t<\/div>\n\t\t\t\t<\/div>\n\t\t<div class=\"elementor-element elementor-element-cfbad1a e-con-full e-flex e-con e-parent\" data-id=\"cfbad1a\" data-element_type=\"container\" data-e-type=\"container\">\n\t\t<div class=\"elementor-element elementor-element-46444f9 e-flex e-con-boxed e-con e-child\" data-id=\"46444f9\" data-element_type=\"container\" data-e-type=\"container\">\n\t\t\t\t\t<div class=\"e-con-inner\">\n\t\t<div class=\"elementor-element elementor-element-6098ff0 e-con-full e-flex e-con e-child\" data-id=\"6098ff0\" data-element_type=\"container\" data-e-type=\"container\">\n\t\t\t\t<div class=\"elementor-element elementor-element-8efb416 elementor-widget elementor-widget-text-editor\" data-id=\"8efb416\" data-element_type=\"widget\" data-e-type=\"widget\" data-widget_type=\"text-editor.default\">\n\t\t\t\t<div class=\"elementor-widget-container\">\n\t\t\t\t\t\t\t\t\t<p data-userway-s19-styled=\"true\" data-text-align-feature-value=\"1\">El instituto ofrece cursos intensivos para los estudiantes que han tenido dificultades o han decidido no asistir a los grupos regulares y desean adelantarse o nivelarse en ingl\u00e9s.<\/p><p data-userway-s19-styled=\"true\" data-text-align-feature-value=\"1\">Estos cursos cuentan con las mismas condiciones de aprobaci\u00f3n de los grupos regulares, con una nota m\u00ednima aprobatoria de 3.5, pero, a diferencia de estos, tienen un costo adicional por efectos acad\u00e9micos y administrativos, estipulado para el 2026 en $535.500. El objetivo de estos cursos es formar a los estudiantes en competencias comunicativas en ingl\u00e9s, con ex\u00e1menes presenciales haciendo uso de una metodolog\u00eda blended.<\/p><p data-userway-s19-styled=\"true\" data-text-align-feature-value=\"1\">De acuerdo con el calendario acad\u00e9mico de cursos intensivos de ingl\u00e9s, y buscando brindar mayor flexibilidad, en esta modalidad se ofrece a los estudiantes todos los niveles del 1 a 6. Cada curso se abrir\u00e1 siempre y cuando se complete el cupo m\u00ednimo de 15 personas por nivel.<\/p><p data-userway-s19-styled=\"true\" data-text-align-feature-value=\"1\"><strong data-userway-s19-styled=\"true\" data-text-align-feature-value=\"1\">NOTA: Esta modalidad no est\u00e1 disponible para estudiantes en cuyo plan de estudios est\u00e1 incluido el ingl\u00e9s, siendo estos los estudiantes de plan nuevo de los programas de Derecho, Ing. Civil e Ing. Mecatr\u00f3nica.<\/strong><\/p>\t\t\t\t\t\t\t\t<\/div>\n\t\t\t\t<\/div>\n\t\t\t\t<div class=\"elementor-element elementor-element-f31b250 elementor-widget elementor-widget-text-editor\" data-id=\"f31b250\" data-element_type=\"widget\" data-e-type=\"widget\" data-widget_type=\"text-editor.default\">\n\t\t\t\t<div class=\"elementor-widget-container\">\n\t\t\t\t\t\t\t\t\t<h3><strong>Proceso de inscripci\u00f3n<\/strong><\/h3><ul><li>Diligenciar el formulario de inscripci\u00f3n, encontrado\u00a0<strong><a href=\"https:\/\/forms.office.com\/r\/CsjTYeGw5x\" target=\"_blank\" rel=\"noreferrer noopener\" aria-label=\"Diligenciar el formulario de inscripci\u00f3n, encontrado\u00a0en este enlace.\u2028Debe realizar una inscripci\u00f3n por oferta. La participaci\u00f3n en una oferta no resulta autom\u00e1ticamente en su inscripci\u00f3n para la siguiente.\u2028En el plazo indicado en el calendario acad\u00e9mico, debe ingresar al sistema de informaci\u00f3n institucional y descargar el recibo de pago correspondiente.\u2028Realizar el pago en las fechas establecidas por el calendario acad\u00e9mico. Para verificar que ha quedado inscrito(a) puede comunicarse al instituto de Idiomas v\u00eda correo electr\u00f3nico\u00a0idiomas.ua@uniagraria.edu.co\u2028Por correo electr\u00f3nico se le enviar\u00e1 confirmaci\u00f3n de la apertura de su curso si se alcanza el requisito m\u00ednimo de estudiantes matriculados.\u2028Posteriormente, se da inicio al curso seg\u00fan el cronograma establecido. (opens in a new tab)\">en este enlace.<\/a><\/strong><\/li><li>Debe realizar una inscripci\u00f3n por oferta. La participaci\u00f3n en una oferta no resulta autom\u00e1ticamente en su inscripci\u00f3n para la siguiente.<\/li><li>En el plazo indicado en el calendario acad\u00e9mico, debe ingresar al sistema de informaci\u00f3n institucional y descargar el recibo de pago correspondiente.<\/li><li>Realizar el pago en las fechas establecidas por el calendario acad\u00e9mico. Para verificar que ha quedado inscrito(a) puede comunicarse al instituto de Idiomas v\u00eda correo electr\u00f3nico\u00a0<a href=\"mailto:idiomas.ua@uniagraria.edu.co\"><strong>idiomas.ua@uniagraria.edu.co<\/strong><\/a><\/li><li>Por correo electr\u00f3nico se le enviar\u00e1 confirmaci\u00f3n de la apertura de su curso si se alcanza el requisito m\u00ednimo de estudiantes matriculados.<\/li><li>Posteriormente, se da inicio al curso seg\u00fan el cronograma establecido.<\/li><\/ul>\t\t\t\t\t\t\t\t<\/div>\n\t\t\t\t<\/div>\n\t\t\t\t<\/div>\n\t\t\t\t\t<\/div>\n\t\t\t\t<\/div>\n\t\t<div class=\"elementor-element elementor-element-4e0858c e-flex e-con-boxed e-con e-child\" data-id=\"4e0858c\" data-element_type=\"container\" data-e-type=\"container\" data-settings=\"{&quot;background_background&quot;:&quot;classic&quot;}\">\n\t\t\t\t\t<div class=\"e-con-inner\">\n\t\t<div class=\"elementor-element elementor-element-546b67d e-con-full e-flex e-con e-child\" data-id=\"546b67d\" data-element_type=\"container\" data-e-type=\"container\">\n\t\t\t\t<div class=\"elementor-element elementor-element-0643cd1 elementor-widget elementor-widget-text-editor\" data-id=\"0643cd1\" data-element_type=\"widget\" data-e-type=\"widget\" data-widget_type=\"text-editor.default\">\n\t\t\t\t<div class=\"elementor-widget-container\">\n\t\t\t\t\t\t\t\t\t<div id=\"yrm-EzB4A\" class=\"yrm-content yrm-content-1 yrm-content-hidden\" data-id=\"1\" data-show-status=\"true\" data-after-action=\"\" data-userway-s19-styled=\"true\" data-text-align-feature-value=\"1\"><div id=\"yrm-inner-content-yrm-EzB4A\" class=\"yrm-inner-content-wrapper yrm-cntent-1\" data-userway-s19-styled=\"true\" data-text-align-feature-value=\"1\"><p data-userway-s19-styled=\"true\" data-text-align-feature-value=\"1\"><span style=\"color: #000000;\" data-userway-s19-styled=\"true\" data-text-align-feature-value=\"1\"><a style=\"color: #000000;\" href=\"https:\/\/uniagraria.edu.co\/wp-content\/uploads\/2025\/02\/InstructivoInscripcionCursosIntensivos2023_IDIOMAS-UNIAGRARIA.pdf\" target=\"_blank\" rel=\"noopener\" data-userway-s19-styled=\"true\" data-text-align-feature-value=\"1\"><strong data-userway-s19-styled=\"true\" data-text-align-feature-value=\"1\">Instructivo para acceder a la inscripci\u00f3n de cursos intensivos de Ingl\u00e9s<\/strong><\/a><\/span><\/p><p data-userway-s19-styled=\"true\" data-text-align-feature-value=\"1\"><strong data-userway-s19-styled=\"true\" data-text-align-feature-value=\"1\">Para tener en cuenta: El proceso de inscripci\u00f3n ser\u00e1 \u00fanica y exclusivamente en las fechas establecidas, y se abren grupos con un m\u00ednimo de 15 estudiantes.<\/strong><\/p><p data-userway-s19-styled=\"true\" data-text-align-feature-value=\"1\"><strong data-userway-s19-styled=\"true\" data-text-align-feature-value=\"1\">No se aceptar\u00e1n inscripciones y\/o pagos extempor\u00e1neos.<\/strong><\/p><p data-userway-s19-styled=\"true\" data-text-align-feature-value=\"1\"><span style=\"color: #000000;\" data-userway-s19-styled=\"true\" data-text-align-feature-value=\"1\"><a style=\"color: #000000;\" href=\"https:\/\/uniagraria.edu.co\/wp-content\/uploads\/2025\/11\/AcuerdoNo032-CalendarioAcademico2026Anexo_06.pdf\" target=\"_blank\" rel=\"noopener\" data-userway-s19-styled=\"true\" data-text-align-feature-value=\"1\"><strong data-userway-s19-styled=\"true\" data-text-align-feature-value=\"1\">Calendario de cursos intensivos de Ingl\u00e9s<\/strong><\/a><\/span><\/p><\/div><\/div>\t\t\t\t\t\t\t\t<\/div>\n\t\t\t\t<\/div>\n\t\t\t\t<\/div>\n\t\t\t\t\t<\/div>\n\t\t\t\t<\/div>\n\t\t\t\t<\/div>\n\t\t<div class=\"elementor-element elementor-element-cc3e9ac e-con-full e-flex e-con e-parent\" data-id=\"cc3e9ac\" data-element_type=\"container\" data-e-type=\"container\" data-settings=\"{&quot;background_background&quot;:&quot;classic&quot;}\">\n\t\t<div class=\"elementor-element elementor-element-7b971516 e-flex e-con-boxed e-con e-child\" data-id=\"7b971516\" data-element_type=\"container\" data-e-type=\"container\">\n\t\t\t\t\t<div class=\"e-con-inner\">\n\t\t\t\t<div class=\"elementor-element elementor-element-4e9569fe elementor-widget elementor-widget-button\" data-id=\"4e9569fe\" data-element_type=\"widget\" data-e-type=\"widget\" data-widget_type=\"button.default\">\n\t\t\t\t<div class=\"elementor-widget-container\">\n\t\t\t\t\t\t\t\t\t<div class=\"elementor-button-wrapper\">\n\t\t\t\t\t<a class=\"elementor-button elementor-button-link elementor-size-sm elementor-animation-grow\" href=\"https:\/\/uniagraria.edu.co\/instituto-de-idiomas\/\">\n\t\t\t\t\t\t<span class=\"elementor-button-content-wrapper\">\n\t\t\t\t\t\t<span class=\"elementor-button-icon\">\n\t\t\t\t<svg aria-hidden=\"true\" class=\"e-font-icon-svg e-fas-backspace\" viewBox=\"0 0 640 512\" xmlns=\"http:\/\/www.w3.org\/2000\/svg\"><path d=\"M576 64H205.26A63.97 63.97 0 0 0 160 82.75L9.37 233.37c-12.5 12.5-12.5 32.76 0 45.25L160 429.25c12 12 28.28 18.75 45.25 18.75H576c35.35 0 64-28.65 64-64V128c0-35.35-28.65-64-64-64zm-84.69 254.06c6.25 6.25 6.25 16.38 0 22.63l-22.62 22.62c-6.25 6.25-16.38 6.25-22.63 0L384 301.25l-62.06 62.06c-6.25 6.25-16.38 6.25-22.63 0l-22.62-22.62c-6.25-6.25-6.25-16.38 0-22.63L338.75 256l-62.06-62.06c-6.25-6.25-6.25-16.38 0-22.63l22.62-22.62c6.25-6.25 16.38-6.25 22.63 0L384 210.75l62.06-62.06c6.25-6.25 16.38-6.25 22.63 0l22.62 22.62c6.25 6.25 6.25 16.38 0 22.63L429.25 256l62.06 62.06z\"><\/path><\/svg>\t\t\t<\/span>\n\t\t\t\t\t\t\t\t\t<span class=\"elementor-button-text\">Regresar al Instituto de Idiomas<\/span>\n\t\t\t\t\t<\/span>\n\t\t\t\t\t<\/a>\n\t\t\t\t<\/div>\n\t\t\t\t\t\t\t\t<\/div>\n\t\t\t\t<\/div>\n\t\t\t\t\t<\/div>\n\t\t\t\t<\/div>\n\t\t\t\t<\/div>\n\t\t\t\t<\/div>\n\t\t","protected":false},"excerpt":{"rendered":"<p>Cursos Intensivos de Ingl\u00e9s El instituto ofrece cursos intensivos para los estudiantes que han tenido dificultades o han decidido no asistir a los grupos regulares y desean adelantarse o nivelarse en ingl\u00e9s. Estos cursos cuentan con las mismas condiciones de aprobaci\u00f3n de los grupos regulares, con una nota m\u00ednima aprobatoria de 3.5, pero, a diferencia [&hellip;]<\/p>\n","protected":false},"author":1,"featured_media":0,"parent":0,"menu_order":0,"comment_status":"closed","ping_status":"closed","template":"","meta":{"_acf_changed":false,"site-sidebar-layout":"no-sidebar","site-content-layout":"","ast-site-content-layout":"full-width-container","site-content-style":"default","site-sidebar-style":"default","ast-global-header-display":"","ast-banner-title-visibility":"","ast-main-header-display":"","ast-hfb-above-header-display":"","ast-hfb-below-header-display":"","ast-hfb-mobile-header-display":"","site-post-title":"disabled","ast-breadcrumbs-content":"","ast-featured-img":"disabled","footer-sml-layout":"","ast-disable-related-posts":"","theme-transparent-header-meta":"default","adv-header-id-meta":"","stick-header-meta":"default","header-above-stick-meta":"","header-main-stick-meta":"","header-below-stick-meta":"","astra-migrate-meta-layouts":"set","ast-page-background-enabled":"default","ast-page-background-meta":{"desktop":{"background-color":"var(--ast-global-color-4)","background-image":"","background-repeat":"repeat","background-position":"center center","background-size":"auto","background-attachment":"scroll","background-type":"","background-media":"","overlay-type":"","overlay-color":"","overlay-opacity":"","overlay-gradient":""},"tablet":{"background-color":"","background-image":"","background-repeat":"repeat","background-position":"center center","background-size":"auto","background-attachment":"scroll","background-type":"","background-media":"","overlay-type":"","overlay-color":"","overlay-opacity":"","overlay-gradient":""},"mobile":{"background-color":"","background-image":"","background-repeat":"repeat","background-position":"center center","background-size":"auto","background-attachment":"scroll","background-type":"","background-media":"","overlay-type":"","overlay-color":"","overlay-opacity":"","overlay-gradient":""}},"ast-content-background-meta":{"desktop":{"background-color":"var(--ast-global-color-5)","background-image":"","background-repeat":"repeat","background-position":"center center","background-size":"auto","background-attachment":"scroll","background-type":"","background-media":"","overlay-type":"","overlay-color":"","overlay-opacity":"","overlay-gradient":""},"tablet":{"background-color":"var(--ast-global-color-5)","background-image":"","background-repeat":"repeat","background-position":"center center","background-size":"auto","background-attachment":"scroll","background-type":"","background-media":"","overlay-type":"","overlay-color":"","overlay-opacity":"","overlay-gradient":""},"mobile":{"background-color":"var(--ast-global-color-5)","background-image":"","background-repeat":"repeat","background-position":"center center","background-size":"auto","background-attachment":"scroll","background-type":"","background-media":"","overlay-type":"","overlay-color":"","overlay-opacity":"","overlay-gradient":""}},"footnotes":""},"class_list":["post-61114","page","type-page","status-publish","hentry"],"acf":[],"yoast_head":"<!-- This site is optimized with the Yoast SEO plugin v27.4 - https:\/\/yoast.com\/product\/yoast-seo-wordpress\/ -->\n<title>Cursos Intensivos de Ingles - UNIAGRARIA<\/title>\n<meta name=\"robots\" content=\"index, follow, max-snippet:-1, max-image-preview:large, max-video-preview:-1\" \/>\n<link rel=\"canonical\" href=\"https:\/\/uniagraria.edu.co\/es\/cursos-intensivos-de-ingles\/\" \/>\n<meta property=\"og:locale\" content=\"es_ES\" \/>\n<meta property=\"og:type\" content=\"article\" \/>\n<meta property=\"og:title\" content=\"Cursos Intensivos de Ingles - UNIAGRARIA\" \/>\n<meta property=\"og:description\" content=\"Cursos Intensivos de Ingl\u00e9s El instituto ofrece cursos intensivos para los estudiantes que han tenido dificultades o han decidido no asistir a los grupos regulares y desean adelantarse o nivelarse en ingl\u00e9s. Estos cursos cuentan con las mismas condiciones de aprobaci\u00f3n de los grupos regulares, con una nota m\u00ednima aprobatoria de 3.5, pero, a diferencia [&hellip;]\" \/>\n<meta property=\"og:url\" content=\"https:\/\/uniagraria.edu.co\/es\/cursos-intensivos-de-ingles\/\" \/>\n<meta property=\"og:site_name\" content=\"UNIAGRARIA\" \/>\n<meta property=\"article:publisher\" content=\"https:\/\/www.facebook.com\/uagraria\/?locale=es_LA\" \/>\n<meta property=\"article:modified_time\" content=\"2026-02-16T18:29:46+00:00\" \/>\n<meta name=\"twitter:card\" content=\"summary_large_image\" \/>\n<meta name=\"twitter:site\" content=\"@UNIAGRARIA\" \/>\n<meta name=\"twitter:label1\" content=\"Tiempo de lectura\" \/>\n\t<meta name=\"twitter:data1\" content=\"2 minutos\" \/>\n<script type=\"application\/ld+json\" class=\"yoast-schema-graph\">{\"@context\":\"https:\\\/\\\/schema.org\",\"@graph\":[{\"@type\":\"WebPage\",\"@id\":\"https:\\\/\\\/uniagraria.edu.co\\\/cursos-intensivos-de-ingles\\\/\",\"url\":\"https:\\\/\\\/uniagraria.edu.co\\\/cursos-intensivos-de-ingles\\\/\",\"name\":\"Cursos Intensivos de Ingles - UNIAGRARIA\",\"isPartOf\":{\"@id\":\"https:\\\/\\\/uniagraria.edu.co\\\/es\\\/#website\"},\"datePublished\":\"2025-03-19T02:20:31+00:00\",\"dateModified\":\"2026-02-16T18:29:46+00:00\",\"breadcrumb\":{\"@id\":\"https:\\\/\\\/uniagraria.edu.co\\\/cursos-intensivos-de-ingles\\\/#breadcrumb\"},\"inLanguage\":\"es-CO\",\"potentialAction\":[{\"@type\":\"ReadAction\",\"target\":[\"https:\\\/\\\/uniagraria.edu.co\\\/cursos-intensivos-de-ingles\\\/\"]}]},{\"@type\":\"BreadcrumbList\",\"@id\":\"https:\\\/\\\/uniagraria.edu.co\\\/cursos-intensivos-de-ingles\\\/#breadcrumb\",\"itemListElement\":[{\"@type\":\"ListItem\",\"position\":1,\"name\":\"Inicio\",\"item\":\"https:\\\/\\\/uniagraria.edu.co\\\/es\\\/\"},{\"@type\":\"ListItem\",\"position\":2,\"name\":\"Cursos Intensivos de Ingles\"}]},{\"@type\":\"WebSite\",\"@id\":\"https:\\\/\\\/uniagraria.edu.co\\\/es\\\/#website\",\"url\":\"https:\\\/\\\/uniagraria.edu.co\\\/es\\\/\",\"name\":\"UNIAGRARIA\",\"description\":\"FUNDACION UNIVERSITARIA AGRARIA DE COLOMBIA\",\"publisher\":{\"@id\":\"https:\\\/\\\/uniagraria.edu.co\\\/es\\\/#organization\"},\"potentialAction\":[{\"@type\":\"SearchAction\",\"target\":{\"@type\":\"EntryPoint\",\"urlTemplate\":\"https:\\\/\\\/uniagraria.edu.co\\\/es\\\/?s={search_term_string}\"},\"query-input\":{\"@type\":\"PropertyValueSpecification\",\"valueRequired\":true,\"valueName\":\"search_term_string\"}}],\"inLanguage\":\"es-CO\"},{\"@type\":\"Organization\",\"@id\":\"https:\\\/\\\/uniagraria.edu.co\\\/es\\\/#organization\",\"name\":\"UNIAGRARIA\",\"url\":\"https:\\\/\\\/uniagraria.edu.co\\\/es\\\/\",\"logo\":{\"@type\":\"ImageObject\",\"inLanguage\":\"es-CO\",\"@id\":\"https:\\\/\\\/uniagraria.edu.co\\\/es\\\/#\\\/schema\\\/logo\\\/image\\\/\",\"url\":\"https:\\\/\\\/novawebmaster.com\\\/uniagraria\\\/wp-content\\\/uploads\\\/2025\\\/02\\\/LogoUa2023Vertical.png\",\"contentUrl\":\"https:\\\/\\\/novawebmaster.com\\\/uniagraria\\\/wp-content\\\/uploads\\\/2025\\\/02\\\/LogoUa2023Vertical.png\",\"width\":3300,\"height\":2550,\"caption\":\"UNIAGRARIA\"},\"image\":{\"@id\":\"https:\\\/\\\/uniagraria.edu.co\\\/es\\\/#\\\/schema\\\/logo\\\/image\\\/\"},\"sameAs\":[\"https:\\\/\\\/www.facebook.com\\\/uagraria\\\/?locale=es_LA\",\"https:\\\/\\\/x.com\\\/UNIAGRARIA\",\"https:\\\/\\\/www.instagram.com\\\/uniagraria\\\/profilecard\\\/?igsh=MXI2bTFlMWsxNzNjOA\",\"https:\\\/\\\/www.tiktok.com\\\/discover\\\/uniagraria?lang=es\",\"https:\\\/\\\/www.linkedin.com\\\/school\\\/uniagraria\\\/?originalSubdomain=co\",\"https:\\\/\\\/www.youtube.com\\\/user\\\/UniagrariaUverde?themeRefresh=1\",\"https:\\\/\\\/api.whatsapp.com\\\/send?phone=3134230649\"]}]}<\/script>\n<!-- \/ Yoast SEO plugin. -->","yoast_head_json":{"title":"Cursos Intensivos de Ingles - UNIAGRARIA","robots":{"index":"index","follow":"follow","max-snippet":"max-snippet:-1","max-image-preview":"max-image-preview:large","max-video-preview":"max-video-preview:-1"},"canonical":"https:\/\/uniagraria.edu.co\/es\/cursos-intensivos-de-ingles\/","og_locale":"es_ES","og_type":"article","og_title":"Cursos Intensivos de Ingles - UNIAGRARIA","og_description":"Cursos Intensivos de Ingl\u00e9s El instituto ofrece cursos intensivos para los estudiantes que han tenido dificultades o han decidido no asistir a los grupos regulares y desean adelantarse o nivelarse en ingl\u00e9s. Estos cursos cuentan con las mismas condiciones de aprobaci\u00f3n de los grupos regulares, con una nota m\u00ednima aprobatoria de 3.5, pero, a diferencia [&hellip;]","og_url":"https:\/\/uniagraria.edu.co\/es\/cursos-intensivos-de-ingles\/","og_site_name":"UNIAGRARIA","article_publisher":"https:\/\/www.facebook.com\/uagraria\/?locale=es_LA","article_modified_time":"2026-02-16T18:29:46+00:00","twitter_card":"summary_large_image","twitter_site":"@UNIAGRARIA","twitter_misc":{"Tiempo de lectura":"2 minutos"},"schema":{"@context":"https:\/\/schema.org","@graph":[{"@type":"WebPage","@id":"https:\/\/uniagraria.edu.co\/cursos-intensivos-de-ingles\/","url":"https:\/\/uniagraria.edu.co\/cursos-intensivos-de-ingles\/","name":"Cursos Intensivos de Ingles - UNIAGRARIA","isPartOf":{"@id":"https:\/\/uniagraria.edu.co\/es\/#website"},"datePublished":"2025-03-19T02:20:31+00:00","dateModified":"2026-02-16T18:29:46+00:00","breadcrumb":{"@id":"https:\/\/uniagraria.edu.co\/cursos-intensivos-de-ingles\/#breadcrumb"},"inLanguage":"es-CO","potentialAction":[{"@type":"ReadAction","target":["https:\/\/uniagraria.edu.co\/cursos-intensivos-de-ingles\/"]}]},{"@type":"BreadcrumbList","@id":"https:\/\/uniagraria.edu.co\/cursos-intensivos-de-ingles\/#breadcrumb","itemListElement":[{"@type":"ListItem","position":1,"name":"Inicio","item":"https:\/\/uniagraria.edu.co\/es\/"},{"@type":"ListItem","position":2,"name":"Cursos Intensivos de Ingles"}]},{"@type":"WebSite","@id":"https:\/\/uniagraria.edu.co\/es\/#website","url":"https:\/\/uniagraria.edu.co\/es\/","name":"UNIAGRARIA","description":"FUNDACION UNIVERSITARIA AGRARIA DE COLOMBIA","publisher":{"@id":"https:\/\/uniagraria.edu.co\/es\/#organization"},"potentialAction":[{"@type":"SearchAction","target":{"@type":"EntryPoint","urlTemplate":"https:\/\/uniagraria.edu.co\/es\/?s={search_term_string}"},"query-input":{"@type":"PropertyValueSpecification","valueRequired":true,"valueName":"search_term_string"}}],"inLanguage":"es-CO"},{"@type":"Organization","@id":"https:\/\/uniagraria.edu.co\/es\/#organization","name":"UNIAGRARIA","url":"https:\/\/uniagraria.edu.co\/es\/","logo":{"@type":"ImageObject","inLanguage":"es-CO","@id":"https:\/\/uniagraria.edu.co\/es\/#\/schema\/logo\/image\/","url":"https:\/\/novawebmaster.com\/uniagraria\/wp-content\/uploads\/2025\/02\/LogoUa2023Vertical.png","contentUrl":"https:\/\/novawebmaster.com\/uniagraria\/wp-content\/uploads\/2025\/02\/LogoUa2023Vertical.png","width":3300,"height":2550,"caption":"UNIAGRARIA"},"image":{"@id":"https:\/\/uniagraria.edu.co\/es\/#\/schema\/logo\/image\/"},"sameAs":["https:\/\/www.facebook.com\/uagraria\/?locale=es_LA","https:\/\/x.com\/UNIAGRARIA","https:\/\/www.instagram.com\/uniagraria\/profilecard\/?igsh=MXI2bTFlMWsxNzNjOA","https:\/\/www.tiktok.com\/discover\/uniagraria?lang=es","https:\/\/www.linkedin.com\/school\/uniagraria\/?originalSubdomain=co","https:\/\/www.youtube.com\/user\/UniagrariaUverde?themeRefresh=1","https:\/\/api.whatsapp.com\/send?phone=3134230649"]}]}},"_links":{"self":[{"href":"https:\/\/uniagraria.edu.co\/es\/wp-json\/wp\/v2\/pages\/61114","targetHints":{"allow":["GET"]}}],"collection":[{"href":"https:\/\/uniagraria.edu.co\/es\/wp-json\/wp\/v2\/pages"}],"about":[{"href":"https:\/\/uniagraria.edu.co\/es\/wp-json\/wp\/v2\/types\/page"}],"author":[{"embeddable":true,"href":"https:\/\/uniagraria.edu.co\/es\/wp-json\/wp\/v2\/users\/1"}],"replies":[{"embeddable":true,"href":"https:\/\/uniagraria.edu.co\/es\/wp-json\/wp\/v2\/comments?post=61114"}],"version-history":[{"count":15,"href":"https:\/\/uniagraria.edu.co\/es\/wp-json\/wp\/v2\/pages\/61114\/revisions"}],"predecessor-version":[{"id":81833,"href":"https:\/\/uniagraria.edu.co\/es\/wp-json\/wp\/v2\/pages\/61114\/revisions\/81833"}],"wp:attachment":[{"href":"https:\/\/uniagraria.edu.co\/es\/wp-json\/wp\/v2\/media?parent=61114"}],"curies":[{"name":"wp","href":"https:\/\/api.w.org\/{rel}","templated":true}]}}