{"id":61209,"date":"2025-03-18T22:26:15","date_gmt":"2025-03-19T03:26:15","guid":{"rendered":"https:\/\/novawebmaster.com\/uniagraria\/?page_id=61209"},"modified":"2025-12-02T11:01:08","modified_gmt":"2025-12-02T16:01:08","slug":"solicitud-de-repeticion-del-nivel-de-ingles","status":"publish","type":"page","link":"https:\/\/uniagraria.edu.co\/es\/solicitud-de-repeticion-del-nivel-de-ingles\/","title":{"rendered":"Solicitud de Repetici\u00f3n del Nivel de Ingles"},"content":{"rendered":"\t\t<div data-elementor-type=\"wp-page\" data-elementor-id=\"61209\" class=\"elementor elementor-61209\" data-elementor-post-type=\"page\">\n\t\t\t\t<div class=\"elementor-element elementor-element-020c404 e-con-full e-flex e-con e-parent\" data-id=\"020c404\" data-element_type=\"container\" data-e-type=\"container\" data-settings=\"{&quot;background_background&quot;:&quot;classic&quot;}\">\n\t\t\t\t<\/div>\n\t\t<div class=\"elementor-element elementor-element-b4ef6e1 e-con-full e-flex e-con e-parent\" data-id=\"b4ef6e1\" data-element_type=\"container\" data-e-type=\"container\">\n\t\t<div class=\"elementor-element elementor-element-63514cb e-flex e-con-boxed e-con e-child\" data-id=\"63514cb\" data-element_type=\"container\" data-e-type=\"container\">\n\t\t\t\t\t<div class=\"e-con-inner\">\n\t\t<div class=\"elementor-element elementor-element-3ad46ee e-con-full e-flex e-con e-child\" data-id=\"3ad46ee\" data-element_type=\"container\" data-e-type=\"container\" data-settings=\"{&quot;background_background&quot;:&quot;classic&quot;}\">\n\t\t<div class=\"elementor-element elementor-element-cf325d3 e-con-full e-flex e-con e-child\" data-id=\"cf325d3\" data-element_type=\"container\" data-e-type=\"container\">\n\t\t\t\t<div class=\"elementor-element elementor-element-671572e elementor-widget elementor-widget-heading\" data-id=\"671572e\" data-element_type=\"widget\" data-e-type=\"widget\" data-widget_type=\"heading.default\">\n\t\t\t\t<div class=\"elementor-widget-container\">\n\t\t\t\t\t<h2 class=\"elementor-heading-title elementor-size-default\">Solicitud de Repetici\u00f3n<\/h2>\t\t\t\t<\/div>\n\t\t\t\t<\/div>\n\t\t\t\t<div class=\"elementor-element elementor-element-03c449c elementor-widget elementor-widget-heading\" data-id=\"03c449c\" data-element_type=\"widget\" data-e-type=\"widget\" data-widget_type=\"heading.default\">\n\t\t\t\t<div class=\"elementor-widget-container\">\n\t\t\t\t\t<h2 class=\"elementor-heading-title elementor-size-default\">del nivel de Ingles<\/h2>\t\t\t\t<\/div>\n\t\t\t\t<\/div>\n\t\t\t\t<\/div>\n\t\t<div class=\"elementor-element elementor-element-9f6dcab e-con-full e-flex e-con e-child\" data-id=\"9f6dcab\" data-element_type=\"container\" data-e-type=\"container\">\n\t\t\t\t<\/div>\n\t\t\t\t<\/div>\n\t\t\t\t\t<\/div>\n\t\t\t\t<\/div>\n\t\t\t\t<\/div>\n\t\t<div class=\"elementor-element elementor-element-cfbad1a e-con-full e-flex e-con e-parent\" data-id=\"cfbad1a\" data-element_type=\"container\" data-e-type=\"container\">\n\t\t<div class=\"elementor-element elementor-element-46444f9 e-flex e-con-boxed e-con e-child\" data-id=\"46444f9\" data-element_type=\"container\" data-e-type=\"container\">\n\t\t\t\t\t<div class=\"e-con-inner\">\n\t\t<div class=\"elementor-element elementor-element-6098ff0 e-con-full e-flex e-con e-child\" data-id=\"6098ff0\" data-element_type=\"container\" data-e-type=\"container\">\n\t\t\t\t<div class=\"elementor-element elementor-element-8efb416 elementor-widget elementor-widget-text-editor\" data-id=\"8efb416\" data-element_type=\"widget\" data-e-type=\"widget\" data-widget_type=\"text-editor.default\">\n\t\t\t\t<div class=\"elementor-widget-container\">\n\t\t\t\t\t\t\t\t\t<p>Los estudiantes de pregrado que reprueban un curso en modalidad regular o intensiva deben solicitar la repetici\u00f3n de nivel y hacer el pago correspondiente si desean integrarse a los cursos regulares y cursar de nuevo el nivel anteriormente reprobado.<\/p><p><strong>Nota:<\/strong>\u00a0El pago por repetici\u00f3n de nivel solo aplica para el periodo acad\u00e9mico en el que es realizado. Si realiza un pago por este concepto y no participa en un curso de ingles en ese periodo. su pago ser\u00e1 tramitado como saldo a favor y deber\u00e1 repetir el proceso de solicitud cuando vaya a tomar el curso.<\/p><p><strong>No es necesario realizar este proceso si desea continuar en modalidad intensiva.<\/strong><\/p>\t\t\t\t\t\t\t\t<\/div>\n\t\t\t\t<\/div>\n\t\t\t\t<\/div>\n\t\t\t\t\t<\/div>\n\t\t\t\t<\/div>\n\t\t<div class=\"elementor-element elementor-element-4e0858c e-flex e-con-boxed e-con e-child\" data-id=\"4e0858c\" data-element_type=\"container\" data-e-type=\"container\" data-settings=\"{&quot;background_background&quot;:&quot;classic&quot;}\">\n\t\t\t\t\t<div class=\"e-con-inner\">\n\t\t<div class=\"elementor-element elementor-element-546b67d e-con-full e-flex e-con e-child\" data-id=\"546b67d\" data-element_type=\"container\" data-e-type=\"container\">\n\t\t\t\t<div class=\"elementor-element elementor-element-a1d2b5a elementor-widget elementor-widget-heading\" data-id=\"a1d2b5a\" data-element_type=\"widget\" data-e-type=\"widget\" data-widget_type=\"heading.default\">\n\t\t\t\t<div class=\"elementor-widget-container\">\n\t\t\t\t\t<h5 class=\"elementor-heading-title elementor-size-default\">Proceso de solicitud de orden de pago para repetici\u00f3n de nivel de ingl\u00e9s:<\/h5>\t\t\t\t<\/div>\n\t\t\t\t<\/div>\n\t\t\t\t<div class=\"elementor-element elementor-element-e42f954 elementor-widget elementor-widget-text-editor\" data-id=\"e42f954\" data-element_type=\"widget\" data-e-type=\"widget\" data-widget_type=\"text-editor.default\">\n\t\t\t\t<div class=\"elementor-widget-container\">\n\t\t\t\t\t\t\t\t\t<ol><li><p>Haga la inscripci\u00f3n del curso del nivel reprobado anteriormente en las fechas estipuladas para ello para su programa acad\u00e9mico.<\/p><\/li><li><p>Diligencie el formulario de solicitud\u00a0 <span style=\"color: #000000;\"><strong><a style=\"color: #000000;\" href=\"https:\/\/forms.office.com\/r\/vbas1rmw9F\" target=\"_blank\" rel=\"noreferrer noopener\" aria-label=\"Diligencia el formulario de solicitud en este enlace.\u2028Cuatro d\u00edas despu\u00e9s de diligenciada la solicitud, debe ingresar al sistema de informaci\u00f3n institucional y descargar el recibo de pago correspondiente (costo de repetici\u00f3n $456.600).\u2028Realizado el pago en las fechas establecidas por el calendario acad\u00e9mico, debe hacer llegar copia (electr\u00f3nica o en f\u00edsico) del recibo de pago del curso al Instituto de Idiomas\u00a0idiomas.ua@uniagraria.edu.co\u2028Posteriormente, podr\u00e1 matricular en el sistema acad\u00e9mico el nivel de ingl\u00e9s solicitado. (opens in a new tab)\">a trav\u00e9s de este enlace<\/a>.<\/strong><\/span><\/p><\/li><li><p>Una vez le sea confirmada la emisi\u00f3n de su orden de pago por correo electr\u00f3nico institucional. debe ingresar al sistema de informaci\u00f3n EPKUA y descarga el recibo de pago correspondiente. El valor estipulado en 2026 para la repetici\u00f3n de nivel de ingles es de $608.950.<\/p><\/li><li><p>Tras haber realizado el pago en las fechas establecidas por el calendario acad\u00e9mico, debe hacer llegar copia electr\u00f3nica del recibo de pago al Instituto de Idiomas por medio del correo <span style=\"color: #000000;\"><a style=\"color: #000000;\" href=\"mailto:idiomas.ua@uniagraria.edu.co\"><strong>idiomas.ua@uniagraria.edu.co<\/strong><\/a><\/span><\/p><\/li><\/ol>\t\t\t\t\t\t\t\t<\/div>\n\t\t\t\t<\/div>\n\t\t\t\t<\/div>\n\t\t\t\t\t<\/div>\n\t\t\t\t<\/div>\n\t\t\t\t<\/div>\n\t\t<div class=\"elementor-element elementor-element-af8158c e-con-full e-flex e-con e-parent\" data-id=\"af8158c\" data-element_type=\"container\" data-e-type=\"container\">\n\t\t<div class=\"elementor-element elementor-element-cd59a84 e-flex e-con-boxed e-con e-child\" data-id=\"cd59a84\" data-element_type=\"container\" data-e-type=\"container\">\n\t\t\t\t\t<div class=\"e-con-inner\">\n\t\t<div class=\"elementor-element elementor-element-ebed371 e-con-full e-flex e-con e-child\" data-id=\"ebed371\" data-element_type=\"container\" data-e-type=\"container\">\n\t\t\t\t<div class=\"elementor-element elementor-element-1b9892d elementor-widget elementor-widget-heading\" data-id=\"1b9892d\" data-element_type=\"widget\" data-e-type=\"widget\" data-widget_type=\"heading.default\">\n\t\t\t\t<div class=\"elementor-widget-container\">\n\t\t\t\t\t<h5 class=\"elementor-heading-title elementor-size-default\">Plazos para repetici\u00f3n de nivel<\/h5>\t\t\t\t<\/div>\n\t\t\t\t<\/div>\n\t\t\t\t<div class=\"elementor-element elementor-element-a5272b0 elementor-widget elementor-widget-text-editor\" data-id=\"a5272b0\" data-element_type=\"widget\" data-e-type=\"widget\" data-widget_type=\"text-editor.default\">\n\t\t\t\t<div class=\"elementor-widget-container\">\n\t\t\t\t\t\t\t\t\t<p><strong>Per\u00edodo 2026-1<\/strong><\/p><table class=\"uk-table uk-table-small uk-table-striped uk-table-hover\"><tbody><tr><td>\u00a0<\/td><td>Desde<\/td><td>Hasta<\/td><\/tr><tr><td>Solicitud repetici\u00f3n de ingl\u00e9s<\/td><td>1 de diciembre de 2025<\/td><td>3 de febrero de 2026<\/td><\/tr><tr><td>Pago de repetici\u00f3n de ingl\u00e9s<\/td><td>2 de diciembre de 2025<\/td><td>6 de febrero de 2026<\/td><\/tr><\/tbody><\/table><p>Per\u00edodo 2026-2<\/p><table class=\"uk-table uk-table-small uk-table-striped uk-table-hover\"><tbody><tr><td>\u00a0<\/td><td>Desde<\/td><td>Hasta<\/td><\/tr><tr><td>Solicitud repetici\u00f3n de ingl\u00e9s<\/td><td>01 de junio de 2026<\/td><td>04 de agosto de 2026<\/td><\/tr><tr><td>Pago de repetici\u00f3n de ingl\u00e9s<\/td><td>02 de junio de 2026<\/td><td>6 de agosto de 2026<\/td><\/tr><\/tbody><\/table><p data-userway-s19-styled=\"true\" data-text-align-feature-value=\"1\">\u00a0<\/p>\t\t\t\t\t\t\t\t<\/div>\n\t\t\t\t<\/div>\n\t\t\t\t<\/div>\n\t\t\t\t\t<\/div>\n\t\t\t\t<\/div>\n\t\t\t\t<\/div>\n\t\t<div class=\"elementor-element elementor-element-22812d8 e-con-full e-flex e-con e-parent\" data-id=\"22812d8\" data-element_type=\"container\" data-e-type=\"container\" data-settings=\"{&quot;background_background&quot;:&quot;classic&quot;}\">\n\t\t<div class=\"elementor-element elementor-element-0bd1a5d e-flex e-con-boxed e-con e-child\" data-id=\"0bd1a5d\" data-element_type=\"container\" data-e-type=\"container\">\n\t\t\t\t\t<div class=\"e-con-inner\">\n\t\t\t\t<div class=\"elementor-element elementor-element-163a200 elementor-widget elementor-widget-button\" data-id=\"163a200\" data-element_type=\"widget\" data-e-type=\"widget\" data-widget_type=\"button.default\">\n\t\t\t\t<div class=\"elementor-widget-container\">\n\t\t\t\t\t\t\t\t\t<div class=\"elementor-button-wrapper\">\n\t\t\t\t\t<a class=\"elementor-button elementor-button-link elementor-size-sm elementor-animation-grow\" href=\"https:\/\/uniagraria.edu.co\/instituto-de-idiomas\/\">\n\t\t\t\t\t\t<span class=\"elementor-button-content-wrapper\">\n\t\t\t\t\t\t<span class=\"elementor-button-icon\">\n\t\t\t\t<svg aria-hidden=\"true\" class=\"e-font-icon-svg e-fas-backspace\" viewBox=\"0 0 640 512\" xmlns=\"http:\/\/www.w3.org\/2000\/svg\"><path d=\"M576 64H205.26A63.97 63.97 0 0 0 160 82.75L9.37 233.37c-12.5 12.5-12.5 32.76 0 45.25L160 429.25c12 12 28.28 18.75 45.25 18.75H576c35.35 0 64-28.65 64-64V128c0-35.35-28.65-64-64-64zm-84.69 254.06c6.25 6.25 6.25 16.38 0 22.63l-22.62 22.62c-6.25 6.25-16.38 6.25-22.63 0L384 301.25l-62.06 62.06c-6.25 6.25-16.38 6.25-22.63 0l-22.62-22.62c-6.25-6.25-6.25-16.38 0-22.63L338.75 256l-62.06-62.06c-6.25-6.25-6.25-16.38 0-22.63l22.62-22.62c6.25-6.25 16.38-6.25 22.63 0L384 210.75l62.06-62.06c6.25-6.25 16.38-6.25 22.63 0l22.62 22.62c6.25 6.25 6.25 16.38 0 22.63L429.25 256l62.06 62.06z\"><\/path><\/svg>\t\t\t<\/span>\n\t\t\t\t\t\t\t\t\t<span class=\"elementor-button-text\">Regresar al Instituto de Idiomas<\/span>\n\t\t\t\t\t<\/span>\n\t\t\t\t\t<\/a>\n\t\t\t\t<\/div>\n\t\t\t\t\t\t\t\t<\/div>\n\t\t\t\t<\/div>\n\t\t\t\t\t<\/div>\n\t\t\t\t<\/div>\n\t\t\t\t<\/div>\n\t\t\t\t<\/div>\n\t\t","protected":false},"excerpt":{"rendered":"<p>Solicitud de Repetici\u00f3n del nivel de Ingles Los estudiantes de pregrado que reprueban un curso en modalidad regular o intensiva deben solicitar la repetici\u00f3n de nivel y hacer el pago correspondiente si desean integrarse a los cursos regulares y cursar de nuevo el nivel anteriormente reprobado. Nota:\u00a0El pago por repetici\u00f3n de nivel solo aplica para [&hellip;]<\/p>\n","protected":false},"author":1,"featured_media":0,"parent":0,"menu_order":0,"comment_status":"closed","ping_status":"closed","template":"","meta":{"_acf_changed":false,"site-sidebar-layout":"no-sidebar","site-content-layout":"","ast-site-content-layout":"full-width-container","site-content-style":"default","site-sidebar-style":"default","ast-global-header-display":"","ast-banner-title-visibility":"","ast-main-header-display":"","ast-hfb-above-header-display":"","ast-hfb-below-header-display":"","ast-hfb-mobile-header-display":"","site-post-title":"disabled","ast-breadcrumbs-content":"","ast-featured-img":"disabled","footer-sml-layout":"","ast-disable-related-posts":"","theme-transparent-header-meta":"default","adv-header-id-meta":"","stick-header-meta":"default","header-above-stick-meta":"","header-main-stick-meta":"","header-below-stick-meta":"","astra-migrate-meta-layouts":"set","ast-page-background-enabled":"default","ast-page-background-meta":{"desktop":{"background-color":"var(--ast-global-color-4)","background-image":"","background-repeat":"repeat","background-position":"center center","background-size":"auto","background-attachment":"scroll","background-type":"","background-media":"","overlay-type":"","overlay-color":"","overlay-opacity":"","overlay-gradient":""},"tablet":{"background-color":"","background-image":"","background-repeat":"repeat","background-position":"center center","background-size":"auto","background-attachment":"scroll","background-type":"","background-media":"","overlay-type":"","overlay-color":"","overlay-opacity":"","overlay-gradient":""},"mobile":{"background-color":"","background-image":"","background-repeat":"repeat","background-position":"center center","background-size":"auto","background-attachment":"scroll","background-type":"","background-media":"","overlay-type":"","overlay-color":"","overlay-opacity":"","overlay-gradient":""}},"ast-content-background-meta":{"desktop":{"background-color":"var(--ast-global-color-5)","background-image":"","background-repeat":"repeat","background-position":"center center","background-size":"auto","background-attachment":"scroll","background-type":"","background-media":"","overlay-type":"","overlay-color":"","overlay-opacity":"","overlay-gradient":""},"tablet":{"background-color":"var(--ast-global-color-5)","background-image":"","background-repeat":"repeat","background-position":"center center","background-size":"auto","background-attachment":"scroll","background-type":"","background-media":"","overlay-type":"","overlay-color":"","overlay-opacity":"","overlay-gradient":""},"mobile":{"background-color":"var(--ast-global-color-5)","background-image":"","background-repeat":"repeat","background-position":"center center","background-size":"auto","background-attachment":"scroll","background-type":"","background-media":"","overlay-type":"","overlay-color":"","overlay-opacity":"","overlay-gradient":""}},"footnotes":""},"class_list":["post-61209","page","type-page","status-publish","hentry"],"acf":[],"yoast_head":"<!-- This site is optimized with the Yoast SEO plugin v27.2 - https:\/\/yoast.com\/product\/yoast-seo-wordpress\/ -->\n<title>Solicitud de Repetici\u00f3n del Nivel de Ingles - UNIAGRARIA<\/title>\n<meta name=\"robots\" content=\"index, follow, max-snippet:-1, max-image-preview:large, max-video-preview:-1\" \/>\n<link rel=\"canonical\" href=\"https:\/\/uniagraria.edu.co\/es\/solicitud-de-repeticion-del-nivel-de-ingles\/\" \/>\n<meta property=\"og:locale\" content=\"es_ES\" \/>\n<meta property=\"og:type\" content=\"article\" \/>\n<meta property=\"og:title\" content=\"Solicitud de Repetici\u00f3n del Nivel de Ingles - UNIAGRARIA\" \/>\n<meta property=\"og:description\" content=\"Solicitud de Repetici\u00f3n del nivel de Ingles Los estudiantes de pregrado que reprueban un curso en modalidad regular o intensiva deben solicitar la repetici\u00f3n de nivel y hacer el pago correspondiente si desean integrarse a los cursos regulares y cursar de nuevo el nivel anteriormente reprobado. Nota:\u00a0El pago por repetici\u00f3n de nivel solo aplica para [&hellip;]\" \/>\n<meta property=\"og:url\" content=\"https:\/\/uniagraria.edu.co\/es\/solicitud-de-repeticion-del-nivel-de-ingles\/\" \/>\n<meta property=\"og:site_name\" content=\"UNIAGRARIA\" \/>\n<meta property=\"article:publisher\" content=\"https:\/\/www.facebook.com\/uagraria\/?locale=es_LA\" \/>\n<meta property=\"article:modified_time\" content=\"2025-12-02T16:01:08+00:00\" \/>\n<meta name=\"twitter:card\" content=\"summary_large_image\" \/>\n<meta name=\"twitter:site\" content=\"@UNIAGRARIA\" \/>\n<meta name=\"twitter:label1\" content=\"Tiempo de lectura\" \/>\n\t<meta name=\"twitter:data1\" content=\"2 minutos\" \/>\n<script type=\"application\/ld+json\" class=\"yoast-schema-graph\">{\"@context\":\"https:\/\/schema.org\",\"@graph\":[{\"@type\":\"WebPage\",\"@id\":\"https:\/\/uniagraria.edu.co\/es\/solicitud-de-repeticion-del-nivel-de-ingles\/\",\"url\":\"https:\/\/uniagraria.edu.co\/es\/solicitud-de-repeticion-del-nivel-de-ingles\/\",\"name\":\"Solicitud de Repetici\u00f3n del Nivel de Ingles - UNIAGRARIA\",\"isPartOf\":{\"@id\":\"https:\/\/uniagraria.edu.co\/es\/#website\"},\"datePublished\":\"2025-03-19T03:26:15+00:00\",\"dateModified\":\"2025-12-02T16:01:08+00:00\",\"breadcrumb\":{\"@id\":\"https:\/\/uniagraria.edu.co\/es\/solicitud-de-repeticion-del-nivel-de-ingles\/#breadcrumb\"},\"inLanguage\":\"es-CO\",\"potentialAction\":[{\"@type\":\"ReadAction\",\"target\":[\"https:\/\/uniagraria.edu.co\/es\/solicitud-de-repeticion-del-nivel-de-ingles\/\"]}]},{\"@type\":\"BreadcrumbList\",\"@id\":\"https:\/\/uniagraria.edu.co\/es\/solicitud-de-repeticion-del-nivel-de-ingles\/#breadcrumb\",\"itemListElement\":[{\"@type\":\"ListItem\",\"position\":1,\"name\":\"Inicio\",\"item\":\"https:\/\/uniagraria.edu.co\/\"},{\"@type\":\"ListItem\",\"position\":2,\"name\":\"Solicitud de Repetici\u00f3n del Nivel de Ingles\"}]},{\"@type\":\"WebSite\",\"@id\":\"https:\/\/uniagraria.edu.co\/es\/#website\",\"url\":\"https:\/\/uniagraria.edu.co\/es\/\",\"name\":\"UNIAGRARIA\",\"description\":\"FUNDACION UNIVERSITARIA AGRARIA DE COLOMBIA\",\"publisher\":{\"@id\":\"https:\/\/uniagraria.edu.co\/es\/#organization\"},\"potentialAction\":[{\"@type\":\"SearchAction\",\"target\":{\"@type\":\"EntryPoint\",\"urlTemplate\":\"https:\/\/uniagraria.edu.co\/es\/?s={search_term_string}\"},\"query-input\":{\"@type\":\"PropertyValueSpecification\",\"valueRequired\":true,\"valueName\":\"search_term_string\"}}],\"inLanguage\":\"es-CO\"},{\"@type\":\"Organization\",\"@id\":\"https:\/\/uniagraria.edu.co\/es\/#organization\",\"name\":\"UNIAGRARIA\",\"url\":\"https:\/\/uniagraria.edu.co\/es\/\",\"logo\":{\"@type\":\"ImageObject\",\"inLanguage\":\"es-CO\",\"@id\":\"https:\/\/uniagraria.edu.co\/es\/#\/schema\/logo\/image\/\",\"url\":\"https:\/\/novawebmaster.com\/uniagraria\/wp-content\/uploads\/2025\/02\/LogoUa2023Vertical.png\",\"contentUrl\":\"https:\/\/novawebmaster.com\/uniagraria\/wp-content\/uploads\/2025\/02\/LogoUa2023Vertical.png\",\"width\":3300,\"height\":2550,\"caption\":\"UNIAGRARIA\"},\"image\":{\"@id\":\"https:\/\/uniagraria.edu.co\/es\/#\/schema\/logo\/image\/\"},\"sameAs\":[\"https:\/\/www.facebook.com\/uagraria\/?locale=es_LA\",\"https:\/\/x.com\/UNIAGRARIA\",\"https:\/\/www.instagram.com\/uniagraria\/profilecard\/?igsh=MXI2bTFlMWsxNzNjOA\",\"https:\/\/www.tiktok.com\/discover\/uniagraria?lang=es\",\"https:\/\/www.linkedin.com\/school\/uniagraria\/?originalSubdomain=co\",\"https:\/\/www.youtube.com\/user\/UniagrariaUverde?themeRefresh=1\",\"https:\/\/api.whatsapp.com\/send?phone=3134230649\"]}]}<\/script>\n<!-- \/ Yoast SEO plugin. -->","yoast_head_json":{"title":"Solicitud de Repetici\u00f3n del Nivel de Ingles - UNIAGRARIA","robots":{"index":"index","follow":"follow","max-snippet":"max-snippet:-1","max-image-preview":"max-image-preview:large","max-video-preview":"max-video-preview:-1"},"canonical":"https:\/\/uniagraria.edu.co\/es\/solicitud-de-repeticion-del-nivel-de-ingles\/","og_locale":"es_ES","og_type":"article","og_title":"Solicitud de Repetici\u00f3n del Nivel de Ingles - UNIAGRARIA","og_description":"Solicitud de Repetici\u00f3n del nivel de Ingles Los estudiantes de pregrado que reprueban un curso en modalidad regular o intensiva deben solicitar la repetici\u00f3n de nivel y hacer el pago correspondiente si desean integrarse a los cursos regulares y cursar de nuevo el nivel anteriormente reprobado. Nota:\u00a0El pago por repetici\u00f3n de nivel solo aplica para [&hellip;]","og_url":"https:\/\/uniagraria.edu.co\/es\/solicitud-de-repeticion-del-nivel-de-ingles\/","og_site_name":"UNIAGRARIA","article_publisher":"https:\/\/www.facebook.com\/uagraria\/?locale=es_LA","article_modified_time":"2025-12-02T16:01:08+00:00","twitter_card":"summary_large_image","twitter_site":"@UNIAGRARIA","twitter_misc":{"Tiempo de lectura":"2 minutos"},"schema":{"@context":"https:\/\/schema.org","@graph":[{"@type":"WebPage","@id":"https:\/\/uniagraria.edu.co\/es\/solicitud-de-repeticion-del-nivel-de-ingles\/","url":"https:\/\/uniagraria.edu.co\/es\/solicitud-de-repeticion-del-nivel-de-ingles\/","name":"Solicitud de Repetici\u00f3n del Nivel de Ingles - UNIAGRARIA","isPartOf":{"@id":"https:\/\/uniagraria.edu.co\/es\/#website"},"datePublished":"2025-03-19T03:26:15+00:00","dateModified":"2025-12-02T16:01:08+00:00","breadcrumb":{"@id":"https:\/\/uniagraria.edu.co\/es\/solicitud-de-repeticion-del-nivel-de-ingles\/#breadcrumb"},"inLanguage":"es-CO","potentialAction":[{"@type":"ReadAction","target":["https:\/\/uniagraria.edu.co\/es\/solicitud-de-repeticion-del-nivel-de-ingles\/"]}]},{"@type":"BreadcrumbList","@id":"https:\/\/uniagraria.edu.co\/es\/solicitud-de-repeticion-del-nivel-de-ingles\/#breadcrumb","itemListElement":[{"@type":"ListItem","position":1,"name":"Inicio","item":"https:\/\/uniagraria.edu.co\/"},{"@type":"ListItem","position":2,"name":"Solicitud de Repetici\u00f3n del Nivel de Ingles"}]},{"@type":"WebSite","@id":"https:\/\/uniagraria.edu.co\/es\/#website","url":"https:\/\/uniagraria.edu.co\/es\/","name":"UNIAGRARIA","description":"FUNDACION UNIVERSITARIA AGRARIA DE COLOMBIA","publisher":{"@id":"https:\/\/uniagraria.edu.co\/es\/#organization"},"potentialAction":[{"@type":"SearchAction","target":{"@type":"EntryPoint","urlTemplate":"https:\/\/uniagraria.edu.co\/es\/?s={search_term_string}"},"query-input":{"@type":"PropertyValueSpecification","valueRequired":true,"valueName":"search_term_string"}}],"inLanguage":"es-CO"},{"@type":"Organization","@id":"https:\/\/uniagraria.edu.co\/es\/#organization","name":"UNIAGRARIA","url":"https:\/\/uniagraria.edu.co\/es\/","logo":{"@type":"ImageObject","inLanguage":"es-CO","@id":"https:\/\/uniagraria.edu.co\/es\/#\/schema\/logo\/image\/","url":"https:\/\/novawebmaster.com\/uniagraria\/wp-content\/uploads\/2025\/02\/LogoUa2023Vertical.png","contentUrl":"https:\/\/novawebmaster.com\/uniagraria\/wp-content\/uploads\/2025\/02\/LogoUa2023Vertical.png","width":3300,"height":2550,"caption":"UNIAGRARIA"},"image":{"@id":"https:\/\/uniagraria.edu.co\/es\/#\/schema\/logo\/image\/"},"sameAs":["https:\/\/www.facebook.com\/uagraria\/?locale=es_LA","https:\/\/x.com\/UNIAGRARIA","https:\/\/www.instagram.com\/uniagraria\/profilecard\/?igsh=MXI2bTFlMWsxNzNjOA","https:\/\/www.tiktok.com\/discover\/uniagraria?lang=es","https:\/\/www.linkedin.com\/school\/uniagraria\/?originalSubdomain=co","https:\/\/www.youtube.com\/user\/UniagrariaUverde?themeRefresh=1","https:\/\/api.whatsapp.com\/send?phone=3134230649"]}]}},"_links":{"self":[{"href":"https:\/\/uniagraria.edu.co\/es\/wp-json\/wp\/v2\/pages\/61209","targetHints":{"allow":["GET"]}}],"collection":[{"href":"https:\/\/uniagraria.edu.co\/es\/wp-json\/wp\/v2\/pages"}],"about":[{"href":"https:\/\/uniagraria.edu.co\/es\/wp-json\/wp\/v2\/types\/page"}],"author":[{"embeddable":true,"href":"https:\/\/uniagraria.edu.co\/es\/wp-json\/wp\/v2\/users\/1"}],"replies":[{"embeddable":true,"href":"https:\/\/uniagraria.edu.co\/es\/wp-json\/wp\/v2\/comments?post=61209"}],"version-history":[{"count":3,"href":"https:\/\/uniagraria.edu.co\/es\/wp-json\/wp\/v2\/pages\/61209\/revisions"}],"predecessor-version":[{"id":79858,"href":"https:\/\/uniagraria.edu.co\/es\/wp-json\/wp\/v2\/pages\/61209\/revisions\/79858"}],"wp:attachment":[{"href":"https:\/\/uniagraria.edu.co\/es\/wp-json\/wp\/v2\/media?parent=61209"}],"curies":[{"name":"wp","href":"https:\/\/api.w.org\/{rel}","templated":true}]}}