{"id":61858,"date":"2025-03-27T18:11:08","date_gmt":"2025-03-27T23:11:08","guid":{"rendered":"https:\/\/novawebmaster.com\/uniagraria\/?page_id=61858"},"modified":"2025-10-29T11:04:59","modified_gmt":"2025-10-29T16:04:59","slug":"derecho-verde","status":"publish","type":"page","link":"https:\/\/uniagraria.edu.co\/es\/derecho-verde\/","title":{"rendered":"Derecho verde"},"content":{"rendered":"\t\t<div data-elementor-type=\"wp-page\" data-elementor-id=\"61858\" class=\"elementor elementor-61858\" data-elementor-post-type=\"page\">\n\t\t\t\t<div class=\"elementor-element elementor-element-2cde528a e-con-full e-flex e-con e-parent\" data-id=\"2cde528a\" data-element_type=\"container\" data-e-type=\"container\" data-settings=\"{&quot;background_background&quot;:&quot;classic&quot;}\">\n\t\t<div class=\"elementor-element elementor-element-4ecbc681 e-flex e-con-boxed e-con e-child\" data-id=\"4ecbc681\" data-element_type=\"container\" data-e-type=\"container\">\n\t\t\t\t\t<div class=\"e-con-inner\">\n\t\t<div class=\"elementor-element elementor-element-7bdd56b8 e-con-full e-flex e-con e-child\" data-id=\"7bdd56b8\" data-element_type=\"container\" data-e-type=\"container\">\n\t\t\t\t<div class=\"elementor-element elementor-element-3e6a6b8d elementor-widget elementor-widget-heading\" data-id=\"3e6a6b8d\" data-element_type=\"widget\" data-e-type=\"widget\" data-widget_type=\"heading.default\">\n\t\t\t\t<div class=\"elementor-widget-container\">\n\t\t\t\t\t<h2 class=\"elementor-heading-title elementor-size-default\">Derecho verde<\/h2>\t\t\t\t<\/div>\n\t\t\t\t<\/div>\n\t\t\t\t<div class=\"elementor-element elementor-element-05810ba elementor-widget elementor-widget-text-editor\" data-id=\"05810ba\" data-element_type=\"widget\" data-e-type=\"widget\" data-widget_type=\"text-editor.default\">\n\t\t\t\t<div class=\"elementor-widget-container\">\n\t\t\t\t\t\t\t\t\t<p><strong>ISSN<\/strong>\u00a0\u2022 2339-4358<\/p>\t\t\t\t\t\t\t\t<\/div>\n\t\t\t\t<\/div>\n\t\t\t\t<div class=\"elementor-element elementor-element-33d2fb4 elementor-widget elementor-widget-text-editor\" data-id=\"33d2fb4\" data-element_type=\"widget\" data-e-type=\"widget\" data-widget_type=\"text-editor.default\">\n\t\t\t\t<div class=\"elementor-widget-container\">\n\t\t\t\t\t\t\t\t\t<p><span style=\"color: #000000;\">Florece en la Fundaci\u00f3n Universitaria Agraria de Colombia la extraordinaria capacidad de investigar, esa capacidad que tenemos los seres humanos desde cuando nos encontramos en el vientre tratando de explorar todo lo que nos rodea, crecemos con la idea de entender lo que nos circunda y cuando empezamos a madurar intentamos dar respuesta a todo lo que nos cuestiona, son esas ansias de dar todo lo mejor las que nos llevan en el proceso de formaci\u00f3n acad\u00e9mica e investigativa a presentar estos resultados.<\/span><\/p><p><span style=\"color: #000000;\">El programa de derecho de la Fundaci\u00f3n Universitaria Agraria de Colombia, Uniagraria, tom\u00f3 la decisi\u00f3n de dar inicio a una etapa que esperamos se vaya consolidando con esta publicaci\u00f3n de la revista\u00a0<em>Derecho Verde<\/em>, teniendo en cuenta que el mundo de ma\u00f1ana deber\u00e1 ser diferente al conocido por nosotros hoy, mundo visto con incertidumbre para nuestros hijos, hijos que esperan de nosotros una educaci\u00f3n con creatividad, imaginaci\u00f3n para un futuro sostenible, por ello la sociedad deber\u00e1 transformarse manteniendo ese deseo de saber, conocer, comprender e indagar para permitir que la tierra pueda satisfacer las necesidades de los seres humanos.<\/span><\/p>\t\t\t\t\t\t\t\t<\/div>\n\t\t\t\t<\/div>\n\t\t\t\t<\/div>\n\t\t\t\t\t<\/div>\n\t\t\t\t<\/div>\n\t\t<div class=\"elementor-element elementor-element-58f2ded2 e-flex e-con-boxed e-con e-child\" data-id=\"58f2ded2\" data-element_type=\"container\" data-e-type=\"container\">\n\t\t\t\t\t<div class=\"e-con-inner\">\n\t\t<div class=\"elementor-element elementor-element-d941bf8 e-con-full e-flex e-con e-child\" data-id=\"d941bf8\" data-element_type=\"container\" data-e-type=\"container\" data-settings=\"{&quot;background_background&quot;:&quot;classic&quot;}\">\n\t\t<div class=\"elementor-element elementor-element-806fe21 e-con-full e-flex e-con e-child\" data-id=\"806fe21\" data-element_type=\"container\" data-e-type=\"container\">\n\t\t\t\t<div class=\"elementor-element elementor-element-0ce03ae elementor-widget elementor-widget-text-editor\" data-id=\"0ce03ae\" data-element_type=\"widget\" data-e-type=\"widget\" data-widget_type=\"text-editor.default\">\n\t\t\t\t<div class=\"elementor-widget-container\">\n\t\t\t\t\t\t\t\t\t<p>\u00a0<\/p><table class=\"uk-table uk-table-small uk-table-divider uk-table-middle\" style=\"width: 100%; height: 318px;\"><tbody><tr style=\"height: 53px;\"><td style=\"height: 53px;\"><a href=\"https:\/\/uniagraria.edu.co\/wp-content\/uploads\/2025\/03\/revistaderechoverde.pdf\"><span style=\"color: #808080;\">N\u00famero 1<\/span><\/a><\/td><\/tr><tr style=\"height: 53px;\"><td class=\"uk-text-center uk-text-left@s\" style=\"height: 53px;\"><a href=\"https:\/\/uniagraria.edu.co\/wp-content\/uploads\/2025\/03\/RevistaDerechoVerde2019V_digital.pdf\"><span style=\"color: #808080;\">Volumen 1<\/span><\/a><\/td><\/tr><tr style=\"height: 53px;\"><td class=\"uk-text-center uk-text-left@s\" style=\"height: 53px;\"><a href=\"https:\/\/uniagraria.edu.co\/wp-content\/uploads\/2025\/03\/RevistaDerechoVerde_2020_Vol_2.pdf\"><span style=\"color: #808080;\">Volumen 2<\/span><\/a><\/td><\/tr><tr style=\"height: 53px;\"><td class=\"uk-text-center uk-text-left@s\" style=\"height: 53px;\"><a href=\"https:\/\/uniagraria.edu.co\/wp-content\/uploads\/2025\/03\/RevistaDerechoVerde_2021_Vol_3.pdf\"><span style=\"color: #808080;\">Volumen 3<\/span><\/a><\/td><\/tr><tr style=\"height: 53px;\"><td class=\"uk-text-center uk-text-left@s\" style=\"height: 53px;\"><a href=\"https:\/\/uniagraria.edu.co\/wp-content\/uploads\/2025\/03\/RevistaDerechoVerde_2022_Vol_4.pdf\"><span style=\"color: #808080;\">Volumen 4<\/span><\/a><\/td><\/tr><tr style=\"height: 53px;\"><td class=\"uk-text-center uk-text-left@s\" style=\"height: 53px;\"><a href=\"https:\/\/uniagraria.edu.co\/wp-content\/uploads\/2025\/03\/RevistaDerechoVerde_2023_Vol_5_Final.pdf\"><span style=\"color: #808080;\">Volumen 5<\/span><\/a><\/td><\/tr><tr style=\"height: 53px;\"><td class=\"uk-text-center uk-text-left@s\" style=\"height: 53px;\"><a href=\"https:\/\/uniagraria.edu.co\/wp-content\/uploads\/2025\/10\/RevistaDerechoVerde2024VolSeisFinal.pdf\"><span style=\"color: #808080;\">Volumen 6<\/span><\/a><\/td><\/tr><\/tbody><\/table>\t\t\t\t\t\t\t\t<\/div>\n\t\t\t\t<\/div>\n\t\t\t\t<\/div>\n\t\t\t\t<\/div>\n\t\t\t\t\t<\/div>\n\t\t\t\t<\/div>\n\t\t\t\t<\/div>\n\t\t\t\t<\/div>\n\t\t","protected":false},"excerpt":{"rendered":"<p>Derecho verde ISSN\u00a0\u2022 2339-4358 Florece en la Fundaci\u00f3n Universitaria Agraria de Colombia la extraordinaria capacidad de investigar, esa capacidad que tenemos los seres humanos desde cuando nos encontramos en el vientre tratando de explorar todo lo que nos rodea, crecemos con la idea de entender lo que nos circunda y cuando empezamos a madurar intentamos [&hellip;]<\/p>\n","protected":false},"author":8,"featured_media":0,"parent":0,"menu_order":0,"comment_status":"closed","ping_status":"closed","template":"","meta":{"_acf_changed":false,"site-sidebar-layout":"no-sidebar","site-content-layout":"","ast-site-content-layout":"full-width-container","site-content-style":"default","site-sidebar-style":"default","ast-global-header-display":"","ast-banner-title-visibility":"","ast-main-header-display":"","ast-hfb-above-header-display":"","ast-hfb-below-header-display":"","ast-hfb-mobile-header-display":"","site-post-title":"disabled","ast-breadcrumbs-content":"","ast-featured-img":"disabled","footer-sml-layout":"","ast-disable-related-posts":"","theme-transparent-header-meta":"default","adv-header-id-meta":"","stick-header-meta":"default","header-above-stick-meta":"","header-main-stick-meta":"","header-below-stick-meta":"","astra-migrate-meta-layouts":"set","ast-page-background-enabled":"default","ast-page-background-meta":{"desktop":{"background-color":"var(--ast-global-color-4)","background-image":"","background-repeat":"repeat","background-position":"center center","background-size":"auto","background-attachment":"scroll","background-type":"","background-media":"","overlay-type":"","overlay-color":"","overlay-opacity":"","overlay-gradient":""},"tablet":{"background-color":"","background-image":"","background-repeat":"repeat","background-position":"center center","background-size":"auto","background-attachment":"scroll","background-type":"","background-media":"","overlay-type":"","overlay-color":"","overlay-opacity":"","overlay-gradient":""},"mobile":{"background-color":"","background-image":"","background-repeat":"repeat","background-position":"center center","background-size":"auto","background-attachment":"scroll","background-type":"","background-media":"","overlay-type":"","overlay-color":"","overlay-opacity":"","overlay-gradient":""}},"ast-content-background-meta":{"desktop":{"background-color":"var(--ast-global-color-5)","background-image":"","background-repeat":"repeat","background-position":"center center","background-size":"auto","background-attachment":"scroll","background-type":"","background-media":"","overlay-type":"","overlay-color":"","overlay-opacity":"","overlay-gradient":""},"tablet":{"background-color":"var(--ast-global-color-5)","background-image":"","background-repeat":"repeat","background-position":"center center","background-size":"auto","background-attachment":"scroll","background-type":"","background-media":"","overlay-type":"","overlay-color":"","overlay-opacity":"","overlay-gradient":""},"mobile":{"background-color":"var(--ast-global-color-5)","background-image":"","background-repeat":"repeat","background-position":"center center","background-size":"auto","background-attachment":"scroll","background-type":"","background-media":"","overlay-type":"","overlay-color":"","overlay-opacity":"","overlay-gradient":""}},"footnotes":""},"class_list":["post-61858","page","type-page","status-publish","hentry"],"acf":[],"yoast_head":"<!-- This site is optimized with the Yoast SEO plugin v27.4 - https:\/\/yoast.com\/product\/yoast-seo-wordpress\/ -->\n<title>Derecho verde - UNIAGRARIA<\/title>\n<meta name=\"robots\" content=\"index, follow, max-snippet:-1, max-image-preview:large, max-video-preview:-1\" \/>\n<link rel=\"canonical\" href=\"https:\/\/uniagraria.edu.co\/es\/derecho-verde\/\" \/>\n<meta property=\"og:locale\" content=\"es_ES\" \/>\n<meta property=\"og:type\" content=\"article\" \/>\n<meta property=\"og:title\" content=\"Derecho verde - UNIAGRARIA\" \/>\n<meta property=\"og:description\" content=\"Derecho verde ISSN\u00a0\u2022 2339-4358 Florece en la Fundaci\u00f3n Universitaria Agraria de Colombia la extraordinaria capacidad de investigar, esa capacidad que tenemos los seres humanos desde cuando nos encontramos en el vientre tratando de explorar todo lo que nos rodea, crecemos con la idea de entender lo que nos circunda y cuando empezamos a madurar intentamos [&hellip;]\" \/>\n<meta property=\"og:url\" content=\"https:\/\/uniagraria.edu.co\/es\/derecho-verde\/\" \/>\n<meta property=\"og:site_name\" content=\"UNIAGRARIA\" \/>\n<meta property=\"article:publisher\" content=\"https:\/\/www.facebook.com\/uagraria\/?locale=es_LA\" \/>\n<meta property=\"article:modified_time\" content=\"2025-10-29T16:04:59+00:00\" \/>\n<meta name=\"twitter:card\" content=\"summary_large_image\" \/>\n<meta name=\"twitter:site\" content=\"@UNIAGRARIA\" \/>\n<meta name=\"twitter:label1\" content=\"Tiempo de lectura\" \/>\n\t<meta name=\"twitter:data1\" content=\"1 minuto\" \/>\n<script type=\"application\/ld+json\" class=\"yoast-schema-graph\">{\"@context\":\"https:\\\/\\\/schema.org\",\"@graph\":[{\"@type\":\"WebPage\",\"@id\":\"https:\\\/\\\/uniagraria.edu.co\\\/es\\\/derecho-verde\\\/\",\"url\":\"https:\\\/\\\/uniagraria.edu.co\\\/es\\\/derecho-verde\\\/\",\"name\":\"Derecho verde - UNIAGRARIA\",\"isPartOf\":{\"@id\":\"https:\\\/\\\/uniagraria.edu.co\\\/es\\\/#website\"},\"datePublished\":\"2025-03-27T23:11:08+00:00\",\"dateModified\":\"2025-10-29T16:04:59+00:00\",\"breadcrumb\":{\"@id\":\"https:\\\/\\\/uniagraria.edu.co\\\/es\\\/derecho-verde\\\/#breadcrumb\"},\"inLanguage\":\"es-CO\",\"potentialAction\":[{\"@type\":\"ReadAction\",\"target\":[\"https:\\\/\\\/uniagraria.edu.co\\\/es\\\/derecho-verde\\\/\"]}]},{\"@type\":\"BreadcrumbList\",\"@id\":\"https:\\\/\\\/uniagraria.edu.co\\\/es\\\/derecho-verde\\\/#breadcrumb\",\"itemListElement\":[{\"@type\":\"ListItem\",\"position\":1,\"name\":\"Inicio\",\"item\":\"https:\\\/\\\/uniagraria.edu.co\\\/es\\\/\"},{\"@type\":\"ListItem\",\"position\":2,\"name\":\"Derecho verde\"}]},{\"@type\":\"WebSite\",\"@id\":\"https:\\\/\\\/uniagraria.edu.co\\\/es\\\/#website\",\"url\":\"https:\\\/\\\/uniagraria.edu.co\\\/es\\\/\",\"name\":\"UNIAGRARIA\",\"description\":\"FUNDACION UNIVERSITARIA AGRARIA DE COLOMBIA\",\"publisher\":{\"@id\":\"https:\\\/\\\/uniagraria.edu.co\\\/es\\\/#organization\"},\"potentialAction\":[{\"@type\":\"SearchAction\",\"target\":{\"@type\":\"EntryPoint\",\"urlTemplate\":\"https:\\\/\\\/uniagraria.edu.co\\\/es\\\/?s={search_term_string}\"},\"query-input\":{\"@type\":\"PropertyValueSpecification\",\"valueRequired\":true,\"valueName\":\"search_term_string\"}}],\"inLanguage\":\"es-CO\"},{\"@type\":\"Organization\",\"@id\":\"https:\\\/\\\/uniagraria.edu.co\\\/es\\\/#organization\",\"name\":\"UNIAGRARIA\",\"url\":\"https:\\\/\\\/uniagraria.edu.co\\\/es\\\/\",\"logo\":{\"@type\":\"ImageObject\",\"inLanguage\":\"es-CO\",\"@id\":\"https:\\\/\\\/uniagraria.edu.co\\\/es\\\/#\\\/schema\\\/logo\\\/image\\\/\",\"url\":\"https:\\\/\\\/novawebmaster.com\\\/uniagraria\\\/wp-content\\\/uploads\\\/2025\\\/02\\\/LogoUa2023Vertical.png\",\"contentUrl\":\"https:\\\/\\\/novawebmaster.com\\\/uniagraria\\\/wp-content\\\/uploads\\\/2025\\\/02\\\/LogoUa2023Vertical.png\",\"width\":3300,\"height\":2550,\"caption\":\"UNIAGRARIA\"},\"image\":{\"@id\":\"https:\\\/\\\/uniagraria.edu.co\\\/es\\\/#\\\/schema\\\/logo\\\/image\\\/\"},\"sameAs\":[\"https:\\\/\\\/www.facebook.com\\\/uagraria\\\/?locale=es_LA\",\"https:\\\/\\\/x.com\\\/UNIAGRARIA\",\"https:\\\/\\\/www.instagram.com\\\/uniagraria\\\/profilecard\\\/?igsh=MXI2bTFlMWsxNzNjOA\",\"https:\\\/\\\/www.tiktok.com\\\/discover\\\/uniagraria?lang=es\",\"https:\\\/\\\/www.linkedin.com\\\/school\\\/uniagraria\\\/?originalSubdomain=co\",\"https:\\\/\\\/www.youtube.com\\\/user\\\/UniagrariaUverde?themeRefresh=1\",\"https:\\\/\\\/api.whatsapp.com\\\/send?phone=3134230649\"]}]}<\/script>\n<!-- \/ Yoast SEO plugin. -->","yoast_head_json":{"title":"Derecho verde - UNIAGRARIA","robots":{"index":"index","follow":"follow","max-snippet":"max-snippet:-1","max-image-preview":"max-image-preview:large","max-video-preview":"max-video-preview:-1"},"canonical":"https:\/\/uniagraria.edu.co\/es\/derecho-verde\/","og_locale":"es_ES","og_type":"article","og_title":"Derecho verde - UNIAGRARIA","og_description":"Derecho verde ISSN\u00a0\u2022 2339-4358 Florece en la Fundaci\u00f3n Universitaria Agraria de Colombia la extraordinaria capacidad de investigar, esa capacidad que tenemos los seres humanos desde cuando nos encontramos en el vientre tratando de explorar todo lo que nos rodea, crecemos con la idea de entender lo que nos circunda y cuando empezamos a madurar intentamos [&hellip;]","og_url":"https:\/\/uniagraria.edu.co\/es\/derecho-verde\/","og_site_name":"UNIAGRARIA","article_publisher":"https:\/\/www.facebook.com\/uagraria\/?locale=es_LA","article_modified_time":"2025-10-29T16:04:59+00:00","twitter_card":"summary_large_image","twitter_site":"@UNIAGRARIA","twitter_misc":{"Tiempo de lectura":"1 minuto"},"schema":{"@context":"https:\/\/schema.org","@graph":[{"@type":"WebPage","@id":"https:\/\/uniagraria.edu.co\/es\/derecho-verde\/","url":"https:\/\/uniagraria.edu.co\/es\/derecho-verde\/","name":"Derecho verde - UNIAGRARIA","isPartOf":{"@id":"https:\/\/uniagraria.edu.co\/es\/#website"},"datePublished":"2025-03-27T23:11:08+00:00","dateModified":"2025-10-29T16:04:59+00:00","breadcrumb":{"@id":"https:\/\/uniagraria.edu.co\/es\/derecho-verde\/#breadcrumb"},"inLanguage":"es-CO","potentialAction":[{"@type":"ReadAction","target":["https:\/\/uniagraria.edu.co\/es\/derecho-verde\/"]}]},{"@type":"BreadcrumbList","@id":"https:\/\/uniagraria.edu.co\/es\/derecho-verde\/#breadcrumb","itemListElement":[{"@type":"ListItem","position":1,"name":"Inicio","item":"https:\/\/uniagraria.edu.co\/es\/"},{"@type":"ListItem","position":2,"name":"Derecho verde"}]},{"@type":"WebSite","@id":"https:\/\/uniagraria.edu.co\/es\/#website","url":"https:\/\/uniagraria.edu.co\/es\/","name":"UNIAGRARIA","description":"FUNDACION UNIVERSITARIA AGRARIA DE COLOMBIA","publisher":{"@id":"https:\/\/uniagraria.edu.co\/es\/#organization"},"potentialAction":[{"@type":"SearchAction","target":{"@type":"EntryPoint","urlTemplate":"https:\/\/uniagraria.edu.co\/es\/?s={search_term_string}"},"query-input":{"@type":"PropertyValueSpecification","valueRequired":true,"valueName":"search_term_string"}}],"inLanguage":"es-CO"},{"@type":"Organization","@id":"https:\/\/uniagraria.edu.co\/es\/#organization","name":"UNIAGRARIA","url":"https:\/\/uniagraria.edu.co\/es\/","logo":{"@type":"ImageObject","inLanguage":"es-CO","@id":"https:\/\/uniagraria.edu.co\/es\/#\/schema\/logo\/image\/","url":"https:\/\/novawebmaster.com\/uniagraria\/wp-content\/uploads\/2025\/02\/LogoUa2023Vertical.png","contentUrl":"https:\/\/novawebmaster.com\/uniagraria\/wp-content\/uploads\/2025\/02\/LogoUa2023Vertical.png","width":3300,"height":2550,"caption":"UNIAGRARIA"},"image":{"@id":"https:\/\/uniagraria.edu.co\/es\/#\/schema\/logo\/image\/"},"sameAs":["https:\/\/www.facebook.com\/uagraria\/?locale=es_LA","https:\/\/x.com\/UNIAGRARIA","https:\/\/www.instagram.com\/uniagraria\/profilecard\/?igsh=MXI2bTFlMWsxNzNjOA","https:\/\/www.tiktok.com\/discover\/uniagraria?lang=es","https:\/\/www.linkedin.com\/school\/uniagraria\/?originalSubdomain=co","https:\/\/www.youtube.com\/user\/UniagrariaUverde?themeRefresh=1","https:\/\/api.whatsapp.com\/send?phone=3134230649"]}]}},"_links":{"self":[{"href":"https:\/\/uniagraria.edu.co\/es\/wp-json\/wp\/v2\/pages\/61858","targetHints":{"allow":["GET"]}}],"collection":[{"href":"https:\/\/uniagraria.edu.co\/es\/wp-json\/wp\/v2\/pages"}],"about":[{"href":"https:\/\/uniagraria.edu.co\/es\/wp-json\/wp\/v2\/types\/page"}],"author":[{"embeddable":true,"href":"https:\/\/uniagraria.edu.co\/es\/wp-json\/wp\/v2\/users\/8"}],"replies":[{"embeddable":true,"href":"https:\/\/uniagraria.edu.co\/es\/wp-json\/wp\/v2\/comments?post=61858"}],"version-history":[{"count":6,"href":"https:\/\/uniagraria.edu.co\/es\/wp-json\/wp\/v2\/pages\/61858\/revisions"}],"predecessor-version":[{"id":78495,"href":"https:\/\/uniagraria.edu.co\/es\/wp-json\/wp\/v2\/pages\/61858\/revisions\/78495"}],"wp:attachment":[{"href":"https:\/\/uniagraria.edu.co\/es\/wp-json\/wp\/v2\/media?parent=61858"}],"curies":[{"name":"wp","href":"https:\/\/api.w.org\/{rel}","templated":true}]}}