{"id":61883,"date":"2025-03-27T18:35:29","date_gmt":"2025-03-27T23:35:29","guid":{"rendered":"https:\/\/novawebmaster.com\/uniagraria\/?page_id=61883"},"modified":"2025-05-23T15:12:07","modified_gmt":"2025-05-23T20:12:07","slug":"journal-of-research-in-engineering-sciences","status":"publish","type":"page","link":"https:\/\/uniagraria.edu.co\/es\/journal-of-research-in-engineering-sciences\/","title":{"rendered":"Journal of research in engineering sciences"},"content":{"rendered":"\t\t<div data-elementor-type=\"wp-page\" data-elementor-id=\"61883\" class=\"elementor elementor-61883\" data-elementor-post-type=\"page\">\n\t\t\t\t<div class=\"elementor-element elementor-element-2cde528a e-con-full e-flex e-con e-parent\" data-id=\"2cde528a\" data-element_type=\"container\" data-e-type=\"container\" data-settings=\"{&quot;background_background&quot;:&quot;classic&quot;}\">\n\t\t<div class=\"elementor-element elementor-element-4ecbc681 e-flex e-con-boxed e-con e-child\" data-id=\"4ecbc681\" data-element_type=\"container\" data-e-type=\"container\">\n\t\t\t\t\t<div class=\"e-con-inner\">\n\t\t<div class=\"elementor-element elementor-element-7bdd56b8 e-con-full e-flex e-con e-child\" data-id=\"7bdd56b8\" data-element_type=\"container\" data-e-type=\"container\">\n\t\t\t\t<div class=\"elementor-element elementor-element-3e6a6b8d elementor-widget elementor-widget-heading\" data-id=\"3e6a6b8d\" data-element_type=\"widget\" data-e-type=\"widget\" data-widget_type=\"heading.default\">\n\t\t\t\t<div class=\"elementor-widget-container\">\n\t\t\t\t\t<h2 class=\"elementor-heading-title elementor-size-default\">Direccionamiento emprendedor<\/h2>\t\t\t\t<\/div>\n\t\t\t\t<\/div>\n\t\t\t\t<div class=\"elementor-element elementor-element-05810ba elementor-widget elementor-widget-text-editor\" data-id=\"05810ba\" data-element_type=\"widget\" data-e-type=\"widget\" data-widget_type=\"text-editor.default\">\n\t\t\t\t<div class=\"elementor-widget-container\">\n\t\t\t\t\t\t\t\t\t<p><strong>ISSN<\/strong>\u00a0\u2022 2619-5437<\/p>\t\t\t\t\t\t\t\t<\/div>\n\t\t\t\t<\/div>\n\t\t\t\t<div class=\"elementor-element elementor-element-33d2fb4 elementor-widget elementor-widget-text-editor\" data-id=\"33d2fb4\" data-element_type=\"widget\" data-e-type=\"widget\" data-widget_type=\"text-editor.default\">\n\t\t\t\t<div class=\"elementor-widget-container\">\n\t\t\t\t\t\t\t\t\t<h2><span style=\"color: #008080;\"><strong>Presentaci\u00f3n de la Revista<\/strong><\/span><\/h2>\n<p><span style=\"color: #000000;\">El acelerado desarrollo de la ciencia y la tecnolog\u00eda condiciona la incesante b\u00fasqueda de altos niveles de eficiencia y eficacia en la resoluci\u00f3n de problem\u00e1ticas que emergen en diversas actividades de la sociedad. Es en este contexto que surge el Journal of Research in Engineering Sciences, un espacio dedicado a la divulgaci\u00f3n de conocimientos especializados generados a trav\u00e9s de la actividad cient\u00edfico-t\u00e9cnica en el campo de la ingenier\u00eda.<\/span><\/p>\n<p><span style=\"color: #000000;\">El Journal of Research in Engineering Sciences aborda la ingenier\u00eda no solo como el \u00e1mbito de aplicaci\u00f3n de conocimientos establecidos para el dise\u00f1o, construcci\u00f3n, operaci\u00f3n y modificaci\u00f3n de instalaciones y plantas productivas, as\u00ed como de procesos y procedimientos en cadenas productivas, sino que tambi\u00e9n busca ofrecer una visi\u00f3n m\u00e1s amplia de este concepto. En este sentido, la revista destaca su enfoque en estudios que promuevan la sustentabilidad ambiental y el desarrollo regional con un enfoque territorial, consider\u00e1ndolos pilares esenciales para un desarrollo social integral.<\/span><\/p>\n<p><span style=\"color: #000000;\">Para esta publicaci\u00f3n y para los investigadores que la eligen como medio de divulgaci\u00f3n de sus logros, la ingenier\u00eda se presenta como una base fundamental a nivel cient\u00edfico, capaz de contribuir decisivamente y estar estrechamente vinculada al proceso de innovaci\u00f3n tecnol\u00f3gica y generaci\u00f3n de nuevos conocimientos. En este marco, el dise\u00f1o se constituye como la piedra angular de la ingenier\u00eda, y los ingenieros, como agentes del progreso, son quienes proponen problemas y siguen el proceso de dise\u00f1o para construir sistemas que conduzcan a su soluci\u00f3n.<\/span><\/p>\n<p><strong>Tem\u00e1ticas de inter\u00e9s para la revista JRES<\/strong><\/p>\n<p><span style=\"color: #000000;\">En la revista Journal of Research in Engineering Sciences se pueden publicar art\u00edculos que relacionen temas dentro de las siguientes ramas de la Ingenier\u00eda:<\/span><\/p>\n<ul>\n<li><span style=\"color: #000000;\">Ingenier\u00eda Agroindustrial.<\/span><\/li>\n<li><span style=\"color: #000000;\">Ingenier\u00eda Ambiental.<\/span><\/li>\n<li><span style=\"color: #000000;\">Ingenier\u00eda de alimentos.<\/span><\/li>\n<li><span style=\"color: #000000;\">Ingenier\u00eda Civil.<\/span><\/li>\n<li><span style=\"color: #000000;\">Ingenier\u00eda Industrial.<\/span><\/li>\n<li><span style=\"color: #000000;\">Ingenier\u00eda Mecatr\u00f3nica.<\/span><\/li>\n<\/ul>\n<h2><span style=\"color: #008080;\"><strong>Tipos de art\u00edculos<\/strong><\/span><\/h2>\n<p><span style=\"color: #000000;\">Los trabajos que se presenten deben ser originales, in\u00e9ditos, no estar a consideraci\u00f3n de otra revista y su contenido debe ser responsabilidad exclusiva de los autores, sin comprometer en forma alguna a la revista. As\u00ed mismo, en ella se podr\u00e1n publicar en ingl\u00e9s, los trabajos originalmente escritos en esa lengua, aunque el idioma oficial de la revista es el espa\u00f1ol. Se debe especificar a qu\u00e9 tipo de art\u00edculo corresponde la propuesta:<\/span><\/p>\n<ul>\n<li><span style=\"color: #000000;\"><strong>Art\u00edculo de investigaci\u00f3n cient\u00edfica y tecnol\u00f3gica:<\/strong>&nbsp;documento que presenta, de manera detallada, los resultados originales de proyectos de investigaci\u00f3n. La estructura generalmente utilizada contiene cuatro apartes importantes: introducci\u00f3n, metodolog\u00eda, resultados y discusiones, conclusiones. Este tipo de art\u00edculo no debes exceder en 8,000 palabras y un total de 15 tablas y figuras. Verificar que no se presente informaci\u00f3n repetida en una tabla y en una figura.<\/span><\/li>\n<li><span style=\"color: #000000;\"><strong>Art\u00edculo de reflexi\u00f3n:<\/strong>&nbsp;documento que presenta resultados de investigaci\u00f3n desde una perspectiva anal\u00edtica, interpretativa o cr\u00edtica del autor, acerca de un tema espec\u00edfico, recurriendo a fuentes originales.<\/span><\/li>\n<li><span style=\"color: #000000;\"><strong>Art\u00edculo de revisi\u00f3n:&nbsp;<\/strong>documento resultado de una investigaci\u00f3n donde se analizan, sistematizan e integran los resultados de investigaciones publicadas o no publicadas, sobre un campo de la ingenier\u00eda, haciendo \u00e9nfasis en la sustentabilidad ambiental y en el desarrollo regional con enfoque territorial. Lo anterior, con el fin de dar cuenta de los avances y las tendencias de desarrollo. Se caracteriza por presentar una cuidadosa revisi\u00f3n bibliogr\u00e1fica de al menos, 50 referencias. El m\u00e1ximo de palabras para este tipo de documento es 20.000 (excluyendo las referencias) y no debe contener m\u00e1s de 10 tablas y figuras.<\/span><\/li>\n<\/ul>\n<h2><span style=\"color: #008080;\"><strong>Contacto para publicaciones:<\/strong><\/span><\/h2>\n<p><span style=\"color: #000000;\">Los trabajos y la correspondencia pueden ser enviados al editor a la siguiente direcci\u00f3n:<\/span><\/p>\n<dl>\n<dt><span style=\"color: #000000;\"><strong>Editor Journal of Research in Engineering Sciences &#8211; JERS.<\/strong><\/span><\/dt>\n<dd><span style=\"color: #000000;\"><strong>E-mail:<\/strong>&nbsp;journalofresearch@uniagraria.edu.co<\/span><\/dd>\n<dd><span style=\"color: #000000;\"><strong>Tel\u00e9fono:<\/strong>&nbsp;57 (1) 6671515 ext. 158.<\/span><\/dd>\n<dd><span style=\"color: #000000;\"><strong>Facultad de Ingenier\u00eda.<\/strong><\/span><\/dd>\n<dd><span style=\"color: #000000;\"><strong>Fundaci\u00f3n Universitaria Agraria de Colombia- Uniagraria.<\/strong><\/span><\/dd>\n<dd><span style=\"color: #000000;\"><strong>Calle 170 No. 54A &#8211; 10, Villa del Prado. Bogot\u00e1, Colombia.<\/strong><\/span><\/dd>\n<\/dl>\n<h2><span style=\"color: #008080;\"><strong>Gu\u00edas para los autores<\/strong><\/span><\/h2>\n<p><span style=\"color: #000000;\">Insertar los documentos adjuntos en el correo:<\/span><\/p>\n<ul>\n<li><span style=\"color: #000000;\">Normas para los<\/span>&nbsp;<strong><a href=\"https:\/\/www.uniagraria.edu.co\/wp-content\/uploads\/2024\/05\/PlantillaDeArticulo-NormasParaLosAautores.pdf\" target=\"_blank\" rel=\"noopener\">autores plantilla<\/a><\/strong>.<\/li>\n<li><span style=\"color: #000000;\">Declaraci\u00f3n de originalidad.<\/span><\/li>\n<\/ul>\n<p><span style=\"color: #000000;\">Su finalidad es ser un espacio de reflexi\u00f3n en el cual se podr\u00e1 evidenciar la actividad emprendedora y empresarial, como la construcci\u00f3n acad\u00e9mica de conocimiento a partir de la investigaci\u00f3n y desarrollo de art\u00edculos base de nuestras publicaciones institucionales.<\/span><\/p>\n<p><span style=\"color: #000000;\">La revista&nbsp;<em>Direccionamiento Emprendedor<\/em>&nbsp;seguir\u00e1 siendo el medio para dar a conocer la din\u00e1mica empresarial y emprendedora de la comunidad uniagrarista, donde nuestros emprendedores, a partir de sus procesos de formaci\u00f3n integral, ven en la innovaci\u00f3n y creatividad diversas formas para crear nuevos modelos de negocio.<\/span><\/p>\n<p><span style=\"color: #000000;\">Debido a la importancia que el emprendimiento tiene para los pa\u00edses, es necesario aprovechar las oportunidades que proponen los nuevos mercados, las tendencias y el apoyo de diferentes entidades, as\u00ed como la obtenci\u00f3n de capital semilla. Sin embargo, lo m\u00e1s importante en este sentido es destacar c\u00f3mo los sue\u00f1os se hacen realidad, cuando cambiamos la forma de pensar y actuar, creando empresas sostenibles, a trav\u00e9s del tiempo, como las experiencias que se comparten en este volumen.<\/span><\/p>\n<p><span style=\"color: #000000;\">Por tanto, un mundo globalizado brinda la alternativa de conocer, aprender, emprender y construir intraemprendimientos que impacten la vida de otros. Es ah\u00ed, donde Uniagraria entiende la importancia de unir esfuerzos para la construcci\u00f3n de un pa\u00eds diferente, que cree en cambiar el mundo, por medio del desarrollo de los sectores, las regiones y la conservaci\u00f3n del medio ambiente. Todo esto es posible cuando potencializamos el concept de emprendimiento y su tipolog\u00eda.<\/span><\/p>\t\t\t\t\t\t\t\t<\/div>\n\t\t\t\t<\/div>\n\t\t\t\t<\/div>\n\t\t\t\t\t<\/div>\n\t\t\t\t<\/div>\n\t\t<div class=\"elementor-element elementor-element-58f2ded2 e-flex e-con-boxed e-con e-child\" data-id=\"58f2ded2\" data-element_type=\"container\" data-e-type=\"container\">\n\t\t\t\t\t<div class=\"e-con-inner\">\n\t\t<div class=\"elementor-element elementor-element-d941bf8 e-con-full e-flex e-con e-child\" data-id=\"d941bf8\" data-element_type=\"container\" data-e-type=\"container\" data-settings=\"{&quot;background_background&quot;:&quot;classic&quot;}\">\n\t\t<div class=\"elementor-element elementor-element-806fe21 e-con-full e-flex e-con e-child\" data-id=\"806fe21\" data-element_type=\"container\" data-e-type=\"container\">\n\t\t\t\t<div class=\"elementor-element elementor-element-0ce03ae elementor-widget elementor-widget-text-editor\" data-id=\"0ce03ae\" data-element_type=\"widget\" data-e-type=\"widget\" data-widget_type=\"text-editor.default\">\n\t\t\t\t<div class=\"elementor-widget-container\">\n\t\t\t\t\t\t\t\t\t<table class=\"uk-table uk-table-small uk-table-divider uk-table-middle\" style=\"width: 92.823%; height: 214px;\"><tbody><tr style=\"height: 0px;\"><td style=\"height: 53px;\"><span style=\"color: #000000;\"><a style=\"color: #000000;\" href=\"https:\/\/uniagraria.edu.co\/wp-content\/uploads\/2025\/03\/JOURNAL-VOL-1.pdf\">Volumen 1\u00a0<\/a><\/span><\/td><\/tr><tr style=\"height: 53px;\"><td class=\"uk-text-center uk-text-left@s\" style=\"height: 53px;\"><span style=\"color: #000000;\"><a style=\"color: #000000;\" href=\"https:\/\/uniagraria.edu.co\/wp-content\/uploads\/2025\/03\/JOURNAL-VOL-2.pdf\">Volumen 2<\/a><\/span><\/td><\/tr><tr style=\"height: 53px;\"><td class=\"uk-text-center uk-text-left@s\" style=\"height: 55px;\"><span style=\"color: #000000;\"><a style=\"color: #000000;\" href=\"https:\/\/uniagraria.edu.co\/wp-content\/uploads\/2025\/03\/JOURNAL-VOL-3.pdf\">Volumen 3<\/a><\/span><\/td><\/tr><tr style=\"height: 53px;\"><td style=\"height: 53px;\"><span style=\"color: #808080;\"><span style=\"color: #000000;\"><a style=\"color: #000000;\" href=\"https:\/\/uniagraria.edu.co\/wp-content\/uploads\/2025\/03\/JOURNAL-VOL-4.pdf\">Volumen 4<\/a><\/span><\/span><\/td><\/tr><\/tbody><\/table>\t\t\t\t\t\t\t\t<\/div>\n\t\t\t\t<\/div>\n\t\t\t\t<\/div>\n\t\t\t\t<\/div>\n\t\t\t\t\t<\/div>\n\t\t\t\t<\/div>\n\t\t\t\t<\/div>\n\t\t\t\t<\/div>\n\t\t","protected":false},"excerpt":{"rendered":"<p>Direccionamiento emprendedor ISSN\u00a0\u2022 2619-5437 Presentaci\u00f3n de la Revista El acelerado desarrollo de la ciencia y la tecnolog\u00eda condiciona la incesante b\u00fasqueda de altos niveles de eficiencia y eficacia en la resoluci\u00f3n de problem\u00e1ticas que emergen en diversas actividades de la sociedad. Es en este contexto que surge el Journal of Research in Engineering Sciences, un [&hellip;]<\/p>\n","protected":false},"author":8,"featured_media":0,"parent":0,"menu_order":0,"comment_status":"closed","ping_status":"closed","template":"","meta":{"_acf_changed":false,"site-sidebar-layout":"no-sidebar","site-content-layout":"","ast-site-content-layout":"full-width-container","site-content-style":"default","site-sidebar-style":"default","ast-global-header-display":"","ast-banner-title-visibility":"","ast-main-header-display":"","ast-hfb-above-header-display":"","ast-hfb-below-header-display":"","ast-hfb-mobile-header-display":"","site-post-title":"disabled","ast-breadcrumbs-content":"","ast-featured-img":"disabled","footer-sml-layout":"","ast-disable-related-posts":"","theme-transparent-header-meta":"default","adv-header-id-meta":"","stick-header-meta":"default","header-above-stick-meta":"","header-main-stick-meta":"","header-below-stick-meta":"","astra-migrate-meta-layouts":"set","ast-page-background-enabled":"default","ast-page-background-meta":{"desktop":{"background-color":"var(--ast-global-color-4)","background-image":"","background-repeat":"repeat","background-position":"center center","background-size":"auto","background-attachment":"scroll","background-type":"","background-media":"","overlay-type":"","overlay-color":"","overlay-opacity":"","overlay-gradient":""},"tablet":{"background-color":"","background-image":"","background-repeat":"repeat","background-position":"center center","background-size":"auto","background-attachment":"scroll","background-type":"","background-media":"","overlay-type":"","overlay-color":"","overlay-opacity":"","overlay-gradient":""},"mobile":{"background-color":"","background-image":"","background-repeat":"repeat","background-position":"center center","background-size":"auto","background-attachment":"scroll","background-type":"","background-media":"","overlay-type":"","overlay-color":"","overlay-opacity":"","overlay-gradient":""}},"ast-content-background-meta":{"desktop":{"background-color":"var(--ast-global-color-5)","background-image":"","background-repeat":"repeat","background-position":"center center","background-size":"auto","background-attachment":"scroll","background-type":"","background-media":"","overlay-type":"","overlay-color":"","overlay-opacity":"","overlay-gradient":""},"tablet":{"background-color":"var(--ast-global-color-5)","background-image":"","background-repeat":"repeat","background-position":"center center","background-size":"auto","background-attachment":"scroll","background-type":"","background-media":"","overlay-type":"","overlay-color":"","overlay-opacity":"","overlay-gradient":""},"mobile":{"background-color":"var(--ast-global-color-5)","background-image":"","background-repeat":"repeat","background-position":"center center","background-size":"auto","background-attachment":"scroll","background-type":"","background-media":"","overlay-type":"","overlay-color":"","overlay-opacity":"","overlay-gradient":""}},"footnotes":""},"class_list":["post-61883","page","type-page","status-publish","hentry"],"acf":[],"yoast_head":"<!-- This site is optimized with the Yoast SEO plugin v27.2 - https:\/\/yoast.com\/product\/yoast-seo-wordpress\/ -->\n<title>Journal of research in engineering sciences - UNIAGRARIA<\/title>\n<meta name=\"robots\" content=\"index, follow, max-snippet:-1, max-image-preview:large, max-video-preview:-1\" \/>\n<link rel=\"canonical\" href=\"https:\/\/uniagraria.edu.co\/es\/journal-of-research-in-engineering-sciences\/\" \/>\n<meta property=\"og:locale\" content=\"es_ES\" \/>\n<meta property=\"og:type\" content=\"article\" \/>\n<meta property=\"og:title\" content=\"Journal of research in engineering sciences - UNIAGRARIA\" \/>\n<meta property=\"og:description\" content=\"Direccionamiento emprendedor ISSN\u00a0\u2022 2619-5437 Presentaci\u00f3n de la Revista El acelerado desarrollo de la ciencia y la tecnolog\u00eda condiciona la incesante b\u00fasqueda de altos niveles de eficiencia y eficacia en la resoluci\u00f3n de problem\u00e1ticas que emergen en diversas actividades de la sociedad. Es en este contexto que surge el Journal of Research in Engineering Sciences, un [&hellip;]\" \/>\n<meta property=\"og:url\" content=\"https:\/\/uniagraria.edu.co\/es\/journal-of-research-in-engineering-sciences\/\" \/>\n<meta property=\"og:site_name\" content=\"UNIAGRARIA\" \/>\n<meta property=\"article:publisher\" content=\"https:\/\/www.facebook.com\/uagraria\/?locale=es_LA\" \/>\n<meta property=\"article:modified_time\" content=\"2025-05-23T20:12:07+00:00\" \/>\n<meta name=\"twitter:card\" content=\"summary_large_image\" \/>\n<meta name=\"twitter:site\" content=\"@UNIAGRARIA\" \/>\n<meta name=\"twitter:label1\" content=\"Tiempo de lectura\" \/>\n\t<meta name=\"twitter:data1\" content=\"5 minutos\" \/>\n<script type=\"application\/ld+json\" class=\"yoast-schema-graph\">{\"@context\":\"https:\/\/schema.org\",\"@graph\":[{\"@type\":\"WebPage\",\"@id\":\"https:\/\/uniagraria.edu.co\/es\/journal-of-research-in-engineering-sciences\/\",\"url\":\"https:\/\/uniagraria.edu.co\/es\/journal-of-research-in-engineering-sciences\/\",\"name\":\"Journal of research in engineering sciences - UNIAGRARIA\",\"isPartOf\":{\"@id\":\"https:\/\/uniagraria.edu.co\/es\/#website\"},\"datePublished\":\"2025-03-27T23:35:29+00:00\",\"dateModified\":\"2025-05-23T20:12:07+00:00\",\"breadcrumb\":{\"@id\":\"https:\/\/uniagraria.edu.co\/es\/journal-of-research-in-engineering-sciences\/#breadcrumb\"},\"inLanguage\":\"es-CO\",\"potentialAction\":[{\"@type\":\"ReadAction\",\"target\":[\"https:\/\/uniagraria.edu.co\/es\/journal-of-research-in-engineering-sciences\/\"]}]},{\"@type\":\"BreadcrumbList\",\"@id\":\"https:\/\/uniagraria.edu.co\/es\/journal-of-research-in-engineering-sciences\/#breadcrumb\",\"itemListElement\":[{\"@type\":\"ListItem\",\"position\":1,\"name\":\"Inicio\",\"item\":\"https:\/\/uniagraria.edu.co\/es\/\"},{\"@type\":\"ListItem\",\"position\":2,\"name\":\"Journal of research in engineering sciences\"}]},{\"@type\":\"WebSite\",\"@id\":\"https:\/\/uniagraria.edu.co\/es\/#website\",\"url\":\"https:\/\/uniagraria.edu.co\/es\/\",\"name\":\"UNIAGRARIA\",\"description\":\"FUNDACION UNIVERSITARIA AGRARIA DE COLOMBIA\",\"publisher\":{\"@id\":\"https:\/\/uniagraria.edu.co\/es\/#organization\"},\"potentialAction\":[{\"@type\":\"SearchAction\",\"target\":{\"@type\":\"EntryPoint\",\"urlTemplate\":\"https:\/\/uniagraria.edu.co\/es\/?s={search_term_string}\"},\"query-input\":{\"@type\":\"PropertyValueSpecification\",\"valueRequired\":true,\"valueName\":\"search_term_string\"}}],\"inLanguage\":\"es-CO\"},{\"@type\":\"Organization\",\"@id\":\"https:\/\/uniagraria.edu.co\/es\/#organization\",\"name\":\"UNIAGRARIA\",\"url\":\"https:\/\/uniagraria.edu.co\/es\/\",\"logo\":{\"@type\":\"ImageObject\",\"inLanguage\":\"es-CO\",\"@id\":\"https:\/\/uniagraria.edu.co\/es\/#\/schema\/logo\/image\/\",\"url\":\"https:\/\/novawebmaster.com\/uniagraria\/wp-content\/uploads\/2025\/02\/LogoUa2023Vertical.png\",\"contentUrl\":\"https:\/\/novawebmaster.com\/uniagraria\/wp-content\/uploads\/2025\/02\/LogoUa2023Vertical.png\",\"width\":3300,\"height\":2550,\"caption\":\"UNIAGRARIA\"},\"image\":{\"@id\":\"https:\/\/uniagraria.edu.co\/es\/#\/schema\/logo\/image\/\"},\"sameAs\":[\"https:\/\/www.facebook.com\/uagraria\/?locale=es_LA\",\"https:\/\/x.com\/UNIAGRARIA\",\"https:\/\/www.instagram.com\/uniagraria\/profilecard\/?igsh=MXI2bTFlMWsxNzNjOA\",\"https:\/\/www.tiktok.com\/discover\/uniagraria?lang=es\",\"https:\/\/www.linkedin.com\/school\/uniagraria\/?originalSubdomain=co\",\"https:\/\/www.youtube.com\/user\/UniagrariaUverde?themeRefresh=1\",\"https:\/\/api.whatsapp.com\/send?phone=3134230649\"]}]}<\/script>\n<!-- \/ Yoast SEO plugin. -->","yoast_head_json":{"title":"Journal of research in engineering sciences - UNIAGRARIA","robots":{"index":"index","follow":"follow","max-snippet":"max-snippet:-1","max-image-preview":"max-image-preview:large","max-video-preview":"max-video-preview:-1"},"canonical":"https:\/\/uniagraria.edu.co\/es\/journal-of-research-in-engineering-sciences\/","og_locale":"es_ES","og_type":"article","og_title":"Journal of research in engineering sciences - UNIAGRARIA","og_description":"Direccionamiento emprendedor ISSN\u00a0\u2022 2619-5437 Presentaci\u00f3n de la Revista El acelerado desarrollo de la ciencia y la tecnolog\u00eda condiciona la incesante b\u00fasqueda de altos niveles de eficiencia y eficacia en la resoluci\u00f3n de problem\u00e1ticas que emergen en diversas actividades de la sociedad. Es en este contexto que surge el Journal of Research in Engineering Sciences, un [&hellip;]","og_url":"https:\/\/uniagraria.edu.co\/es\/journal-of-research-in-engineering-sciences\/","og_site_name":"UNIAGRARIA","article_publisher":"https:\/\/www.facebook.com\/uagraria\/?locale=es_LA","article_modified_time":"2025-05-23T20:12:07+00:00","twitter_card":"summary_large_image","twitter_site":"@UNIAGRARIA","twitter_misc":{"Tiempo de lectura":"5 minutos"},"schema":{"@context":"https:\/\/schema.org","@graph":[{"@type":"WebPage","@id":"https:\/\/uniagraria.edu.co\/es\/journal-of-research-in-engineering-sciences\/","url":"https:\/\/uniagraria.edu.co\/es\/journal-of-research-in-engineering-sciences\/","name":"Journal of research in engineering sciences - UNIAGRARIA","isPartOf":{"@id":"https:\/\/uniagraria.edu.co\/es\/#website"},"datePublished":"2025-03-27T23:35:29+00:00","dateModified":"2025-05-23T20:12:07+00:00","breadcrumb":{"@id":"https:\/\/uniagraria.edu.co\/es\/journal-of-research-in-engineering-sciences\/#breadcrumb"},"inLanguage":"es-CO","potentialAction":[{"@type":"ReadAction","target":["https:\/\/uniagraria.edu.co\/es\/journal-of-research-in-engineering-sciences\/"]}]},{"@type":"BreadcrumbList","@id":"https:\/\/uniagraria.edu.co\/es\/journal-of-research-in-engineering-sciences\/#breadcrumb","itemListElement":[{"@type":"ListItem","position":1,"name":"Inicio","item":"https:\/\/uniagraria.edu.co\/es\/"},{"@type":"ListItem","position":2,"name":"Journal of research in engineering sciences"}]},{"@type":"WebSite","@id":"https:\/\/uniagraria.edu.co\/es\/#website","url":"https:\/\/uniagraria.edu.co\/es\/","name":"UNIAGRARIA","description":"FUNDACION UNIVERSITARIA AGRARIA DE COLOMBIA","publisher":{"@id":"https:\/\/uniagraria.edu.co\/es\/#organization"},"potentialAction":[{"@type":"SearchAction","target":{"@type":"EntryPoint","urlTemplate":"https:\/\/uniagraria.edu.co\/es\/?s={search_term_string}"},"query-input":{"@type":"PropertyValueSpecification","valueRequired":true,"valueName":"search_term_string"}}],"inLanguage":"es-CO"},{"@type":"Organization","@id":"https:\/\/uniagraria.edu.co\/es\/#organization","name":"UNIAGRARIA","url":"https:\/\/uniagraria.edu.co\/es\/","logo":{"@type":"ImageObject","inLanguage":"es-CO","@id":"https:\/\/uniagraria.edu.co\/es\/#\/schema\/logo\/image\/","url":"https:\/\/novawebmaster.com\/uniagraria\/wp-content\/uploads\/2025\/02\/LogoUa2023Vertical.png","contentUrl":"https:\/\/novawebmaster.com\/uniagraria\/wp-content\/uploads\/2025\/02\/LogoUa2023Vertical.png","width":3300,"height":2550,"caption":"UNIAGRARIA"},"image":{"@id":"https:\/\/uniagraria.edu.co\/es\/#\/schema\/logo\/image\/"},"sameAs":["https:\/\/www.facebook.com\/uagraria\/?locale=es_LA","https:\/\/x.com\/UNIAGRARIA","https:\/\/www.instagram.com\/uniagraria\/profilecard\/?igsh=MXI2bTFlMWsxNzNjOA","https:\/\/www.tiktok.com\/discover\/uniagraria?lang=es","https:\/\/www.linkedin.com\/school\/uniagraria\/?originalSubdomain=co","https:\/\/www.youtube.com\/user\/UniagrariaUverde?themeRefresh=1","https:\/\/api.whatsapp.com\/send?phone=3134230649"]}]}},"_links":{"self":[{"href":"https:\/\/uniagraria.edu.co\/es\/wp-json\/wp\/v2\/pages\/61883","targetHints":{"allow":["GET"]}}],"collection":[{"href":"https:\/\/uniagraria.edu.co\/es\/wp-json\/wp\/v2\/pages"}],"about":[{"href":"https:\/\/uniagraria.edu.co\/es\/wp-json\/wp\/v2\/types\/page"}],"author":[{"embeddable":true,"href":"https:\/\/uniagraria.edu.co\/es\/wp-json\/wp\/v2\/users\/8"}],"replies":[{"embeddable":true,"href":"https:\/\/uniagraria.edu.co\/es\/wp-json\/wp\/v2\/comments?post=61883"}],"version-history":[{"count":3,"href":"https:\/\/uniagraria.edu.co\/es\/wp-json\/wp\/v2\/pages\/61883\/revisions"}],"predecessor-version":[{"id":69798,"href":"https:\/\/uniagraria.edu.co\/es\/wp-json\/wp\/v2\/pages\/61883\/revisions\/69798"}],"wp:attachment":[{"href":"https:\/\/uniagraria.edu.co\/es\/wp-json\/wp\/v2\/media?parent=61883"}],"curies":[{"name":"wp","href":"https:\/\/api.w.org\/{rel}","templated":true}]}}