{"id":62839,"date":"2025-04-07T20:03:24","date_gmt":"2025-04-08T01:03:24","guid":{"rendered":"https:\/\/novawebmaster.com\/uniagraria\/?page_id=62839"},"modified":"2025-04-07T20:08:08","modified_gmt":"2025-04-08T01:08:08","slug":"la-orinoquia-meta-ariari","status":"publish","type":"page","link":"https:\/\/uniagraria.edu.co\/es\/la-orinoquia-meta-ariari\/","title":{"rendered":"La Orinoquia \u2013 Meta \u2013 Ariari"},"content":{"rendered":"\t\t<div data-elementor-type=\"wp-page\" data-elementor-id=\"62839\" class=\"elementor elementor-62839\" data-elementor-post-type=\"page\">\n\t\t\t\t<div class=\"elementor-element elementor-element-34231521 e-con-full e-flex e-con e-parent\" data-id=\"34231521\" data-element_type=\"container\" data-e-type=\"container\" data-settings=\"{&quot;background_background&quot;:&quot;classic&quot;}\">\n\t\t<div class=\"elementor-element elementor-element-59e7192e e-flex e-con-boxed e-con e-child\" data-id=\"59e7192e\" data-element_type=\"container\" data-e-type=\"container\">\n\t\t\t\t\t<div class=\"e-con-inner\">\n\t\t\t\t<div class=\"elementor-element elementor-element-183a2612 elementor-widget elementor-widget-heading\" data-id=\"183a2612\" data-element_type=\"widget\" data-e-type=\"widget\" data-widget_type=\"heading.default\">\n\t\t\t\t<div class=\"elementor-widget-container\">\n\t\t\t\t\t<h3 class=\"elementor-heading-title elementor-size-default\">La Orinoquia \u2013 Meta \u2013 Ariari<\/h3>\t\t\t\t<\/div>\n\t\t\t\t<\/div>\n\t\t<div class=\"elementor-element elementor-element-5aa888e0 e-con-full e-flex e-con e-child\" data-id=\"5aa888e0\" data-element_type=\"container\" data-e-type=\"container\" data-settings=\"{&quot;background_background&quot;:&quot;classic&quot;}\">\n\t\t\t\t<div class=\"elementor-element elementor-element-155b4aef elementor-widget elementor-widget-text-editor\" data-id=\"155b4aef\" data-element_type=\"widget\" data-e-type=\"widget\" data-widget_type=\"text-editor.default\">\n\t\t\t\t<div class=\"elementor-widget-container\">\n\t\t\t\t\t\t\t\t\t<div class=\"uk-accordion-content uk-text-justify\" aria-hidden=\"false\"><p>Arauca, Casanare, Meta, Vichada, Guaviare y Guain\u00eda. Extensi\u00f3n de 380600 km\u00b2, 33% del territorio nacional.<\/p><\/div>\t\t\t\t\t\t\t\t<\/div>\n\t\t\t\t<\/div>\n\t\t\t\t<div class=\"elementor-element elementor-element-c72c429 elementor-widget elementor-widget-text-editor\" data-id=\"c72c429\" data-element_type=\"widget\" data-e-type=\"widget\" data-widget_type=\"text-editor.default\">\n\t\t\t\t<div class=\"elementor-widget-container\">\n\t\t\t\t\t\t\t\t\t<div class=\"uk-accordion-content uk-text-justify\" aria-hidden=\"false\"><h3>Econom\u00eda<\/h3><ul class=\"uk-list uk-list-divider uk-comment-meta\"><li>Recursos naturales (hidrocarburos)<\/li><li>Potenciales energ\u00e9ticos, agroindustriales y tur\u00edsticos.<\/li><li>Producci\u00f3n primaria de alimentos (agricultura y ganader\u00eda)<\/li><li>Poblaci\u00f3n: 1,7 millones de personas.<\/li><li>Pobreza: los mayores niveles de pobreza se observan al sur de la regi\u00f3n (rural).<\/li><li>Los componentes que repercuten en la medici\u00f3n de la pobreza son: el logro educativo, el acceso a empleo formal, el acceso a fuentes de agua, el d\u00e9ficit de vivienda.<\/li><li>Tasa de analfabetismo de la Orinoquia es de 8,5.<\/li><li>Poblaci\u00f3n: grupos poblacionales que compiten por el uso y ocupaci\u00f3n de la tierra, as\u00ed como por los recursos naturales, (colonos, llaneros campesinos, ind\u00edgenas) que conllevan a que en la zona exista hoy un tejido social fragmentado, para cuya atenci\u00f3n se requieren pol\u00edticas diferenciadas que reconozcan sus particularidades culturales.<\/li><li>Institucionalidad: la regi\u00f3n se destaca por un bajo desempe\u00f1o en la gesti\u00f3n p\u00fablica, relacionado con la inestabilidad de las autoridades locales, corrupci\u00f3n, uso ineficiente de los recursos y la incidencia del conflicto armado y los cultivos il\u00edcitos en diferentes zonas.<\/li><\/ul><\/div>\t\t\t\t\t\t\t\t<\/div>\n\t\t\t\t<\/div>\n\t\t\t\t<\/div>\n\t\t<div class=\"elementor-element elementor-element-5ab77c3 e-con-full e-flex e-con e-child\" data-id=\"5ab77c3\" data-element_type=\"container\" data-e-type=\"container\" data-settings=\"{&quot;background_background&quot;:&quot;classic&quot;}\">\n\t\t\t\t<div class=\"elementor-element elementor-element-d723ccb elementor-widget elementor-widget-text-editor\" data-id=\"d723ccb\" data-element_type=\"widget\" data-e-type=\"widget\" data-widget_type=\"text-editor.default\">\n\t\t\t\t<div class=\"elementor-widget-container\">\n\t\t\t\t\t\t\t\t\t<div class=\"uk-accordion-content uk-text-justify\" aria-hidden=\"false\"><h3>Uniagraria en la regi\u00f3n<\/h3><ul class=\"uk-list uk-list-divider uk-comment-meta\"><li>2011 \u2013 2012 proyectos productivos (INCODER)<\/li><li>Estudio PDM \u2013 POT (EOT) \u2013 Caracterizaci\u00f3n<\/li><li>2012 Reuni\u00f3n Granada<\/li><li>Revisar posibles campos de acci\u00f3n de Uniagraria<\/li><li>2014<\/li><li>Articulaci\u00f3n \u2013 CIIT \u2013 Posicionamiento institucional<\/li><li>V\u00ednculo de interes:\u00a0<span style=\"color: #000000;\"><a style=\"color: #000000;\" href=\"https:\/\/www.youtube.com\/watch?v=UvRI8douXh0\">https:\/\/www.youtube.com\/watch?v=UvRI8douXh0<\/a><\/span><\/li><\/ul><\/div>\t\t\t\t\t\t\t\t<\/div>\n\t\t\t\t<\/div>\n\t\t\t\t<div class=\"elementor-element elementor-element-ffe1543 elementor-align-justify elementor-widget elementor-widget-button\" data-id=\"ffe1543\" data-element_type=\"widget\" data-e-type=\"widget\" data-widget_type=\"button.default\">\n\t\t\t\t<div class=\"elementor-widget-container\">\n\t\t\t\t\t\t\t\t\t<div class=\"elementor-button-wrapper\">\n\t\t\t\t\t<a class=\"elementor-button elementor-button-link elementor-size-sm elementor-animation-shrink\" href=\"https:\/\/uniagraria.edu.co\/wp-content\/uploads\/2025\/04\/Cartilla-San-Juan-de-Arama.pdf\" target=\"_blank\">\n\t\t\t\t\t\t<span class=\"elementor-button-content-wrapper\">\n\t\t\t\t\t\t<span class=\"elementor-button-icon\">\n\t\t\t\t<svg aria-hidden=\"true\" class=\"e-font-icon-svg e-fas-download\" viewBox=\"0 0 512 512\" xmlns=\"http:\/\/www.w3.org\/2000\/svg\"><path d=\"M216 0h80c13.3 0 24 10.7 24 24v168h87.7c17.8 0 26.7 21.5 14.1 34.1L269.7 378.3c-7.5 7.5-19.8 7.5-27.3 0L90.1 226.1c-12.6-12.6-3.7-34.1 14.1-34.1H192V24c0-13.3 10.7-24 24-24zm296 376v112c0 13.3-10.7 24-24 24H24c-13.3 0-24-10.7-24-24V376c0-13.3 10.7-24 24-24h146.7l49 49c20.1 20.1 52.5 20.1 72.6 0l49-49H488c13.3 0 24 10.7 24 24zm-124 88c0-11-9-20-20-20s-20 9-20 20 9 20 20 20 20-9 20-20zm64 0c0-11-9-20-20-20s-20 9-20 20 9 20 20 20 20-9 20-20z\"><\/path><\/svg>\t\t\t<\/span>\n\t\t\t\t\t\t\t\t\t<span class=\"elementor-button-text\">Cartilla San Juan de Arama<\/span>\n\t\t\t\t\t<\/span>\n\t\t\t\t\t<\/a>\n\t\t\t\t<\/div>\n\t\t\t\t\t\t\t\t<\/div>\n\t\t\t\t<\/div>\n\t\t\t\t<\/div>\n\t\t\t\t\t<\/div>\n\t\t\t\t<\/div>\n\t\t\t\t<\/div>\n\t\t\t\t<\/div>\n\t\t","protected":false},"excerpt":{"rendered":"<p>La Orinoquia \u2013 Meta \u2013 Ariari Arauca, Casanare, Meta, Vichada, Guaviare y Guain\u00eda. Extensi\u00f3n de 380600 km\u00b2, 33% del territorio nacional. Econom\u00eda Recursos naturales (hidrocarburos) Potenciales energ\u00e9ticos, agroindustriales y tur\u00edsticos. Producci\u00f3n primaria de alimentos (agricultura y ganader\u00eda) Poblaci\u00f3n: 1,7 millones de personas. Pobreza: los mayores niveles de pobreza se observan al sur de la regi\u00f3n [&hellip;]<\/p>\n","protected":false},"author":1,"featured_media":0,"parent":0,"menu_order":0,"comment_status":"closed","ping_status":"closed","template":"","meta":{"_acf_changed":false,"site-sidebar-layout":"no-sidebar","site-content-layout":"","ast-site-content-layout":"full-width-container","site-content-style":"default","site-sidebar-style":"default","ast-global-header-display":"","ast-banner-title-visibility":"","ast-main-header-display":"","ast-hfb-above-header-display":"","ast-hfb-below-header-display":"","ast-hfb-mobile-header-display":"","site-post-title":"disabled","ast-breadcrumbs-content":"","ast-featured-img":"disabled","footer-sml-layout":"","ast-disable-related-posts":"","theme-transparent-header-meta":"default","adv-header-id-meta":"","stick-header-meta":"default","header-above-stick-meta":"","header-main-stick-meta":"","header-below-stick-meta":"","astra-migrate-meta-layouts":"set","ast-page-background-enabled":"default","ast-page-background-meta":{"desktop":{"background-color":"var(--ast-global-color-4)","background-image":"","background-repeat":"repeat","background-position":"center center","background-size":"auto","background-attachment":"scroll","background-type":"","background-media":"","overlay-type":"","overlay-color":"","overlay-opacity":"","overlay-gradient":""},"tablet":{"background-color":"","background-image":"","background-repeat":"repeat","background-position":"center center","background-size":"auto","background-attachment":"scroll","background-type":"","background-media":"","overlay-type":"","overlay-color":"","overlay-opacity":"","overlay-gradient":""},"mobile":{"background-color":"","background-image":"","background-repeat":"repeat","background-position":"center center","background-size":"auto","background-attachment":"scroll","background-type":"","background-media":"","overlay-type":"","overlay-color":"","overlay-opacity":"","overlay-gradient":""}},"ast-content-background-meta":{"desktop":{"background-color":"var(--ast-global-color-5)","background-image":"","background-repeat":"repeat","background-position":"center center","background-size":"auto","background-attachment":"scroll","background-type":"","background-media":"","overlay-type":"","overlay-color":"","overlay-opacity":"","overlay-gradient":""},"tablet":{"background-color":"var(--ast-global-color-5)","background-image":"","background-repeat":"repeat","background-position":"center center","background-size":"auto","background-attachment":"scroll","background-type":"","background-media":"","overlay-type":"","overlay-color":"","overlay-opacity":"","overlay-gradient":""},"mobile":{"background-color":"var(--ast-global-color-5)","background-image":"","background-repeat":"repeat","background-position":"center center","background-size":"auto","background-attachment":"scroll","background-type":"","background-media":"","overlay-type":"","overlay-color":"","overlay-opacity":"","overlay-gradient":""}},"footnotes":""},"class_list":["post-62839","page","type-page","status-publish","hentry"],"acf":[],"yoast_head":"<!-- This site is optimized with the Yoast SEO plugin v27.2 - https:\/\/yoast.com\/product\/yoast-seo-wordpress\/ -->\n<title>La Orinoquia \u2013 Meta \u2013 Ariari - UNIAGRARIA<\/title>\n<meta name=\"robots\" content=\"index, follow, max-snippet:-1, max-image-preview:large, max-video-preview:-1\" \/>\n<link rel=\"canonical\" href=\"https:\/\/uniagraria.edu.co\/es\/la-orinoquia-meta-ariari\/\" \/>\n<meta property=\"og:locale\" content=\"es_ES\" \/>\n<meta property=\"og:type\" content=\"article\" \/>\n<meta property=\"og:title\" content=\"La Orinoquia \u2013 Meta \u2013 Ariari - UNIAGRARIA\" \/>\n<meta property=\"og:description\" content=\"La Orinoquia \u2013 Meta \u2013 Ariari Arauca, Casanare, Meta, Vichada, Guaviare y Guain\u00eda. Extensi\u00f3n de 380600 km\u00b2, 33% del territorio nacional. Econom\u00eda Recursos naturales (hidrocarburos) Potenciales energ\u00e9ticos, agroindustriales y tur\u00edsticos. Producci\u00f3n primaria de alimentos (agricultura y ganader\u00eda) Poblaci\u00f3n: 1,7 millones de personas. Pobreza: los mayores niveles de pobreza se observan al sur de la regi\u00f3n [&hellip;]\" \/>\n<meta property=\"og:url\" content=\"https:\/\/uniagraria.edu.co\/es\/la-orinoquia-meta-ariari\/\" \/>\n<meta property=\"og:site_name\" content=\"UNIAGRARIA\" \/>\n<meta property=\"article:publisher\" content=\"https:\/\/www.facebook.com\/uagraria\/?locale=es_LA\" \/>\n<meta property=\"article:modified_time\" content=\"2025-04-08T01:08:08+00:00\" \/>\n<meta name=\"twitter:card\" content=\"summary_large_image\" \/>\n<meta name=\"twitter:site\" content=\"@UNIAGRARIA\" \/>\n<meta name=\"twitter:label1\" content=\"Tiempo de lectura\" \/>\n\t<meta name=\"twitter:data1\" content=\"1 minuto\" \/>\n<script type=\"application\/ld+json\" class=\"yoast-schema-graph\">{\"@context\":\"https:\/\/schema.org\",\"@graph\":[{\"@type\":\"WebPage\",\"@id\":\"https:\/\/uniagraria.edu.co\/es\/la-orinoquia-meta-ariari\/\",\"url\":\"https:\/\/uniagraria.edu.co\/es\/la-orinoquia-meta-ariari\/\",\"name\":\"La Orinoquia \u2013 Meta \u2013 Ariari - UNIAGRARIA\",\"isPartOf\":{\"@id\":\"https:\/\/uniagraria.edu.co\/es\/#website\"},\"datePublished\":\"2025-04-08T01:03:24+00:00\",\"dateModified\":\"2025-04-08T01:08:08+00:00\",\"breadcrumb\":{\"@id\":\"https:\/\/uniagraria.edu.co\/es\/la-orinoquia-meta-ariari\/#breadcrumb\"},\"inLanguage\":\"es-CO\",\"potentialAction\":[{\"@type\":\"ReadAction\",\"target\":[\"https:\/\/uniagraria.edu.co\/es\/la-orinoquia-meta-ariari\/\"]}]},{\"@type\":\"BreadcrumbList\",\"@id\":\"https:\/\/uniagraria.edu.co\/es\/la-orinoquia-meta-ariari\/#breadcrumb\",\"itemListElement\":[{\"@type\":\"ListItem\",\"position\":1,\"name\":\"Inicio\",\"item\":\"https:\/\/uniagraria.edu.co\/es\/\"},{\"@type\":\"ListItem\",\"position\":2,\"name\":\"La Orinoquia \u2013 Meta \u2013 Ariari\"}]},{\"@type\":\"WebSite\",\"@id\":\"https:\/\/uniagraria.edu.co\/es\/#website\",\"url\":\"https:\/\/uniagraria.edu.co\/es\/\",\"name\":\"UNIAGRARIA\",\"description\":\"FUNDACION UNIVERSITARIA AGRARIA DE COLOMBIA\",\"publisher\":{\"@id\":\"https:\/\/uniagraria.edu.co\/es\/#organization\"},\"potentialAction\":[{\"@type\":\"SearchAction\",\"target\":{\"@type\":\"EntryPoint\",\"urlTemplate\":\"https:\/\/uniagraria.edu.co\/es\/?s={search_term_string}\"},\"query-input\":{\"@type\":\"PropertyValueSpecification\",\"valueRequired\":true,\"valueName\":\"search_term_string\"}}],\"inLanguage\":\"es-CO\"},{\"@type\":\"Organization\",\"@id\":\"https:\/\/uniagraria.edu.co\/es\/#organization\",\"name\":\"UNIAGRARIA\",\"url\":\"https:\/\/uniagraria.edu.co\/es\/\",\"logo\":{\"@type\":\"ImageObject\",\"inLanguage\":\"es-CO\",\"@id\":\"https:\/\/uniagraria.edu.co\/es\/#\/schema\/logo\/image\/\",\"url\":\"https:\/\/novawebmaster.com\/uniagraria\/wp-content\/uploads\/2025\/02\/LogoUa2023Vertical.png\",\"contentUrl\":\"https:\/\/novawebmaster.com\/uniagraria\/wp-content\/uploads\/2025\/02\/LogoUa2023Vertical.png\",\"width\":3300,\"height\":2550,\"caption\":\"UNIAGRARIA\"},\"image\":{\"@id\":\"https:\/\/uniagraria.edu.co\/es\/#\/schema\/logo\/image\/\"},\"sameAs\":[\"https:\/\/www.facebook.com\/uagraria\/?locale=es_LA\",\"https:\/\/x.com\/UNIAGRARIA\",\"https:\/\/www.instagram.com\/uniagraria\/profilecard\/?igsh=MXI2bTFlMWsxNzNjOA\",\"https:\/\/www.tiktok.com\/discover\/uniagraria?lang=es\",\"https:\/\/www.linkedin.com\/school\/uniagraria\/?originalSubdomain=co\",\"https:\/\/www.youtube.com\/user\/UniagrariaUverde?themeRefresh=1\",\"https:\/\/api.whatsapp.com\/send?phone=3134230649\"]}]}<\/script>\n<!-- \/ Yoast SEO plugin. -->","yoast_head_json":{"title":"La Orinoquia \u2013 Meta \u2013 Ariari - UNIAGRARIA","robots":{"index":"index","follow":"follow","max-snippet":"max-snippet:-1","max-image-preview":"max-image-preview:large","max-video-preview":"max-video-preview:-1"},"canonical":"https:\/\/uniagraria.edu.co\/es\/la-orinoquia-meta-ariari\/","og_locale":"es_ES","og_type":"article","og_title":"La Orinoquia \u2013 Meta \u2013 Ariari - UNIAGRARIA","og_description":"La Orinoquia \u2013 Meta \u2013 Ariari Arauca, Casanare, Meta, Vichada, Guaviare y Guain\u00eda. Extensi\u00f3n de 380600 km\u00b2, 33% del territorio nacional. Econom\u00eda Recursos naturales (hidrocarburos) Potenciales energ\u00e9ticos, agroindustriales y tur\u00edsticos. Producci\u00f3n primaria de alimentos (agricultura y ganader\u00eda) Poblaci\u00f3n: 1,7 millones de personas. Pobreza: los mayores niveles de pobreza se observan al sur de la regi\u00f3n [&hellip;]","og_url":"https:\/\/uniagraria.edu.co\/es\/la-orinoquia-meta-ariari\/","og_site_name":"UNIAGRARIA","article_publisher":"https:\/\/www.facebook.com\/uagraria\/?locale=es_LA","article_modified_time":"2025-04-08T01:08:08+00:00","twitter_card":"summary_large_image","twitter_site":"@UNIAGRARIA","twitter_misc":{"Tiempo de lectura":"1 minuto"},"schema":{"@context":"https:\/\/schema.org","@graph":[{"@type":"WebPage","@id":"https:\/\/uniagraria.edu.co\/es\/la-orinoquia-meta-ariari\/","url":"https:\/\/uniagraria.edu.co\/es\/la-orinoquia-meta-ariari\/","name":"La Orinoquia \u2013 Meta \u2013 Ariari - UNIAGRARIA","isPartOf":{"@id":"https:\/\/uniagraria.edu.co\/es\/#website"},"datePublished":"2025-04-08T01:03:24+00:00","dateModified":"2025-04-08T01:08:08+00:00","breadcrumb":{"@id":"https:\/\/uniagraria.edu.co\/es\/la-orinoquia-meta-ariari\/#breadcrumb"},"inLanguage":"es-CO","potentialAction":[{"@type":"ReadAction","target":["https:\/\/uniagraria.edu.co\/es\/la-orinoquia-meta-ariari\/"]}]},{"@type":"BreadcrumbList","@id":"https:\/\/uniagraria.edu.co\/es\/la-orinoquia-meta-ariari\/#breadcrumb","itemListElement":[{"@type":"ListItem","position":1,"name":"Inicio","item":"https:\/\/uniagraria.edu.co\/es\/"},{"@type":"ListItem","position":2,"name":"La Orinoquia \u2013 Meta \u2013 Ariari"}]},{"@type":"WebSite","@id":"https:\/\/uniagraria.edu.co\/es\/#website","url":"https:\/\/uniagraria.edu.co\/es\/","name":"UNIAGRARIA","description":"FUNDACION UNIVERSITARIA AGRARIA DE COLOMBIA","publisher":{"@id":"https:\/\/uniagraria.edu.co\/es\/#organization"},"potentialAction":[{"@type":"SearchAction","target":{"@type":"EntryPoint","urlTemplate":"https:\/\/uniagraria.edu.co\/es\/?s={search_term_string}"},"query-input":{"@type":"PropertyValueSpecification","valueRequired":true,"valueName":"search_term_string"}}],"inLanguage":"es-CO"},{"@type":"Organization","@id":"https:\/\/uniagraria.edu.co\/es\/#organization","name":"UNIAGRARIA","url":"https:\/\/uniagraria.edu.co\/es\/","logo":{"@type":"ImageObject","inLanguage":"es-CO","@id":"https:\/\/uniagraria.edu.co\/es\/#\/schema\/logo\/image\/","url":"https:\/\/novawebmaster.com\/uniagraria\/wp-content\/uploads\/2025\/02\/LogoUa2023Vertical.png","contentUrl":"https:\/\/novawebmaster.com\/uniagraria\/wp-content\/uploads\/2025\/02\/LogoUa2023Vertical.png","width":3300,"height":2550,"caption":"UNIAGRARIA"},"image":{"@id":"https:\/\/uniagraria.edu.co\/es\/#\/schema\/logo\/image\/"},"sameAs":["https:\/\/www.facebook.com\/uagraria\/?locale=es_LA","https:\/\/x.com\/UNIAGRARIA","https:\/\/www.instagram.com\/uniagraria\/profilecard\/?igsh=MXI2bTFlMWsxNzNjOA","https:\/\/www.tiktok.com\/discover\/uniagraria?lang=es","https:\/\/www.linkedin.com\/school\/uniagraria\/?originalSubdomain=co","https:\/\/www.youtube.com\/user\/UniagrariaUverde?themeRefresh=1","https:\/\/api.whatsapp.com\/send?phone=3134230649"]}]}},"_links":{"self":[{"href":"https:\/\/uniagraria.edu.co\/es\/wp-json\/wp\/v2\/pages\/62839","targetHints":{"allow":["GET"]}}],"collection":[{"href":"https:\/\/uniagraria.edu.co\/es\/wp-json\/wp\/v2\/pages"}],"about":[{"href":"https:\/\/uniagraria.edu.co\/es\/wp-json\/wp\/v2\/types\/page"}],"author":[{"embeddable":true,"href":"https:\/\/uniagraria.edu.co\/es\/wp-json\/wp\/v2\/users\/1"}],"replies":[{"embeddable":true,"href":"https:\/\/uniagraria.edu.co\/es\/wp-json\/wp\/v2\/comments?post=62839"}],"version-history":[{"count":0,"href":"https:\/\/uniagraria.edu.co\/es\/wp-json\/wp\/v2\/pages\/62839\/revisions"}],"wp:attachment":[{"href":"https:\/\/uniagraria.edu.co\/es\/wp-json\/wp\/v2\/media?parent=62839"}],"curies":[{"name":"wp","href":"https:\/\/api.w.org\/{rel}","templated":true}]}}