{"id":63182,"date":"2025-04-09T08:09:00","date_gmt":"2025-04-09T13:09:00","guid":{"rendered":"https:\/\/novawebmaster.com\/uniagraria\/?page_id=63182"},"modified":"2025-04-10T11:50:10","modified_gmt":"2025-04-10T16:50:10","slug":"instituto-de-estudios-y-desarrollos-ambientales-ieda","status":"publish","type":"page","link":"https:\/\/uniagraria.edu.co\/es\/instituto-de-estudios-y-desarrollos-ambientales-ieda\/","title":{"rendered":"Instituto de Estudios y Desarrollos Ambientales &#8211; IEDA"},"content":{"rendered":"\t\t<div data-elementor-type=\"wp-page\" data-elementor-id=\"63182\" class=\"elementor elementor-63182\" data-elementor-post-type=\"page\">\n\t\t\t\t<div class=\"elementor-element elementor-element-c61f4a4 e-con-full e-flex e-con e-parent\" data-id=\"c61f4a4\" data-element_type=\"container\" data-e-type=\"container\" data-settings=\"{&quot;background_background&quot;:&quot;classic&quot;}\">\n\t\t<div class=\"elementor-element elementor-element-8682db3 e-flex e-con-boxed e-con e-child\" data-id=\"8682db3\" data-element_type=\"container\" data-e-type=\"container\">\n\t\t\t\t\t<div class=\"e-con-inner\">\n\t\t<div class=\"elementor-element elementor-element-9ef8f4b e-con-full e-flex e-con e-child\" data-id=\"9ef8f4b\" data-element_type=\"container\" data-e-type=\"container\">\n\t\t\t\t<\/div>\n\t\t<div class=\"elementor-element elementor-element-4b99dd6 e-con-full e-flex e-con e-child\" data-id=\"4b99dd6\" data-element_type=\"container\" data-e-type=\"container\">\n\t\t\t\t<div class=\"elementor-element elementor-element-aa2ef01 elementor-widget elementor-widget-heading\" data-id=\"aa2ef01\" data-element_type=\"widget\" data-e-type=\"widget\" data-widget_type=\"heading.default\">\n\t\t\t\t<div class=\"elementor-widget-container\">\n\t\t\t\t\t<h2 class=\"elementor-heading-title elementor-size-default\">Instituto de Estudios y Desarrollos Ambientales - IEDA<\/h2>\t\t\t\t<\/div>\n\t\t\t\t<\/div>\n\t\t\t\t<\/div>\n\t\t\t\t\t<\/div>\n\t\t\t\t<\/div>\n\t\t\t\t<\/div>\n\t\t<div class=\"elementor-element elementor-element-62d4b79 e-con-full e-flex e-con e-parent\" data-id=\"62d4b79\" data-element_type=\"container\" data-e-type=\"container\">\n\t\t<div class=\"elementor-element elementor-element-b49e3b7 e-flex e-con-boxed e-con e-child\" data-id=\"b49e3b7\" data-element_type=\"container\" data-e-type=\"container\">\n\t\t\t\t\t<div class=\"e-con-inner\">\n\t\t<div class=\"elementor-element elementor-element-c762f51 e-con-full e-flex e-con e-child\" data-id=\"c762f51\" data-element_type=\"container\" data-e-type=\"container\">\n\t\t\t\t<div class=\"elementor-element elementor-element-3edbf13 elementor-widget elementor-widget-heading\" data-id=\"3edbf13\" data-element_type=\"widget\" data-e-type=\"widget\" data-widget_type=\"heading.default\">\n\t\t\t\t<div class=\"elementor-widget-container\">\n\t\t\t\t\t<h4 class=\"elementor-heading-title elementor-size-default\">Formaci\u00f3n por el ambiente<\/h4>\t\t\t\t<\/div>\n\t\t\t\t<\/div>\n\t\t\t\t<div class=\"elementor-element elementor-element-aa3391c elementor-widget elementor-widget-text-editor\" data-id=\"aa3391c\" data-element_type=\"widget\" data-e-type=\"widget\" data-widget_type=\"text-editor.default\">\n\t\t\t\t<div class=\"elementor-widget-container\">\n\t\t\t\t\t\t\t\t\t<div class=\"uk-container uk-container-xsmall\"><p class=\"uk-dropcap\">El Instituto de Estudios y Desarrollos Ambientales -IEDA-, implementa proyectos interdisciplinarios e interinstitucionales por la conservaci\u00f3n del medio ambiente con una visi\u00f3n hacia el desarrollo sostenible para mejorar la calidad de vida de los colombianos.<\/p><\/div><p class=\"uk-container uk-container-xsmall\">Este proceso se implementa por medio de proyectos de formaci\u00f3n, uno de los ejercicios desarrollados por el Instituto fue la conformaci\u00f3n de grupos de estudiantes de la sede Facatativ\u00e1 para la realizaci\u00f3n de actividades l\u00fadicas en torno a los ecosistemas de la regi\u00f3n y su conservaci\u00f3n.\u00a0<\/p><p class=\"uk-container uk-container-xsmall\">Con este tipo de actividades se pretende involucrar a la comunidad acad\u00e9mica en proyectos que propendan por la conservaci\u00f3n del medio ambiente desde cada profesi\u00f3n para generar soluciones desde el sector educativo y como futuros profesionales del productivo.\u00a0<\/p>\t\t\t\t\t\t\t\t<\/div>\n\t\t\t\t<\/div>\n\t\t\t\t<div class=\"elementor-element elementor-element-ece6b07 elementor-widget elementor-widget-image\" data-id=\"ece6b07\" data-element_type=\"widget\" data-e-type=\"widget\" data-widget_type=\"image.default\">\n\t\t\t\t<div class=\"elementor-widget-container\">\n\t\t\t\t\t\t\t\t\t\t\t\t\t\t\t<img fetchpriority=\"high\" decoding=\"async\" width=\"700\" height=\"250\" src=\"https:\/\/uniagraria.edu.co\/wp-content\/uploads\/2025\/04\/formacion.jpg\" class=\"attachment-full size-full wp-image-63189\" alt=\"\" srcset=\"https:\/\/uniagraria.edu.co\/wp-content\/uploads\/2025\/04\/formacion.jpg 700w, https:\/\/uniagraria.edu.co\/wp-content\/uploads\/2025\/04\/formacion-300x107.jpg 300w\" sizes=\"(max-width: 700px) 100vw, 700px\" \/>\t\t\t\t\t\t\t\t\t\t\t\t\t\t\t<\/div>\n\t\t\t\t<\/div>\n\t\t\t\t<\/div>\n\t\t<div class=\"elementor-element elementor-element-a77f695 e-con-full e-flex e-con e-child\" data-id=\"a77f695\" data-element_type=\"container\" data-e-type=\"container\">\n\t\t\t\t<div class=\"elementor-element elementor-element-f385b27 elementor-widget elementor-widget-image\" data-id=\"f385b27\" data-element_type=\"widget\" data-e-type=\"widget\" data-widget_type=\"image.default\">\n\t\t\t\t<div class=\"elementor-widget-container\">\n\t\t\t\t\t\t\t\t\t\t\t\t\t\t\t<img decoding=\"async\" width=\"676\" height=\"942\" src=\"https:\/\/uniagraria.edu.co\/wp-content\/uploads\/2025\/03\/uniagraria-regional_Mesa-de-trabajo-1.png\" class=\"attachment-full size-full wp-image-60055\" alt=\"\" srcset=\"https:\/\/uniagraria.edu.co\/wp-content\/uploads\/2025\/03\/uniagraria-regional_Mesa-de-trabajo-1.png 676w, https:\/\/uniagraria.edu.co\/wp-content\/uploads\/2025\/03\/uniagraria-regional_Mesa-de-trabajo-1-215x300.png 215w\" sizes=\"(max-width: 676px) 100vw, 676px\" \/>\t\t\t\t\t\t\t\t\t\t\t\t\t\t\t<\/div>\n\t\t\t\t<\/div>\n\t\t\t\t<\/div>\n\t\t\t\t\t<\/div>\n\t\t\t\t<\/div>\n\t\t\t\t<\/div>\n\t\t\t\t<\/div>\n\t\t","protected":false},"excerpt":{"rendered":"<p>Instituto de Estudios y Desarrollos Ambientales &#8211; IEDA Formaci\u00f3n por el ambiente El Instituto de Estudios y Desarrollos Ambientales -IEDA-, implementa proyectos interdisciplinarios e interinstitucionales por la conservaci\u00f3n del medio ambiente con una visi\u00f3n hacia el desarrollo sostenible para mejorar la calidad de vida de los colombianos. Este proceso se implementa por medio de proyectos [&hellip;]<\/p>\n","protected":false},"author":1,"featured_media":0,"parent":0,"menu_order":0,"comment_status":"closed","ping_status":"closed","template":"","meta":{"_acf_changed":false,"site-sidebar-layout":"no-sidebar","site-content-layout":"","ast-site-content-layout":"full-width-container","site-content-style":"default","site-sidebar-style":"default","ast-global-header-display":"","ast-banner-title-visibility":"","ast-main-header-display":"","ast-hfb-above-header-display":"","ast-hfb-below-header-display":"","ast-hfb-mobile-header-display":"","site-post-title":"disabled","ast-breadcrumbs-content":"","ast-featured-img":"disabled","footer-sml-layout":"","ast-disable-related-posts":"","theme-transparent-header-meta":"default","adv-header-id-meta":"","stick-header-meta":"default","header-above-stick-meta":"","header-main-stick-meta":"","header-below-stick-meta":"","astra-migrate-meta-layouts":"set","ast-page-background-enabled":"default","ast-page-background-meta":{"desktop":{"background-color":"var(--ast-global-color-4)","background-image":"","background-repeat":"repeat","background-position":"center center","background-size":"auto","background-attachment":"scroll","background-type":"","background-media":"","overlay-type":"","overlay-color":"","overlay-opacity":"","overlay-gradient":""},"tablet":{"background-color":"","background-image":"","background-repeat":"repeat","background-position":"center center","background-size":"auto","background-attachment":"scroll","background-type":"","background-media":"","overlay-type":"","overlay-color":"","overlay-opacity":"","overlay-gradient":""},"mobile":{"background-color":"","background-image":"","background-repeat":"repeat","background-position":"center center","background-size":"auto","background-attachment":"scroll","background-type":"","background-media":"","overlay-type":"","overlay-color":"","overlay-opacity":"","overlay-gradient":""}},"ast-content-background-meta":{"desktop":{"background-color":"var(--ast-global-color-5)","background-image":"","background-repeat":"repeat","background-position":"center center","background-size":"auto","background-attachment":"scroll","background-type":"","background-media":"","overlay-type":"","overlay-color":"","overlay-opacity":"","overlay-gradient":""},"tablet":{"background-color":"var(--ast-global-color-5)","background-image":"","background-repeat":"repeat","background-position":"center center","background-size":"auto","background-attachment":"scroll","background-type":"","background-media":"","overlay-type":"","overlay-color":"","overlay-opacity":"","overlay-gradient":""},"mobile":{"background-color":"var(--ast-global-color-5)","background-image":"","background-repeat":"repeat","background-position":"center center","background-size":"auto","background-attachment":"scroll","background-type":"","background-media":"","overlay-type":"","overlay-color":"","overlay-opacity":"","overlay-gradient":""}},"footnotes":""},"class_list":["post-63182","page","type-page","status-publish","hentry"],"acf":[],"yoast_head":"<!-- This site is optimized with the Yoast SEO plugin v27.2 - https:\/\/yoast.com\/product\/yoast-seo-wordpress\/ -->\n<title>Instituto de Estudios y Desarrollos Ambientales - IEDA - UNIAGRARIA<\/title>\n<meta name=\"robots\" content=\"index, follow, max-snippet:-1, max-image-preview:large, max-video-preview:-1\" \/>\n<link rel=\"canonical\" href=\"https:\/\/uniagraria.edu.co\/es\/instituto-de-estudios-y-desarrollos-ambientales-ieda\/\" \/>\n<meta property=\"og:locale\" content=\"es_ES\" \/>\n<meta property=\"og:type\" content=\"article\" \/>\n<meta property=\"og:title\" content=\"Instituto de Estudios y Desarrollos Ambientales - IEDA - UNIAGRARIA\" \/>\n<meta property=\"og:description\" content=\"Instituto de Estudios y Desarrollos Ambientales &#8211; IEDA Formaci\u00f3n por el ambiente El Instituto de Estudios y Desarrollos Ambientales -IEDA-, implementa proyectos interdisciplinarios e interinstitucionales por la conservaci\u00f3n del medio ambiente con una visi\u00f3n hacia el desarrollo sostenible para mejorar la calidad de vida de los colombianos. Este proceso se implementa por medio de proyectos [&hellip;]\" \/>\n<meta property=\"og:url\" content=\"https:\/\/uniagraria.edu.co\/es\/instituto-de-estudios-y-desarrollos-ambientales-ieda\/\" \/>\n<meta property=\"og:site_name\" content=\"UNIAGRARIA\" \/>\n<meta property=\"article:publisher\" content=\"https:\/\/www.facebook.com\/uagraria\/?locale=es_LA\" \/>\n<meta property=\"article:modified_time\" content=\"2025-04-10T16:50:10+00:00\" \/>\n<meta property=\"og:image\" content=\"https:\/\/novawebmaster.com\/uniagraria\/wp-content\/uploads\/2025\/04\/formacion.jpg\" \/>\n<meta name=\"twitter:card\" content=\"summary_large_image\" \/>\n<meta name=\"twitter:site\" content=\"@UNIAGRARIA\" \/>\n<meta name=\"twitter:label1\" content=\"Tiempo de lectura\" \/>\n\t<meta name=\"twitter:data1\" content=\"1 minuto\" \/>\n<script type=\"application\/ld+json\" class=\"yoast-schema-graph\">{\"@context\":\"https:\/\/schema.org\",\"@graph\":[{\"@type\":\"WebPage\",\"@id\":\"https:\/\/uniagraria.edu.co\/instituto-de-estudios-y-desarrollos-ambientales-ieda\/\",\"url\":\"https:\/\/uniagraria.edu.co\/instituto-de-estudios-y-desarrollos-ambientales-ieda\/\",\"name\":\"Instituto de Estudios y Desarrollos Ambientales - IEDA - UNIAGRARIA\",\"isPartOf\":{\"@id\":\"https:\/\/uniagraria.edu.co\/es\/#website\"},\"primaryImageOfPage\":{\"@id\":\"https:\/\/uniagraria.edu.co\/instituto-de-estudios-y-desarrollos-ambientales-ieda\/#primaryimage\"},\"image\":{\"@id\":\"https:\/\/uniagraria.edu.co\/instituto-de-estudios-y-desarrollos-ambientales-ieda\/#primaryimage\"},\"thumbnailUrl\":\"https:\/\/novawebmaster.com\/uniagraria\/wp-content\/uploads\/2025\/04\/formacion.jpg\",\"datePublished\":\"2025-04-09T13:09:00+00:00\",\"dateModified\":\"2025-04-10T16:50:10+00:00\",\"breadcrumb\":{\"@id\":\"https:\/\/uniagraria.edu.co\/instituto-de-estudios-y-desarrollos-ambientales-ieda\/#breadcrumb\"},\"inLanguage\":\"es-CO\",\"potentialAction\":[{\"@type\":\"ReadAction\",\"target\":[\"https:\/\/uniagraria.edu.co\/instituto-de-estudios-y-desarrollos-ambientales-ieda\/\"]}]},{\"@type\":\"ImageObject\",\"inLanguage\":\"es-CO\",\"@id\":\"https:\/\/uniagraria.edu.co\/instituto-de-estudios-y-desarrollos-ambientales-ieda\/#primaryimage\",\"url\":\"https:\/\/novawebmaster.com\/uniagraria\/wp-content\/uploads\/2025\/04\/formacion.jpg\",\"contentUrl\":\"https:\/\/novawebmaster.com\/uniagraria\/wp-content\/uploads\/2025\/04\/formacion.jpg\"},{\"@type\":\"BreadcrumbList\",\"@id\":\"https:\/\/uniagraria.edu.co\/instituto-de-estudios-y-desarrollos-ambientales-ieda\/#breadcrumb\",\"itemListElement\":[{\"@type\":\"ListItem\",\"position\":1,\"name\":\"Inicio\",\"item\":\"https:\/\/uniagraria.edu.co\/es\/\"},{\"@type\":\"ListItem\",\"position\":2,\"name\":\"Instituto de Estudios y Desarrollos Ambientales &#8211; IEDA\"}]},{\"@type\":\"WebSite\",\"@id\":\"https:\/\/uniagraria.edu.co\/es\/#website\",\"url\":\"https:\/\/uniagraria.edu.co\/es\/\",\"name\":\"UNIAGRARIA\",\"description\":\"FUNDACION UNIVERSITARIA AGRARIA DE COLOMBIA\",\"publisher\":{\"@id\":\"https:\/\/uniagraria.edu.co\/es\/#organization\"},\"potentialAction\":[{\"@type\":\"SearchAction\",\"target\":{\"@type\":\"EntryPoint\",\"urlTemplate\":\"https:\/\/uniagraria.edu.co\/es\/?s={search_term_string}\"},\"query-input\":{\"@type\":\"PropertyValueSpecification\",\"valueRequired\":true,\"valueName\":\"search_term_string\"}}],\"inLanguage\":\"es-CO\"},{\"@type\":\"Organization\",\"@id\":\"https:\/\/uniagraria.edu.co\/es\/#organization\",\"name\":\"UNIAGRARIA\",\"url\":\"https:\/\/uniagraria.edu.co\/es\/\",\"logo\":{\"@type\":\"ImageObject\",\"inLanguage\":\"es-CO\",\"@id\":\"https:\/\/uniagraria.edu.co\/es\/#\/schema\/logo\/image\/\",\"url\":\"https:\/\/novawebmaster.com\/uniagraria\/wp-content\/uploads\/2025\/02\/LogoUa2023Vertical.png\",\"contentUrl\":\"https:\/\/novawebmaster.com\/uniagraria\/wp-content\/uploads\/2025\/02\/LogoUa2023Vertical.png\",\"width\":3300,\"height\":2550,\"caption\":\"UNIAGRARIA\"},\"image\":{\"@id\":\"https:\/\/uniagraria.edu.co\/es\/#\/schema\/logo\/image\/\"},\"sameAs\":[\"https:\/\/www.facebook.com\/uagraria\/?locale=es_LA\",\"https:\/\/x.com\/UNIAGRARIA\",\"https:\/\/www.instagram.com\/uniagraria\/profilecard\/?igsh=MXI2bTFlMWsxNzNjOA\",\"https:\/\/www.tiktok.com\/discover\/uniagraria?lang=es\",\"https:\/\/www.linkedin.com\/school\/uniagraria\/?originalSubdomain=co\",\"https:\/\/www.youtube.com\/user\/UniagrariaUverde?themeRefresh=1\",\"https:\/\/api.whatsapp.com\/send?phone=3134230649\"]}]}<\/script>\n<!-- \/ Yoast SEO plugin. -->","yoast_head_json":{"title":"Instituto de Estudios y Desarrollos Ambientales - IEDA - UNIAGRARIA","robots":{"index":"index","follow":"follow","max-snippet":"max-snippet:-1","max-image-preview":"max-image-preview:large","max-video-preview":"max-video-preview:-1"},"canonical":"https:\/\/uniagraria.edu.co\/es\/instituto-de-estudios-y-desarrollos-ambientales-ieda\/","og_locale":"es_ES","og_type":"article","og_title":"Instituto de Estudios y Desarrollos Ambientales - IEDA - UNIAGRARIA","og_description":"Instituto de Estudios y Desarrollos Ambientales &#8211; IEDA Formaci\u00f3n por el ambiente El Instituto de Estudios y Desarrollos Ambientales -IEDA-, implementa proyectos interdisciplinarios e interinstitucionales por la conservaci\u00f3n del medio ambiente con una visi\u00f3n hacia el desarrollo sostenible para mejorar la calidad de vida de los colombianos. Este proceso se implementa por medio de proyectos [&hellip;]","og_url":"https:\/\/uniagraria.edu.co\/es\/instituto-de-estudios-y-desarrollos-ambientales-ieda\/","og_site_name":"UNIAGRARIA","article_publisher":"https:\/\/www.facebook.com\/uagraria\/?locale=es_LA","article_modified_time":"2025-04-10T16:50:10+00:00","og_image":[{"url":"https:\/\/novawebmaster.com\/uniagraria\/wp-content\/uploads\/2025\/04\/formacion.jpg","type":"","width":"","height":""}],"twitter_card":"summary_large_image","twitter_site":"@UNIAGRARIA","twitter_misc":{"Tiempo de lectura":"1 minuto"},"schema":{"@context":"https:\/\/schema.org","@graph":[{"@type":"WebPage","@id":"https:\/\/uniagraria.edu.co\/instituto-de-estudios-y-desarrollos-ambientales-ieda\/","url":"https:\/\/uniagraria.edu.co\/instituto-de-estudios-y-desarrollos-ambientales-ieda\/","name":"Instituto de Estudios y Desarrollos Ambientales - IEDA - UNIAGRARIA","isPartOf":{"@id":"https:\/\/uniagraria.edu.co\/es\/#website"},"primaryImageOfPage":{"@id":"https:\/\/uniagraria.edu.co\/instituto-de-estudios-y-desarrollos-ambientales-ieda\/#primaryimage"},"image":{"@id":"https:\/\/uniagraria.edu.co\/instituto-de-estudios-y-desarrollos-ambientales-ieda\/#primaryimage"},"thumbnailUrl":"https:\/\/novawebmaster.com\/uniagraria\/wp-content\/uploads\/2025\/04\/formacion.jpg","datePublished":"2025-04-09T13:09:00+00:00","dateModified":"2025-04-10T16:50:10+00:00","breadcrumb":{"@id":"https:\/\/uniagraria.edu.co\/instituto-de-estudios-y-desarrollos-ambientales-ieda\/#breadcrumb"},"inLanguage":"es-CO","potentialAction":[{"@type":"ReadAction","target":["https:\/\/uniagraria.edu.co\/instituto-de-estudios-y-desarrollos-ambientales-ieda\/"]}]},{"@type":"ImageObject","inLanguage":"es-CO","@id":"https:\/\/uniagraria.edu.co\/instituto-de-estudios-y-desarrollos-ambientales-ieda\/#primaryimage","url":"https:\/\/novawebmaster.com\/uniagraria\/wp-content\/uploads\/2025\/04\/formacion.jpg","contentUrl":"https:\/\/novawebmaster.com\/uniagraria\/wp-content\/uploads\/2025\/04\/formacion.jpg"},{"@type":"BreadcrumbList","@id":"https:\/\/uniagraria.edu.co\/instituto-de-estudios-y-desarrollos-ambientales-ieda\/#breadcrumb","itemListElement":[{"@type":"ListItem","position":1,"name":"Inicio","item":"https:\/\/uniagraria.edu.co\/es\/"},{"@type":"ListItem","position":2,"name":"Instituto de Estudios y Desarrollos Ambientales &#8211; IEDA"}]},{"@type":"WebSite","@id":"https:\/\/uniagraria.edu.co\/es\/#website","url":"https:\/\/uniagraria.edu.co\/es\/","name":"UNIAGRARIA","description":"FUNDACION UNIVERSITARIA AGRARIA DE COLOMBIA","publisher":{"@id":"https:\/\/uniagraria.edu.co\/es\/#organization"},"potentialAction":[{"@type":"SearchAction","target":{"@type":"EntryPoint","urlTemplate":"https:\/\/uniagraria.edu.co\/es\/?s={search_term_string}"},"query-input":{"@type":"PropertyValueSpecification","valueRequired":true,"valueName":"search_term_string"}}],"inLanguage":"es-CO"},{"@type":"Organization","@id":"https:\/\/uniagraria.edu.co\/es\/#organization","name":"UNIAGRARIA","url":"https:\/\/uniagraria.edu.co\/es\/","logo":{"@type":"ImageObject","inLanguage":"es-CO","@id":"https:\/\/uniagraria.edu.co\/es\/#\/schema\/logo\/image\/","url":"https:\/\/novawebmaster.com\/uniagraria\/wp-content\/uploads\/2025\/02\/LogoUa2023Vertical.png","contentUrl":"https:\/\/novawebmaster.com\/uniagraria\/wp-content\/uploads\/2025\/02\/LogoUa2023Vertical.png","width":3300,"height":2550,"caption":"UNIAGRARIA"},"image":{"@id":"https:\/\/uniagraria.edu.co\/es\/#\/schema\/logo\/image\/"},"sameAs":["https:\/\/www.facebook.com\/uagraria\/?locale=es_LA","https:\/\/x.com\/UNIAGRARIA","https:\/\/www.instagram.com\/uniagraria\/profilecard\/?igsh=MXI2bTFlMWsxNzNjOA","https:\/\/www.tiktok.com\/discover\/uniagraria?lang=es","https:\/\/www.linkedin.com\/school\/uniagraria\/?originalSubdomain=co","https:\/\/www.youtube.com\/user\/UniagrariaUverde?themeRefresh=1","https:\/\/api.whatsapp.com\/send?phone=3134230649"]}]}},"_links":{"self":[{"href":"https:\/\/uniagraria.edu.co\/es\/wp-json\/wp\/v2\/pages\/63182","targetHints":{"allow":["GET"]}}],"collection":[{"href":"https:\/\/uniagraria.edu.co\/es\/wp-json\/wp\/v2\/pages"}],"about":[{"href":"https:\/\/uniagraria.edu.co\/es\/wp-json\/wp\/v2\/types\/page"}],"author":[{"embeddable":true,"href":"https:\/\/uniagraria.edu.co\/es\/wp-json\/wp\/v2\/users\/1"}],"replies":[{"embeddable":true,"href":"https:\/\/uniagraria.edu.co\/es\/wp-json\/wp\/v2\/comments?post=63182"}],"version-history":[{"count":0,"href":"https:\/\/uniagraria.edu.co\/es\/wp-json\/wp\/v2\/pages\/63182\/revisions"}],"wp:attachment":[{"href":"https:\/\/uniagraria.edu.co\/es\/wp-json\/wp\/v2\/media?parent=63182"}],"curies":[{"name":"wp","href":"https:\/\/api.w.org\/{rel}","templated":true}]}}