{"id":76873,"date":"2025-08-08T15:40:44","date_gmt":"2025-08-08T20:40:44","guid":{"rendered":"https:\/\/novawebmaster.com\/uniagraria\/?page_id=76873"},"modified":"2025-08-11T11:19:17","modified_gmt":"2025-08-11T16:19:17","slug":"gestion-de-la-investigacion","status":"publish","type":"page","link":"https:\/\/uniagraria.edu.co\/es\/gestion-de-la-investigacion\/","title":{"rendered":"Gesti\u00f3n de la Investigaci\u00f3n"},"content":{"rendered":"\t\t<div data-elementor-type=\"wp-page\" data-elementor-id=\"76873\" class=\"elementor elementor-76873\" data-elementor-post-type=\"page\">\n\t\t\t\t<div class=\"elementor-element elementor-element-bf1e4c2 e-flex e-con-boxed e-con e-parent\" data-id=\"bf1e4c2\" data-element_type=\"container\" data-e-type=\"container\" data-settings=\"{&quot;background_background&quot;:&quot;classic&quot;}\">\n\t\t\t\t\t<div class=\"e-con-inner\">\n\t\t<div class=\"elementor-element elementor-element-ac1d5db e-con-full e-flex e-con e-child\" data-id=\"ac1d5db\" data-element_type=\"container\" data-e-type=\"container\">\n\t\t<div class=\"elementor-element elementor-element-06f2d82 e-con-full e-flex e-con e-child\" data-id=\"06f2d82\" data-element_type=\"container\" data-e-type=\"container\">\n\t\t\t\t<\/div>\n\t\t<div class=\"elementor-element elementor-element-7a965fa e-con-full e-flex e-con e-child\" data-id=\"7a965fa\" data-element_type=\"container\" data-e-type=\"container\">\n\t\t\t\t<div class=\"elementor-element elementor-element-0276d4f elementor-widget elementor-widget-text-editor\" data-id=\"0276d4f\" data-element_type=\"widget\" data-e-type=\"widget\" data-widget_type=\"text-editor.default\">\n\t\t\t\t<div class=\"elementor-widget-container\">\n\t\t\t\t\t\t\t\t\t<h2><span style=\"color: #ffffff;\">Gesti\u00f3n de la Investigaci\u00f3n<\/span><\/h2>\t\t\t\t\t\t\t\t<\/div>\n\t\t\t\t<\/div>\n\t\t\t\t<div class=\"elementor-element elementor-element-2ebfc4a elementor-widget-divider--view-line elementor-widget elementor-widget-divider\" data-id=\"2ebfc4a\" data-element_type=\"widget\" data-e-type=\"widget\" data-widget_type=\"divider.default\">\n\t\t\t\t<div class=\"elementor-widget-container\">\n\t\t\t\t\t\t\t<div class=\"elementor-divider\">\n\t\t\t<span class=\"elementor-divider-separator\">\n\t\t\t\t\t\t<\/span>\n\t\t<\/div>\n\t\t\t\t\t\t<\/div>\n\t\t\t\t<\/div>\n\t\t\t\t<div class=\"elementor-element elementor-element-e2b2ef9 elementor-widget elementor-widget-image\" data-id=\"e2b2ef9\" data-element_type=\"widget\" data-e-type=\"widget\" data-widget_type=\"image.default\">\n\t\t\t\t<div class=\"elementor-widget-container\">\n\t\t\t\t\t\t\t\t\t\t\t\t\t\t\t<img decoding=\"async\" width=\"300\" height=\"55\" src=\"https:\/\/uniagraria.edu.co\/wp-content\/uploads\/2025\/02\/logo.png\" class=\"attachment-large size-large wp-image-56896\" alt=\"\" \/>\t\t\t\t\t\t\t\t\t\t\t\t\t\t\t<\/div>\n\t\t\t\t<\/div>\n\t\t\t\t<div class=\"elementor-element elementor-element-6b75894 elementor-widget elementor-widget-spacer\" data-id=\"6b75894\" data-element_type=\"widget\" data-e-type=\"widget\" data-widget_type=\"spacer.default\">\n\t\t\t\t<div class=\"elementor-widget-container\">\n\t\t\t\t\t\t\t<div class=\"elementor-spacer\">\n\t\t\t<div class=\"elementor-spacer-inner\"><\/div>\n\t\t<\/div>\n\t\t\t\t\t\t<\/div>\n\t\t\t\t<\/div>\n\t\t\t\t<\/div>\n\t\t\t\t<\/div>\n\t\t\t\t\t<\/div>\n\t\t\t\t<\/div>\n\t\t<div class=\"elementor-element elementor-element-28b4ecf e-con-full e-flex e-con e-parent\" data-id=\"28b4ecf\" data-element_type=\"container\" data-e-type=\"container\" data-settings=\"{&quot;background_background&quot;:&quot;classic&quot;}\">\n\t\t<div class=\"elementor-element elementor-element-e9b7dd9 e-flex e-con-boxed e-con e-child\" data-id=\"e9b7dd9\" data-element_type=\"container\" data-e-type=\"container\">\n\t\t\t\t\t<div class=\"e-con-inner\">\n\t\t<div class=\"elementor-element elementor-element-2c5589d e-con-full e-flex e-con e-child\" data-id=\"2c5589d\" data-element_type=\"container\" data-e-type=\"container\" data-settings=\"{&quot;background_background&quot;:&quot;classic&quot;}\">\n\t\t<div class=\"elementor-element elementor-element-17fd8fa e-con-full e-flex e-con e-child\" data-id=\"17fd8fa\" data-element_type=\"container\" data-e-type=\"container\" data-settings=\"{&quot;background_background&quot;:&quot;classic&quot;}\">\n\t\t\t\t<div class=\"elementor-element elementor-element-76bee09 elementor-widget elementor-widget-heading\" data-id=\"76bee09\" data-element_type=\"widget\" data-e-type=\"widget\" data-widget_type=\"heading.default\">\n\t\t\t\t<div class=\"elementor-widget-container\">\n\t\t\t\t\t<h3 class=\"elementor-heading-title elementor-size-default\">Uniagraria fortalece alianzas estrat\u00e9gicas para la transformaci\u00f3n del territorio y la sociedad<\/h3>\t\t\t\t<\/div>\n\t\t\t\t<\/div>\n\t\t<div class=\"elementor-element elementor-element-fdd0850 e-con-full e-flex e-con e-child\" data-id=\"fdd0850\" data-element_type=\"container\" data-e-type=\"container\" data-settings=\"{&quot;background_background&quot;:&quot;classic&quot;}\">\n\t\t\t\t<div class=\"elementor-element elementor-element-2865845 elementor-widget elementor-widget-heading\" data-id=\"2865845\" data-element_type=\"widget\" data-e-type=\"widget\" data-widget_type=\"heading.default\">\n\t\t\t\t<div class=\"elementor-widget-container\">\n\t\t\t\t\t<h5 class=\"elementor-heading-title elementor-size-default\">Memorando de Entendimiento por la restituci\u00f3n y la reparaci\u00f3n integral de v\u00edctimas<\/h5>\t\t\t\t<\/div>\n\t\t\t\t<\/div>\n\t\t\t\t<div class=\"elementor-element elementor-element-73ac4b4 elementor-widget elementor-widget-text-editor\" data-id=\"73ac4b4\" data-element_type=\"widget\" data-e-type=\"widget\" data-widget_type=\"text-editor.default\">\n\t\t\t\t<div class=\"elementor-widget-container\">\n\t\t\t\t\t\t\t\t\t<p>La Fundaci\u00f3n Universitaria Agraria de Colombia \u2013 Uniagraria y la Unidad Administrativa Especial de Gesti\u00f3n de Restituci\u00f3n de Tierras Despojadas (UAEGRTD) sellan un acuerdo de colaboraci\u00f3n que tiene como eje central la formaci\u00f3n, investigaci\u00f3n y divulgaci\u00f3n en temas de restituci\u00f3n de tierras, memoria hist\u00f3rica y construcci\u00f3n de paz.<\/p><p>Este memorando de entendimiento se traduce en una agenda conjunta para ofrecer cursos, diplomados y contenidos formativos dirigidos a v\u00edctimas, comunidades reclamantes y colaboradores institucionales. Adem\u00e1s, contempla la creaci\u00f3n de productos audiovisuales como podcasts, programas de radio y televisi\u00f3n, y la elaboraci\u00f3n de un proyecto editorial de memoria hist\u00f3rica y cultura de paz.<\/p><p>Uniagraria tambi\u00e9n pondr\u00e1 a disposici\u00f3n de la UAEGRTD sus instalaciones para el desarrollo de actividades estrat\u00e9gicas y procesos de formaci\u00f3n, especialmente dirigidos a su Direcci\u00f3n Territorial de Bogot\u00e1.<\/p>\t\t\t\t\t\t\t\t<\/div>\n\t\t\t\t<\/div>\n\t\t\t\t<\/div>\n\t\t<div class=\"elementor-element elementor-element-49e4761 e-con-full e-flex e-con e-child\" data-id=\"49e4761\" data-element_type=\"container\" data-e-type=\"container\" data-settings=\"{&quot;background_background&quot;:&quot;classic&quot;}\">\n\t\t\t\t<div class=\"elementor-element elementor-element-d1d5216 elementor-widget elementor-widget-heading\" data-id=\"d1d5216\" data-element_type=\"widget\" data-e-type=\"widget\" data-widget_type=\"heading.default\">\n\t\t\t\t<div class=\"elementor-widget-container\">\n\t\t\t\t\t<h5 class=\"elementor-heading-title elementor-size-default\">Uniagraria y UniAmazonia: uni\u00f3n por el conocimiento y la sostenibilidad<\/h5>\t\t\t\t<\/div>\n\t\t\t\t<\/div>\n\t\t\t\t<div class=\"elementor-element elementor-element-993d080 elementor-widget elementor-widget-text-editor\" data-id=\"993d080\" data-element_type=\"widget\" data-e-type=\"widget\" data-widget_type=\"text-editor.default\">\n\t\t\t\t<div class=\"elementor-widget-container\">\n\t\t\t\t\t\t\t\t\t<p>Con la firme convicci\u00f3n de aportar al desarrollo regional y nacional, Uniagraria y la Universidad de la Amazonia han firmado un convenio marco de cooperaci\u00f3n interinstitucional que abre las puertas al intercambio acad\u00e9mico, investigativo y social.<\/p><p>Esta alianza beneficiar\u00e1 a estudiantes de pregrado y posgrado, quienes podr\u00e1n realizar pr\u00e1cticas y pasant\u00edas inmersivas en contextos distintos a los de su instituci\u00f3n de origen. En esta primera fase, la cooperaci\u00f3n estar\u00e1 orientada a los programas de:<\/p><ul><li>Medicina Veterinaria y Zootecnia<\/li><li>Contadur\u00eda P\u00fablica<\/li><li>Ingenier\u00eda de Alimentos<\/li><li>Derecho<\/li><\/ul><p>Este convenio refuerza el compromiso de ambas universidades con la formaci\u00f3n integral, la proyecci\u00f3n social y el desarrollo sostenible en zonas estrat\u00e9gicas del pa\u00eds.<\/p>\t\t\t\t\t\t\t\t<\/div>\n\t\t\t\t<\/div>\n\t\t\t\t<\/div>\n\t\t<div class=\"elementor-element elementor-element-978f2cf e-con-full e-flex e-con e-child\" data-id=\"978f2cf\" data-element_type=\"container\" data-e-type=\"container\" data-settings=\"{&quot;background_background&quot;:&quot;classic&quot;}\">\n\t\t\t\t<div class=\"elementor-element elementor-element-cd2cc45 elementor-widget elementor-widget-heading\" data-id=\"cd2cc45\" data-element_type=\"widget\" data-e-type=\"widget\" data-widget_type=\"heading.default\">\n\t\t\t\t<div class=\"elementor-widget-container\">\n\t\t\t\t\t<h5 class=\"elementor-heading-title elementor-size-default\">Convenio con el Centro de Investigaciones y Altos Estudios Legislativos \u2013 CAEL<\/h5>\t\t\t\t<\/div>\n\t\t\t\t<\/div>\n\t\t\t\t<div class=\"elementor-element elementor-element-316ea4d elementor-widget elementor-widget-text-editor\" data-id=\"316ea4d\" data-element_type=\"widget\" data-e-type=\"widget\" data-widget_type=\"text-editor.default\">\n\t\t\t\t<div class=\"elementor-widget-container\">\n\t\t\t\t\t\t\t\t\t<p>Uniagraria contin\u00faa afianzando su presencia en el escenario nacional mediante su convenio con el Centro de Investigaciones y Altos Estudios Legislativos (CAEL), el \u00f3rgano acad\u00e9mico del Congreso de la Rep\u00fablica.<\/p><p>Gracias a esta alianza, los investigadores Uniagraristas han contribuido con m\u00e1s de 45 conceptos t\u00e9cnicos para proyectos de ley, de los cuales 39 han sido aprobados y certificados como productos cient\u00edficos v\u00e1lidos ante plataformas como CvLAC y los sistemas nacionales de investigaci\u00f3n.<\/p><p>Este convenio no solo impulsa el posicionamiento institucional, sino que tambi\u00e9n permite generar espacios de formaci\u00f3n de alto nivel como el curso en Modelos de desarrollo sostenible: Contexto y aplicabilidad y la organizaci\u00f3n de eventos interinstitucionales con amplia difusi\u00f3n medi\u00e1tica, incluyendo menciones en el Noticiero del Senado y otros medios legislativos.<\/p>\t\t\t\t\t\t\t\t<\/div>\n\t\t\t\t<\/div>\n\t\t\t\t<\/div>\n\t\t\t\t<\/div>\n\t\t\t\t<\/div>\n\t\t\t\t\t<\/div>\n\t\t\t\t<\/div>\n\t\t\t\t<\/div>\n\t\t\t\t<\/div>\n\t\t","protected":false},"excerpt":{"rendered":"<p>Gesti\u00f3n de la Investigaci\u00f3n Uniagraria fortalece alianzas estrat\u00e9gicas para la transformaci\u00f3n del territorio y la sociedad Memorando de Entendimiento por la restituci\u00f3n y la reparaci\u00f3n integral de v\u00edctimas La Fundaci\u00f3n Universitaria Agraria de Colombia \u2013 Uniagraria y la Unidad Administrativa Especial de Gesti\u00f3n de Restituci\u00f3n de Tierras Despojadas (UAEGRTD) sellan un acuerdo de colaboraci\u00f3n que [&hellip;]<\/p>\n","protected":false},"author":5,"featured_media":0,"parent":0,"menu_order":0,"comment_status":"closed","ping_status":"closed","template":"","meta":{"_acf_changed":false,"site-sidebar-layout":"no-sidebar","site-content-layout":"","ast-site-content-layout":"full-width-container","site-content-style":"default","site-sidebar-style":"default","ast-global-header-display":"","ast-banner-title-visibility":"","ast-main-header-display":"","ast-hfb-above-header-display":"","ast-hfb-below-header-display":"","ast-hfb-mobile-header-display":"","site-post-title":"disabled","ast-breadcrumbs-content":"","ast-featured-img":"disabled","footer-sml-layout":"","ast-disable-related-posts":"","theme-transparent-header-meta":"default","adv-header-id-meta":"","stick-header-meta":"default","header-above-stick-meta":"","header-main-stick-meta":"","header-below-stick-meta":"","astra-migrate-meta-layouts":"set","ast-page-background-enabled":"default","ast-page-background-meta":{"desktop":{"background-color":"var(--ast-global-color-4)","background-image":"","background-repeat":"repeat","background-position":"center center","background-size":"auto","background-attachment":"scroll","background-type":"","background-media":"","overlay-type":"","overlay-color":"","overlay-opacity":"","overlay-gradient":""},"tablet":{"background-color":"","background-image":"","background-repeat":"repeat","background-position":"center center","background-size":"auto","background-attachment":"scroll","background-type":"","background-media":"","overlay-type":"","overlay-color":"","overlay-opacity":"","overlay-gradient":""},"mobile":{"background-color":"","background-image":"","background-repeat":"repeat","background-position":"center center","background-size":"auto","background-attachment":"scroll","background-type":"","background-media":"","overlay-type":"","overlay-color":"","overlay-opacity":"","overlay-gradient":""}},"ast-content-background-meta":{"desktop":{"background-color":"var(--ast-global-color-5)","background-image":"","background-repeat":"repeat","background-position":"center center","background-size":"auto","background-attachment":"scroll","background-type":"","background-media":"","overlay-type":"","overlay-color":"","overlay-opacity":"","overlay-gradient":""},"tablet":{"background-color":"var(--ast-global-color-5)","background-image":"","background-repeat":"repeat","background-position":"center center","background-size":"auto","background-attachment":"scroll","background-type":"","background-media":"","overlay-type":"","overlay-color":"","overlay-opacity":"","overlay-gradient":""},"mobile":{"background-color":"var(--ast-global-color-5)","background-image":"","background-repeat":"repeat","background-position":"center center","background-size":"auto","background-attachment":"scroll","background-type":"","background-media":"","overlay-type":"","overlay-color":"","overlay-opacity":"","overlay-gradient":""}},"footnotes":""},"class_list":["post-76873","page","type-page","status-publish","hentry"],"acf":[],"yoast_head":"<!-- This site is optimized with the Yoast SEO plugin v27.5 - https:\/\/yoast.com\/product\/yoast-seo-wordpress\/ -->\n<title>Gesti\u00f3n de la Investigaci\u00f3n - UNIAGRARIA<\/title>\n<meta name=\"robots\" content=\"index, follow, max-snippet:-1, max-image-preview:large, max-video-preview:-1\" \/>\n<link rel=\"canonical\" href=\"https:\/\/uniagraria.edu.co\/es\/gestion-de-la-investigacion\/\" \/>\n<meta property=\"og:locale\" content=\"es_ES\" \/>\n<meta property=\"og:type\" content=\"article\" \/>\n<meta property=\"og:title\" content=\"Gesti\u00f3n de la Investigaci\u00f3n - UNIAGRARIA\" \/>\n<meta property=\"og:description\" content=\"Gesti\u00f3n de la Investigaci\u00f3n Uniagraria fortalece alianzas estrat\u00e9gicas para la transformaci\u00f3n del territorio y la sociedad Memorando de Entendimiento por la restituci\u00f3n y la reparaci\u00f3n integral de v\u00edctimas La Fundaci\u00f3n Universitaria Agraria de Colombia \u2013 Uniagraria y la Unidad Administrativa Especial de Gesti\u00f3n de Restituci\u00f3n de Tierras Despojadas (UAEGRTD) sellan un acuerdo de colaboraci\u00f3n que [&hellip;]\" \/>\n<meta property=\"og:url\" content=\"https:\/\/uniagraria.edu.co\/es\/gestion-de-la-investigacion\/\" \/>\n<meta property=\"og:site_name\" content=\"UNIAGRARIA\" \/>\n<meta property=\"article:publisher\" content=\"https:\/\/www.facebook.com\/uagraria\/?locale=es_LA\" \/>\n<meta property=\"article:modified_time\" content=\"2025-08-11T16:19:17+00:00\" \/>\n<meta property=\"og:image\" content=\"https:\/\/novawebmaster.com\/uniagraria\/wp-content\/uploads\/2025\/02\/logo.png\" \/>\n<meta name=\"twitter:card\" content=\"summary_large_image\" \/>\n<meta name=\"twitter:site\" content=\"@UNIAGRARIA\" \/>\n<meta name=\"twitter:label1\" content=\"Tiempo de lectura\" \/>\n\t<meta name=\"twitter:data1\" content=\"2 minutos\" \/>\n<script type=\"application\/ld+json\" class=\"yoast-schema-graph\">{\"@context\":\"https:\\\/\\\/schema.org\",\"@graph\":[{\"@type\":\"WebPage\",\"@id\":\"https:\\\/\\\/uniagraria.edu.co\\\/es\\\/gestion-de-la-investigacion\\\/\",\"url\":\"https:\\\/\\\/uniagraria.edu.co\\\/es\\\/gestion-de-la-investigacion\\\/\",\"name\":\"Gesti\u00f3n de la Investigaci\u00f3n - UNIAGRARIA\",\"isPartOf\":{\"@id\":\"https:\\\/\\\/uniagraria.edu.co\\\/es\\\/#website\"},\"primaryImageOfPage\":{\"@id\":\"https:\\\/\\\/uniagraria.edu.co\\\/es\\\/gestion-de-la-investigacion\\\/#primaryimage\"},\"image\":{\"@id\":\"https:\\\/\\\/uniagraria.edu.co\\\/es\\\/gestion-de-la-investigacion\\\/#primaryimage\"},\"thumbnailUrl\":\"https:\\\/\\\/novawebmaster.com\\\/uniagraria\\\/wp-content\\\/uploads\\\/2025\\\/02\\\/logo.png\",\"datePublished\":\"2025-08-08T20:40:44+00:00\",\"dateModified\":\"2025-08-11T16:19:17+00:00\",\"breadcrumb\":{\"@id\":\"https:\\\/\\\/uniagraria.edu.co\\\/es\\\/gestion-de-la-investigacion\\\/#breadcrumb\"},\"inLanguage\":\"es-CO\",\"potentialAction\":[{\"@type\":\"ReadAction\",\"target\":[\"https:\\\/\\\/uniagraria.edu.co\\\/es\\\/gestion-de-la-investigacion\\\/\"]}]},{\"@type\":\"ImageObject\",\"inLanguage\":\"es-CO\",\"@id\":\"https:\\\/\\\/uniagraria.edu.co\\\/es\\\/gestion-de-la-investigacion\\\/#primaryimage\",\"url\":\"https:\\\/\\\/novawebmaster.com\\\/uniagraria\\\/wp-content\\\/uploads\\\/2025\\\/02\\\/logo.png\",\"contentUrl\":\"https:\\\/\\\/novawebmaster.com\\\/uniagraria\\\/wp-content\\\/uploads\\\/2025\\\/02\\\/logo.png\"},{\"@type\":\"BreadcrumbList\",\"@id\":\"https:\\\/\\\/uniagraria.edu.co\\\/es\\\/gestion-de-la-investigacion\\\/#breadcrumb\",\"itemListElement\":[{\"@type\":\"ListItem\",\"position\":1,\"name\":\"Inicio\",\"item\":\"https:\\\/\\\/uniagraria.edu.co\\\/\"},{\"@type\":\"ListItem\",\"position\":2,\"name\":\"Gesti\u00f3n de la Investigaci\u00f3n\"}]},{\"@type\":\"WebSite\",\"@id\":\"https:\\\/\\\/uniagraria.edu.co\\\/es\\\/#website\",\"url\":\"https:\\\/\\\/uniagraria.edu.co\\\/es\\\/\",\"name\":\"UNIAGRARIA\",\"description\":\"FUNDACION UNIVERSITARIA AGRARIA DE COLOMBIA\",\"publisher\":{\"@id\":\"https:\\\/\\\/uniagraria.edu.co\\\/es\\\/#organization\"},\"potentialAction\":[{\"@type\":\"SearchAction\",\"target\":{\"@type\":\"EntryPoint\",\"urlTemplate\":\"https:\\\/\\\/uniagraria.edu.co\\\/es\\\/?s={search_term_string}\"},\"query-input\":{\"@type\":\"PropertyValueSpecification\",\"valueRequired\":true,\"valueName\":\"search_term_string\"}}],\"inLanguage\":\"es-CO\"},{\"@type\":\"Organization\",\"@id\":\"https:\\\/\\\/uniagraria.edu.co\\\/es\\\/#organization\",\"name\":\"UNIAGRARIA\",\"url\":\"https:\\\/\\\/uniagraria.edu.co\\\/es\\\/\",\"logo\":{\"@type\":\"ImageObject\",\"inLanguage\":\"es-CO\",\"@id\":\"https:\\\/\\\/uniagraria.edu.co\\\/es\\\/#\\\/schema\\\/logo\\\/image\\\/\",\"url\":\"https:\\\/\\\/novawebmaster.com\\\/uniagraria\\\/wp-content\\\/uploads\\\/2025\\\/02\\\/LogoUa2023Vertical.png\",\"contentUrl\":\"https:\\\/\\\/novawebmaster.com\\\/uniagraria\\\/wp-content\\\/uploads\\\/2025\\\/02\\\/LogoUa2023Vertical.png\",\"width\":3300,\"height\":2550,\"caption\":\"UNIAGRARIA\"},\"image\":{\"@id\":\"https:\\\/\\\/uniagraria.edu.co\\\/es\\\/#\\\/schema\\\/logo\\\/image\\\/\"},\"sameAs\":[\"https:\\\/\\\/www.facebook.com\\\/uagraria\\\/?locale=es_LA\",\"https:\\\/\\\/x.com\\\/UNIAGRARIA\",\"https:\\\/\\\/www.instagram.com\\\/uniagraria\\\/profilecard\\\/?igsh=MXI2bTFlMWsxNzNjOA\",\"https:\\\/\\\/www.tiktok.com\\\/discover\\\/uniagraria?lang=es\",\"https:\\\/\\\/www.linkedin.com\\\/school\\\/uniagraria\\\/?originalSubdomain=co\",\"https:\\\/\\\/www.youtube.com\\\/user\\\/UniagrariaUverde?themeRefresh=1\",\"https:\\\/\\\/api.whatsapp.com\\\/send?phone=3134230649\"]}]}<\/script>\n<!-- \/ Yoast SEO plugin. -->","yoast_head_json":{"title":"Gesti\u00f3n de la Investigaci\u00f3n - UNIAGRARIA","robots":{"index":"index","follow":"follow","max-snippet":"max-snippet:-1","max-image-preview":"max-image-preview:large","max-video-preview":"max-video-preview:-1"},"canonical":"https:\/\/uniagraria.edu.co\/es\/gestion-de-la-investigacion\/","og_locale":"es_ES","og_type":"article","og_title":"Gesti\u00f3n de la Investigaci\u00f3n - UNIAGRARIA","og_description":"Gesti\u00f3n de la Investigaci\u00f3n Uniagraria fortalece alianzas estrat\u00e9gicas para la transformaci\u00f3n del territorio y la sociedad Memorando de Entendimiento por la restituci\u00f3n y la reparaci\u00f3n integral de v\u00edctimas La Fundaci\u00f3n Universitaria Agraria de Colombia \u2013 Uniagraria y la Unidad Administrativa Especial de Gesti\u00f3n de Restituci\u00f3n de Tierras Despojadas (UAEGRTD) sellan un acuerdo de colaboraci\u00f3n que [&hellip;]","og_url":"https:\/\/uniagraria.edu.co\/es\/gestion-de-la-investigacion\/","og_site_name":"UNIAGRARIA","article_publisher":"https:\/\/www.facebook.com\/uagraria\/?locale=es_LA","article_modified_time":"2025-08-11T16:19:17+00:00","og_image":[{"url":"https:\/\/novawebmaster.com\/uniagraria\/wp-content\/uploads\/2025\/02\/logo.png","type":"","width":"","height":""}],"twitter_card":"summary_large_image","twitter_site":"@UNIAGRARIA","twitter_misc":{"Tiempo de lectura":"2 minutos"},"schema":{"@context":"https:\/\/schema.org","@graph":[{"@type":"WebPage","@id":"https:\/\/uniagraria.edu.co\/es\/gestion-de-la-investigacion\/","url":"https:\/\/uniagraria.edu.co\/es\/gestion-de-la-investigacion\/","name":"Gesti\u00f3n de la Investigaci\u00f3n - UNIAGRARIA","isPartOf":{"@id":"https:\/\/uniagraria.edu.co\/es\/#website"},"primaryImageOfPage":{"@id":"https:\/\/uniagraria.edu.co\/es\/gestion-de-la-investigacion\/#primaryimage"},"image":{"@id":"https:\/\/uniagraria.edu.co\/es\/gestion-de-la-investigacion\/#primaryimage"},"thumbnailUrl":"https:\/\/novawebmaster.com\/uniagraria\/wp-content\/uploads\/2025\/02\/logo.png","datePublished":"2025-08-08T20:40:44+00:00","dateModified":"2025-08-11T16:19:17+00:00","breadcrumb":{"@id":"https:\/\/uniagraria.edu.co\/es\/gestion-de-la-investigacion\/#breadcrumb"},"inLanguage":"es-CO","potentialAction":[{"@type":"ReadAction","target":["https:\/\/uniagraria.edu.co\/es\/gestion-de-la-investigacion\/"]}]},{"@type":"ImageObject","inLanguage":"es-CO","@id":"https:\/\/uniagraria.edu.co\/es\/gestion-de-la-investigacion\/#primaryimage","url":"https:\/\/novawebmaster.com\/uniagraria\/wp-content\/uploads\/2025\/02\/logo.png","contentUrl":"https:\/\/novawebmaster.com\/uniagraria\/wp-content\/uploads\/2025\/02\/logo.png"},{"@type":"BreadcrumbList","@id":"https:\/\/uniagraria.edu.co\/es\/gestion-de-la-investigacion\/#breadcrumb","itemListElement":[{"@type":"ListItem","position":1,"name":"Inicio","item":"https:\/\/uniagraria.edu.co\/"},{"@type":"ListItem","position":2,"name":"Gesti\u00f3n de la Investigaci\u00f3n"}]},{"@type":"WebSite","@id":"https:\/\/uniagraria.edu.co\/es\/#website","url":"https:\/\/uniagraria.edu.co\/es\/","name":"UNIAGRARIA","description":"FUNDACION UNIVERSITARIA AGRARIA DE COLOMBIA","publisher":{"@id":"https:\/\/uniagraria.edu.co\/es\/#organization"},"potentialAction":[{"@type":"SearchAction","target":{"@type":"EntryPoint","urlTemplate":"https:\/\/uniagraria.edu.co\/es\/?s={search_term_string}"},"query-input":{"@type":"PropertyValueSpecification","valueRequired":true,"valueName":"search_term_string"}}],"inLanguage":"es-CO"},{"@type":"Organization","@id":"https:\/\/uniagraria.edu.co\/es\/#organization","name":"UNIAGRARIA","url":"https:\/\/uniagraria.edu.co\/es\/","logo":{"@type":"ImageObject","inLanguage":"es-CO","@id":"https:\/\/uniagraria.edu.co\/es\/#\/schema\/logo\/image\/","url":"https:\/\/novawebmaster.com\/uniagraria\/wp-content\/uploads\/2025\/02\/LogoUa2023Vertical.png","contentUrl":"https:\/\/novawebmaster.com\/uniagraria\/wp-content\/uploads\/2025\/02\/LogoUa2023Vertical.png","width":3300,"height":2550,"caption":"UNIAGRARIA"},"image":{"@id":"https:\/\/uniagraria.edu.co\/es\/#\/schema\/logo\/image\/"},"sameAs":["https:\/\/www.facebook.com\/uagraria\/?locale=es_LA","https:\/\/x.com\/UNIAGRARIA","https:\/\/www.instagram.com\/uniagraria\/profilecard\/?igsh=MXI2bTFlMWsxNzNjOA","https:\/\/www.tiktok.com\/discover\/uniagraria?lang=es","https:\/\/www.linkedin.com\/school\/uniagraria\/?originalSubdomain=co","https:\/\/www.youtube.com\/user\/UniagrariaUverde?themeRefresh=1","https:\/\/api.whatsapp.com\/send?phone=3134230649"]}]}},"_links":{"self":[{"href":"https:\/\/uniagraria.edu.co\/es\/wp-json\/wp\/v2\/pages\/76873","targetHints":{"allow":["GET"]}}],"collection":[{"href":"https:\/\/uniagraria.edu.co\/es\/wp-json\/wp\/v2\/pages"}],"about":[{"href":"https:\/\/uniagraria.edu.co\/es\/wp-json\/wp\/v2\/types\/page"}],"author":[{"embeddable":true,"href":"https:\/\/uniagraria.edu.co\/es\/wp-json\/wp\/v2\/users\/5"}],"replies":[{"embeddable":true,"href":"https:\/\/uniagraria.edu.co\/es\/wp-json\/wp\/v2\/comments?post=76873"}],"version-history":[{"count":16,"href":"https:\/\/uniagraria.edu.co\/es\/wp-json\/wp\/v2\/pages\/76873\/revisions"}],"predecessor-version":[{"id":76956,"href":"https:\/\/uniagraria.edu.co\/es\/wp-json\/wp\/v2\/pages\/76873\/revisions\/76956"}],"wp:attachment":[{"href":"https:\/\/uniagraria.edu.co\/es\/wp-json\/wp\/v2\/media?parent=76873"}],"curies":[{"name":"wp","href":"https:\/\/api.w.org\/{rel}","templated":true}]}}