{"id":77044,"date":"2025-08-13T11:26:55","date_gmt":"2025-08-13T16:26:55","guid":{"rendered":"https:\/\/novawebmaster.com\/uniagraria\/?page_id=77044"},"modified":"2025-08-13T11:50:36","modified_gmt":"2025-08-13T16:50:36","slug":"autorregulacion","status":"publish","type":"page","link":"https:\/\/uniagraria.edu.co\/es\/aseguramiento-de-la-calidad\/autorregulacion\/","title":{"rendered":"Autorregulaci\u00f3n"},"content":{"rendered":"\t\t<div data-elementor-type=\"wp-page\" data-elementor-id=\"77044\" class=\"elementor elementor-77044\" data-elementor-post-type=\"page\">\n\t\t\t\t<div class=\"elementor-element elementor-element-cc6f6c0 e-con-full e-flex e-con e-parent\" data-id=\"cc6f6c0\" data-element_type=\"container\" data-e-type=\"container\">\n\t\t<div class=\"elementor-element elementor-element-eb456da e-flex e-con-boxed e-con e-child\" data-id=\"eb456da\" data-element_type=\"container\" data-e-type=\"container\">\n\t\t\t\t\t<div class=\"e-con-inner\">\n\t\t\t\t<div class=\"elementor-element elementor-element-c55b809 elementor-widget elementor-widget-heading\" data-id=\"c55b809\" data-element_type=\"widget\" data-e-type=\"widget\" data-widget_type=\"heading.default\">\n\t\t\t\t<div class=\"elementor-widget-container\">\n\t\t\t\t\t<h2 class=\"elementor-heading-title elementor-size-default\">Autorregulaci\u00f3n<\/h2>\t\t\t\t<\/div>\n\t\t\t\t<\/div>\n\t\t\t\t<div class=\"elementor-element elementor-element-4b13ea0 elementor-widget elementor-widget-text-editor\" data-id=\"4b13ea0\" data-element_type=\"widget\" data-e-type=\"widget\" data-widget_type=\"text-editor.default\">\n\t\t\t\t<div class=\"elementor-widget-container\">\n\t\t\t\t\t\t\t\t\t<p>Es el mecanismo que tienen las instituciones para el seguimiento sistem\u00e1tico del cumplimiento de sus objetivos misionales, el an\u00e1lisis de las condiciones que afectan su desarrollo, y las medidas para el mejoramiento continuo. Esta cultura busca garantizar que la oferta y desarrollo de programas acad\u00e9micos se realice en condiciones de calidad y que las instituciones rindan cuentas ante la comunidad, la sociedad y el Estado sobre el servicio educativo que presta.<\/p><p>\u00a0As\u00ed las cosas, en la gu\u00eda No. 04 del CNA, se establece que el seguimiento y evaluaci\u00f3n de los planes de mejoramiento y est\u00e1 dirigida a las instituciones, as\u00ed como a los programas acad\u00e9micos que han recibido la acreditaci\u00f3n en alta calidad en cualquiera de sus vigencias (6, 8 o 10 a\u00f1os) y se enmarca en la funci\u00f3n del Consejo Nacional de Acreditaci\u00f3n de promover la cultura de autoevaluaci\u00f3n y mejoramiento continuo, como una tarea permanente de las instituciones del pa\u00eds y como parte integral del proceso de acreditaci\u00f3n en alta calidad.<\/p><p>Una instituci\u00f3n de alta calidad se reconoce por la capacidad de planear su desarrollo y autoevaluarse de manera sistem\u00e1tica y permanente, generando planes que aborden las oportunidades de mejoramiento resultantes de los procesos de autoevaluaci\u00f3n e impacten las decisiones institucionales en todos sus niveles y \u00e1mbitos de influencia, en desarrollo de su autonom\u00eda institucional. Para ello debe contar con un sistema interno de aseguramiento de la calidad, el cual ha tenido un proceso de maduraci\u00f3n y mejoramiento, como resultado de los procesos de autoevaluaci\u00f3n y autorregulaci\u00f3n.<\/p>\t\t\t\t\t\t\t\t<\/div>\n\t\t\t\t<\/div>\n\t\t\t\t\t<\/div>\n\t\t\t\t<\/div>\n\t\t\t\t<\/div>\n\t\t<div class=\"elementor-element elementor-element-22bdd4d e-flex e-con-boxed e-con e-parent\" data-id=\"22bdd4d\" data-element_type=\"container\" data-e-type=\"container\" data-settings=\"{&quot;background_background&quot;:&quot;classic&quot;}\">\n\t\t\t\t\t<div class=\"e-con-inner\">\n\t\t<div class=\"elementor-element elementor-element-d13e684 e-con-full e-flex e-con e-child\" data-id=\"d13e684\" data-element_type=\"container\" data-e-type=\"container\" data-settings=\"{&quot;background_background&quot;:&quot;classic&quot;}\">\n\t\t<div class=\"elementor-element elementor-element-2d03d5b e-con-full e-flex e-con e-child\" data-id=\"2d03d5b\" data-element_type=\"container\" data-e-type=\"container\" data-settings=\"{&quot;background_background&quot;:&quot;classic&quot;}\">\n\t\t<div class=\"elementor-element elementor-element-f5b6221 e-con-full e-flex e-con e-child\" data-id=\"f5b6221\" data-element_type=\"container\" data-e-type=\"container\" data-settings=\"{&quot;background_background&quot;:&quot;classic&quot;}\">\n\t\t<div class=\"elementor-element elementor-element-bbefdcc e-flex e-con-boxed e-con e-child\" data-id=\"bbefdcc\" data-element_type=\"container\" data-e-type=\"container\">\n\t\t\t\t\t<div class=\"e-con-inner\">\n\t\t\t\t<div class=\"elementor-element elementor-element-bac9eb3 elementor-widget elementor-widget-heading\" data-id=\"bac9eb3\" data-element_type=\"widget\" data-e-type=\"widget\" data-widget_type=\"heading.default\">\n\t\t\t\t<div class=\"elementor-widget-container\">\n\t\t\t\t\t<h5 class=\"elementor-heading-title elementor-size-default\">La alta calidad de las Instituciones supone que se hayan consolidado aspectos tales como:<\/h5>\t\t\t\t<\/div>\n\t\t\t\t<\/div>\n\t\t\t\t<div class=\"elementor-element elementor-element-6457167 elementor-widget elementor-widget-text-editor\" data-id=\"6457167\" data-element_type=\"widget\" data-e-type=\"widget\" data-widget_type=\"text-editor.default\">\n\t\t\t\t<div class=\"elementor-widget-container\">\n\t\t\t\t\t\t\t\t\t<ul><li>Desarrollo y apropiaci\u00f3n de una s\u00f3lida cultura de autoevaluaci\u00f3n y autorregulaci\u00f3n orientada al mejoramiento continuo, soportada en un sistema interno de aseguramiento de la calidad que permita evidenciar los logros y el desarrollo permanente de labores formativas, acad\u00e9micas, docentes, cient\u00edficas, culturales y de extensi\u00f3n.<\/li><li>Demostraci\u00f3n de la coherencia entre los prop\u00f3sitos declarados y las acciones realizadas para llevarlos a cabo, evidenciada en sus planes de desarrollo o lo que haga sus veces, y en la proyecci\u00f3n presupuestal. Una articulaci\u00f3n efectiva entre los procesos administrativos y acad\u00e9micos, que ponga en evidencia el esfuerzo institucional para garantizar un engranaje eficiente y eficaz para soportar la misi\u00f3n institucional.<\/li><li>Mecanismos de evaluaci\u00f3n y seguimiento al desempe\u00f1o administrativo de la Instituci\u00f3n que muestren mejoramiento continuo y acciones en las que se ponga en evidencia la efectividad institucional. Recursos financieros suficientes que garanticen cumplir adecuadamente con las funciones misionales y de apoyo, tanto en inversi\u00f3n como en operaci\u00f3n en el corto, mediano y largo plazo.<\/li><li>La transparencia demostrada en la promoci\u00f3n de los servicios que las Instituciones ofrecen en desarrollo de sus labores formativas, acad\u00e9micas, docentes, cient\u00edficas, culturales y de extensi\u00f3n.<\/li><\/ul>\t\t\t\t\t\t\t\t<\/div>\n\t\t\t\t<\/div>\n\t\t\t\t\t<\/div>\n\t\t\t\t<\/div>\n\t\t<div class=\"elementor-element elementor-element-6f7ae7d e-con-full e-flex e-con e-child\" data-id=\"6f7ae7d\" data-element_type=\"container\" data-e-type=\"container\">\n\t\t\t\t<div class=\"elementor-element elementor-element-938cf53 elementor-widget elementor-widget-heading\" data-id=\"938cf53\" data-element_type=\"widget\" data-e-type=\"widget\" data-widget_type=\"heading.default\">\n\t\t\t\t<div class=\"elementor-widget-container\">\n\t\t\t\t\t<h5 class=\"elementor-heading-title elementor-size-default\">El seguimiento y evaluaci\u00f3n que realiza el Consejo Nacional de Acreditaci\u00f3n tiene los siguientes objetivos:<\/h5>\t\t\t\t<\/div>\n\t\t\t\t<\/div>\n\t\t\t\t<div class=\"elementor-element elementor-element-03319ff elementor-widget elementor-widget-text-editor\" data-id=\"03319ff\" data-element_type=\"widget\" data-e-type=\"widget\" data-widget_type=\"text-editor.default\">\n\t\t\t\t<div class=\"elementor-widget-container\">\n\t\t\t\t\t\t\t\t\t<ol><li>Evidenciar tanto los avances como la solidez de la planeaci\u00f3n y la gesti\u00f3n que ampara su ejecuci\u00f3n.<\/li><li>Describir la forma en que se han desarrollado los planes de mejoramiento identificados para involucrar las recomendaciones del proceso m\u00e1s reciente de acreditaci\u00f3n y la capacidad innovadora que demuestra el programa acad\u00e9mico o la instituci\u00f3n.<\/li><li>Dar cuenta de los cambios significativos de mejoramiento continuo respecto a la vigencia de la acreditaci\u00f3n.<\/li><\/ol>\t\t\t\t\t\t\t\t<\/div>\n\t\t\t\t<\/div>\n\t\t\t\t<\/div>\n\t\t\t\t<\/div>\n\t\t\t\t<div class=\"elementor-element elementor-element-e6e711e elementor-widget elementor-widget-text-editor\" data-id=\"e6e711e\" data-element_type=\"widget\" data-e-type=\"widget\" data-widget_type=\"text-editor.default\">\n\t\t\t\t<div class=\"elementor-widget-container\">\n\t\t\t\t\t\t\t\t\t<p>De otro lado, una Instituci\u00f3n de alta calidad se reconoce porque demuestra que lleva a cabo mecanismos de rendici\u00f3n de cuentas peri\u00f3dicas a todos sus grupos de inter\u00e9s y a la comunidad acad\u00e9mica, mediante procesos reflexivos, estructurados y documentados, que permiten un an\u00e1lisis objetivo de los compromisos y promesas de valor institucionales y\/o de los programas acad\u00e9micos realizadas y del grado y modo en que efectivamente se han cumplido.<\/p><p>Para el caso de un programa acad\u00e9mico, la alta calidad, desde la perspectiva de la acreditaci\u00f3n, se reconoce considerando referentes a partir de los cuales orienta su acci\u00f3n y supone retos de alta exigencia y complejidad, reconociendo los elementos que constituyen su identidad, su misi\u00f3n, tipolog\u00eda y naturaleza jur\u00eddica; as\u00ed como el nivel de formaci\u00f3n y la modalidad del programa acad\u00e9mico.<\/p>\t\t\t\t\t\t\t\t<\/div>\n\t\t\t\t<\/div>\n\t\t\t\t<\/div>\n\t\t\t\t<\/div>\n\t\t\t\t\t<\/div>\n\t\t\t\t<\/div>\n\t\t\t\t<\/div>\n\t\t","protected":false},"excerpt":{"rendered":"<p>Autorregulaci\u00f3n Es el mecanismo que tienen las instituciones para el seguimiento sistem\u00e1tico del cumplimiento de sus objetivos misionales, el an\u00e1lisis de las condiciones que afectan su desarrollo, y las medidas para el mejoramiento continuo. Esta cultura busca garantizar que la oferta y desarrollo de programas acad\u00e9micos se realice en condiciones de calidad y que las [&hellip;]<\/p>\n","protected":false},"author":5,"featured_media":0,"parent":52157,"menu_order":0,"comment_status":"closed","ping_status":"closed","template":"","meta":{"_acf_changed":false,"site-sidebar-layout":"no-sidebar","site-content-layout":"","ast-site-content-layout":"full-width-container","site-content-style":"default","site-sidebar-style":"default","ast-global-header-display":"","ast-banner-title-visibility":"","ast-main-header-display":"","ast-hfb-above-header-display":"","ast-hfb-below-header-display":"","ast-hfb-mobile-header-display":"","site-post-title":"disabled","ast-breadcrumbs-content":"","ast-featured-img":"disabled","footer-sml-layout":"","ast-disable-related-posts":"","theme-transparent-header-meta":"default","adv-header-id-meta":"","stick-header-meta":"default","header-above-stick-meta":"","header-main-stick-meta":"","header-below-stick-meta":"","astra-migrate-meta-layouts":"set","ast-page-background-enabled":"default","ast-page-background-meta":{"desktop":{"background-color":"var(--ast-global-color-4)","background-image":"","background-repeat":"repeat","background-position":"center center","background-size":"auto","background-attachment":"scroll","background-type":"","background-media":"","overlay-type":"","overlay-color":"","overlay-opacity":"","overlay-gradient":""},"tablet":{"background-color":"","background-image":"","background-repeat":"repeat","background-position":"center center","background-size":"auto","background-attachment":"scroll","background-type":"","background-media":"","overlay-type":"","overlay-color":"","overlay-opacity":"","overlay-gradient":""},"mobile":{"background-color":"","background-image":"","background-repeat":"repeat","background-position":"center center","background-size":"auto","background-attachment":"scroll","background-type":"","background-media":"","overlay-type":"","overlay-color":"","overlay-opacity":"","overlay-gradient":""}},"ast-content-background-meta":{"desktop":{"background-color":"var(--ast-global-color-5)","background-image":"","background-repeat":"repeat","background-position":"center center","background-size":"auto","background-attachment":"scroll","background-type":"","background-media":"","overlay-type":"","overlay-color":"","overlay-opacity":"","overlay-gradient":""},"tablet":{"background-color":"var(--ast-global-color-5)","background-image":"","background-repeat":"repeat","background-position":"center center","background-size":"auto","background-attachment":"scroll","background-type":"","background-media":"","overlay-type":"","overlay-color":"","overlay-opacity":"","overlay-gradient":""},"mobile":{"background-color":"var(--ast-global-color-5)","background-image":"","background-repeat":"repeat","background-position":"center center","background-size":"auto","background-attachment":"scroll","background-type":"","background-media":"","overlay-type":"","overlay-color":"","overlay-opacity":"","overlay-gradient":""}},"footnotes":""},"class_list":["post-77044","page","type-page","status-publish","hentry"],"acf":[],"yoast_head":"<!-- This site is optimized with the Yoast SEO plugin v27.2 - https:\/\/yoast.com\/product\/yoast-seo-wordpress\/ -->\n<title>Autorregulaci\u00f3n - UNIAGRARIA<\/title>\n<meta name=\"robots\" content=\"index, follow, max-snippet:-1, max-image-preview:large, max-video-preview:-1\" \/>\n<link rel=\"canonical\" href=\"https:\/\/uniagraria.edu.co\/es\/aseguramiento-de-la-calidad\/autorregulacion\/\" \/>\n<meta property=\"og:locale\" content=\"es_ES\" \/>\n<meta property=\"og:type\" content=\"article\" \/>\n<meta property=\"og:title\" content=\"Autorregulaci\u00f3n - UNIAGRARIA\" \/>\n<meta property=\"og:description\" content=\"Autorregulaci\u00f3n Es el mecanismo que tienen las instituciones para el seguimiento sistem\u00e1tico del cumplimiento de sus objetivos misionales, el an\u00e1lisis de las condiciones que afectan su desarrollo, y las medidas para el mejoramiento continuo. Esta cultura busca garantizar que la oferta y desarrollo de programas acad\u00e9micos se realice en condiciones de calidad y que las [&hellip;]\" \/>\n<meta property=\"og:url\" content=\"https:\/\/uniagraria.edu.co\/es\/aseguramiento-de-la-calidad\/autorregulacion\/\" \/>\n<meta property=\"og:site_name\" content=\"UNIAGRARIA\" \/>\n<meta property=\"article:publisher\" content=\"https:\/\/www.facebook.com\/uagraria\/?locale=es_LA\" \/>\n<meta property=\"article:modified_time\" content=\"2025-08-13T16:50:36+00:00\" \/>\n<meta name=\"twitter:card\" content=\"summary_large_image\" \/>\n<meta name=\"twitter:site\" content=\"@UNIAGRARIA\" \/>\n<meta name=\"twitter:label1\" content=\"Tiempo de lectura\" \/>\n\t<meta name=\"twitter:data1\" content=\"4 minutos\" \/>\n<script type=\"application\/ld+json\" class=\"yoast-schema-graph\">{\"@context\":\"https:\/\/schema.org\",\"@graph\":[{\"@type\":\"WebPage\",\"@id\":\"https:\/\/uniagraria.edu.co\/aseguramiento-de-la-calidad\/autorregulacion\/\",\"url\":\"https:\/\/uniagraria.edu.co\/aseguramiento-de-la-calidad\/autorregulacion\/\",\"name\":\"Autorregulaci\u00f3n - UNIAGRARIA\",\"isPartOf\":{\"@id\":\"https:\/\/uniagraria.edu.co\/es\/#website\"},\"datePublished\":\"2025-08-13T16:26:55+00:00\",\"dateModified\":\"2025-08-13T16:50:36+00:00\",\"breadcrumb\":{\"@id\":\"https:\/\/uniagraria.edu.co\/aseguramiento-de-la-calidad\/autorregulacion\/#breadcrumb\"},\"inLanguage\":\"es-CO\",\"potentialAction\":[{\"@type\":\"ReadAction\",\"target\":[\"https:\/\/uniagraria.edu.co\/aseguramiento-de-la-calidad\/autorregulacion\/\"]}]},{\"@type\":\"BreadcrumbList\",\"@id\":\"https:\/\/uniagraria.edu.co\/aseguramiento-de-la-calidad\/autorregulacion\/#breadcrumb\",\"itemListElement\":[{\"@type\":\"ListItem\",\"position\":1,\"name\":\"Inicio\",\"item\":\"https:\/\/uniagraria.edu.co\/es\/\"},{\"@type\":\"ListItem\",\"position\":2,\"name\":\"Aseguramiento de la Calidad\",\"item\":\"https:\/\/uniagraria.edu.co\/aseguramiento-de-la-calidad\/\"},{\"@type\":\"ListItem\",\"position\":3,\"name\":\"Autorregulaci\u00f3n\"}]},{\"@type\":\"WebSite\",\"@id\":\"https:\/\/uniagraria.edu.co\/es\/#website\",\"url\":\"https:\/\/uniagraria.edu.co\/es\/\",\"name\":\"UNIAGRARIA\",\"description\":\"FUNDACION UNIVERSITARIA AGRARIA DE COLOMBIA\",\"publisher\":{\"@id\":\"https:\/\/uniagraria.edu.co\/es\/#organization\"},\"potentialAction\":[{\"@type\":\"SearchAction\",\"target\":{\"@type\":\"EntryPoint\",\"urlTemplate\":\"https:\/\/uniagraria.edu.co\/es\/?s={search_term_string}\"},\"query-input\":{\"@type\":\"PropertyValueSpecification\",\"valueRequired\":true,\"valueName\":\"search_term_string\"}}],\"inLanguage\":\"es-CO\"},{\"@type\":\"Organization\",\"@id\":\"https:\/\/uniagraria.edu.co\/es\/#organization\",\"name\":\"UNIAGRARIA\",\"url\":\"https:\/\/uniagraria.edu.co\/es\/\",\"logo\":{\"@type\":\"ImageObject\",\"inLanguage\":\"es-CO\",\"@id\":\"https:\/\/uniagraria.edu.co\/es\/#\/schema\/logo\/image\/\",\"url\":\"https:\/\/novawebmaster.com\/uniagraria\/wp-content\/uploads\/2025\/02\/LogoUa2023Vertical.png\",\"contentUrl\":\"https:\/\/novawebmaster.com\/uniagraria\/wp-content\/uploads\/2025\/02\/LogoUa2023Vertical.png\",\"width\":3300,\"height\":2550,\"caption\":\"UNIAGRARIA\"},\"image\":{\"@id\":\"https:\/\/uniagraria.edu.co\/es\/#\/schema\/logo\/image\/\"},\"sameAs\":[\"https:\/\/www.facebook.com\/uagraria\/?locale=es_LA\",\"https:\/\/x.com\/UNIAGRARIA\",\"https:\/\/www.instagram.com\/uniagraria\/profilecard\/?igsh=MXI2bTFlMWsxNzNjOA\",\"https:\/\/www.tiktok.com\/discover\/uniagraria?lang=es\",\"https:\/\/www.linkedin.com\/school\/uniagraria\/?originalSubdomain=co\",\"https:\/\/www.youtube.com\/user\/UniagrariaUverde?themeRefresh=1\",\"https:\/\/api.whatsapp.com\/send?phone=3134230649\"]}]}<\/script>\n<!-- \/ Yoast SEO plugin. -->","yoast_head_json":{"title":"Autorregulaci\u00f3n - UNIAGRARIA","robots":{"index":"index","follow":"follow","max-snippet":"max-snippet:-1","max-image-preview":"max-image-preview:large","max-video-preview":"max-video-preview:-1"},"canonical":"https:\/\/uniagraria.edu.co\/es\/aseguramiento-de-la-calidad\/autorregulacion\/","og_locale":"es_ES","og_type":"article","og_title":"Autorregulaci\u00f3n - UNIAGRARIA","og_description":"Autorregulaci\u00f3n Es el mecanismo que tienen las instituciones para el seguimiento sistem\u00e1tico del cumplimiento de sus objetivos misionales, el an\u00e1lisis de las condiciones que afectan su desarrollo, y las medidas para el mejoramiento continuo. Esta cultura busca garantizar que la oferta y desarrollo de programas acad\u00e9micos se realice en condiciones de calidad y que las [&hellip;]","og_url":"https:\/\/uniagraria.edu.co\/es\/aseguramiento-de-la-calidad\/autorregulacion\/","og_site_name":"UNIAGRARIA","article_publisher":"https:\/\/www.facebook.com\/uagraria\/?locale=es_LA","article_modified_time":"2025-08-13T16:50:36+00:00","twitter_card":"summary_large_image","twitter_site":"@UNIAGRARIA","twitter_misc":{"Tiempo de lectura":"4 minutos"},"schema":{"@context":"https:\/\/schema.org","@graph":[{"@type":"WebPage","@id":"https:\/\/uniagraria.edu.co\/aseguramiento-de-la-calidad\/autorregulacion\/","url":"https:\/\/uniagraria.edu.co\/aseguramiento-de-la-calidad\/autorregulacion\/","name":"Autorregulaci\u00f3n - UNIAGRARIA","isPartOf":{"@id":"https:\/\/uniagraria.edu.co\/es\/#website"},"datePublished":"2025-08-13T16:26:55+00:00","dateModified":"2025-08-13T16:50:36+00:00","breadcrumb":{"@id":"https:\/\/uniagraria.edu.co\/aseguramiento-de-la-calidad\/autorregulacion\/#breadcrumb"},"inLanguage":"es-CO","potentialAction":[{"@type":"ReadAction","target":["https:\/\/uniagraria.edu.co\/aseguramiento-de-la-calidad\/autorregulacion\/"]}]},{"@type":"BreadcrumbList","@id":"https:\/\/uniagraria.edu.co\/aseguramiento-de-la-calidad\/autorregulacion\/#breadcrumb","itemListElement":[{"@type":"ListItem","position":1,"name":"Inicio","item":"https:\/\/uniagraria.edu.co\/es\/"},{"@type":"ListItem","position":2,"name":"Aseguramiento de la Calidad","item":"https:\/\/uniagraria.edu.co\/aseguramiento-de-la-calidad\/"},{"@type":"ListItem","position":3,"name":"Autorregulaci\u00f3n"}]},{"@type":"WebSite","@id":"https:\/\/uniagraria.edu.co\/es\/#website","url":"https:\/\/uniagraria.edu.co\/es\/","name":"UNIAGRARIA","description":"FUNDACION UNIVERSITARIA AGRARIA DE COLOMBIA","publisher":{"@id":"https:\/\/uniagraria.edu.co\/es\/#organization"},"potentialAction":[{"@type":"SearchAction","target":{"@type":"EntryPoint","urlTemplate":"https:\/\/uniagraria.edu.co\/es\/?s={search_term_string}"},"query-input":{"@type":"PropertyValueSpecification","valueRequired":true,"valueName":"search_term_string"}}],"inLanguage":"es-CO"},{"@type":"Organization","@id":"https:\/\/uniagraria.edu.co\/es\/#organization","name":"UNIAGRARIA","url":"https:\/\/uniagraria.edu.co\/es\/","logo":{"@type":"ImageObject","inLanguage":"es-CO","@id":"https:\/\/uniagraria.edu.co\/es\/#\/schema\/logo\/image\/","url":"https:\/\/novawebmaster.com\/uniagraria\/wp-content\/uploads\/2025\/02\/LogoUa2023Vertical.png","contentUrl":"https:\/\/novawebmaster.com\/uniagraria\/wp-content\/uploads\/2025\/02\/LogoUa2023Vertical.png","width":3300,"height":2550,"caption":"UNIAGRARIA"},"image":{"@id":"https:\/\/uniagraria.edu.co\/es\/#\/schema\/logo\/image\/"},"sameAs":["https:\/\/www.facebook.com\/uagraria\/?locale=es_LA","https:\/\/x.com\/UNIAGRARIA","https:\/\/www.instagram.com\/uniagraria\/profilecard\/?igsh=MXI2bTFlMWsxNzNjOA","https:\/\/www.tiktok.com\/discover\/uniagraria?lang=es","https:\/\/www.linkedin.com\/school\/uniagraria\/?originalSubdomain=co","https:\/\/www.youtube.com\/user\/UniagrariaUverde?themeRefresh=1","https:\/\/api.whatsapp.com\/send?phone=3134230649"]}]}},"_links":{"self":[{"href":"https:\/\/uniagraria.edu.co\/es\/wp-json\/wp\/v2\/pages\/77044","targetHints":{"allow":["GET"]}}],"collection":[{"href":"https:\/\/uniagraria.edu.co\/es\/wp-json\/wp\/v2\/pages"}],"about":[{"href":"https:\/\/uniagraria.edu.co\/es\/wp-json\/wp\/v2\/types\/page"}],"author":[{"embeddable":true,"href":"https:\/\/uniagraria.edu.co\/es\/wp-json\/wp\/v2\/users\/5"}],"replies":[{"embeddable":true,"href":"https:\/\/uniagraria.edu.co\/es\/wp-json\/wp\/v2\/comments?post=77044"}],"version-history":[{"count":17,"href":"https:\/\/uniagraria.edu.co\/es\/wp-json\/wp\/v2\/pages\/77044\/revisions"}],"predecessor-version":[{"id":77061,"href":"https:\/\/uniagraria.edu.co\/es\/wp-json\/wp\/v2\/pages\/77044\/revisions\/77061"}],"up":[{"embeddable":true,"href":"https:\/\/uniagraria.edu.co\/es\/wp-json\/wp\/v2\/pages\/52157"}],"wp:attachment":[{"href":"https:\/\/uniagraria.edu.co\/es\/wp-json\/wp\/v2\/media?parent=77044"}],"curies":[{"name":"wp","href":"https:\/\/api.w.org\/{rel}","templated":true}]}}