{"id":77523,"date":"2025-09-17T09:21:23","date_gmt":"2025-09-17T14:21:23","guid":{"rendered":"https:\/\/novawebmaster.com\/uniagraria\/?page_id=77523"},"modified":"2025-11-20T08:58:28","modified_gmt":"2025-11-20T13:58:28","slug":"instituto-tecnico-uniagrarista","status":"publish","type":"page","link":"https:\/\/uniagraria.edu.co\/es\/instituto-tecnico-uniagrarista\/","title":{"rendered":"Instituto T\u00e9cnico Uniagrarista"},"content":{"rendered":"\t\t<div data-elementor-type=\"wp-page\" data-elementor-id=\"77523\" class=\"elementor elementor-77523\" data-elementor-post-type=\"page\">\n\t\t\t\t<div class=\"elementor-element elementor-element-9f75930 e-con-full e-flex e-con e-parent\" data-id=\"9f75930\" data-element_type=\"container\" data-e-type=\"container\" data-settings=\"{&quot;background_background&quot;:&quot;classic&quot;}\">\n\t\t<div class=\"elementor-element elementor-element-4fe5bd3 e-con-full e-flex e-con e-child\" data-id=\"4fe5bd3\" data-element_type=\"container\" data-e-type=\"container\">\n\t\t\t\t<div class=\"elementor-element elementor-element-09358af elementor-widget elementor-widget-image\" data-id=\"09358af\" data-element_type=\"widget\" data-e-type=\"widget\" data-widget_type=\"image.default\">\n\t\t\t\t\t\t\t\t\t\t\t\t\t\t\t\t<a href=\"https:\/\/uniagraria.edu.co\/es\/educacion-permanente\/tecnicos-laborales\/\" target=\"_blank\">\n\t\t\t\t\t\t\t<img fetchpriority=\"high\" decoding=\"async\" width=\"1600\" height=\"718\" src=\"https:\/\/uniagraria.edu.co\/wp-content\/uploads\/2025\/10\/ITU-02.png\" class=\"attachment-full size-full wp-image-77836\" alt=\"\" srcset=\"https:\/\/uniagraria.edu.co\/wp-content\/uploads\/2025\/10\/ITU-02.png 1600w, https:\/\/uniagraria.edu.co\/wp-content\/uploads\/2025\/10\/ITU-02-300x135.png 300w, https:\/\/uniagraria.edu.co\/wp-content\/uploads\/2025\/10\/ITU-02-1024x460.png 1024w, https:\/\/uniagraria.edu.co\/wp-content\/uploads\/2025\/10\/ITU-02-768x345.png 768w, https:\/\/uniagraria.edu.co\/wp-content\/uploads\/2025\/10\/ITU-02-1536x689.png 1536w, https:\/\/uniagraria.edu.co\/wp-content\/uploads\/2025\/10\/ITU-02-18x8.png 18w\" sizes=\"(max-width: 1600px) 100vw, 1600px\" \/>\t\t\t\t\t\t\t\t<\/a>\n\t\t\t\t\t\t\t\t\t\t\t\t\t\t\t<\/div>\n\t\t\t\t<\/div>\n\t\t\t\t<\/div>\n\t\t<div class=\"elementor-element elementor-element-ca449c4 e-con-full e-flex e-con e-parent\" data-id=\"ca449c4\" data-element_type=\"container\" data-e-type=\"container\" data-settings=\"{&quot;background_background&quot;:&quot;classic&quot;}\">\n\t\t<div class=\"elementor-element elementor-element-458584a e-flex e-con-boxed e-con e-child\" data-id=\"458584a\" data-element_type=\"container\" data-e-type=\"container\">\n\t\t\t\t\t<div class=\"e-con-inner\">\n\t\t<div class=\"elementor-element elementor-element-451c6f9 e-con-full e-flex e-con e-child\" data-id=\"451c6f9\" data-element_type=\"container\" data-e-type=\"container\" data-settings=\"{&quot;background_background&quot;:&quot;classic&quot;}\">\n\t\t<div class=\"elementor-element elementor-element-bb9cfd7 e-con-full e-flex e-con e-child\" data-id=\"bb9cfd7\" data-element_type=\"container\" data-e-type=\"container\">\n\t\t\t\t<div class=\"elementor-element elementor-element-fe10528 elementor-widget elementor-widget-image\" data-id=\"fe10528\" data-element_type=\"widget\" data-e-type=\"widget\" data-widget_type=\"image.default\">\n\t\t\t\t\t\t\t\t\t\t\t\t\t\t\t<img decoding=\"async\" width=\"2273\" height=\"1525\" src=\"https:\/\/uniagraria.edu.co\/wp-content\/uploads\/2025\/09\/Volante-ITU-05.jpg\" class=\"attachment-full size-full wp-image-77542\" alt=\"\" srcset=\"https:\/\/uniagraria.edu.co\/wp-content\/uploads\/2025\/09\/Volante-ITU-05.jpg 2273w, https:\/\/uniagraria.edu.co\/wp-content\/uploads\/2025\/09\/Volante-ITU-05-300x201.jpg 300w, https:\/\/uniagraria.edu.co\/wp-content\/uploads\/2025\/09\/Volante-ITU-05-1024x687.jpg 1024w, https:\/\/uniagraria.edu.co\/wp-content\/uploads\/2025\/09\/Volante-ITU-05-768x515.jpg 768w, https:\/\/uniagraria.edu.co\/wp-content\/uploads\/2025\/09\/Volante-ITU-05-1536x1031.jpg 1536w, https:\/\/uniagraria.edu.co\/wp-content\/uploads\/2025\/09\/Volante-ITU-05-2048x1374.jpg 2048w\" sizes=\"(max-width: 2273px) 100vw, 2273px\" \/>\t\t\t\t\t\t\t\t\t\t\t\t\t\t\t<\/div>\n\t\t\t\t<\/div>\n\t\t<div class=\"elementor-element elementor-element-274df9b e-con-full e-flex e-con e-child\" data-id=\"274df9b\" data-element_type=\"container\" data-e-type=\"container\">\n\t\t<div class=\"elementor-element elementor-element-46eaf93 e-con-full e-flex e-con e-child\" data-id=\"46eaf93\" data-element_type=\"container\" data-e-type=\"container\">\n\t\t\t\t<\/div>\n\t\t\t\t<div class=\"elementor-element elementor-element-8225e1c elementor-widget elementor-widget-text-editor\" data-id=\"8225e1c\" data-element_type=\"widget\" data-e-type=\"widget\" data-widget_type=\"text-editor.default\">\n\t\t\t\t\t\t\t\t\t<p>El Instituto T\u00e9cnico Uniagrarista (ITU) es una unidad acad\u00e9mica adscrita a la Fundaci\u00f3n Universitaria Agraria de Colombia, especializada en programas de formaci\u00f3n para el trabajo y el desarrollo humano. Su prop\u00f3sito es ofrecer una educaci\u00f3n t\u00e9cnica de calidad, pertinente y flexible, orientada al fortalecimiento de competencias laborales que faciliten la inserci\u00f3n productiva de los estudiantes en diversos sectores econ\u00f3micos y sociales del pa\u00eds. El ITU estructura su oferta bajo los principios de integralidad, pertinencia territorial, sostenibilidad y cultura emprendedora, contribuyendo activamente al desarrollo regional con enfoque diferencial. Los programas y servicios est\u00e1n dise\u00f1ados para responder a las necesidades reales del entorno, mediante metodolog\u00edas activas de formaci\u00f3n por competencias, pr\u00e1cticas reales en contextos laborales y un acompa\u00f1amiento formativo centrado en el ser, el saber y el hacer.<\/p>\t\t\t\t\t\t\t\t<\/div>\n\t\t\t\t<div class=\"elementor-element elementor-element-ff5b067 elementor-widget elementor-widget-heading\" data-id=\"ff5b067\" data-element_type=\"widget\" data-e-type=\"widget\" data-widget_type=\"heading.default\">\n\t\t\t\t\t<h5 class=\"elementor-heading-title elementor-size-default\"><a href=\"https:\/\/forms.office.com\/pages\/responsepage.aspx?id=FBmPMytfHkyU4bKTR8ezHyFtNn595etIqTC-QElQAchUMlVMUEtQRUlKT0VFMFJGVTYwSlMzOEdQUy4u&#038;route=shorturl\" target=\"_blank\">\"\u00a1Prep\u00e1rate! la formaci\u00f3n que transformar\u00e1 tu futuro est\u00e1 aqu\u00ed, Formulario de Pre-Inscripci\u00f3n\".<\/a><\/h5>\t\t\t\t<\/div>\n\t\t\t\t<\/div>\n\t\t\t\t<\/div>\n\t\t\t\t\t<\/div>\n\t\t\t\t<\/div>\n\t\t\t\t<\/div>\n\t\t<div class=\"elementor-element elementor-element-85dcacb e-con-full e-flex e-con e-parent\" data-id=\"85dcacb\" data-element_type=\"container\" data-e-type=\"container\" data-settings=\"{&quot;background_background&quot;:&quot;classic&quot;}\">\n\t\t<div class=\"elementor-element elementor-element-891d685 e-con-full e-flex e-con e-child\" data-id=\"891d685\" data-element_type=\"container\" data-e-type=\"container\">\n\t\t\t\t<div class=\"elementor-element elementor-element-7c12e6e elementor-widget elementor-widget-image\" data-id=\"7c12e6e\" data-element_type=\"widget\" data-e-type=\"widget\" data-widget_type=\"image.default\">\n\t\t\t\t\t\t\t\t\t\t\t\t\t\t\t\t<a href=\"https:\/\/uniagraria.edu.co\/es\/educacion-permanente\/tecnicos-laborales\/\" target=\"_blank\">\n\t\t\t\t\t\t\t<img decoding=\"async\" width=\"1600\" height=\"300\" src=\"https:\/\/uniagraria.edu.co\/wp-content\/uploads\/2025\/10\/ITU-01.png\" class=\"attachment-full size-full wp-image-77835\" alt=\"\" srcset=\"https:\/\/uniagraria.edu.co\/wp-content\/uploads\/2025\/10\/ITU-01.png 1600w, https:\/\/uniagraria.edu.co\/wp-content\/uploads\/2025\/10\/ITU-01-300x56.png 300w, https:\/\/uniagraria.edu.co\/wp-content\/uploads\/2025\/10\/ITU-01-1024x192.png 1024w, https:\/\/uniagraria.edu.co\/wp-content\/uploads\/2025\/10\/ITU-01-768x144.png 768w, https:\/\/uniagraria.edu.co\/wp-content\/uploads\/2025\/10\/ITU-01-1536x288.png 1536w, https:\/\/uniagraria.edu.co\/wp-content\/uploads\/2025\/10\/ITU-01-18x3.png 18w\" sizes=\"(max-width: 1600px) 100vw, 1600px\" \/>\t\t\t\t\t\t\t\t<\/a>\n\t\t\t\t\t\t\t\t\t\t\t\t\t\t\t<\/div>\n\t\t\t\t<\/div>\n\t\t\t\t<\/div>\n\t\t\t\t<\/div>\n\t\t","protected":false},"excerpt":{"rendered":"<p>El Instituto T\u00e9cnico Uniagrarista (ITU) es una unidad acad\u00e9mica adscrita a la Fundaci\u00f3n Universitaria Agraria de Colombia, especializada en programas de formaci\u00f3n para el trabajo y el desarrollo humano. Su prop\u00f3sito es ofrecer una educaci\u00f3n t\u00e9cnica de calidad, pertinente y flexible, orientada al fortalecimiento de competencias laborales que faciliten la inserci\u00f3n productiva de los estudiantes [&hellip;]<\/p>\n","protected":false},"author":5,"featured_media":0,"parent":0,"menu_order":0,"comment_status":"closed","ping_status":"closed","template":"","meta":{"_acf_changed":false,"site-sidebar-layout":"no-sidebar","site-content-layout":"","ast-site-content-layout":"full-width-container","site-content-style":"default","site-sidebar-style":"default","ast-global-header-display":"","ast-banner-title-visibility":"","ast-main-header-display":"","ast-hfb-above-header-display":"","ast-hfb-below-header-display":"","ast-hfb-mobile-header-display":"","site-post-title":"disabled","ast-breadcrumbs-content":"","ast-featured-img":"disabled","footer-sml-layout":"","ast-disable-related-posts":"","theme-transparent-header-meta":"default","adv-header-id-meta":"","stick-header-meta":"default","header-above-stick-meta":"","header-main-stick-meta":"","header-below-stick-meta":"","astra-migrate-meta-layouts":"set","ast-page-background-enabled":"default","ast-page-background-meta":{"desktop":{"background-color":"var(--ast-global-color-4)","background-image":"","background-repeat":"repeat","background-position":"center center","background-size":"auto","background-attachment":"scroll","background-type":"","background-media":"","overlay-type":"","overlay-color":"","overlay-opacity":"","overlay-gradient":""},"tablet":{"background-color":"","background-image":"","background-repeat":"repeat","background-position":"center center","background-size":"auto","background-attachment":"scroll","background-type":"","background-media":"","overlay-type":"","overlay-color":"","overlay-opacity":"","overlay-gradient":""},"mobile":{"background-color":"","background-image":"","background-repeat":"repeat","background-position":"center center","background-size":"auto","background-attachment":"scroll","background-type":"","background-media":"","overlay-type":"","overlay-color":"","overlay-opacity":"","overlay-gradient":""}},"ast-content-background-meta":{"desktop":{"background-color":"var(--ast-global-color-5)","background-image":"","background-repeat":"repeat","background-position":"center center","background-size":"auto","background-attachment":"scroll","background-type":"","background-media":"","overlay-type":"","overlay-color":"","overlay-opacity":"","overlay-gradient":""},"tablet":{"background-color":"var(--ast-global-color-5)","background-image":"","background-repeat":"repeat","background-position":"center center","background-size":"auto","background-attachment":"scroll","background-type":"","background-media":"","overlay-type":"","overlay-color":"","overlay-opacity":"","overlay-gradient":""},"mobile":{"background-color":"var(--ast-global-color-5)","background-image":"","background-repeat":"repeat","background-position":"center center","background-size":"auto","background-attachment":"scroll","background-type":"","background-media":"","overlay-type":"","overlay-color":"","overlay-opacity":"","overlay-gradient":""}},"footnotes":""},"class_list":["post-77523","page","type-page","status-publish","hentry"],"acf":[],"yoast_head":"<!-- This site is optimized with the Yoast SEO plugin v27.6 - https:\/\/yoast.com\/product\/yoast-seo-wordpress\/ -->\n<title>Instituto T\u00e9cnico Uniagrarista - UNIAGRARIA<\/title>\n<meta name=\"robots\" content=\"index, follow, max-snippet:-1, max-image-preview:large, max-video-preview:-1\" \/>\n<link rel=\"canonical\" href=\"https:\/\/uniagraria.edu.co\/es\/instituto-tecnico-uniagrarista\/\" \/>\n<meta property=\"og:locale\" content=\"es_ES\" \/>\n<meta property=\"og:type\" content=\"article\" \/>\n<meta property=\"og:title\" content=\"Instituto T\u00e9cnico Uniagrarista - UNIAGRARIA\" \/>\n<meta property=\"og:description\" content=\"El Instituto T\u00e9cnico Uniagrarista (ITU) es una unidad acad\u00e9mica adscrita a la Fundaci\u00f3n Universitaria Agraria de Colombia, especializada en programas de formaci\u00f3n para el trabajo y el desarrollo humano. Su prop\u00f3sito es ofrecer una educaci\u00f3n t\u00e9cnica de calidad, pertinente y flexible, orientada al fortalecimiento de competencias laborales que faciliten la inserci\u00f3n productiva de los estudiantes [&hellip;]\" \/>\n<meta property=\"og:url\" content=\"https:\/\/uniagraria.edu.co\/es\/instituto-tecnico-uniagrarista\/\" \/>\n<meta property=\"og:site_name\" content=\"UNIAGRARIA\" \/>\n<meta property=\"article:publisher\" content=\"https:\/\/www.facebook.com\/uagraria\/?locale=es_LA\" \/>\n<meta property=\"article:modified_time\" content=\"2025-11-20T13:58:28+00:00\" \/>\n<meta property=\"og:image\" content=\"https:\/\/uniagraria.edu.co\/wp-content\/uploads\/2025\/10\/ITU-02.png\" \/>\n<meta name=\"twitter:card\" content=\"summary_large_image\" \/>\n<meta name=\"twitter:site\" content=\"@UNIAGRARIA\" \/>\n<meta name=\"twitter:label1\" content=\"Tiempo de lectura\" \/>\n\t<meta name=\"twitter:data1\" content=\"2 minutos\" \/>\n<script type=\"application\/ld+json\" class=\"yoast-schema-graph\">{\"@context\":\"https:\\\/\\\/schema.org\",\"@graph\":[{\"@type\":\"WebPage\",\"@id\":\"https:\\\/\\\/uniagraria.edu.co\\\/es\\\/instituto-tecnico-uniagrarista\\\/\",\"url\":\"https:\\\/\\\/uniagraria.edu.co\\\/es\\\/instituto-tecnico-uniagrarista\\\/\",\"name\":\"Instituto T\u00e9cnico Uniagrarista - UNIAGRARIA\",\"isPartOf\":{\"@id\":\"https:\\\/\\\/uniagraria.edu.co\\\/es\\\/#website\"},\"primaryImageOfPage\":{\"@id\":\"https:\\\/\\\/uniagraria.edu.co\\\/es\\\/instituto-tecnico-uniagrarista\\\/#primaryimage\"},\"image\":{\"@id\":\"https:\\\/\\\/uniagraria.edu.co\\\/es\\\/instituto-tecnico-uniagrarista\\\/#primaryimage\"},\"thumbnailUrl\":\"https:\\\/\\\/uniagraria.edu.co\\\/wp-content\\\/uploads\\\/2025\\\/10\\\/ITU-02.png\",\"datePublished\":\"2025-09-17T14:21:23+00:00\",\"dateModified\":\"2025-11-20T13:58:28+00:00\",\"breadcrumb\":{\"@id\":\"https:\\\/\\\/uniagraria.edu.co\\\/es\\\/instituto-tecnico-uniagrarista\\\/#breadcrumb\"},\"inLanguage\":\"es-CO\",\"potentialAction\":[{\"@type\":\"ReadAction\",\"target\":[\"https:\\\/\\\/uniagraria.edu.co\\\/es\\\/instituto-tecnico-uniagrarista\\\/\"]}]},{\"@type\":\"ImageObject\",\"inLanguage\":\"es-CO\",\"@id\":\"https:\\\/\\\/uniagraria.edu.co\\\/es\\\/instituto-tecnico-uniagrarista\\\/#primaryimage\",\"url\":\"https:\\\/\\\/uniagraria.edu.co\\\/wp-content\\\/uploads\\\/2025\\\/10\\\/ITU-02.png\",\"contentUrl\":\"https:\\\/\\\/uniagraria.edu.co\\\/wp-content\\\/uploads\\\/2025\\\/10\\\/ITU-02.png\"},{\"@type\":\"BreadcrumbList\",\"@id\":\"https:\\\/\\\/uniagraria.edu.co\\\/es\\\/instituto-tecnico-uniagrarista\\\/#breadcrumb\",\"itemListElement\":[{\"@type\":\"ListItem\",\"position\":1,\"name\":\"Inicio\",\"item\":\"https:\\\/\\\/uniagraria.edu.co\\\/es\\\/\"},{\"@type\":\"ListItem\",\"position\":2,\"name\":\"Instituto T\u00e9cnico Uniagrarista\"}]},{\"@type\":\"WebSite\",\"@id\":\"https:\\\/\\\/uniagraria.edu.co\\\/es\\\/#website\",\"url\":\"https:\\\/\\\/uniagraria.edu.co\\\/es\\\/\",\"name\":\"UNIAGRARIA\",\"description\":\"FUNDACION UNIVERSITARIA AGRARIA DE COLOMBIA\",\"publisher\":{\"@id\":\"https:\\\/\\\/uniagraria.edu.co\\\/es\\\/#organization\"},\"potentialAction\":[{\"@type\":\"SearchAction\",\"target\":{\"@type\":\"EntryPoint\",\"urlTemplate\":\"https:\\\/\\\/uniagraria.edu.co\\\/es\\\/?s={search_term_string}\"},\"query-input\":{\"@type\":\"PropertyValueSpecification\",\"valueRequired\":true,\"valueName\":\"search_term_string\"}}],\"inLanguage\":\"es-CO\"},{\"@type\":\"Organization\",\"@id\":\"https:\\\/\\\/uniagraria.edu.co\\\/es\\\/#organization\",\"name\":\"UNIAGRARIA\",\"url\":\"https:\\\/\\\/uniagraria.edu.co\\\/es\\\/\",\"logo\":{\"@type\":\"ImageObject\",\"inLanguage\":\"es-CO\",\"@id\":\"https:\\\/\\\/uniagraria.edu.co\\\/es\\\/#\\\/schema\\\/logo\\\/image\\\/\",\"url\":\"https:\\\/\\\/novawebmaster.com\\\/uniagraria\\\/wp-content\\\/uploads\\\/2025\\\/02\\\/LogoUa2023Vertical.png\",\"contentUrl\":\"https:\\\/\\\/novawebmaster.com\\\/uniagraria\\\/wp-content\\\/uploads\\\/2025\\\/02\\\/LogoUa2023Vertical.png\",\"width\":3300,\"height\":2550,\"caption\":\"UNIAGRARIA\"},\"image\":{\"@id\":\"https:\\\/\\\/uniagraria.edu.co\\\/es\\\/#\\\/schema\\\/logo\\\/image\\\/\"},\"sameAs\":[\"https:\\\/\\\/www.facebook.com\\\/uagraria\\\/?locale=es_LA\",\"https:\\\/\\\/x.com\\\/UNIAGRARIA\",\"https:\\\/\\\/www.instagram.com\\\/uniagraria\\\/profilecard\\\/?igsh=MXI2bTFlMWsxNzNjOA\",\"https:\\\/\\\/www.tiktok.com\\\/discover\\\/uniagraria?lang=es\",\"https:\\\/\\\/www.linkedin.com\\\/school\\\/uniagraria\\\/?originalSubdomain=co\",\"https:\\\/\\\/www.youtube.com\\\/user\\\/UniagrariaUverde?themeRefresh=1\",\"https:\\\/\\\/api.whatsapp.com\\\/send?phone=3134230649\"]}]}<\/script>\n<!-- \/ Yoast SEO plugin. -->","yoast_head_json":{"title":"Instituto T\u00e9cnico Uniagrarista - UNIAGRARIA","robots":{"index":"index","follow":"follow","max-snippet":"max-snippet:-1","max-image-preview":"max-image-preview:large","max-video-preview":"max-video-preview:-1"},"canonical":"https:\/\/uniagraria.edu.co\/es\/instituto-tecnico-uniagrarista\/","og_locale":"es_ES","og_type":"article","og_title":"Instituto T\u00e9cnico Uniagrarista - UNIAGRARIA","og_description":"El Instituto T\u00e9cnico Uniagrarista (ITU) es una unidad acad\u00e9mica adscrita a la Fundaci\u00f3n Universitaria Agraria de Colombia, especializada en programas de formaci\u00f3n para el trabajo y el desarrollo humano. Su prop\u00f3sito es ofrecer una educaci\u00f3n t\u00e9cnica de calidad, pertinente y flexible, orientada al fortalecimiento de competencias laborales que faciliten la inserci\u00f3n productiva de los estudiantes [&hellip;]","og_url":"https:\/\/uniagraria.edu.co\/es\/instituto-tecnico-uniagrarista\/","og_site_name":"UNIAGRARIA","article_publisher":"https:\/\/www.facebook.com\/uagraria\/?locale=es_LA","article_modified_time":"2025-11-20T13:58:28+00:00","og_image":[{"url":"https:\/\/uniagraria.edu.co\/wp-content\/uploads\/2025\/10\/ITU-02.png","type":"","width":"","height":""}],"twitter_card":"summary_large_image","twitter_site":"@UNIAGRARIA","twitter_misc":{"Tiempo de lectura":"2 minutos"},"schema":{"@context":"https:\/\/schema.org","@graph":[{"@type":"WebPage","@id":"https:\/\/uniagraria.edu.co\/es\/instituto-tecnico-uniagrarista\/","url":"https:\/\/uniagraria.edu.co\/es\/instituto-tecnico-uniagrarista\/","name":"Instituto T\u00e9cnico Uniagrarista - UNIAGRARIA","isPartOf":{"@id":"https:\/\/uniagraria.edu.co\/es\/#website"},"primaryImageOfPage":{"@id":"https:\/\/uniagraria.edu.co\/es\/instituto-tecnico-uniagrarista\/#primaryimage"},"image":{"@id":"https:\/\/uniagraria.edu.co\/es\/instituto-tecnico-uniagrarista\/#primaryimage"},"thumbnailUrl":"https:\/\/uniagraria.edu.co\/wp-content\/uploads\/2025\/10\/ITU-02.png","datePublished":"2025-09-17T14:21:23+00:00","dateModified":"2025-11-20T13:58:28+00:00","breadcrumb":{"@id":"https:\/\/uniagraria.edu.co\/es\/instituto-tecnico-uniagrarista\/#breadcrumb"},"inLanguage":"es-CO","potentialAction":[{"@type":"ReadAction","target":["https:\/\/uniagraria.edu.co\/es\/instituto-tecnico-uniagrarista\/"]}]},{"@type":"ImageObject","inLanguage":"es-CO","@id":"https:\/\/uniagraria.edu.co\/es\/instituto-tecnico-uniagrarista\/#primaryimage","url":"https:\/\/uniagraria.edu.co\/wp-content\/uploads\/2025\/10\/ITU-02.png","contentUrl":"https:\/\/uniagraria.edu.co\/wp-content\/uploads\/2025\/10\/ITU-02.png"},{"@type":"BreadcrumbList","@id":"https:\/\/uniagraria.edu.co\/es\/instituto-tecnico-uniagrarista\/#breadcrumb","itemListElement":[{"@type":"ListItem","position":1,"name":"Inicio","item":"https:\/\/uniagraria.edu.co\/es\/"},{"@type":"ListItem","position":2,"name":"Instituto T\u00e9cnico Uniagrarista"}]},{"@type":"WebSite","@id":"https:\/\/uniagraria.edu.co\/es\/#website","url":"https:\/\/uniagraria.edu.co\/es\/","name":"UNIAGRARIA","description":"FUNDACION UNIVERSITARIA AGRARIA DE COLOMBIA","publisher":{"@id":"https:\/\/uniagraria.edu.co\/es\/#organization"},"potentialAction":[{"@type":"SearchAction","target":{"@type":"EntryPoint","urlTemplate":"https:\/\/uniagraria.edu.co\/es\/?s={search_term_string}"},"query-input":{"@type":"PropertyValueSpecification","valueRequired":true,"valueName":"search_term_string"}}],"inLanguage":"es-CO"},{"@type":"Organization","@id":"https:\/\/uniagraria.edu.co\/es\/#organization","name":"UNIAGRARIA","url":"https:\/\/uniagraria.edu.co\/es\/","logo":{"@type":"ImageObject","inLanguage":"es-CO","@id":"https:\/\/uniagraria.edu.co\/es\/#\/schema\/logo\/image\/","url":"https:\/\/novawebmaster.com\/uniagraria\/wp-content\/uploads\/2025\/02\/LogoUa2023Vertical.png","contentUrl":"https:\/\/novawebmaster.com\/uniagraria\/wp-content\/uploads\/2025\/02\/LogoUa2023Vertical.png","width":3300,"height":2550,"caption":"UNIAGRARIA"},"image":{"@id":"https:\/\/uniagraria.edu.co\/es\/#\/schema\/logo\/image\/"},"sameAs":["https:\/\/www.facebook.com\/uagraria\/?locale=es_LA","https:\/\/x.com\/UNIAGRARIA","https:\/\/www.instagram.com\/uniagraria\/profilecard\/?igsh=MXI2bTFlMWsxNzNjOA","https:\/\/www.tiktok.com\/discover\/uniagraria?lang=es","https:\/\/www.linkedin.com\/school\/uniagraria\/?originalSubdomain=co","https:\/\/www.youtube.com\/user\/UniagrariaUverde?themeRefresh=1","https:\/\/api.whatsapp.com\/send?phone=3134230649"]}]}},"_links":{"self":[{"href":"https:\/\/uniagraria.edu.co\/es\/wp-json\/wp\/v2\/pages\/77523","targetHints":{"allow":["GET"]}}],"collection":[{"href":"https:\/\/uniagraria.edu.co\/es\/wp-json\/wp\/v2\/pages"}],"about":[{"href":"https:\/\/uniagraria.edu.co\/es\/wp-json\/wp\/v2\/types\/page"}],"author":[{"embeddable":true,"href":"https:\/\/uniagraria.edu.co\/es\/wp-json\/wp\/v2\/users\/5"}],"replies":[{"embeddable":true,"href":"https:\/\/uniagraria.edu.co\/es\/wp-json\/wp\/v2\/comments?post=77523"}],"version-history":[{"count":0,"href":"https:\/\/uniagraria.edu.co\/es\/wp-json\/wp\/v2\/pages\/77523\/revisions"}],"wp:attachment":[{"href":"https:\/\/uniagraria.edu.co\/es\/wp-json\/wp\/v2\/media?parent=77523"}],"curies":[{"name":"wp","href":"https:\/\/api.w.org\/{rel}","templated":true}]}}